{"id":14700,"date":"2025-07-21T18:09:32","date_gmt":"2025-07-21T17:09:32","guid":{"rendered":"https:\/\/maisonadorable.rs\/prodavnica\/espresso-cup-nika-earth\/"},"modified":"2025-07-21T18:09:32","modified_gmt":"2025-07-21T17:09:32","slug":"espresso-cup-nika-earth","status":"publish","type":"product","link":"https:\/\/maisonadorable.rs\/en\/prodavnica\/espresso-cup-nika-earth\/","title":{"rendered":"Espresso Cup NIKA EARTH"},"content":{"rendered":"<p>Nika Earth Cup \u2013 inspired by nature and the elements of the earth.<br \/>\nHand-shaped and glazed, each cup carries unique shades of soil, moss, and minerals, blending the warmth of ceramics with the raw power of nature. Perfect for espresso moments that connect you with the rhythm of the earth. <\/p>\n<p>Minimalist design, organic color flows, and the Maison Ceramic stamp make it a collector\u2019s piece for lovers of authentic handmade craftsmanship.<\/p>\n<p>High-fired ceramic \u2013 dishwasher safe.<\/p>\n<p>Material: White porcelain.<\/p>\n<p>Capacity: 150ml<\/p>\n<p>Note: Each mug is unique and handcrafted. Due to the handmade process and special glazing, variations in shade, texture, or color distribution may occur compared to the photos. These subtle differences are what make every piece truly special and one of a kind.  <\/p>\n<p>&nbsp;<\/p>\n","protected":false},"excerpt":{"rendered":"<p>Collection ANI \u2013 NIKA<\/p>\n","protected":false},"featured_media":14579,"template":"","meta":[],"product_brand":[],"product_cat":[2634,2689,2650,2632,2647,2645,2642,2654,2681,2702],"product_tag":[833,1815],"class_list":{"0":"post-14700","1":"product","2":"type-product","3":"status-publish","4":"has-post-thumbnail","6":"product_cat-korporativni-pokloni","7":"product_cat-maison-adorable","8":"product_cat-maison-adorable-brend","9":"product_cat-pokloni","10":"product_cat-pokloni_za_njega","11":"product_cat-pokloni_za_nju","12":"product_cat-proizvedeno-u-srbiji","13":"product_cat-proizvodi","14":"product_cat-solje-maison-adorable-brend","15":"product_cat-solje-proizvodi","16":"product_tag-espreso-solja","17":"product_tag-handmade-espreso-solja","19":"first","20":"instock","21":"shipping-taxable","22":"product-type-simple"},"yoast_head":"<!-- This site is optimized with the Yoast SEO plugin v27.4 - https:\/\/yoast.com\/product\/yoast-seo-wordpress\/ -->\n<title>Espresso Cup NIKA EARTH - Maison Adorable<\/title>\n<meta name=\"description\" content=\"Nika Earth \u0161oljica \u2013 inspirisana prirodom i elementima zemlje.Ru\u010dno oblikovana i glazirana, svaka \u0161oljica nosi unikatne nijanse zemlje, mahovine i minerala, spajaju\u0107i toplinu keramike sa sirovom snagom prirode. Idealna za espresso trenutke koji te povezuju sa ritmom zemlje.Minimalisti\u010dki dizajn, organski prelivi boja i Maison Ceramic pe\u010dat \u010dine je kolekcionarskim komadom za ljubitelje autenti\u010dne ru\u010dne izrade.\" \/>\n<meta name=\"robots\" content=\"index, follow, max-snippet:-1, max-image-preview:large, max-video-preview:-1\" \/>\n<link rel=\"canonical\" href=\"https:\/\/maisonadorable.rs\/en\/prodavnica\/espresso-cup-nika-earth\/\" \/>\n<meta property=\"og:locale\" content=\"en_US\" \/>\n<meta property=\"og:type\" content=\"article\" \/>\n<meta property=\"og:title\" content=\"Espresso Cup NIKA EARTH - Maison Adorable\" \/>\n<meta property=\"og:description\" content=\"Nika Earth \u0161oljica \u2013 inspirisana prirodom i elementima zemlje.Ru\u010dno oblikovana i glazirana, svaka \u0161oljica nosi unikatne nijanse zemlje, mahovine i minerala, spajaju\u0107i toplinu keramike sa sirovom snagom prirode. Idealna za espresso trenutke koji te povezuju sa ritmom zemlje.Minimalisti\u010dki dizajn, organski prelivi boja i Maison Ceramic pe\u010dat \u010dine je kolekcionarskim komadom za ljubitelje autenti\u010dne ru\u010dne izrade.\" \/>\n<meta property=\"og:url\" content=\"https:\/\/maisonadorable.rs\/en\/prodavnica\/espresso-cup-nika-earth\/\" \/>\n<meta property=\"og:site_name\" content=\"Maison Adorable\" \/>\n<meta property=\"article:publisher\" content=\"https:\/\/www.facebook.com\/Maison.adorable.homedecor\" \/>\n<meta property=\"og:image\" content=\"https:\/\/maisonadorable.rs\/wp-content\/uploads\/2025\/07\/esp.jpg\" \/>\n\t<meta property=\"og:image:width\" content=\"900\" \/>\n\t<meta property=\"og:image:height\" content=\"1200\" \/>\n\t<meta property=\"og:image:type\" content=\"image\/jpeg\" \/>\n<meta name=\"twitter:card\" content=\"summary_large_image\" \/>\n<meta name=\"twitter:label1\" content=\"Est. reading time\" \/>\n\t<meta name=\"twitter:data1\" content=\"1 minute\" \/>\n<script type=\"application\/ld+json\" class=\"yoast-schema-graph\">{\"@context\":\"https:\\\/\\\/schema.org\",\"@graph\":[{\"@type\":\"WebPage\",\"@id\":\"https:\\\/\\\/maisonadorable.rs\\\/en\\\/prodavnica\\\/espresso-cup-nika-earth\\\/\",\"url\":\"https:\\\/\\\/maisonadorable.rs\\\/en\\\/prodavnica\\\/espresso-cup-nika-earth\\\/\",\"name\":\"Espresso Cup NIKA EARTH - Maison Adorable\",\"isPartOf\":{\"@id\":\"https:\\\/\\\/maisonadorable.rs\\\/#website\"},\"primaryImageOfPage\":{\"@id\":\"https:\\\/\\\/maisonadorable.rs\\\/en\\\/prodavnica\\\/espresso-cup-nika-earth\\\/#primaryimage\"},\"image\":{\"@id\":\"https:\\\/\\\/maisonadorable.rs\\\/en\\\/prodavnica\\\/espresso-cup-nika-earth\\\/#primaryimage\"},\"thumbnailUrl\":\"https:\\\/\\\/maisonadorable.rs\\\/wp-content\\\/uploads\\\/2025\\\/07\\\/esp.jpg\",\"datePublished\":\"2025-07-21T17:09:32+00:00\",\"description\":\"Nika Earth \u0161oljica \u2013 inspirisana prirodom i elementima zemlje.Ru\u010dno oblikovana i glazirana, svaka \u0161oljica nosi unikatne nijanse zemlje, mahovine i minerala, spajaju\u0107i toplinu keramike sa sirovom snagom prirode. Idealna za espresso trenutke koji te povezuju sa ritmom zemlje.Minimalisti\u010dki dizajn, organski prelivi boja i Maison Ceramic pe\u010dat \u010dine je kolekcionarskim komadom za ljubitelje autenti\u010dne ru\u010dne izrade.\",\"breadcrumb\":{\"@id\":\"https:\\\/\\\/maisonadorable.rs\\\/en\\\/prodavnica\\\/espresso-cup-nika-earth\\\/#breadcrumb\"},\"inLanguage\":\"en-US\",\"potentialAction\":[{\"@type\":\"ReadAction\",\"target\":[\"https:\\\/\\\/maisonadorable.rs\\\/en\\\/prodavnica\\\/espresso-cup-nika-earth\\\/\"]}]},{\"@type\":\"ImageObject\",\"inLanguage\":\"en-US\",\"@id\":\"https:\\\/\\\/maisonadorable.rs\\\/en\\\/prodavnica\\\/espresso-cup-nika-earth\\\/#primaryimage\",\"url\":\"https:\\\/\\\/maisonadorable.rs\\\/wp-content\\\/uploads\\\/2025\\\/07\\\/esp.jpg\",\"contentUrl\":\"https:\\\/\\\/maisonadorable.rs\\\/wp-content\\\/uploads\\\/2025\\\/07\\\/esp.jpg\",\"width\":900,\"height\":1200},{\"@type\":\"BreadcrumbList\",\"@id\":\"https:\\\/\\\/maisonadorable.rs\\\/en\\\/prodavnica\\\/espresso-cup-nika-earth\\\/#breadcrumb\",\"itemListElement\":[{\"@type\":\"ListItem\",\"position\":1,\"name\":\"Po\u010detna\",\"item\":\"https:\\\/\\\/maisonadorable.rs\\\/\"},{\"@type\":\"ListItem\",\"position\":2,\"name\":\"Shop\",\"item\":\"https:\\\/\\\/maisonadorable.rs\\\/en\\\/shop\\\/\"},{\"@type\":\"ListItem\",\"position\":3,\"name\":\"Espresso Cup NIKA EARTH\"}]},{\"@type\":\"WebSite\",\"@id\":\"https:\\\/\\\/maisonadorable.rs\\\/#website\",\"url\":\"https:\\\/\\\/maisonadorable.rs\\\/\",\"name\":\"Maison Adorable\",\"description\":\"Maison Adorable, delimo inspiraciju u ljubav, i \u0161aljemo radost u malim pakovanjima!\",\"publisher\":{\"@id\":\"https:\\\/\\\/maisonadorable.rs\\\/#organization\"},\"potentialAction\":[{\"@type\":\"SearchAction\",\"target\":{\"@type\":\"EntryPoint\",\"urlTemplate\":\"https:\\\/\\\/maisonadorable.rs\\\/?s={search_term_string}\"},\"query-input\":{\"@type\":\"PropertyValueSpecification\",\"valueRequired\":true,\"valueName\":\"search_term_string\"}}],\"inLanguage\":\"en-US\"},{\"@type\":\"Organization\",\"@id\":\"https:\\\/\\\/maisonadorable.rs\\\/#organization\",\"name\":\"Maison Adorable\",\"url\":\"https:\\\/\\\/maisonadorable.rs\\\/\",\"logo\":{\"@type\":\"ImageObject\",\"inLanguage\":\"en-US\",\"@id\":\"https:\\\/\\\/maisonadorable.rs\\\/#\\\/schema\\\/logo\\\/image\\\/\",\"url\":\"https:\\\/\\\/maisonadorable.rs\\\/wp-content\\\/uploads\\\/2022\\\/04\\\/logo.png\",\"contentUrl\":\"https:\\\/\\\/maisonadorable.rs\\\/wp-content\\\/uploads\\\/2022\\\/04\\\/logo.png\",\"width\":1081,\"height\":1081,\"caption\":\"Maison Adorable\"},\"image\":{\"@id\":\"https:\\\/\\\/maisonadorable.rs\\\/#\\\/schema\\\/logo\\\/image\\\/\"},\"sameAs\":[\"https:\\\/\\\/www.facebook.com\\\/Maison.adorable.homedecor\",\"https:\\\/\\\/www.instagram.com\\\/maison_adorable\\\/\"]}]}<\/script>\n<!-- \/ Yoast SEO plugin. -->","yoast_head_json":{"title":"Espresso Cup NIKA EARTH - Maison Adorable","description":"Nika Earth \u0161oljica \u2013 inspirisana prirodom i elementima zemlje.Ru\u010dno oblikovana i glazirana, svaka \u0161oljica nosi unikatne nijanse zemlje, mahovine i minerala, spajaju\u0107i toplinu keramike sa sirovom snagom prirode. Idealna za espresso trenutke koji te povezuju sa ritmom zemlje.Minimalisti\u010dki dizajn, organski prelivi boja i Maison Ceramic pe\u010dat \u010dine je kolekcionarskim komadom za ljubitelje autenti\u010dne ru\u010dne izrade.","robots":{"index":"index","follow":"follow","max-snippet":"max-snippet:-1","max-image-preview":"max-image-preview:large","max-video-preview":"max-video-preview:-1"},"canonical":"https:\/\/maisonadorable.rs\/en\/prodavnica\/espresso-cup-nika-earth\/","og_locale":"en_US","og_type":"article","og_title":"Espresso Cup NIKA EARTH - Maison Adorable","og_description":"Nika Earth \u0161oljica \u2013 inspirisana prirodom i elementima zemlje.Ru\u010dno oblikovana i glazirana, svaka \u0161oljica nosi unikatne nijanse zemlje, mahovine i minerala, spajaju\u0107i toplinu keramike sa sirovom snagom prirode. Idealna za espresso trenutke koji te povezuju sa ritmom zemlje.Minimalisti\u010dki dizajn, organski prelivi boja i Maison Ceramic pe\u010dat \u010dine je kolekcionarskim komadom za ljubitelje autenti\u010dne ru\u010dne izrade.","og_url":"https:\/\/maisonadorable.rs\/en\/prodavnica\/espresso-cup-nika-earth\/","og_site_name":"Maison Adorable","article_publisher":"https:\/\/www.facebook.com\/Maison.adorable.homedecor","og_image":[{"width":900,"height":1200,"url":"https:\/\/maisonadorable.rs\/wp-content\/uploads\/2025\/07\/esp.jpg","type":"image\/jpeg"}],"twitter_card":"summary_large_image","twitter_misc":{"Est. reading time":"1 minute"},"schema":{"@context":"https:\/\/schema.org","@graph":[{"@type":"WebPage","@id":"https:\/\/maisonadorable.rs\/en\/prodavnica\/espresso-cup-nika-earth\/","url":"https:\/\/maisonadorable.rs\/en\/prodavnica\/espresso-cup-nika-earth\/","name":"Espresso Cup NIKA EARTH - Maison Adorable","isPartOf":{"@id":"https:\/\/maisonadorable.rs\/#website"},"primaryImageOfPage":{"@id":"https:\/\/maisonadorable.rs\/en\/prodavnica\/espresso-cup-nika-earth\/#primaryimage"},"image":{"@id":"https:\/\/maisonadorable.rs\/en\/prodavnica\/espresso-cup-nika-earth\/#primaryimage"},"thumbnailUrl":"https:\/\/maisonadorable.rs\/wp-content\/uploads\/2025\/07\/esp.jpg","datePublished":"2025-07-21T17:09:32+00:00","description":"Nika Earth \u0161oljica \u2013 inspirisana prirodom i elementima zemlje.Ru\u010dno oblikovana i glazirana, svaka \u0161oljica nosi unikatne nijanse zemlje, mahovine i minerala, spajaju\u0107i toplinu keramike sa sirovom snagom prirode. Idealna za espresso trenutke koji te povezuju sa ritmom zemlje.Minimalisti\u010dki dizajn, organski prelivi boja i Maison Ceramic pe\u010dat \u010dine je kolekcionarskim komadom za ljubitelje autenti\u010dne ru\u010dne izrade.","breadcrumb":{"@id":"https:\/\/maisonadorable.rs\/en\/prodavnica\/espresso-cup-nika-earth\/#breadcrumb"},"inLanguage":"en-US","potentialAction":[{"@type":"ReadAction","target":["https:\/\/maisonadorable.rs\/en\/prodavnica\/espresso-cup-nika-earth\/"]}]},{"@type":"ImageObject","inLanguage":"en-US","@id":"https:\/\/maisonadorable.rs\/en\/prodavnica\/espresso-cup-nika-earth\/#primaryimage","url":"https:\/\/maisonadorable.rs\/wp-content\/uploads\/2025\/07\/esp.jpg","contentUrl":"https:\/\/maisonadorable.rs\/wp-content\/uploads\/2025\/07\/esp.jpg","width":900,"height":1200},{"@type":"BreadcrumbList","@id":"https:\/\/maisonadorable.rs\/en\/prodavnica\/espresso-cup-nika-earth\/#breadcrumb","itemListElement":[{"@type":"ListItem","position":1,"name":"Po\u010detna","item":"https:\/\/maisonadorable.rs\/"},{"@type":"ListItem","position":2,"name":"Shop","item":"https:\/\/maisonadorable.rs\/en\/shop\/"},{"@type":"ListItem","position":3,"name":"Espresso Cup NIKA EARTH"}]},{"@type":"WebSite","@id":"https:\/\/maisonadorable.rs\/#website","url":"https:\/\/maisonadorable.rs\/","name":"Maison Adorable","description":"Maison Adorable, delimo inspiraciju u ljubav, i \u0161aljemo radost u malim pakovanjima!","publisher":{"@id":"https:\/\/maisonadorable.rs\/#organization"},"potentialAction":[{"@type":"SearchAction","target":{"@type":"EntryPoint","urlTemplate":"https:\/\/maisonadorable.rs\/?s={search_term_string}"},"query-input":{"@type":"PropertyValueSpecification","valueRequired":true,"valueName":"search_term_string"}}],"inLanguage":"en-US"},{"@type":"Organization","@id":"https:\/\/maisonadorable.rs\/#organization","name":"Maison Adorable","url":"https:\/\/maisonadorable.rs\/","logo":{"@type":"ImageObject","inLanguage":"en-US","@id":"https:\/\/maisonadorable.rs\/#\/schema\/logo\/image\/","url":"https:\/\/maisonadorable.rs\/wp-content\/uploads\/2022\/04\/logo.png","contentUrl":"https:\/\/maisonadorable.rs\/wp-content\/uploads\/2022\/04\/logo.png","width":1081,"height":1081,"caption":"Maison Adorable"},"image":{"@id":"https:\/\/maisonadorable.rs\/#\/schema\/logo\/image\/"},"sameAs":["https:\/\/www.facebook.com\/Maison.adorable.homedecor","https:\/\/www.instagram.com\/maison_adorable\/"]}]}},"_links":{"self":[{"href":"https:\/\/maisonadorable.rs\/en\/wp-json\/wp\/v2\/product\/14700","targetHints":{"allow":["GET"]}}],"collection":[{"href":"https:\/\/maisonadorable.rs\/en\/wp-json\/wp\/v2\/product"}],"about":[{"href":"https:\/\/maisonadorable.rs\/en\/wp-json\/wp\/v2\/types\/product"}],"version-history":[{"count":0,"href":"https:\/\/maisonadorable.rs\/en\/wp-json\/wp\/v2\/product\/14700\/revisions"}],"wp:featuredmedia":[{"embeddable":true,"href":"https:\/\/maisonadorable.rs\/en\/wp-json\/wp\/v2\/media\/14579"}],"wp:attachment":[{"href":"https:\/\/maisonadorable.rs\/en\/wp-json\/wp\/v2\/media?parent=14700"}],"wp:term":[{"taxonomy":"product_brand","embeddable":true,"href":"https:\/\/maisonadorable.rs\/en\/wp-json\/wp\/v2\/product_brand?post=14700"},{"taxonomy":"product_cat","embeddable":true,"href":"https:\/\/maisonadorable.rs\/en\/wp-json\/wp\/v2\/product_cat?post=14700"},{"taxonomy":"product_tag","embeddable":true,"href":"https:\/\/maisonadorable.rs\/en\/wp-json\/wp\/v2\/product_tag?post=14700"}],"curies":[{"name":"wp","href":"https:\/\/api.w.org\/{rel}","templated":true}]}}