{"id":14922,"date":"2025-08-23T16:35:29","date_gmt":"2025-08-23T15:35:29","guid":{"rendered":"https:\/\/maisonadorable.rs\/prodavnica\/mamazmia-bag-2\/"},"modified":"2025-08-23T16:35:29","modified_gmt":"2025-08-23T15:35:29","slug":"mamazmia-bag-2","status":"publish","type":"product","link":"https:\/\/maisonadorable.rs\/en\/prodavnica\/mamazmia-bag-2\/","title":{"rendered":"MamaZmia Bag"},"content":{"rendered":"<p>Mamazmia Large Tote \u2013 practical, durable, and eco-friendly!<br \/>\nThe Mamazmia bag is a perfect everyday choice. Made from 100% natural cotton, with all inscriptions hand-embroidered using cotton thread, it stands out as a unique detail rarely seen.<br \/>\nWhy you\u2019ll love it:<br \/>\n\u2022 large and spacious \u2013 fits everything you need<br \/>\n\u2022 made from natural materials<br \/>\n\u2022 original messages for every occasion<br \/>\n\u2022 durable and washable<br \/>\u2022 handcrafted in Serbia with care and love<br \/>In the Mamazmia collection, everyone can find a bag with a message that speaks to them \u2013 because the words aren\u2019t just decoration, they\u2019re a little reminder you carry with you.  <\/p>\n<p>Note on delivery:<br \/>\nIf you would like the bag in a specific color, please mention it in the notes when placing your order or contact us directly at the provided number.<br \/>\nIf the desired color is currently not in stock, the delivery time is 7\u201315 days from the date of order.<\/p>\n<p>Material: cotton<br \/>\nDimensions: 65cm \u00d7 48cm<br \/>Care: machine washable<\/p>\n","protected":false},"excerpt":{"rendered":"<p>Mamazmia Large Tote \u2013 practical, durable, and eco-friendly! The Mamazmia bag is a perfect everyday choice. Made from 100% natural<\/p>\n","protected":false},"featured_media":14905,"template":"","meta":[],"product_brand":[],"product_cat":[347,1991,1691,102,264,1999],"product_tag":[403,2022,1325,2019,2012],"class_list":{"0":"post-14922","1":"product","2":"type-product","3":"status-publish","4":"has-post-thumbnail","6":"product_cat-brendovi","7":"product_cat-mamazmia","8":"product_cat-novo","9":"product_cat-proizvedeno-u-srbiji","10":"product_cat-proizvodi","11":"product_cat-torbe-proizvodi","12":"product_tag-handmade-in-serbia","13":"product_tag-mamazmia-torbe","14":"product_tag-torba","15":"product_tag-torba-od-pamuka","16":"product_tag-velika-torba","18":"first","19":"instock","20":"shipping-taxable","21":"product-type-simple"},"yoast_head":"<!-- This site is optimized with the Yoast SEO plugin v27.4 - https:\/\/yoast.com\/product\/yoast-seo-wordpress\/ -->\n<title>MamaZmia Bag - Maison Adorable<\/title>\n<meta name=\"description\" content=\"Mamazmia velike torbe \u2013 ru\u010dno ra\u0111ene od 100% pamuka. Prostrane, prakti\u010dne i izdr\u017eljive, sa originalnim ru\u010dno vezenim natpisima. Ru\u010dna proizvodnja u Srbiji. Ako \u017eeljena boja nije dostupna, isporuka je u roku od 7\u201315 dana. Mogu\u0107nost personalizacije teksta i boje po \u017eelji.\" \/>\n<meta name=\"robots\" content=\"index, follow, max-snippet:-1, max-image-preview:large, max-video-preview:-1\" \/>\n<link rel=\"canonical\" href=\"https:\/\/maisonadorable.rs\/en\/prodavnica\/mamazmia-bag-2\/\" \/>\n<meta property=\"og:locale\" content=\"en_US\" \/>\n<meta property=\"og:type\" content=\"article\" \/>\n<meta property=\"og:title\" content=\"MamaZmia Bag - Maison Adorable\" \/>\n<meta property=\"og:description\" content=\"Mamazmia velike torbe \u2013 ru\u010dno ra\u0111ene od 100% pamuka. Prostrane, prakti\u010dne i izdr\u017eljive, sa originalnim ru\u010dno vezenim natpisima. Ru\u010dna proizvodnja u Srbiji. Ako \u017eeljena boja nije dostupna, isporuka je u roku od 7\u201315 dana. Mogu\u0107nost personalizacije teksta i boje po \u017eelji.\" \/>\n<meta property=\"og:url\" content=\"https:\/\/maisonadorable.rs\/en\/prodavnica\/mamazmia-bag-2\/\" \/>\n<meta property=\"og:site_name\" content=\"Maison Adorable\" \/>\n<meta property=\"article:publisher\" content=\"https:\/\/www.facebook.com\/Maison.adorable.homedecor\" \/>\n<meta property=\"og:image\" content=\"https:\/\/maisonadorable.rs\/wp-content\/uploads\/2025\/08\/BRA.jpg\" \/>\n\t<meta property=\"og:image:width\" content=\"900\" \/>\n\t<meta property=\"og:image:height\" content=\"1200\" \/>\n\t<meta property=\"og:image:type\" content=\"image\/jpeg\" \/>\n<meta name=\"twitter:card\" content=\"summary_large_image\" \/>\n<meta name=\"twitter:label1\" content=\"Est. reading time\" \/>\n\t<meta name=\"twitter:data1\" content=\"1 minute\" \/>\n<script type=\"application\/ld+json\" class=\"yoast-schema-graph\">{\"@context\":\"https:\\\/\\\/schema.org\",\"@graph\":[{\"@type\":\"WebPage\",\"@id\":\"https:\\\/\\\/maisonadorable.rs\\\/en\\\/prodavnica\\\/mamazmia-bag-2\\\/\",\"url\":\"https:\\\/\\\/maisonadorable.rs\\\/en\\\/prodavnica\\\/mamazmia-bag-2\\\/\",\"name\":\"MamaZmia Bag - Maison Adorable\",\"isPartOf\":{\"@id\":\"https:\\\/\\\/maisonadorable.rs\\\/#website\"},\"primaryImageOfPage\":{\"@id\":\"https:\\\/\\\/maisonadorable.rs\\\/en\\\/prodavnica\\\/mamazmia-bag-2\\\/#primaryimage\"},\"image\":{\"@id\":\"https:\\\/\\\/maisonadorable.rs\\\/en\\\/prodavnica\\\/mamazmia-bag-2\\\/#primaryimage\"},\"thumbnailUrl\":\"https:\\\/\\\/maisonadorable.rs\\\/wp-content\\\/uploads\\\/2025\\\/08\\\/BRA.jpg\",\"datePublished\":\"2025-08-23T15:35:29+00:00\",\"description\":\"Mamazmia velike torbe \u2013 ru\u010dno ra\u0111ene od 100% pamuka. Prostrane, prakti\u010dne i izdr\u017eljive, sa originalnim ru\u010dno vezenim natpisima. Ru\u010dna proizvodnja u Srbiji. Ako \u017eeljena boja nije dostupna, isporuka je u roku od 7\u201315 dana. Mogu\u0107nost personalizacije teksta i boje po \u017eelji.\",\"breadcrumb\":{\"@id\":\"https:\\\/\\\/maisonadorable.rs\\\/en\\\/prodavnica\\\/mamazmia-bag-2\\\/#breadcrumb\"},\"inLanguage\":\"en-US\",\"potentialAction\":[{\"@type\":\"ReadAction\",\"target\":[\"https:\\\/\\\/maisonadorable.rs\\\/en\\\/prodavnica\\\/mamazmia-bag-2\\\/\"]}]},{\"@type\":\"ImageObject\",\"inLanguage\":\"en-US\",\"@id\":\"https:\\\/\\\/maisonadorable.rs\\\/en\\\/prodavnica\\\/mamazmia-bag-2\\\/#primaryimage\",\"url\":\"https:\\\/\\\/maisonadorable.rs\\\/wp-content\\\/uploads\\\/2025\\\/08\\\/BRA.jpg\",\"contentUrl\":\"https:\\\/\\\/maisonadorable.rs\\\/wp-content\\\/uploads\\\/2025\\\/08\\\/BRA.jpg\",\"width\":900,\"height\":1200},{\"@type\":\"BreadcrumbList\",\"@id\":\"https:\\\/\\\/maisonadorable.rs\\\/en\\\/prodavnica\\\/mamazmia-bag-2\\\/#breadcrumb\",\"itemListElement\":[{\"@type\":\"ListItem\",\"position\":1,\"name\":\"Po\u010detna\",\"item\":\"https:\\\/\\\/maisonadorable.rs\\\/\"},{\"@type\":\"ListItem\",\"position\":2,\"name\":\"Shop\",\"item\":\"https:\\\/\\\/maisonadorable.rs\\\/en\\\/shop\\\/\"},{\"@type\":\"ListItem\",\"position\":3,\"name\":\"MamaZmia Bag\"}]},{\"@type\":\"WebSite\",\"@id\":\"https:\\\/\\\/maisonadorable.rs\\\/#website\",\"url\":\"https:\\\/\\\/maisonadorable.rs\\\/\",\"name\":\"Maison Adorable\",\"description\":\"Maison Adorable, delimo inspiraciju u ljubav, i \u0161aljemo radost u malim pakovanjima!\",\"publisher\":{\"@id\":\"https:\\\/\\\/maisonadorable.rs\\\/#organization\"},\"potentialAction\":[{\"@type\":\"SearchAction\",\"target\":{\"@type\":\"EntryPoint\",\"urlTemplate\":\"https:\\\/\\\/maisonadorable.rs\\\/?s={search_term_string}\"},\"query-input\":{\"@type\":\"PropertyValueSpecification\",\"valueRequired\":true,\"valueName\":\"search_term_string\"}}],\"inLanguage\":\"en-US\"},{\"@type\":\"Organization\",\"@id\":\"https:\\\/\\\/maisonadorable.rs\\\/#organization\",\"name\":\"Maison Adorable\",\"url\":\"https:\\\/\\\/maisonadorable.rs\\\/\",\"logo\":{\"@type\":\"ImageObject\",\"inLanguage\":\"en-US\",\"@id\":\"https:\\\/\\\/maisonadorable.rs\\\/#\\\/schema\\\/logo\\\/image\\\/\",\"url\":\"https:\\\/\\\/maisonadorable.rs\\\/wp-content\\\/uploads\\\/2022\\\/04\\\/logo.png\",\"contentUrl\":\"https:\\\/\\\/maisonadorable.rs\\\/wp-content\\\/uploads\\\/2022\\\/04\\\/logo.png\",\"width\":1081,\"height\":1081,\"caption\":\"Maison Adorable\"},\"image\":{\"@id\":\"https:\\\/\\\/maisonadorable.rs\\\/#\\\/schema\\\/logo\\\/image\\\/\"},\"sameAs\":[\"https:\\\/\\\/www.facebook.com\\\/Maison.adorable.homedecor\",\"https:\\\/\\\/www.instagram.com\\\/maison_adorable\\\/\"]}]}<\/script>\n<!-- \/ Yoast SEO plugin. -->","yoast_head_json":{"title":"MamaZmia Bag - Maison Adorable","description":"Mamazmia velike torbe \u2013 ru\u010dno ra\u0111ene od 100% pamuka. Prostrane, prakti\u010dne i izdr\u017eljive, sa originalnim ru\u010dno vezenim natpisima. Ru\u010dna proizvodnja u Srbiji. Ako \u017eeljena boja nije dostupna, isporuka je u roku od 7\u201315 dana. Mogu\u0107nost personalizacije teksta i boje po \u017eelji.","robots":{"index":"index","follow":"follow","max-snippet":"max-snippet:-1","max-image-preview":"max-image-preview:large","max-video-preview":"max-video-preview:-1"},"canonical":"https:\/\/maisonadorable.rs\/en\/prodavnica\/mamazmia-bag-2\/","og_locale":"en_US","og_type":"article","og_title":"MamaZmia Bag - Maison Adorable","og_description":"Mamazmia velike torbe \u2013 ru\u010dno ra\u0111ene od 100% pamuka. Prostrane, prakti\u010dne i izdr\u017eljive, sa originalnim ru\u010dno vezenim natpisima. Ru\u010dna proizvodnja u Srbiji. Ako \u017eeljena boja nije dostupna, isporuka je u roku od 7\u201315 dana. Mogu\u0107nost personalizacije teksta i boje po \u017eelji.","og_url":"https:\/\/maisonadorable.rs\/en\/prodavnica\/mamazmia-bag-2\/","og_site_name":"Maison Adorable","article_publisher":"https:\/\/www.facebook.com\/Maison.adorable.homedecor","og_image":[{"width":900,"height":1200,"url":"https:\/\/maisonadorable.rs\/wp-content\/uploads\/2025\/08\/BRA.jpg","type":"image\/jpeg"}],"twitter_card":"summary_large_image","twitter_misc":{"Est. reading time":"1 minute"},"schema":{"@context":"https:\/\/schema.org","@graph":[{"@type":"WebPage","@id":"https:\/\/maisonadorable.rs\/en\/prodavnica\/mamazmia-bag-2\/","url":"https:\/\/maisonadorable.rs\/en\/prodavnica\/mamazmia-bag-2\/","name":"MamaZmia Bag - Maison Adorable","isPartOf":{"@id":"https:\/\/maisonadorable.rs\/#website"},"primaryImageOfPage":{"@id":"https:\/\/maisonadorable.rs\/en\/prodavnica\/mamazmia-bag-2\/#primaryimage"},"image":{"@id":"https:\/\/maisonadorable.rs\/en\/prodavnica\/mamazmia-bag-2\/#primaryimage"},"thumbnailUrl":"https:\/\/maisonadorable.rs\/wp-content\/uploads\/2025\/08\/BRA.jpg","datePublished":"2025-08-23T15:35:29+00:00","description":"Mamazmia velike torbe \u2013 ru\u010dno ra\u0111ene od 100% pamuka. Prostrane, prakti\u010dne i izdr\u017eljive, sa originalnim ru\u010dno vezenim natpisima. Ru\u010dna proizvodnja u Srbiji. Ako \u017eeljena boja nije dostupna, isporuka je u roku od 7\u201315 dana. Mogu\u0107nost personalizacije teksta i boje po \u017eelji.","breadcrumb":{"@id":"https:\/\/maisonadorable.rs\/en\/prodavnica\/mamazmia-bag-2\/#breadcrumb"},"inLanguage":"en-US","potentialAction":[{"@type":"ReadAction","target":["https:\/\/maisonadorable.rs\/en\/prodavnica\/mamazmia-bag-2\/"]}]},{"@type":"ImageObject","inLanguage":"en-US","@id":"https:\/\/maisonadorable.rs\/en\/prodavnica\/mamazmia-bag-2\/#primaryimage","url":"https:\/\/maisonadorable.rs\/wp-content\/uploads\/2025\/08\/BRA.jpg","contentUrl":"https:\/\/maisonadorable.rs\/wp-content\/uploads\/2025\/08\/BRA.jpg","width":900,"height":1200},{"@type":"BreadcrumbList","@id":"https:\/\/maisonadorable.rs\/en\/prodavnica\/mamazmia-bag-2\/#breadcrumb","itemListElement":[{"@type":"ListItem","position":1,"name":"Po\u010detna","item":"https:\/\/maisonadorable.rs\/"},{"@type":"ListItem","position":2,"name":"Shop","item":"https:\/\/maisonadorable.rs\/en\/shop\/"},{"@type":"ListItem","position":3,"name":"MamaZmia Bag"}]},{"@type":"WebSite","@id":"https:\/\/maisonadorable.rs\/#website","url":"https:\/\/maisonadorable.rs\/","name":"Maison Adorable","description":"Maison Adorable, delimo inspiraciju u ljubav, i \u0161aljemo radost u malim pakovanjima!","publisher":{"@id":"https:\/\/maisonadorable.rs\/#organization"},"potentialAction":[{"@type":"SearchAction","target":{"@type":"EntryPoint","urlTemplate":"https:\/\/maisonadorable.rs\/?s={search_term_string}"},"query-input":{"@type":"PropertyValueSpecification","valueRequired":true,"valueName":"search_term_string"}}],"inLanguage":"en-US"},{"@type":"Organization","@id":"https:\/\/maisonadorable.rs\/#organization","name":"Maison Adorable","url":"https:\/\/maisonadorable.rs\/","logo":{"@type":"ImageObject","inLanguage":"en-US","@id":"https:\/\/maisonadorable.rs\/#\/schema\/logo\/image\/","url":"https:\/\/maisonadorable.rs\/wp-content\/uploads\/2022\/04\/logo.png","contentUrl":"https:\/\/maisonadorable.rs\/wp-content\/uploads\/2022\/04\/logo.png","width":1081,"height":1081,"caption":"Maison Adorable"},"image":{"@id":"https:\/\/maisonadorable.rs\/#\/schema\/logo\/image\/"},"sameAs":["https:\/\/www.facebook.com\/Maison.adorable.homedecor","https:\/\/www.instagram.com\/maison_adorable\/"]}]}},"_links":{"self":[{"href":"https:\/\/maisonadorable.rs\/en\/wp-json\/wp\/v2\/product\/14922","targetHints":{"allow":["GET"]}}],"collection":[{"href":"https:\/\/maisonadorable.rs\/en\/wp-json\/wp\/v2\/product"}],"about":[{"href":"https:\/\/maisonadorable.rs\/en\/wp-json\/wp\/v2\/types\/product"}],"version-history":[{"count":0,"href":"https:\/\/maisonadorable.rs\/en\/wp-json\/wp\/v2\/product\/14922\/revisions"}],"wp:featuredmedia":[{"embeddable":true,"href":"https:\/\/maisonadorable.rs\/en\/wp-json\/wp\/v2\/media\/14905"}],"wp:attachment":[{"href":"https:\/\/maisonadorable.rs\/en\/wp-json\/wp\/v2\/media?parent=14922"}],"wp:term":[{"taxonomy":"product_brand","embeddable":true,"href":"https:\/\/maisonadorable.rs\/en\/wp-json\/wp\/v2\/product_brand?post=14922"},{"taxonomy":"product_cat","embeddable":true,"href":"https:\/\/maisonadorable.rs\/en\/wp-json\/wp\/v2\/product_cat?post=14922"},{"taxonomy":"product_tag","embeddable":true,"href":"https:\/\/maisonadorable.rs\/en\/wp-json\/wp\/v2\/product_tag?post=14922"}],"curies":[{"name":"wp","href":"https:\/\/api.w.org\/{rel}","templated":true}]}}