{"id":15351,"date":"2025-10-09T22:58:28","date_gmt":"2025-10-09T21:58:28","guid":{"rendered":"https:\/\/maisonadorable.rs\/?post_type=product&#038;p=15351"},"modified":"2025-12-26T07:58:17","modified_gmt":"2025-12-26T06:58:17","slug":"novogodisnja-korpa-za-jelku-3","status":"publish","type":"product","link":"https:\/\/maisonadorable.rs\/prodavnica\/novogodisnja-korpa-za-jelku-3\/","title":{"rendered":"Novogodi\u0161nja korpa za jelku"},"content":{"rendered":"<p>Pletena korpa ru\u010dne izrade iz jednog dela, u tamno braon boji. Korpa ve\u0161to skriva sve one tehni\u010dke detalje sa kojima se borimo svake godine \u2013 nogare jelke kao i produ\u017ene kablove od novogodi\u0161njih rekvizita. Sada mo\u017eete u\u017eivati dok korpa obavlja sav posao diskretno i \u0161armantno.<\/p>\n<p>Napomena, pre porud\u017ebine, izmerite nogare\/postolje va\u0161e jelke, na osnovu tih dimenzija poru\u010dujete korpu.<\/p>\n<p>Materijal: plastika i \u017eica<br \/>\nDimenzije: \u00d8 60cm, h 23cm<\/p>\n","protected":false},"excerpt":{"rendered":"<p>Pletena korpa ru\u010dne izrade iz jednog dela, u tamno braon boji. Korpa ve\u0161to skriva sve one tehni\u010dke detalje sa kojima<\/p>\n","protected":false},"featured_media":15323,"template":"","meta":[],"product_brand":[],"product_cat":[1163,38,52],"product_tag":[1081,1083],"class_list":{"0":"post-15351","1":"product","2":"type-product","3":"status-publish","4":"has-post-thumbnail","6":"product_cat-korpe-za-jelke","7":"product_cat-kucni-dekor","8":"product_cat-nova-godina","9":"product_tag-korpa-za-jelku","10":"product_tag-novogodisnja-korpa-za-jelku","12":"first","13":"instock","14":"shipping-taxable","15":"purchasable","16":"product-type-simple"},"yoast_head":"<!-- This site is optimized with the Yoast SEO plugin v27.1.1 - https:\/\/yoast.com\/product\/yoast-seo-wordpress\/ -->\n<title>Novogodi\u0161nja korpa za jelku - Maison Adorable<\/title>\n<meta name=\"description\" content=\"Pletena korpa ru\u010dne izrade iz jednog dela, u tamno braon boji. Korpa ve\u0161to skriva sve one tehni\u010dke detalje sa kojima se borimo svake godine \u2013 nogare jelke kao i produ\u017ene kablove od novogodi\u0161njih rekvizita. Sada mo\u017eete u\u017eivati dok korpa obavlja sav posao diskretno i \u0161armantno.\" \/>\n<meta name=\"robots\" content=\"index, follow, max-snippet:-1, max-image-preview:large, max-video-preview:-1\" \/>\n<link rel=\"canonical\" href=\"https:\/\/maisonadorable.rs\/prodavnica\/novogodisnja-korpa-za-jelku-3\/\" \/>\n<meta property=\"og:locale\" content=\"en_US\" \/>\n<meta property=\"og:type\" content=\"article\" \/>\n<meta property=\"og:title\" content=\"Novogodi\u0161nja korpa za jelku - Maison Adorable\" \/>\n<meta property=\"og:description\" content=\"Pletena korpa ru\u010dne izrade iz jednog dela, u tamno braon boji. Korpa ve\u0161to skriva sve one tehni\u010dke detalje sa kojima se borimo svake godine \u2013 nogare jelke kao i produ\u017ene kablove od novogodi\u0161njih rekvizita. Sada mo\u017eete u\u017eivati dok korpa obavlja sav posao diskretno i \u0161armantno.\" \/>\n<meta property=\"og:url\" content=\"https:\/\/maisonadorable.rs\/prodavnica\/novogodisnja-korpa-za-jelku-3\/\" \/>\n<meta property=\"og:site_name\" content=\"Maison Adorable\" \/>\n<meta property=\"article:publisher\" content=\"https:\/\/www.facebook.com\/Maison.adorable.homedecor\" \/>\n<meta property=\"article:modified_time\" content=\"2025-12-26T06:58:17+00:00\" \/>\n<meta property=\"og:image\" content=\"https:\/\/maisonadorable.rs\/wp-content\/uploads\/2025\/04\/postolje.jpg\" \/>\n\t<meta property=\"og:image:width\" content=\"900\" \/>\n\t<meta property=\"og:image:height\" content=\"1200\" \/>\n\t<meta property=\"og:image:type\" content=\"image\/jpeg\" \/>\n<meta name=\"twitter:card\" content=\"summary_large_image\" \/>\n<meta name=\"twitter:label1\" content=\"Est. reading time\" \/>\n\t<meta name=\"twitter:data1\" content=\"1 minute\" \/>\n<script type=\"application\/ld+json\" class=\"yoast-schema-graph\">{\"@context\":\"https:\/\/schema.org\",\"@graph\":[{\"@type\":\"WebPage\",\"@id\":\"https:\/\/maisonadorable.rs\/prodavnica\/novogodisnja-korpa-za-jelku-3\/\",\"url\":\"https:\/\/maisonadorable.rs\/prodavnica\/novogodisnja-korpa-za-jelku-3\/\",\"name\":\"Novogodi\u0161nja korpa za jelku - Maison Adorable\",\"isPartOf\":{\"@id\":\"https:\/\/maisonadorable.rs\/#website\"},\"primaryImageOfPage\":{\"@id\":\"https:\/\/maisonadorable.rs\/prodavnica\/novogodisnja-korpa-za-jelku-3\/#primaryimage\"},\"image\":{\"@id\":\"https:\/\/maisonadorable.rs\/prodavnica\/novogodisnja-korpa-za-jelku-3\/#primaryimage\"},\"thumbnailUrl\":\"https:\/\/maisonadorable.rs\/wp-content\/uploads\/2025\/04\/postolje.jpg\",\"datePublished\":\"2025-10-09T21:58:28+00:00\",\"dateModified\":\"2025-12-26T06:58:17+00:00\",\"description\":\"Pletena korpa ru\u010dne izrade iz jednog dela, u tamno braon boji. Korpa ve\u0161to skriva sve one tehni\u010dke detalje sa kojima se borimo svake godine \u2013 nogare jelke kao i produ\u017ene kablove od novogodi\u0161njih rekvizita. Sada mo\u017eete u\u017eivati dok korpa obavlja sav posao diskretno i \u0161armantno.\",\"breadcrumb\":{\"@id\":\"https:\/\/maisonadorable.rs\/prodavnica\/novogodisnja-korpa-za-jelku-3\/#breadcrumb\"},\"inLanguage\":\"en-US\",\"potentialAction\":[{\"@type\":\"ReadAction\",\"target\":[\"https:\/\/maisonadorable.rs\/prodavnica\/novogodisnja-korpa-za-jelku-3\/\"]}]},{\"@type\":\"ImageObject\",\"inLanguage\":\"en-US\",\"@id\":\"https:\/\/maisonadorable.rs\/prodavnica\/novogodisnja-korpa-za-jelku-3\/#primaryimage\",\"url\":\"https:\/\/maisonadorable.rs\/wp-content\/uploads\/2025\/04\/postolje.jpg\",\"contentUrl\":\"https:\/\/maisonadorable.rs\/wp-content\/uploads\/2025\/04\/postolje.jpg\",\"width\":900,\"height\":1200},{\"@type\":\"BreadcrumbList\",\"@id\":\"https:\/\/maisonadorable.rs\/prodavnica\/novogodisnja-korpa-za-jelku-3\/#breadcrumb\",\"itemListElement\":[{\"@type\":\"ListItem\",\"position\":1,\"name\":\"Po\u010detna\",\"item\":\"https:\/\/maisonadorable.rs\/\"},{\"@type\":\"ListItem\",\"position\":2,\"name\":\"Shop\",\"item\":\"https:\/\/maisonadorable.rs\/en\/shop\/\"},{\"@type\":\"ListItem\",\"position\":3,\"name\":\"Novogodi\u0161nja korpa za jelku\"}]},{\"@type\":\"WebSite\",\"@id\":\"https:\/\/maisonadorable.rs\/#website\",\"url\":\"https:\/\/maisonadorable.rs\/\",\"name\":\"Maison Adorable\",\"description\":\"Maison Adorable, delimo inspiraciju u ljubav, i \u0161aljemo radost u malim pakovanjima!\",\"publisher\":{\"@id\":\"https:\/\/maisonadorable.rs\/#organization\"},\"potentialAction\":[{\"@type\":\"SearchAction\",\"target\":{\"@type\":\"EntryPoint\",\"urlTemplate\":\"https:\/\/maisonadorable.rs\/?s={search_term_string}\"},\"query-input\":{\"@type\":\"PropertyValueSpecification\",\"valueRequired\":true,\"valueName\":\"search_term_string\"}}],\"inLanguage\":\"en-US\"},{\"@type\":\"Organization\",\"@id\":\"https:\/\/maisonadorable.rs\/#organization\",\"name\":\"Maison Adorable\",\"url\":\"https:\/\/maisonadorable.rs\/\",\"logo\":{\"@type\":\"ImageObject\",\"inLanguage\":\"en-US\",\"@id\":\"https:\/\/maisonadorable.rs\/#\/schema\/logo\/image\/\",\"url\":\"https:\/\/maisonadorable.rs\/wp-content\/uploads\/2022\/04\/logo.png\",\"contentUrl\":\"https:\/\/maisonadorable.rs\/wp-content\/uploads\/2022\/04\/logo.png\",\"width\":1081,\"height\":1081,\"caption\":\"Maison Adorable\"},\"image\":{\"@id\":\"https:\/\/maisonadorable.rs\/#\/schema\/logo\/image\/\"},\"sameAs\":[\"https:\/\/www.facebook.com\/Maison.adorable.homedecor\",\"https:\/\/www.instagram.com\/maison_adorable\/\"]}]}<\/script>\n<!-- \/ Yoast SEO plugin. -->","yoast_head_json":{"title":"Novogodi\u0161nja korpa za jelku - Maison Adorable","description":"Pletena korpa ru\u010dne izrade iz jednog dela, u tamno braon boji. Korpa ve\u0161to skriva sve one tehni\u010dke detalje sa kojima se borimo svake godine \u2013 nogare jelke kao i produ\u017ene kablove od novogodi\u0161njih rekvizita. Sada mo\u017eete u\u017eivati dok korpa obavlja sav posao diskretno i \u0161armantno.","robots":{"index":"index","follow":"follow","max-snippet":"max-snippet:-1","max-image-preview":"max-image-preview:large","max-video-preview":"max-video-preview:-1"},"canonical":"https:\/\/maisonadorable.rs\/prodavnica\/novogodisnja-korpa-za-jelku-3\/","og_locale":"en_US","og_type":"article","og_title":"Novogodi\u0161nja korpa za jelku - Maison Adorable","og_description":"Pletena korpa ru\u010dne izrade iz jednog dela, u tamno braon boji. Korpa ve\u0161to skriva sve one tehni\u010dke detalje sa kojima se borimo svake godine \u2013 nogare jelke kao i produ\u017ene kablove od novogodi\u0161njih rekvizita. Sada mo\u017eete u\u017eivati dok korpa obavlja sav posao diskretno i \u0161armantno.","og_url":"https:\/\/maisonadorable.rs\/prodavnica\/novogodisnja-korpa-za-jelku-3\/","og_site_name":"Maison Adorable","article_publisher":"https:\/\/www.facebook.com\/Maison.adorable.homedecor","article_modified_time":"2025-12-26T06:58:17+00:00","og_image":[{"width":900,"height":1200,"url":"https:\/\/maisonadorable.rs\/wp-content\/uploads\/2025\/04\/postolje.jpg","type":"image\/jpeg"}],"twitter_card":"summary_large_image","twitter_misc":{"Est. reading time":"1 minute"},"schema":{"@context":"https:\/\/schema.org","@graph":[{"@type":"WebPage","@id":"https:\/\/maisonadorable.rs\/prodavnica\/novogodisnja-korpa-za-jelku-3\/","url":"https:\/\/maisonadorable.rs\/prodavnica\/novogodisnja-korpa-za-jelku-3\/","name":"Novogodi\u0161nja korpa za jelku - Maison Adorable","isPartOf":{"@id":"https:\/\/maisonadorable.rs\/#website"},"primaryImageOfPage":{"@id":"https:\/\/maisonadorable.rs\/prodavnica\/novogodisnja-korpa-za-jelku-3\/#primaryimage"},"image":{"@id":"https:\/\/maisonadorable.rs\/prodavnica\/novogodisnja-korpa-za-jelku-3\/#primaryimage"},"thumbnailUrl":"https:\/\/maisonadorable.rs\/wp-content\/uploads\/2025\/04\/postolje.jpg","datePublished":"2025-10-09T21:58:28+00:00","dateModified":"2025-12-26T06:58:17+00:00","description":"Pletena korpa ru\u010dne izrade iz jednog dela, u tamno braon boji. Korpa ve\u0161to skriva sve one tehni\u010dke detalje sa kojima se borimo svake godine \u2013 nogare jelke kao i produ\u017ene kablove od novogodi\u0161njih rekvizita. Sada mo\u017eete u\u017eivati dok korpa obavlja sav posao diskretno i \u0161armantno.","breadcrumb":{"@id":"https:\/\/maisonadorable.rs\/prodavnica\/novogodisnja-korpa-za-jelku-3\/#breadcrumb"},"inLanguage":"en-US","potentialAction":[{"@type":"ReadAction","target":["https:\/\/maisonadorable.rs\/prodavnica\/novogodisnja-korpa-za-jelku-3\/"]}]},{"@type":"ImageObject","inLanguage":"en-US","@id":"https:\/\/maisonadorable.rs\/prodavnica\/novogodisnja-korpa-za-jelku-3\/#primaryimage","url":"https:\/\/maisonadorable.rs\/wp-content\/uploads\/2025\/04\/postolje.jpg","contentUrl":"https:\/\/maisonadorable.rs\/wp-content\/uploads\/2025\/04\/postolje.jpg","width":900,"height":1200},{"@type":"BreadcrumbList","@id":"https:\/\/maisonadorable.rs\/prodavnica\/novogodisnja-korpa-za-jelku-3\/#breadcrumb","itemListElement":[{"@type":"ListItem","position":1,"name":"Po\u010detna","item":"https:\/\/maisonadorable.rs\/"},{"@type":"ListItem","position":2,"name":"Shop","item":"https:\/\/maisonadorable.rs\/en\/shop\/"},{"@type":"ListItem","position":3,"name":"Novogodi\u0161nja korpa za jelku"}]},{"@type":"WebSite","@id":"https:\/\/maisonadorable.rs\/#website","url":"https:\/\/maisonadorable.rs\/","name":"Maison Adorable","description":"Maison Adorable, delimo inspiraciju u ljubav, i \u0161aljemo radost u malim pakovanjima!","publisher":{"@id":"https:\/\/maisonadorable.rs\/#organization"},"potentialAction":[{"@type":"SearchAction","target":{"@type":"EntryPoint","urlTemplate":"https:\/\/maisonadorable.rs\/?s={search_term_string}"},"query-input":{"@type":"PropertyValueSpecification","valueRequired":true,"valueName":"search_term_string"}}],"inLanguage":"en-US"},{"@type":"Organization","@id":"https:\/\/maisonadorable.rs\/#organization","name":"Maison Adorable","url":"https:\/\/maisonadorable.rs\/","logo":{"@type":"ImageObject","inLanguage":"en-US","@id":"https:\/\/maisonadorable.rs\/#\/schema\/logo\/image\/","url":"https:\/\/maisonadorable.rs\/wp-content\/uploads\/2022\/04\/logo.png","contentUrl":"https:\/\/maisonadorable.rs\/wp-content\/uploads\/2022\/04\/logo.png","width":1081,"height":1081,"caption":"Maison Adorable"},"image":{"@id":"https:\/\/maisonadorable.rs\/#\/schema\/logo\/image\/"},"sameAs":["https:\/\/www.facebook.com\/Maison.adorable.homedecor","https:\/\/www.instagram.com\/maison_adorable\/"]}]}},"_links":{"self":[{"href":"https:\/\/maisonadorable.rs\/en\/wp-json\/wp\/v2\/product\/15351","targetHints":{"allow":["GET"]}}],"collection":[{"href":"https:\/\/maisonadorable.rs\/en\/wp-json\/wp\/v2\/product"}],"about":[{"href":"https:\/\/maisonadorable.rs\/en\/wp-json\/wp\/v2\/types\/product"}],"version-history":[{"count":4,"href":"https:\/\/maisonadorable.rs\/en\/wp-json\/wp\/v2\/product\/15351\/revisions"}],"predecessor-version":[{"id":16022,"href":"https:\/\/maisonadorable.rs\/en\/wp-json\/wp\/v2\/product\/15351\/revisions\/16022"}],"wp:featuredmedia":[{"embeddable":true,"href":"https:\/\/maisonadorable.rs\/en\/wp-json\/wp\/v2\/media\/15323"}],"wp:attachment":[{"href":"https:\/\/maisonadorable.rs\/en\/wp-json\/wp\/v2\/media?parent=15351"}],"wp:term":[{"taxonomy":"product_brand","embeddable":true,"href":"https:\/\/maisonadorable.rs\/en\/wp-json\/wp\/v2\/product_brand?post=15351"},{"taxonomy":"product_cat","embeddable":true,"href":"https:\/\/maisonadorable.rs\/en\/wp-json\/wp\/v2\/product_cat?post=15351"},{"taxonomy":"product_tag","embeddable":true,"href":"https:\/\/maisonadorable.rs\/en\/wp-json\/wp\/v2\/product_tag?post=15351"}],"curies":[{"name":"wp","href":"https:\/\/api.w.org\/{rel}","templated":true}]}}