{"id":15364,"date":"2025-10-11T14:36:18","date_gmt":"2025-10-11T13:36:18","guid":{"rendered":"https:\/\/maisonadorable.rs\/?post_type=product&#038;p=15364"},"modified":"2025-10-11T14:36:22","modified_gmt":"2025-10-11T13:36:22","slug":"tegla-candy-coma","status":"publish","type":"product","link":"https:\/\/maisonadorable.rs\/prodavnica\/tegla-candy-coma\/","title":{"rendered":"Tegla Candy Coma"},"content":{"rendered":"<p><strong data-start=\"439\" data-end=\"453\">Tegla Candy Coma, <\/strong>velika kerami\u010dka tegla sa poklopcem, ru\u010dno oblikovana i glazirana. Kombinuje funkcionalnost i humor u \u010distoj, minimalisti\u010dkoj formi. Namenjena za slatki\u0161e, ali i za sve male rituale svakodnevice.<\/p>\n<p>Materijal: keramika<\/p>\n<p>Dimenzije: h 20cm<\/p>\n","protected":false},"excerpt":{"rendered":"<p>Tegla Candy Coma, velika kerami\u010dka tegla sa poklopcem, ru\u010dno oblikovana i glazirana. Kombinuje funkcionalnost i humor u \u010distoj, minimalisti\u010dkoj formi.<\/p>\n","protected":false},"featured_media":15374,"template":"","meta":[],"product_brand":[],"product_cat":[56,84,38,54,52,1165,83,209],"product_tag":[2066,2065,2063,2064],"class_list":{"0":"post-15364","1":"product","2":"type-product","3":"status-publish","4":"has-post-thumbnail","6":"product_cat-cinije","7":"product_cat-korporativni-pokloni","8":"product_cat-kucni-dekor","9":"product_cat-kuhinjski-program","10":"product_cat-nova-godina","11":"product_cat-novogodisnji-dekor","12":"product_cat-pokloni","13":"product_cat-pokloni_za_nju","14":"product_tag-posuda-za-kolace","15":"product_tag-posuda-za-slatkise","16":"product_tag-tegla-za-slatkise","17":"product_tag-velika-tegla","19":"first","20":"instock","21":"sale","22":"shipping-taxable","23":"purchasable","24":"product-type-simple"},"yoast_head":"<!-- This site is optimized with the Yoast SEO plugin v27.1.1 - https:\/\/yoast.com\/product\/yoast-seo-wordpress\/ -->\n<title>Tegla Candy Coma - Maison Adorable<\/title>\n<meta name=\"description\" content=\"Tegla Candy Coma, velika kerami\u010dka tegla sa poklopcem, ru\u010dno oblikovana i glazirana. Kombinuje funkcionalnost i humor u \u010distoj, minimalisti\u010dkoj formi. Namenjena za slatki\u0161e, ali i za sve male rituale svakodnevice\" \/>\n<meta name=\"robots\" content=\"index, follow, max-snippet:-1, max-image-preview:large, max-video-preview:-1\" \/>\n<link rel=\"canonical\" href=\"https:\/\/maisonadorable.rs\/prodavnica\/tegla-candy-coma\/\" \/>\n<meta property=\"og:locale\" content=\"en_US\" \/>\n<meta property=\"og:type\" content=\"article\" \/>\n<meta property=\"og:title\" content=\"Tegla Candy Coma - Maison Adorable\" \/>\n<meta property=\"og:description\" content=\"Tegla Candy Coma, velika kerami\u010dka tegla sa poklopcem, ru\u010dno oblikovana i glazirana. Kombinuje funkcionalnost i humor u \u010distoj, minimalisti\u010dkoj formi. Namenjena za slatki\u0161e, ali i za sve male rituale svakodnevice\" \/>\n<meta property=\"og:url\" content=\"https:\/\/maisonadorable.rs\/prodavnica\/tegla-candy-coma\/\" \/>\n<meta property=\"og:site_name\" content=\"Maison Adorable\" \/>\n<meta property=\"article:publisher\" content=\"https:\/\/www.facebook.com\/Maison.adorable.homedecor\" \/>\n<meta property=\"article:modified_time\" content=\"2025-10-11T13:36:22+00:00\" \/>\n<meta property=\"og:image\" content=\"https:\/\/maisonadorable.rs\/wp-content\/uploads\/2025\/10\/cini.jpg\" \/>\n\t<meta property=\"og:image:width\" content=\"900\" \/>\n\t<meta property=\"og:image:height\" content=\"1200\" \/>\n\t<meta property=\"og:image:type\" content=\"image\/jpeg\" \/>\n<meta name=\"twitter:card\" content=\"summary_large_image\" \/>\n<meta name=\"twitter:label1\" content=\"Est. reading time\" \/>\n\t<meta name=\"twitter:data1\" content=\"1 minute\" \/>\n<script type=\"application\/ld+json\" class=\"yoast-schema-graph\">{\"@context\":\"https:\/\/schema.org\",\"@graph\":[{\"@type\":\"WebPage\",\"@id\":\"https:\/\/maisonadorable.rs\/prodavnica\/tegla-candy-coma\/\",\"url\":\"https:\/\/maisonadorable.rs\/prodavnica\/tegla-candy-coma\/\",\"name\":\"Tegla Candy Coma - Maison Adorable\",\"isPartOf\":{\"@id\":\"https:\/\/maisonadorable.rs\/#website\"},\"primaryImageOfPage\":{\"@id\":\"https:\/\/maisonadorable.rs\/prodavnica\/tegla-candy-coma\/#primaryimage\"},\"image\":{\"@id\":\"https:\/\/maisonadorable.rs\/prodavnica\/tegla-candy-coma\/#primaryimage\"},\"thumbnailUrl\":\"https:\/\/maisonadorable.rs\/wp-content\/uploads\/2025\/10\/cini.jpg\",\"datePublished\":\"2025-10-11T13:36:18+00:00\",\"dateModified\":\"2025-10-11T13:36:22+00:00\",\"description\":\"Tegla Candy Coma, velika kerami\u010dka tegla sa poklopcem, ru\u010dno oblikovana i glazirana. Kombinuje funkcionalnost i humor u \u010distoj, minimalisti\u010dkoj formi. Namenjena za slatki\u0161e, ali i za sve male rituale svakodnevice\",\"breadcrumb\":{\"@id\":\"https:\/\/maisonadorable.rs\/prodavnica\/tegla-candy-coma\/#breadcrumb\"},\"inLanguage\":\"en-US\",\"potentialAction\":[{\"@type\":\"ReadAction\",\"target\":[\"https:\/\/maisonadorable.rs\/prodavnica\/tegla-candy-coma\/\"]}]},{\"@type\":\"ImageObject\",\"inLanguage\":\"en-US\",\"@id\":\"https:\/\/maisonadorable.rs\/prodavnica\/tegla-candy-coma\/#primaryimage\",\"url\":\"https:\/\/maisonadorable.rs\/wp-content\/uploads\/2025\/10\/cini.jpg\",\"contentUrl\":\"https:\/\/maisonadorable.rs\/wp-content\/uploads\/2025\/10\/cini.jpg\",\"width\":900,\"height\":1200},{\"@type\":\"BreadcrumbList\",\"@id\":\"https:\/\/maisonadorable.rs\/prodavnica\/tegla-candy-coma\/#breadcrumb\",\"itemListElement\":[{\"@type\":\"ListItem\",\"position\":1,\"name\":\"Po\u010detna\",\"item\":\"https:\/\/maisonadorable.rs\/\"},{\"@type\":\"ListItem\",\"position\":2,\"name\":\"Shop\",\"item\":\"https:\/\/maisonadorable.rs\/en\/shop\/\"},{\"@type\":\"ListItem\",\"position\":3,\"name\":\"Tegla Candy Coma\"}]},{\"@type\":\"WebSite\",\"@id\":\"https:\/\/maisonadorable.rs\/#website\",\"url\":\"https:\/\/maisonadorable.rs\/\",\"name\":\"Maison Adorable\",\"description\":\"Maison Adorable, delimo inspiraciju u ljubav, i \u0161aljemo radost u malim pakovanjima!\",\"publisher\":{\"@id\":\"https:\/\/maisonadorable.rs\/#organization\"},\"potentialAction\":[{\"@type\":\"SearchAction\",\"target\":{\"@type\":\"EntryPoint\",\"urlTemplate\":\"https:\/\/maisonadorable.rs\/?s={search_term_string}\"},\"query-input\":{\"@type\":\"PropertyValueSpecification\",\"valueRequired\":true,\"valueName\":\"search_term_string\"}}],\"inLanguage\":\"en-US\"},{\"@type\":\"Organization\",\"@id\":\"https:\/\/maisonadorable.rs\/#organization\",\"name\":\"Maison Adorable\",\"url\":\"https:\/\/maisonadorable.rs\/\",\"logo\":{\"@type\":\"ImageObject\",\"inLanguage\":\"en-US\",\"@id\":\"https:\/\/maisonadorable.rs\/#\/schema\/logo\/image\/\",\"url\":\"https:\/\/maisonadorable.rs\/wp-content\/uploads\/2022\/04\/logo.png\",\"contentUrl\":\"https:\/\/maisonadorable.rs\/wp-content\/uploads\/2022\/04\/logo.png\",\"width\":1081,\"height\":1081,\"caption\":\"Maison Adorable\"},\"image\":{\"@id\":\"https:\/\/maisonadorable.rs\/#\/schema\/logo\/image\/\"},\"sameAs\":[\"https:\/\/www.facebook.com\/Maison.adorable.homedecor\",\"https:\/\/www.instagram.com\/maison_adorable\/\"]}]}<\/script>\n<!-- \/ Yoast SEO plugin. -->","yoast_head_json":{"title":"Tegla Candy Coma - Maison Adorable","description":"Tegla Candy Coma, velika kerami\u010dka tegla sa poklopcem, ru\u010dno oblikovana i glazirana. Kombinuje funkcionalnost i humor u \u010distoj, minimalisti\u010dkoj formi. Namenjena za slatki\u0161e, ali i za sve male rituale svakodnevice","robots":{"index":"index","follow":"follow","max-snippet":"max-snippet:-1","max-image-preview":"max-image-preview:large","max-video-preview":"max-video-preview:-1"},"canonical":"https:\/\/maisonadorable.rs\/prodavnica\/tegla-candy-coma\/","og_locale":"en_US","og_type":"article","og_title":"Tegla Candy Coma - Maison Adorable","og_description":"Tegla Candy Coma, velika kerami\u010dka tegla sa poklopcem, ru\u010dno oblikovana i glazirana. Kombinuje funkcionalnost i humor u \u010distoj, minimalisti\u010dkoj formi. Namenjena za slatki\u0161e, ali i za sve male rituale svakodnevice","og_url":"https:\/\/maisonadorable.rs\/prodavnica\/tegla-candy-coma\/","og_site_name":"Maison Adorable","article_publisher":"https:\/\/www.facebook.com\/Maison.adorable.homedecor","article_modified_time":"2025-10-11T13:36:22+00:00","og_image":[{"width":900,"height":1200,"url":"https:\/\/maisonadorable.rs\/wp-content\/uploads\/2025\/10\/cini.jpg","type":"image\/jpeg"}],"twitter_card":"summary_large_image","twitter_misc":{"Est. reading time":"1 minute"},"schema":{"@context":"https:\/\/schema.org","@graph":[{"@type":"WebPage","@id":"https:\/\/maisonadorable.rs\/prodavnica\/tegla-candy-coma\/","url":"https:\/\/maisonadorable.rs\/prodavnica\/tegla-candy-coma\/","name":"Tegla Candy Coma - Maison Adorable","isPartOf":{"@id":"https:\/\/maisonadorable.rs\/#website"},"primaryImageOfPage":{"@id":"https:\/\/maisonadorable.rs\/prodavnica\/tegla-candy-coma\/#primaryimage"},"image":{"@id":"https:\/\/maisonadorable.rs\/prodavnica\/tegla-candy-coma\/#primaryimage"},"thumbnailUrl":"https:\/\/maisonadorable.rs\/wp-content\/uploads\/2025\/10\/cini.jpg","datePublished":"2025-10-11T13:36:18+00:00","dateModified":"2025-10-11T13:36:22+00:00","description":"Tegla Candy Coma, velika kerami\u010dka tegla sa poklopcem, ru\u010dno oblikovana i glazirana. Kombinuje funkcionalnost i humor u \u010distoj, minimalisti\u010dkoj formi. Namenjena za slatki\u0161e, ali i za sve male rituale svakodnevice","breadcrumb":{"@id":"https:\/\/maisonadorable.rs\/prodavnica\/tegla-candy-coma\/#breadcrumb"},"inLanguage":"en-US","potentialAction":[{"@type":"ReadAction","target":["https:\/\/maisonadorable.rs\/prodavnica\/tegla-candy-coma\/"]}]},{"@type":"ImageObject","inLanguage":"en-US","@id":"https:\/\/maisonadorable.rs\/prodavnica\/tegla-candy-coma\/#primaryimage","url":"https:\/\/maisonadorable.rs\/wp-content\/uploads\/2025\/10\/cini.jpg","contentUrl":"https:\/\/maisonadorable.rs\/wp-content\/uploads\/2025\/10\/cini.jpg","width":900,"height":1200},{"@type":"BreadcrumbList","@id":"https:\/\/maisonadorable.rs\/prodavnica\/tegla-candy-coma\/#breadcrumb","itemListElement":[{"@type":"ListItem","position":1,"name":"Po\u010detna","item":"https:\/\/maisonadorable.rs\/"},{"@type":"ListItem","position":2,"name":"Shop","item":"https:\/\/maisonadorable.rs\/en\/shop\/"},{"@type":"ListItem","position":3,"name":"Tegla Candy Coma"}]},{"@type":"WebSite","@id":"https:\/\/maisonadorable.rs\/#website","url":"https:\/\/maisonadorable.rs\/","name":"Maison Adorable","description":"Maison Adorable, delimo inspiraciju u ljubav, i \u0161aljemo radost u malim pakovanjima!","publisher":{"@id":"https:\/\/maisonadorable.rs\/#organization"},"potentialAction":[{"@type":"SearchAction","target":{"@type":"EntryPoint","urlTemplate":"https:\/\/maisonadorable.rs\/?s={search_term_string}"},"query-input":{"@type":"PropertyValueSpecification","valueRequired":true,"valueName":"search_term_string"}}],"inLanguage":"en-US"},{"@type":"Organization","@id":"https:\/\/maisonadorable.rs\/#organization","name":"Maison Adorable","url":"https:\/\/maisonadorable.rs\/","logo":{"@type":"ImageObject","inLanguage":"en-US","@id":"https:\/\/maisonadorable.rs\/#\/schema\/logo\/image\/","url":"https:\/\/maisonadorable.rs\/wp-content\/uploads\/2022\/04\/logo.png","contentUrl":"https:\/\/maisonadorable.rs\/wp-content\/uploads\/2022\/04\/logo.png","width":1081,"height":1081,"caption":"Maison Adorable"},"image":{"@id":"https:\/\/maisonadorable.rs\/#\/schema\/logo\/image\/"},"sameAs":["https:\/\/www.facebook.com\/Maison.adorable.homedecor","https:\/\/www.instagram.com\/maison_adorable\/"]}]}},"_links":{"self":[{"href":"https:\/\/maisonadorable.rs\/en\/wp-json\/wp\/v2\/product\/15364","targetHints":{"allow":["GET"]}}],"collection":[{"href":"https:\/\/maisonadorable.rs\/en\/wp-json\/wp\/v2\/product"}],"about":[{"href":"https:\/\/maisonadorable.rs\/en\/wp-json\/wp\/v2\/types\/product"}],"version-history":[{"count":1,"href":"https:\/\/maisonadorable.rs\/en\/wp-json\/wp\/v2\/product\/15364\/revisions"}],"predecessor-version":[{"id":15380,"href":"https:\/\/maisonadorable.rs\/en\/wp-json\/wp\/v2\/product\/15364\/revisions\/15380"}],"wp:featuredmedia":[{"embeddable":true,"href":"https:\/\/maisonadorable.rs\/en\/wp-json\/wp\/v2\/media\/15374"}],"wp:attachment":[{"href":"https:\/\/maisonadorable.rs\/en\/wp-json\/wp\/v2\/media?parent=15364"}],"wp:term":[{"taxonomy":"product_brand","embeddable":true,"href":"https:\/\/maisonadorable.rs\/en\/wp-json\/wp\/v2\/product_brand?post=15364"},{"taxonomy":"product_cat","embeddable":true,"href":"https:\/\/maisonadorable.rs\/en\/wp-json\/wp\/v2\/product_cat?post=15364"},{"taxonomy":"product_tag","embeddable":true,"href":"https:\/\/maisonadorable.rs\/en\/wp-json\/wp\/v2\/product_tag?post=15364"}],"curies":[{"name":"wp","href":"https:\/\/api.w.org\/{rel}","templated":true}]}}