{"id":8843,"date":"2025-04-30T12:17:22","date_gmt":"2025-04-30T11:17:22","guid":{"rendered":"https:\/\/maison.wpspeedopt.net\/?post_type=product&#038;p=8843"},"modified":"2026-02-25T20:03:04","modified_gmt":"2026-02-25T19:03:04","slug":"svecnjak-slon","status":"publish","type":"product","link":"https:\/\/maisonadorable.rs\/prodavnica\/svecnjak-slon\/","title":{"rendered":"Sve\u0107njak Slon"},"content":{"rendered":"<p>Kralj slonova koji se prikazuje s ponosno uzdignutom glavom u veli\u010danstvenoj gracioznosti. Slon sa podignutom surlom predstavlja uspeh. U produ\u017eetku njegove surle je visoki deo za sve\u0107u koji nagla\u0161ava kraljevski dizajn ove \u017eivotinjske figure. Svaki deo je unikanat i ru\u010dne je izrade. Slobodno je mo\u017eemo nazvati i skulpturom jer ona ne predstavlja samo sve\u0107njak. Krasi\u0107e svaku policu a u ve\u0107ernjim satima dobi\u010dete dozu romantike.<\/p>\n<p>Budite posebni u opremanju svog doma a \u0161to se ti\u010de poklanjanja, poklonite snagu, mudrost, sre\u0107u i uspeh!<\/p>\n<p>Materijal: bakar.<\/p>\n<p>Dimenzije: 30 x 23cm, 2.300 kg<\/p>\n","protected":false},"excerpt":{"rendered":"<p>Kralj slonova koji se prikazuje s ponosno uzdignutom glavom u veli\u010danstvenoj gracioznosti. Slon sa podignutom surlom predstavlja uspeh. U produ\u017eetku<\/p>\n","protected":false},"featured_media":7208,"template":"","meta":[],"product_brand":[],"product_cat":[39,38,92,42,50],"product_tag":[601,596,508,340,441,599,337,600,236,595,594,343,342,289],"class_list":{"0":"post-8843","1":"product","2":"type-product","3":"status-publish","4":"has-post-thumbnail","6":"product_cat-dekorativni-artikli","7":"product_cat-kucni-dekor","8":"product_cat-skulpture","9":"product_cat-svecnjaci-i-svece","10":"product_cat-ukrasne-figure","11":"product_tag-bakarni-slon","12":"product_tag-bakarni-svecnjak","13":"product_tag-feng-shui-slon","14":"product_tag-metalni-svecnjak","15":"product_tag-pokloni-slona","16":"product_tag-skulptura-slona","17":"product_tag-slon","18":"product_tag-slon-od-bakra","19":"product_tag-svecnjak","20":"product_tag-svecnjak-od-bakra","21":"product_tag-svecnjak-slon","22":"product_tag-svecnjak-za-eksterijer","23":"product_tag-svecnjak-za-enterijer","24":"product_tag-umetnicka-skulptura","26":"first","27":"instock","28":"shipping-taxable","29":"purchasable","30":"product-type-simple"},"yoast_head":"<!-- This site is optimized with the Yoast SEO plugin v27.4 - https:\/\/yoast.com\/product\/yoast-seo-wordpress\/ -->\n<title>Sve\u0107njak Slon - Maison Adorable<\/title>\n<meta name=\"description\" content=\"Kralj slonova koji se prikazuje s ponosno uzdignutom glavom u veli\u010danstvenoj gracioznosti. Slon sa podignutom surlom predstavlja uspeh. U produ\u017eetku njegove surle je visoki deo za sve\u0107u koji nagla\u0161ava kraljevski dizajn ove \u017eivotinjske figure. Svaki deo je unikanat i ru\u010dne je izrade. Slobodno je mo\u017eemo nazvati i skulpturom jer ona ne predstavlja samo sve\u0107njak. Krasi\u0107e svaku policu a u ve\u0107ernjim satima dobi\u010dete dozu romantike. Budite posebni u opremanju svog doma a \u0161to se ti\u010de poklanjanja, poklonite snagu, mudrost, sre\u0107u i uspeh!\" \/>\n<meta name=\"robots\" content=\"index, follow, max-snippet:-1, max-image-preview:large, max-video-preview:-1\" \/>\n<link rel=\"canonical\" href=\"https:\/\/maisonadorable.rs\/prodavnica\/svecnjak-slon\/\" \/>\n<meta property=\"og:locale\" content=\"en_US\" \/>\n<meta property=\"og:type\" content=\"article\" \/>\n<meta property=\"og:title\" content=\"Sve\u0107njak Slon - Maison Adorable\" \/>\n<meta property=\"og:description\" content=\"Kralj slonova koji se prikazuje s ponosno uzdignutom glavom u veli\u010danstvenoj gracioznosti. Slon sa podignutom surlom predstavlja uspeh. U produ\u017eetku njegove surle je visoki deo za sve\u0107u koji nagla\u0161ava kraljevski dizajn ove \u017eivotinjske figure. Svaki deo je unikanat i ru\u010dne je izrade. Slobodno je mo\u017eemo nazvati i skulpturom jer ona ne predstavlja samo sve\u0107njak. Krasi\u0107e svaku policu a u ve\u0107ernjim satima dobi\u010dete dozu romantike. Budite posebni u opremanju svog doma a \u0161to se ti\u010de poklanjanja, poklonite snagu, mudrost, sre\u0107u i uspeh!\" \/>\n<meta property=\"og:url\" content=\"https:\/\/maisonadorable.rs\/prodavnica\/svecnjak-slon\/\" \/>\n<meta property=\"og:site_name\" content=\"Maison Adorable\" \/>\n<meta property=\"article:publisher\" content=\"https:\/\/www.facebook.com\/Maison.adorable.homedecor\" \/>\n<meta property=\"article:modified_time\" content=\"2026-02-25T19:03:04+00:00\" \/>\n<meta property=\"og:image\" content=\"https:\/\/maisonadorable.rs\/wp-content\/uploads\/2025\/04\/Novo-13-feb-56.jpg\" \/>\n\t<meta property=\"og:image:width\" content=\"900\" \/>\n\t<meta property=\"og:image:height\" content=\"1200\" \/>\n\t<meta property=\"og:image:type\" content=\"image\/jpeg\" \/>\n<meta name=\"twitter:card\" content=\"summary_large_image\" \/>\n<meta name=\"twitter:label1\" content=\"Est. reading time\" \/>\n\t<meta name=\"twitter:data1\" content=\"1 minute\" \/>\n<script type=\"application\/ld+json\" class=\"yoast-schema-graph\">{\"@context\":\"https:\\\/\\\/schema.org\",\"@graph\":[{\"@type\":\"WebPage\",\"@id\":\"https:\\\/\\\/maisonadorable.rs\\\/prodavnica\\\/svecnjak-slon\\\/\",\"url\":\"https:\\\/\\\/maisonadorable.rs\\\/prodavnica\\\/svecnjak-slon\\\/\",\"name\":\"Sve\u0107njak Slon - Maison Adorable\",\"isPartOf\":{\"@id\":\"https:\\\/\\\/maisonadorable.rs\\\/#website\"},\"primaryImageOfPage\":{\"@id\":\"https:\\\/\\\/maisonadorable.rs\\\/prodavnica\\\/svecnjak-slon\\\/#primaryimage\"},\"image\":{\"@id\":\"https:\\\/\\\/maisonadorable.rs\\\/prodavnica\\\/svecnjak-slon\\\/#primaryimage\"},\"thumbnailUrl\":\"https:\\\/\\\/maisonadorable.rs\\\/wp-content\\\/uploads\\\/2025\\\/04\\\/Novo-13-feb-56.jpg\",\"datePublished\":\"2025-04-30T11:17:22+00:00\",\"dateModified\":\"2026-02-25T19:03:04+00:00\",\"description\":\"Kralj slonova koji se prikazuje s ponosno uzdignutom glavom u veli\u010danstvenoj gracioznosti. Slon sa podignutom surlom predstavlja uspeh. U produ\u017eetku njegove surle je visoki deo za sve\u0107u koji nagla\u0161ava kraljevski dizajn ove \u017eivotinjske figure. Svaki deo je unikanat i ru\u010dne je izrade. Slobodno je mo\u017eemo nazvati i skulpturom jer ona ne predstavlja samo sve\u0107njak. Krasi\u0107e svaku policu a u ve\u0107ernjim satima dobi\u010dete dozu romantike. Budite posebni u opremanju svog doma a \u0161to se ti\u010de poklanjanja, poklonite snagu, mudrost, sre\u0107u i uspeh!\",\"breadcrumb\":{\"@id\":\"https:\\\/\\\/maisonadorable.rs\\\/prodavnica\\\/svecnjak-slon\\\/#breadcrumb\"},\"inLanguage\":\"en-US\",\"potentialAction\":[{\"@type\":\"ReadAction\",\"target\":[\"https:\\\/\\\/maisonadorable.rs\\\/prodavnica\\\/svecnjak-slon\\\/\"]}]},{\"@type\":\"ImageObject\",\"inLanguage\":\"en-US\",\"@id\":\"https:\\\/\\\/maisonadorable.rs\\\/prodavnica\\\/svecnjak-slon\\\/#primaryimage\",\"url\":\"https:\\\/\\\/maisonadorable.rs\\\/wp-content\\\/uploads\\\/2025\\\/04\\\/Novo-13-feb-56.jpg\",\"contentUrl\":\"https:\\\/\\\/maisonadorable.rs\\\/wp-content\\\/uploads\\\/2025\\\/04\\\/Novo-13-feb-56.jpg\",\"width\":900,\"height\":1200},{\"@type\":\"BreadcrumbList\",\"@id\":\"https:\\\/\\\/maisonadorable.rs\\\/prodavnica\\\/svecnjak-slon\\\/#breadcrumb\",\"itemListElement\":[{\"@type\":\"ListItem\",\"position\":1,\"name\":\"Po\u010detna\",\"item\":\"https:\\\/\\\/maisonadorable.rs\\\/\"},{\"@type\":\"ListItem\",\"position\":2,\"name\":\"Shop\",\"item\":\"https:\\\/\\\/maisonadorable.rs\\\/en\\\/shop\\\/\"},{\"@type\":\"ListItem\",\"position\":3,\"name\":\"Sve\u0107njak Slon\"}]},{\"@type\":\"WebSite\",\"@id\":\"https:\\\/\\\/maisonadorable.rs\\\/#website\",\"url\":\"https:\\\/\\\/maisonadorable.rs\\\/\",\"name\":\"Maison Adorable\",\"description\":\"Maison Adorable, delimo inspiraciju u ljubav, i \u0161aljemo radost u malim pakovanjima!\",\"publisher\":{\"@id\":\"https:\\\/\\\/maisonadorable.rs\\\/#organization\"},\"potentialAction\":[{\"@type\":\"SearchAction\",\"target\":{\"@type\":\"EntryPoint\",\"urlTemplate\":\"https:\\\/\\\/maisonadorable.rs\\\/?s={search_term_string}\"},\"query-input\":{\"@type\":\"PropertyValueSpecification\",\"valueRequired\":true,\"valueName\":\"search_term_string\"}}],\"inLanguage\":\"en-US\"},{\"@type\":\"Organization\",\"@id\":\"https:\\\/\\\/maisonadorable.rs\\\/#organization\",\"name\":\"Maison Adorable\",\"url\":\"https:\\\/\\\/maisonadorable.rs\\\/\",\"logo\":{\"@type\":\"ImageObject\",\"inLanguage\":\"en-US\",\"@id\":\"https:\\\/\\\/maisonadorable.rs\\\/#\\\/schema\\\/logo\\\/image\\\/\",\"url\":\"https:\\\/\\\/maisonadorable.rs\\\/wp-content\\\/uploads\\\/2022\\\/04\\\/logo.png\",\"contentUrl\":\"https:\\\/\\\/maisonadorable.rs\\\/wp-content\\\/uploads\\\/2022\\\/04\\\/logo.png\",\"width\":1081,\"height\":1081,\"caption\":\"Maison Adorable\"},\"image\":{\"@id\":\"https:\\\/\\\/maisonadorable.rs\\\/#\\\/schema\\\/logo\\\/image\\\/\"},\"sameAs\":[\"https:\\\/\\\/www.facebook.com\\\/Maison.adorable.homedecor\",\"https:\\\/\\\/www.instagram.com\\\/maison_adorable\\\/\"]}]}<\/script>\n<!-- \/ Yoast SEO plugin. -->","yoast_head_json":{"title":"Sve\u0107njak Slon - Maison Adorable","description":"Kralj slonova koji se prikazuje s ponosno uzdignutom glavom u veli\u010danstvenoj gracioznosti. Slon sa podignutom surlom predstavlja uspeh. U produ\u017eetku njegove surle je visoki deo za sve\u0107u koji nagla\u0161ava kraljevski dizajn ove \u017eivotinjske figure. Svaki deo je unikanat i ru\u010dne je izrade. Slobodno je mo\u017eemo nazvati i skulpturom jer ona ne predstavlja samo sve\u0107njak. Krasi\u0107e svaku policu a u ve\u0107ernjim satima dobi\u010dete dozu romantike. Budite posebni u opremanju svog doma a \u0161to se ti\u010de poklanjanja, poklonite snagu, mudrost, sre\u0107u i uspeh!","robots":{"index":"index","follow":"follow","max-snippet":"max-snippet:-1","max-image-preview":"max-image-preview:large","max-video-preview":"max-video-preview:-1"},"canonical":"https:\/\/maisonadorable.rs\/prodavnica\/svecnjak-slon\/","og_locale":"en_US","og_type":"article","og_title":"Sve\u0107njak Slon - Maison Adorable","og_description":"Kralj slonova koji se prikazuje s ponosno uzdignutom glavom u veli\u010danstvenoj gracioznosti. Slon sa podignutom surlom predstavlja uspeh. U produ\u017eetku njegove surle je visoki deo za sve\u0107u koji nagla\u0161ava kraljevski dizajn ove \u017eivotinjske figure. Svaki deo je unikanat i ru\u010dne je izrade. Slobodno je mo\u017eemo nazvati i skulpturom jer ona ne predstavlja samo sve\u0107njak. Krasi\u0107e svaku policu a u ve\u0107ernjim satima dobi\u010dete dozu romantike. Budite posebni u opremanju svog doma a \u0161to se ti\u010de poklanjanja, poklonite snagu, mudrost, sre\u0107u i uspeh!","og_url":"https:\/\/maisonadorable.rs\/prodavnica\/svecnjak-slon\/","og_site_name":"Maison Adorable","article_publisher":"https:\/\/www.facebook.com\/Maison.adorable.homedecor","article_modified_time":"2026-02-25T19:03:04+00:00","og_image":[{"width":900,"height":1200,"url":"https:\/\/maisonadorable.rs\/wp-content\/uploads\/2025\/04\/Novo-13-feb-56.jpg","type":"image\/jpeg"}],"twitter_card":"summary_large_image","twitter_misc":{"Est. reading time":"1 minute"},"schema":{"@context":"https:\/\/schema.org","@graph":[{"@type":"WebPage","@id":"https:\/\/maisonadorable.rs\/prodavnica\/svecnjak-slon\/","url":"https:\/\/maisonadorable.rs\/prodavnica\/svecnjak-slon\/","name":"Sve\u0107njak Slon - Maison Adorable","isPartOf":{"@id":"https:\/\/maisonadorable.rs\/#website"},"primaryImageOfPage":{"@id":"https:\/\/maisonadorable.rs\/prodavnica\/svecnjak-slon\/#primaryimage"},"image":{"@id":"https:\/\/maisonadorable.rs\/prodavnica\/svecnjak-slon\/#primaryimage"},"thumbnailUrl":"https:\/\/maisonadorable.rs\/wp-content\/uploads\/2025\/04\/Novo-13-feb-56.jpg","datePublished":"2025-04-30T11:17:22+00:00","dateModified":"2026-02-25T19:03:04+00:00","description":"Kralj slonova koji se prikazuje s ponosno uzdignutom glavom u veli\u010danstvenoj gracioznosti. Slon sa podignutom surlom predstavlja uspeh. U produ\u017eetku njegove surle je visoki deo za sve\u0107u koji nagla\u0161ava kraljevski dizajn ove \u017eivotinjske figure. Svaki deo je unikanat i ru\u010dne je izrade. Slobodno je mo\u017eemo nazvati i skulpturom jer ona ne predstavlja samo sve\u0107njak. Krasi\u0107e svaku policu a u ve\u0107ernjim satima dobi\u010dete dozu romantike. Budite posebni u opremanju svog doma a \u0161to se ti\u010de poklanjanja, poklonite snagu, mudrost, sre\u0107u i uspeh!","breadcrumb":{"@id":"https:\/\/maisonadorable.rs\/prodavnica\/svecnjak-slon\/#breadcrumb"},"inLanguage":"en-US","potentialAction":[{"@type":"ReadAction","target":["https:\/\/maisonadorable.rs\/prodavnica\/svecnjak-slon\/"]}]},{"@type":"ImageObject","inLanguage":"en-US","@id":"https:\/\/maisonadorable.rs\/prodavnica\/svecnjak-slon\/#primaryimage","url":"https:\/\/maisonadorable.rs\/wp-content\/uploads\/2025\/04\/Novo-13-feb-56.jpg","contentUrl":"https:\/\/maisonadorable.rs\/wp-content\/uploads\/2025\/04\/Novo-13-feb-56.jpg","width":900,"height":1200},{"@type":"BreadcrumbList","@id":"https:\/\/maisonadorable.rs\/prodavnica\/svecnjak-slon\/#breadcrumb","itemListElement":[{"@type":"ListItem","position":1,"name":"Po\u010detna","item":"https:\/\/maisonadorable.rs\/"},{"@type":"ListItem","position":2,"name":"Shop","item":"https:\/\/maisonadorable.rs\/en\/shop\/"},{"@type":"ListItem","position":3,"name":"Sve\u0107njak Slon"}]},{"@type":"WebSite","@id":"https:\/\/maisonadorable.rs\/#website","url":"https:\/\/maisonadorable.rs\/","name":"Maison Adorable","description":"Maison Adorable, delimo inspiraciju u ljubav, i \u0161aljemo radost u malim pakovanjima!","publisher":{"@id":"https:\/\/maisonadorable.rs\/#organization"},"potentialAction":[{"@type":"SearchAction","target":{"@type":"EntryPoint","urlTemplate":"https:\/\/maisonadorable.rs\/?s={search_term_string}"},"query-input":{"@type":"PropertyValueSpecification","valueRequired":true,"valueName":"search_term_string"}}],"inLanguage":"en-US"},{"@type":"Organization","@id":"https:\/\/maisonadorable.rs\/#organization","name":"Maison Adorable","url":"https:\/\/maisonadorable.rs\/","logo":{"@type":"ImageObject","inLanguage":"en-US","@id":"https:\/\/maisonadorable.rs\/#\/schema\/logo\/image\/","url":"https:\/\/maisonadorable.rs\/wp-content\/uploads\/2022\/04\/logo.png","contentUrl":"https:\/\/maisonadorable.rs\/wp-content\/uploads\/2022\/04\/logo.png","width":1081,"height":1081,"caption":"Maison Adorable"},"image":{"@id":"https:\/\/maisonadorable.rs\/#\/schema\/logo\/image\/"},"sameAs":["https:\/\/www.facebook.com\/Maison.adorable.homedecor","https:\/\/www.instagram.com\/maison_adorable\/"]}]}},"_links":{"self":[{"href":"https:\/\/maisonadorable.rs\/en\/wp-json\/wp\/v2\/product\/8843","targetHints":{"allow":["GET"]}}],"collection":[{"href":"https:\/\/maisonadorable.rs\/en\/wp-json\/wp\/v2\/product"}],"about":[{"href":"https:\/\/maisonadorable.rs\/en\/wp-json\/wp\/v2\/types\/product"}],"version-history":[{"count":1,"href":"https:\/\/maisonadorable.rs\/en\/wp-json\/wp\/v2\/product\/8843\/revisions"}],"predecessor-version":[{"id":8888,"href":"https:\/\/maisonadorable.rs\/en\/wp-json\/wp\/v2\/product\/8843\/revisions\/8888"}],"wp:featuredmedia":[{"embeddable":true,"href":"https:\/\/maisonadorable.rs\/en\/wp-json\/wp\/v2\/media\/7208"}],"wp:attachment":[{"href":"https:\/\/maisonadorable.rs\/en\/wp-json\/wp\/v2\/media?parent=8843"}],"wp:term":[{"taxonomy":"product_brand","embeddable":true,"href":"https:\/\/maisonadorable.rs\/en\/wp-json\/wp\/v2\/product_brand?post=8843"},{"taxonomy":"product_cat","embeddable":true,"href":"https:\/\/maisonadorable.rs\/en\/wp-json\/wp\/v2\/product_cat?post=8843"},{"taxonomy":"product_tag","embeddable":true,"href":"https:\/\/maisonadorable.rs\/en\/wp-json\/wp\/v2\/product_tag?post=8843"}],"curies":[{"name":"wp","href":"https:\/\/api.w.org\/{rel}","templated":true}]}}