{"id":9901,"date":"2025-04-30T12:24:31","date_gmt":"2025-04-30T11:24:31","guid":{"rendered":"https:\/\/maison.wpspeedopt.net\/?post_type=product&#038;p=9901"},"modified":"2025-06-26T10:02:09","modified_gmt":"2025-06-26T09:02:09","slug":"tabure-aladin","status":"publish","type":"product","link":"https:\/\/maisonadorable.rs\/prodavnica\/tabure-aladin\/","title":{"rendered":"Tabure ALADIN"},"content":{"rendered":"<p>Tabure valjkastog oblika, mo\u017ee da slu\u017ei i kao sto\u010di\u0107 i kao tabure, sa ru\u010dkom od imitacije ko\u017ee.<\/p>\n<p><strong>DIMENZIJA:<\/strong>\u00a0pre\u010dnik 45cm, visina 40cm<\/p>\n<p><strong>MATERIJAL:<\/strong> poliester outdoor tkanina, vi\u0161e boja.<\/p>\n<p><strong>MATERIJAL UNUTRA\u0160NJEG TABUREA:<\/strong>\u00a0Stiropor se\u010den u \u017eeljenom obliku tapaciran u PVC materijal. Unutra\u0161njost je udobna, lagana i vodootporna.<\/p>\n<p><strong>ODR\u017dAVANJE<\/strong>\u00a0 mokrom krpom i sapunicom; mo\u017ee se oprati i ceo tabure jakim vodenim mlazom na otvorenom.<\/p>\n<p>Tabure je vodootporan i UV stabilan, mo\u017ee stajati napolju, mo\u017ee kisnuti; otporan je na vlagu, vodu i spolja\u0161nje uslove; preporu\u010duje se da se dr\u017ei u natkrivenim prostorima.<\/p>\n<p><strong>ROK IZRADE.<\/strong> Ukol<span style=\"font-family: 'Open Sans', sans-serif;\">iko proizvod nije na stanju u \u017eeljenoj boji, potvrdom kupovine se poru\u010duje. Rok izrade 10-20 radnih dana.<\/span><\/p>\n<p><strong style=\"font-family: 'Open Sans', sans-serif;\">GARANCIJA 2 GODINE.\u00a0<\/strong><\/p>\n","protected":false},"excerpt":{"rendered":"<p>Tabure valjkastog oblika, mo\u017ee da slu\u017ei i kao sto\u010di\u0107 i kao tabure, sa ru\u010dkom od imitacije ko\u017ee. DIMENZIJA:\u00a0pre\u010dnik 45cm, visina<\/p>\n","protected":false},"featured_media":14240,"template":"","meta":[],"product_brand":[],"product_cat":[347,39,344,38,700,102,702,705],"product_tag":[674,1318,756,113,1322,119,1321,127,126],"class_list":{"0":"post-9901","1":"product","2":"type-product","3":"status-publish","4":"has-post-thumbnail","6":"product_cat-brendovi","7":"product_cat-dekorativni-artikli","8":"product_cat-kiara-de-zen","9":"product_cat-kucni-dekor","10":"product_cat-namestaj","11":"product_cat-proizvedeno-u-srbiji","12":"product_cat-stocici-namestaj","13":"product_cat-tabure","14":"product_tag-bastenski-namestaj","15":"product_tag-kiara-de-zen","16":"product_tag-namestaj-za-napolje","17":"product_tag-outdoor","18":"product_tag-outdoor-tabure","19":"product_tag-tabure","20":"product_tag-tabure-kiara-de-zen","21":"product_tag-tabure-za-napolje","22":"product_tag-tabure-za-plazu","24":"first","25":"instock","26":"shipping-taxable","27":"purchasable","28":"product-type-simple"},"yoast_head":"<!-- This site is optimized with the Yoast SEO plugin v27.1.1 - https:\/\/yoast.com\/product\/yoast-seo-wordpress\/ -->\n<title>Tabure ALADIN - Maison Adorable<\/title>\n<meta name=\"description\" content=\"Tabure Aladin,valjkastog oblika, mo\u017ee da slu\u017ei i kao sto\u010di\u0107 i kao tabure, sa ru\u010dkom od imitacije ko\u017ee.DIMENZIJA:\u00a0pre\u010dnik 45cm, visina 40cmMATERIJAL: poliester outdoor tkanina, vi\u0161e boja.MATERIJAL UNUTRA\u0160NJEG TABUREA:\u00a0Stiropor se\u010den u \u017eeljenom obliku tapaciran u PVC materijal. Unutra\u0161njost je udobna, lagana i vodootporna.ODR\u017dAVANJE\u00a0 mokrom krpom i sapunicom; mo\u017ee se oprati i ceo tabure jakim vodenim mlazom na otvorenom.Tabure je vodootporan i UV stabilan, mo\u017ee stajati napolju, mo\u017ee kisnuti; otporan je na vlagu, vodu i spolja\u0161nje uslove; preporu\u010duje se da se dr\u017ei u natkrivenim prostorima.\u00a0ROK IZRADE. Ukoliko proizvod nije na stanju u \u017eeljenoj boji, potvrdom kupovine se poru\u010duje. Rok izrade 10-20 radnih dana.GARANCIJA 2 GODINE.\u00a0\" \/>\n<meta name=\"robots\" content=\"index, follow, max-snippet:-1, max-image-preview:large, max-video-preview:-1\" \/>\n<link rel=\"canonical\" href=\"https:\/\/maisonadorable.rs\/prodavnica\/tabure-aladin\/\" \/>\n<meta property=\"og:locale\" content=\"en_US\" \/>\n<meta property=\"og:type\" content=\"article\" \/>\n<meta property=\"og:title\" content=\"Tabure ALADIN - Maison Adorable\" \/>\n<meta property=\"og:description\" content=\"Tabure Aladin,valjkastog oblika, mo\u017ee da slu\u017ei i kao sto\u010di\u0107 i kao tabure, sa ru\u010dkom od imitacije ko\u017ee.DIMENZIJA:\u00a0pre\u010dnik 45cm, visina 40cmMATERIJAL: poliester outdoor tkanina, vi\u0161e boja.MATERIJAL UNUTRA\u0160NJEG TABUREA:\u00a0Stiropor se\u010den u \u017eeljenom obliku tapaciran u PVC materijal. Unutra\u0161njost je udobna, lagana i vodootporna.ODR\u017dAVANJE\u00a0 mokrom krpom i sapunicom; mo\u017ee se oprati i ceo tabure jakim vodenim mlazom na otvorenom.Tabure je vodootporan i UV stabilan, mo\u017ee stajati napolju, mo\u017ee kisnuti; otporan je na vlagu, vodu i spolja\u0161nje uslove; preporu\u010duje se da se dr\u017ei u natkrivenim prostorima.\u00a0ROK IZRADE. Ukoliko proizvod nije na stanju u \u017eeljenoj boji, potvrdom kupovine se poru\u010duje. Rok izrade 10-20 radnih dana.GARANCIJA 2 GODINE.\u00a0\" \/>\n<meta property=\"og:url\" content=\"https:\/\/maisonadorable.rs\/prodavnica\/tabure-aladin\/\" \/>\n<meta property=\"og:site_name\" content=\"Maison Adorable\" \/>\n<meta property=\"article:publisher\" content=\"https:\/\/www.facebook.com\/Maison.adorable.homedecor\" \/>\n<meta property=\"article:modified_time\" content=\"2025-06-26T09:02:09+00:00\" \/>\n<meta property=\"og:image\" content=\"https:\/\/maisonadorable.rs\/wp-content\/uploads\/2025\/04\/ala.jpg\" \/>\n\t<meta property=\"og:image:width\" content=\"900\" \/>\n\t<meta property=\"og:image:height\" content=\"1200\" \/>\n\t<meta property=\"og:image:type\" content=\"image\/jpeg\" \/>\n<meta name=\"twitter:card\" content=\"summary_large_image\" \/>\n<meta name=\"twitter:label1\" content=\"Est. reading time\" \/>\n\t<meta name=\"twitter:data1\" content=\"1 minute\" \/>\n<script type=\"application\/ld+json\" class=\"yoast-schema-graph\">{\"@context\":\"https:\/\/schema.org\",\"@graph\":[{\"@type\":\"WebPage\",\"@id\":\"https:\/\/maisonadorable.rs\/prodavnica\/tabure-aladin\/\",\"url\":\"https:\/\/maisonadorable.rs\/prodavnica\/tabure-aladin\/\",\"name\":\"Tabure ALADIN - Maison Adorable\",\"isPartOf\":{\"@id\":\"https:\/\/maisonadorable.rs\/#website\"},\"primaryImageOfPage\":{\"@id\":\"https:\/\/maisonadorable.rs\/prodavnica\/tabure-aladin\/#primaryimage\"},\"image\":{\"@id\":\"https:\/\/maisonadorable.rs\/prodavnica\/tabure-aladin\/#primaryimage\"},\"thumbnailUrl\":\"https:\/\/maisonadorable.rs\/wp-content\/uploads\/2025\/04\/ala.jpg\",\"datePublished\":\"2025-04-30T11:24:31+00:00\",\"dateModified\":\"2025-06-26T09:02:09+00:00\",\"description\":\"Tabure Aladin,valjkastog oblika, mo\u017ee da slu\u017ei i kao sto\u010di\u0107 i kao tabure, sa ru\u010dkom od imitacije ko\u017ee.DIMENZIJA:\u00a0pre\u010dnik 45cm, visina 40cmMATERIJAL: poliester outdoor tkanina, vi\u0161e boja.MATERIJAL UNUTRA\u0160NJEG TABUREA:\u00a0Stiropor se\u010den u \u017eeljenom obliku tapaciran u PVC materijal. Unutra\u0161njost je udobna, lagana i vodootporna.ODR\u017dAVANJE\u00a0 mokrom krpom i sapunicom; mo\u017ee se oprati i ceo tabure jakim vodenim mlazom na otvorenom.Tabure je vodootporan i UV stabilan, mo\u017ee stajati napolju, mo\u017ee kisnuti; otporan je na vlagu, vodu i spolja\u0161nje uslove; preporu\u010duje se da se dr\u017ei u natkrivenim prostorima.\u00a0ROK IZRADE. Ukoliko proizvod nije na stanju u \u017eeljenoj boji, potvrdom kupovine se poru\u010duje. Rok izrade 10-20 radnih dana.GARANCIJA 2 GODINE.\u00a0\",\"breadcrumb\":{\"@id\":\"https:\/\/maisonadorable.rs\/prodavnica\/tabure-aladin\/#breadcrumb\"},\"inLanguage\":\"en-US\",\"potentialAction\":[{\"@type\":\"ReadAction\",\"target\":[\"https:\/\/maisonadorable.rs\/prodavnica\/tabure-aladin\/\"]}]},{\"@type\":\"ImageObject\",\"inLanguage\":\"en-US\",\"@id\":\"https:\/\/maisonadorable.rs\/prodavnica\/tabure-aladin\/#primaryimage\",\"url\":\"https:\/\/maisonadorable.rs\/wp-content\/uploads\/2025\/04\/ala.jpg\",\"contentUrl\":\"https:\/\/maisonadorable.rs\/wp-content\/uploads\/2025\/04\/ala.jpg\",\"width\":900,\"height\":1200},{\"@type\":\"BreadcrumbList\",\"@id\":\"https:\/\/maisonadorable.rs\/prodavnica\/tabure-aladin\/#breadcrumb\",\"itemListElement\":[{\"@type\":\"ListItem\",\"position\":1,\"name\":\"Po\u010detna\",\"item\":\"https:\/\/maisonadorable.rs\/\"},{\"@type\":\"ListItem\",\"position\":2,\"name\":\"Shop\",\"item\":\"https:\/\/maisonadorable.rs\/en\/shop\/\"},{\"@type\":\"ListItem\",\"position\":3,\"name\":\"Tabure ALADIN\"}]},{\"@type\":\"WebSite\",\"@id\":\"https:\/\/maisonadorable.rs\/#website\",\"url\":\"https:\/\/maisonadorable.rs\/\",\"name\":\"Maison Adorable\",\"description\":\"Maison Adorable, delimo inspiraciju u ljubav, i \u0161aljemo radost u malim pakovanjima!\",\"publisher\":{\"@id\":\"https:\/\/maisonadorable.rs\/#organization\"},\"potentialAction\":[{\"@type\":\"SearchAction\",\"target\":{\"@type\":\"EntryPoint\",\"urlTemplate\":\"https:\/\/maisonadorable.rs\/?s={search_term_string}\"},\"query-input\":{\"@type\":\"PropertyValueSpecification\",\"valueRequired\":true,\"valueName\":\"search_term_string\"}}],\"inLanguage\":\"en-US\"},{\"@type\":\"Organization\",\"@id\":\"https:\/\/maisonadorable.rs\/#organization\",\"name\":\"Maison Adorable\",\"url\":\"https:\/\/maisonadorable.rs\/\",\"logo\":{\"@type\":\"ImageObject\",\"inLanguage\":\"en-US\",\"@id\":\"https:\/\/maisonadorable.rs\/#\/schema\/logo\/image\/\",\"url\":\"https:\/\/maisonadorable.rs\/wp-content\/uploads\/2022\/04\/logo.png\",\"contentUrl\":\"https:\/\/maisonadorable.rs\/wp-content\/uploads\/2022\/04\/logo.png\",\"width\":1081,\"height\":1081,\"caption\":\"Maison Adorable\"},\"image\":{\"@id\":\"https:\/\/maisonadorable.rs\/#\/schema\/logo\/image\/\"},\"sameAs\":[\"https:\/\/www.facebook.com\/Maison.adorable.homedecor\",\"https:\/\/www.instagram.com\/maison_adorable\/\"]}]}<\/script>\n<!-- \/ Yoast SEO plugin. -->","yoast_head_json":{"title":"Tabure ALADIN - Maison Adorable","description":"Tabure Aladin,valjkastog oblika, mo\u017ee da slu\u017ei i kao sto\u010di\u0107 i kao tabure, sa ru\u010dkom od imitacije ko\u017ee.DIMENZIJA:\u00a0pre\u010dnik 45cm, visina 40cmMATERIJAL: poliester outdoor tkanina, vi\u0161e boja.MATERIJAL UNUTRA\u0160NJEG TABUREA:\u00a0Stiropor se\u010den u \u017eeljenom obliku tapaciran u PVC materijal. Unutra\u0161njost je udobna, lagana i vodootporna.ODR\u017dAVANJE\u00a0 mokrom krpom i sapunicom; mo\u017ee se oprati i ceo tabure jakim vodenim mlazom na otvorenom.Tabure je vodootporan i UV stabilan, mo\u017ee stajati napolju, mo\u017ee kisnuti; otporan je na vlagu, vodu i spolja\u0161nje uslove; preporu\u010duje se da se dr\u017ei u natkrivenim prostorima.\u00a0ROK IZRADE. Ukoliko proizvod nije na stanju u \u017eeljenoj boji, potvrdom kupovine se poru\u010duje. Rok izrade 10-20 radnih dana.GARANCIJA 2 GODINE.\u00a0","robots":{"index":"index","follow":"follow","max-snippet":"max-snippet:-1","max-image-preview":"max-image-preview:large","max-video-preview":"max-video-preview:-1"},"canonical":"https:\/\/maisonadorable.rs\/prodavnica\/tabure-aladin\/","og_locale":"en_US","og_type":"article","og_title":"Tabure ALADIN - Maison Adorable","og_description":"Tabure Aladin,valjkastog oblika, mo\u017ee da slu\u017ei i kao sto\u010di\u0107 i kao tabure, sa ru\u010dkom od imitacije ko\u017ee.DIMENZIJA:\u00a0pre\u010dnik 45cm, visina 40cmMATERIJAL: poliester outdoor tkanina, vi\u0161e boja.MATERIJAL UNUTRA\u0160NJEG TABUREA:\u00a0Stiropor se\u010den u \u017eeljenom obliku tapaciran u PVC materijal. Unutra\u0161njost je udobna, lagana i vodootporna.ODR\u017dAVANJE\u00a0 mokrom krpom i sapunicom; mo\u017ee se oprati i ceo tabure jakim vodenim mlazom na otvorenom.Tabure je vodootporan i UV stabilan, mo\u017ee stajati napolju, mo\u017ee kisnuti; otporan je na vlagu, vodu i spolja\u0161nje uslove; preporu\u010duje se da se dr\u017ei u natkrivenim prostorima.\u00a0ROK IZRADE. Ukoliko proizvod nije na stanju u \u017eeljenoj boji, potvrdom kupovine se poru\u010duje. Rok izrade 10-20 radnih dana.GARANCIJA 2 GODINE.\u00a0","og_url":"https:\/\/maisonadorable.rs\/prodavnica\/tabure-aladin\/","og_site_name":"Maison Adorable","article_publisher":"https:\/\/www.facebook.com\/Maison.adorable.homedecor","article_modified_time":"2025-06-26T09:02:09+00:00","og_image":[{"width":900,"height":1200,"url":"https:\/\/maisonadorable.rs\/wp-content\/uploads\/2025\/04\/ala.jpg","type":"image\/jpeg"}],"twitter_card":"summary_large_image","twitter_misc":{"Est. reading time":"1 minute"},"schema":{"@context":"https:\/\/schema.org","@graph":[{"@type":"WebPage","@id":"https:\/\/maisonadorable.rs\/prodavnica\/tabure-aladin\/","url":"https:\/\/maisonadorable.rs\/prodavnica\/tabure-aladin\/","name":"Tabure ALADIN - Maison Adorable","isPartOf":{"@id":"https:\/\/maisonadorable.rs\/#website"},"primaryImageOfPage":{"@id":"https:\/\/maisonadorable.rs\/prodavnica\/tabure-aladin\/#primaryimage"},"image":{"@id":"https:\/\/maisonadorable.rs\/prodavnica\/tabure-aladin\/#primaryimage"},"thumbnailUrl":"https:\/\/maisonadorable.rs\/wp-content\/uploads\/2025\/04\/ala.jpg","datePublished":"2025-04-30T11:24:31+00:00","dateModified":"2025-06-26T09:02:09+00:00","description":"Tabure Aladin,valjkastog oblika, mo\u017ee da slu\u017ei i kao sto\u010di\u0107 i kao tabure, sa ru\u010dkom od imitacije ko\u017ee.DIMENZIJA:\u00a0pre\u010dnik 45cm, visina 40cmMATERIJAL: poliester outdoor tkanina, vi\u0161e boja.MATERIJAL UNUTRA\u0160NJEG TABUREA:\u00a0Stiropor se\u010den u \u017eeljenom obliku tapaciran u PVC materijal. Unutra\u0161njost je udobna, lagana i vodootporna.ODR\u017dAVANJE\u00a0 mokrom krpom i sapunicom; mo\u017ee se oprati i ceo tabure jakim vodenim mlazom na otvorenom.Tabure je vodootporan i UV stabilan, mo\u017ee stajati napolju, mo\u017ee kisnuti; otporan je na vlagu, vodu i spolja\u0161nje uslove; preporu\u010duje se da se dr\u017ei u natkrivenim prostorima.\u00a0ROK IZRADE. Ukoliko proizvod nije na stanju u \u017eeljenoj boji, potvrdom kupovine se poru\u010duje. Rok izrade 10-20 radnih dana.GARANCIJA 2 GODINE.\u00a0","breadcrumb":{"@id":"https:\/\/maisonadorable.rs\/prodavnica\/tabure-aladin\/#breadcrumb"},"inLanguage":"en-US","potentialAction":[{"@type":"ReadAction","target":["https:\/\/maisonadorable.rs\/prodavnica\/tabure-aladin\/"]}]},{"@type":"ImageObject","inLanguage":"en-US","@id":"https:\/\/maisonadorable.rs\/prodavnica\/tabure-aladin\/#primaryimage","url":"https:\/\/maisonadorable.rs\/wp-content\/uploads\/2025\/04\/ala.jpg","contentUrl":"https:\/\/maisonadorable.rs\/wp-content\/uploads\/2025\/04\/ala.jpg","width":900,"height":1200},{"@type":"BreadcrumbList","@id":"https:\/\/maisonadorable.rs\/prodavnica\/tabure-aladin\/#breadcrumb","itemListElement":[{"@type":"ListItem","position":1,"name":"Po\u010detna","item":"https:\/\/maisonadorable.rs\/"},{"@type":"ListItem","position":2,"name":"Shop","item":"https:\/\/maisonadorable.rs\/en\/shop\/"},{"@type":"ListItem","position":3,"name":"Tabure ALADIN"}]},{"@type":"WebSite","@id":"https:\/\/maisonadorable.rs\/#website","url":"https:\/\/maisonadorable.rs\/","name":"Maison Adorable","description":"Maison Adorable, delimo inspiraciju u ljubav, i \u0161aljemo radost u malim pakovanjima!","publisher":{"@id":"https:\/\/maisonadorable.rs\/#organization"},"potentialAction":[{"@type":"SearchAction","target":{"@type":"EntryPoint","urlTemplate":"https:\/\/maisonadorable.rs\/?s={search_term_string}"},"query-input":{"@type":"PropertyValueSpecification","valueRequired":true,"valueName":"search_term_string"}}],"inLanguage":"en-US"},{"@type":"Organization","@id":"https:\/\/maisonadorable.rs\/#organization","name":"Maison Adorable","url":"https:\/\/maisonadorable.rs\/","logo":{"@type":"ImageObject","inLanguage":"en-US","@id":"https:\/\/maisonadorable.rs\/#\/schema\/logo\/image\/","url":"https:\/\/maisonadorable.rs\/wp-content\/uploads\/2022\/04\/logo.png","contentUrl":"https:\/\/maisonadorable.rs\/wp-content\/uploads\/2022\/04\/logo.png","width":1081,"height":1081,"caption":"Maison Adorable"},"image":{"@id":"https:\/\/maisonadorable.rs\/#\/schema\/logo\/image\/"},"sameAs":["https:\/\/www.facebook.com\/Maison.adorable.homedecor","https:\/\/www.instagram.com\/maison_adorable\/"]}]}},"_links":{"self":[{"href":"https:\/\/maisonadorable.rs\/en\/wp-json\/wp\/v2\/product\/9901","targetHints":{"allow":["GET"]}}],"collection":[{"href":"https:\/\/maisonadorable.rs\/en\/wp-json\/wp\/v2\/product"}],"about":[{"href":"https:\/\/maisonadorable.rs\/en\/wp-json\/wp\/v2\/types\/product"}],"version-history":[{"count":3,"href":"https:\/\/maisonadorable.rs\/en\/wp-json\/wp\/v2\/product\/9901\/revisions"}],"predecessor-version":[{"id":14244,"href":"https:\/\/maisonadorable.rs\/en\/wp-json\/wp\/v2\/product\/9901\/revisions\/14244"}],"wp:featuredmedia":[{"embeddable":true,"href":"https:\/\/maisonadorable.rs\/en\/wp-json\/wp\/v2\/media\/14240"}],"wp:attachment":[{"href":"https:\/\/maisonadorable.rs\/en\/wp-json\/wp\/v2\/media?parent=9901"}],"wp:term":[{"taxonomy":"product_brand","embeddable":true,"href":"https:\/\/maisonadorable.rs\/en\/wp-json\/wp\/v2\/product_brand?post=9901"},{"taxonomy":"product_cat","embeddable":true,"href":"https:\/\/maisonadorable.rs\/en\/wp-json\/wp\/v2\/product_cat?post=9901"},{"taxonomy":"product_tag","embeddable":true,"href":"https:\/\/maisonadorable.rs\/en\/wp-json\/wp\/v2\/product_tag?post=9901"}],"curies":[{"name":"wp","href":"https:\/\/api.w.org\/{rel}","templated":true}]}}