{"id":13915,"date":"2023-06-09T12:24:23","date_gmt":"2023-06-09T11:24:23","guid":{"rendered":"https:\/\/maisonadorable.rs\/dostavka-i-vozvrat\/"},"modified":"2025-05-31T12:54:22","modified_gmt":"2025-05-31T11:54:22","slug":"dostavka-i-vozvrat","status":"publish","type":"page","link":"https:\/\/maisonadorable.rs\/ru\/dostavka-i-vozvrat\/","title":{"rendered":"Dostavka i vozvrat"},"content":{"rendered":"\t\t<div data-elementor-type=\"wp-page\" data-elementor-id=\"13915\" class=\"elementor elementor-13915 elementor-6016\" data-elementor-post-type=\"page\">\n\t\t\t\t\t\t<section class=\"wd-negative-gap elementor-section elementor-top-section elementor-element elementor-element-9e08e0e elementor-section-boxed elementor-section-height-default elementor-section-height-default\" data-id=\"9e08e0e\" data-element_type=\"section\" data-e-type=\"section\">\n\t\t\t\t\t\t<div class=\"elementor-container elementor-column-gap-default\">\n\t\t\t\t\t<div class=\"elementor-column elementor-col-50 elementor-top-column elementor-element elementor-element-ad8b02f\" data-id=\"ad8b02f\" data-element_type=\"column\" data-e-type=\"column\">\n\t\t\t<div class=\"elementor-widget-wrap elementor-element-populated\">\n\t\t\t\t\t\t<div class=\"elementor-element elementor-element-ced9b0c wd-width-100 elementor-widget elementor-widget-wd_title\" data-id=\"ced9b0c\" data-element_type=\"widget\" data-e-type=\"widget\" data-widget_type=\"wd_title.default\">\n\t\t\t\t<div class=\"elementor-widget-container\">\n\t\t\t\t\t\t\t<div class=\"title-wrapper wd-set-mb reset-last-child wd-title-color-default wd-title-style-default wd-title-size-default text-left\">\n\n\t\t\t\n\t\t\t<div class=\"liner-continer\">\n\t\t\t\t<h4 class=\"woodmart-title-container title wd-fontsize-l\">Obzor variantov dostavki<\/h4> \n\t\t\t\t\t\t\t<\/div>\n\n\t\t\t\t\t<\/div>\n\t\t\t\t\t\t<\/div>\n\t\t\t\t<\/div>\n\t\t\t\t<div class=\"elementor-element elementor-element-cb54dca elementor-widget elementor-widget-wd_text_block\" data-id=\"cb54dca\" data-element_type=\"widget\" data-e-type=\"widget\" data-widget_type=\"wd_text_block.default\">\n\t\t\t\t<div class=\"elementor-widget-container\">\n\t\t\t\t\t\t\t<div class=\"wd-text-block reset-last-child text-left\">\n\t\t\t\n\t\t\t<p>WoodMart predlagaet ideal\u044cn\u044be sposob\u044b dostavki dl\u044f l\u044eb\u044bh potrebnoste\u0439. Bud\u044c to nedoroga\u044f dostavka \u010derez DHL\/Standard Parcel Post, bolee b\u044bstra\u044f dostavka \u010derez DHL Express (tol\u044cko v Germanii) ili UPS, ili osobenno nade\u017ena\u044f i bezopasna\u044f dostavka \u010derez special\u044cno obu\u010dennogo \u044dkspeditora. Krome togo, pri \u017eelanii v\u044b tak\u017ee mo\u017eete zabrat\u044c svo\u0439 zakaz samosto\u044ftel\u044cno v na\u0161em magazine. Na \u044dto\u0439 stranice v\u044b na\u0439dete obzor vseh dostupn\u044bh sposobov dostavki.   <\/p>\n\t\t\t\t\t<\/div>\n\t\t\t\t\t\t<\/div>\n\t\t\t\t<\/div>\n\t\t\t\t<div class=\"elementor-element elementor-element-4067d5a elementor-widget elementor-widget-wd_infobox\" data-id=\"4067d5a\" data-element_type=\"widget\" data-e-type=\"widget\" data-widget_type=\"wd_infobox.default\">\n\t\t\t\t<div class=\"elementor-widget-container\">\n\t\t\t\t\t\t\t<div class=\"info-box-wrapper\">\n\t\t\t<div class=\"wd-info-box text-left box-icon-align-left box-style-base color-scheme- wd-items-middle\">\n\t\t\t\t\t\t\t\t\t<div class=\"box-icon-wrapper  box-with-text text-size-small box-icon-simple\">\n\t\t\t\t\t\t<div class=\"info-box-icon\">\n\t\t\t\t\t\t\t\t\t\t\t\t\t\t\t1.\t\t\t\t\t\t\t\t\t\t\t\t\t<\/div>\n\t\t\t\t\t<\/div>\n\t\t\t\t\n\t\t\t\t<div class=\"info-box-content\">\n\t\t\t\t\t\n\t\t\t\t\t\t\t\t\t\t\t<h4\t\t\t\t\t\tclass=\"info-box-title title box-title-style-default wd-fontsize-xl\" data-elementor-setting-key=\"title\">\n\t\t\t\t\t\t\t\tZaka\u017eite tovar i uka\u017eite sposob dostavki\t\t\t\t\t\t<\/h4>\n\t\t\t\t\t\n\t\t\t\t\t<div class=\"info-box-inner reset-last-child\"data-elementor-setting-key=\"content\"><\/div>\n\n\t\t\t\t\t\t\t\t\t<\/div>\n\n\t\t\t\t\t\t\t<\/div>\n\t\t<\/div>\n\t\t\t\t\t\t<\/div>\n\t\t\t\t<\/div>\n\t\t\t\t<div class=\"elementor-element elementor-element-f72ca03 elementor-widget elementor-widget-wd_infobox\" data-id=\"f72ca03\" data-element_type=\"widget\" data-e-type=\"widget\" data-widget_type=\"wd_infobox.default\">\n\t\t\t\t<div class=\"elementor-widget-container\">\n\t\t\t\t\t\t\t<div class=\"info-box-wrapper\">\n\t\t\t<div class=\"wd-info-box text-left box-icon-align-left box-style-base color-scheme- wd-items-middle\">\n\t\t\t\t\t\t\t\t\t<div class=\"box-icon-wrapper  box-with-text text-size-small box-icon-simple\">\n\t\t\t\t\t\t<div class=\"info-box-icon\">\n\t\t\t\t\t\t\t\t\t\t\t\t\t\t\t2.\t\t\t\t\t\t\t\t\t\t\t\t\t<\/div>\n\t\t\t\t\t<\/div>\n\t\t\t\t\n\t\t\t\t<div class=\"info-box-content\">\n\t\t\t\t\t\n\t\t\t\t\t\t\t\t\t\t\t<h4\t\t\t\t\t\tclass=\"info-box-title title box-title-style-default wd-fontsize-xl\" data-elementor-setting-key=\"title\">\n\t\t\t\t\t\t\t\tV\u044b polu\u010dite soob\u0449enie s podtver\u017edeniem zakaza.\t\t\t\t\t\t<\/h4>\n\t\t\t\t\t\n\t\t\t\t\t<div class=\"info-box-inner reset-last-child\"data-elementor-setting-key=\"content\"><\/div>\n\n\t\t\t\t\t\t\t\t\t<\/div>\n\n\t\t\t\t\t\t\t<\/div>\n\t\t<\/div>\n\t\t\t\t\t\t<\/div>\n\t\t\t\t<\/div>\n\t\t\t\t<div class=\"elementor-element elementor-element-2706292 elementor-widget elementor-widget-wd_infobox\" data-id=\"2706292\" data-element_type=\"widget\" data-e-type=\"widget\" data-widget_type=\"wd_infobox.default\">\n\t\t\t\t<div class=\"elementor-widget-container\">\n\t\t\t\t\t\t\t<div class=\"info-box-wrapper\">\n\t\t\t<div class=\"wd-info-box text-left box-icon-align-left box-style-base color-scheme- wd-items-middle\">\n\t\t\t\t\t\t\t\t\t<div class=\"box-icon-wrapper  box-with-text text-size-small box-icon-simple\">\n\t\t\t\t\t\t<div class=\"info-box-icon\">\n\t\t\t\t\t\t\t\t\t\t\t\t\t\t\t3.\t\t\t\t\t\t\t\t\t\t\t\t\t<\/div>\n\t\t\t\t\t<\/div>\n\t\t\t\t\n\t\t\t\t<div class=\"info-box-content\">\n\t\t\t\t\t\n\t\t\t\t\t\t\t\t\t\t\t<h4\t\t\t\t\t\tclass=\"info-box-title title box-title-style-default wd-fontsize-xl\" data-elementor-setting-key=\"title\">\n\t\t\t\t\t\t\t\tDo\u017edites\u044c dostavki va\u0161ego zakaza.\t\t\t\t\t\t<\/h4>\n\t\t\t\t\t\n\t\t\t\t\t<div class=\"info-box-inner reset-last-child\"data-elementor-setting-key=\"content\"><\/div>\n\n\t\t\t\t\t\t\t\t\t<\/div>\n\n\t\t\t\t\t\t\t<\/div>\n\t\t<\/div>\n\t\t\t\t\t\t<\/div>\n\t\t\t\t<\/div>\n\t\t\t\t<div class=\"elementor-element elementor-element-a651609 elementor-widget elementor-widget-wd_infobox\" data-id=\"a651609\" data-element_type=\"widget\" data-e-type=\"widget\" data-widget_type=\"wd_infobox.default\">\n\t\t\t\t<div class=\"elementor-widget-container\">\n\t\t\t\t\t\t\t<div class=\"info-box-wrapper\">\n\t\t\t<div class=\"wd-info-box text-left box-icon-align-left box-style-base color-scheme- wd-items-middle\">\n\t\t\t\t\t\t\t\t\t<div class=\"box-icon-wrapper  box-with-text text-size-small box-icon-simple\">\n\t\t\t\t\t\t<div class=\"info-box-icon\">\n\t\t\t\t\t\t\t\t\t\t\t\t\t\t\t4.\t\t\t\t\t\t\t\t\t\t\t\t\t<\/div>\n\t\t\t\t\t<\/div>\n\t\t\t\t\n\t\t\t\t<div class=\"info-box-content\">\n\t\t\t\t\t\n\t\t\t\t\t\t\t\t\t\t\t<h4\t\t\t\t\t\tclass=\"info-box-title title box-title-style-default wd-fontsize-xl\" data-elementor-setting-key=\"title\">\n\t\t\t\t\t\t\t\tZaberite svo\u0439 zakaz v kasse\t\t\t\t\t\t<\/h4>\n\t\t\t\t\t\n\t\t\t\t\t<div class=\"info-box-inner reset-last-child\"data-elementor-setting-key=\"content\"><\/div>\n\n\t\t\t\t\t\t\t\t\t<\/div>\n\n\t\t\t\t\t\t\t<\/div>\n\t\t<\/div>\n\t\t\t\t\t\t<\/div>\n\t\t\t\t<\/div>\n\t\t\t\t\t<\/div>\n\t\t<\/div>\n\t\t\t\t<div class=\"elementor-column elementor-col-50 elementor-top-column elementor-element elementor-element-4048ee7\" data-id=\"4048ee7\" data-element_type=\"column\" data-e-type=\"column\">\n\t\t\t<div class=\"elementor-widget-wrap elementor-element-populated\">\n\t\t\t\t\t\t<div class=\"elementor-element elementor-element-5efcfbb elementor-widget elementor-widget-wd_image_or_svg\" data-id=\"5efcfbb\" data-element_type=\"widget\" data-e-type=\"widget\" data-widget_type=\"wd_image_or_svg.default\">\n\t\t\t\t<div class=\"elementor-widget-container\">\n\t\t\t\t\t\n\t\t<div class=\"wd-image text-left\">\n\t\t\t\t\t\t\t\t\t\t\t\t\t<\/div>\n\n\t\t\t\t\t\t<\/div>\n\t\t\t\t<\/div>\n\t\t\t\t\t<\/div>\n\t\t<\/div>\n\t\t\t\t\t<\/div>\n\t\t<\/section>\n\t\t\t\t<section class=\"wd-negative-gap elementor-section elementor-top-section elementor-element elementor-element-2f59963 elementor-section-boxed elementor-section-height-default elementor-section-height-default\" data-id=\"2f59963\" data-element_type=\"section\" data-e-type=\"section\">\n\t\t\t\t\t\t<div class=\"elementor-container elementor-column-gap-default\">\n\t\t\t\t\t<div class=\"elementor-column elementor-col-100 elementor-top-column elementor-element elementor-element-318c034\" data-id=\"318c034\" data-element_type=\"column\" data-e-type=\"column\">\n\t\t\t<div class=\"elementor-widget-wrap elementor-element-populated\">\n\t\t\t\t\t\t<div class=\"elementor-element elementor-element-2d43dff wd-width-100 elementor-widget elementor-widget-wd_title\" data-id=\"2d43dff\" data-element_type=\"widget\" data-e-type=\"widget\" data-widget_type=\"wd_title.default\">\n\t\t\t\t<div class=\"elementor-widget-container\">\n\t\t\t\t\t\t\t<div class=\"title-wrapper wd-set-mb reset-last-child wd-title-color-default wd-title-style-default wd-title-size-default text-left\">\n\n\t\t\t\n\t\t\t<div class=\"liner-continer\">\n\t\t\t\t<h4 class=\"woodmart-title-container title wd-fontsize-l\">\u010casto zadavaem\u044be vopros\u044b<\/h4> \n\t\t\t\t\t\t\t<\/div>\n\n\t\t\t\t\t<\/div>\n\t\t\t\t\t\t<\/div>\n\t\t\t\t<\/div>\n\t\t\t\t<div class=\"elementor-element elementor-element-a611b2d elementor-widget elementor-widget-wd_accordion\" data-id=\"a611b2d\" data-element_type=\"widget\" data-e-type=\"widget\" data-widget_type=\"wd_accordion.default\">\n\t\t\t\t<div class=\"elementor-widget-container\">\n\t\t\t\t\t\n\t\t<div class=\"wd-accordion wd-style-default wd-border-off wd-titles-left wd-opener-pos-right wd-opener-style-arrow\" data-state=\"all_closed\">\n\t\t\t\t\t\t\t\n\t\t\t\t<div class=\"wd-accordion-item\">\n\t\t\t\t\t<div class=\"wd-accordion-title wd-role-btn\" data-accordion-index=\"0\" tabindex=\"0\">\n\t\t\t\t\t\t<div class=\"wd-accordion-title-text\">\n\t\t\t\t\t\t\t\t\t\t\t\t\t\t<span>\n\t\t\t\t\t\t\t\tMo\u0439 zakaz e\u0449e ne prib\u044bl. Gde \u044dto? \t\t\t\t\t\t\t<\/span>\n\t\t\t\t\t\t<\/div>\n\t\t\t\t\t\t<span class=\"wd-accordion-opener\"><\/span>\n\t\t\t\t\t<\/div>\n\n\t\t\t\t\t<div class=\"wd-accordion-content wd-entry-content\" data-accordion-index=\"0\">\n\t\t\t\t\t\t\t\t\t\t\t\t\t\n\t\t\t\t\t\t\t<p>Klient, kotor\u044b\u0439 nedovolen po kako\u0439-to pri\u010dine, \u2014 \u044dto problema, no klient, kotor\u044b\u0439 nedovolen, hot\u044f i ne mo\u017eet ob\u044a\u044fsnit\u044c, po\u010demu, \u2014 \u044dto e\u0449e hu\u017ee. Skoree vsego, ne b\u044blo sotrudni\u010destva, ob\u0449eni\u044f i kontrol\u044cn\u044bh to\u010dek, ne b\u044blo soglasovannogo ili opredelennogo s neobhodimo\u0439 stepen\u044c\u044e detalizacii processa. <\/p><p>Ego kontent-strategi\u044f po\u0161la naperekos\u044fk s samogo na\u010dala. Otkaz ot ispol\u044czovani\u044f Lorem Ipsum ne pomog b\u044b, ne pomo\u017eet i se\u0439\u010das. \u042dto vse ravno, \u010dto skazat\u044c: \u201cV\u044b ploho\u0439 diza\u0439ner, ispol\u044czu\u0439te men\u044c\u0161e \u017eirnogo \u0161rifta i ne ispol\u044czu\u0439te kursiv v ka\u017edom vtorom abzace\u201d. \u042dto pravda, no \u044dto ne vse, \u010dto nu\u017eno, \u010dtob\u044b vernut\u044c vse na krugi svo\u044f.   <\/p>\n\t\t\t\t\t\t\t\t\t\t\t\t\t\t\t\t\t\t<\/div>\n\t\t\t\t<\/div>\n\t\t\t\t\t\t\t\n\t\t\t\t<div class=\"wd-accordion-item\">\n\t\t\t\t\t<div class=\"wd-accordion-title wd-role-btn\" data-accordion-index=\"1\" tabindex=\"0\">\n\t\t\t\t\t\t<div class=\"wd-accordion-title-text\">\n\t\t\t\t\t\t\t\t\t\t\t\t\t\t<span>\n\t\t\t\t\t\t\t\tOsu\u0449estvl\u044fete li v\u044b dostavku v prazdni\u010dn\u044be dni?\t\t\t\t\t\t\t<\/span>\n\t\t\t\t\t\t<\/div>\n\t\t\t\t\t\t<span class=\"wd-accordion-opener\"><\/span>\n\t\t\t\t\t<\/div>\n\n\t\t\t\t\t<div class=\"wd-accordion-content wd-entry-content\" data-accordion-index=\"1\">\n\t\t\t\t\t\t\t\t\t\t\t\t\t\n\t\t\t\t\t\t\t<p>Esli v\u044b tak dumaete, to kak nas\u010det obratnogo? Kak mo\u017eno ocenit\u044c kontent bez diza\u0439na? Nikako\u0439 tipografiki, nikakih cvetov, nikako\u0439 komponovki, nikakih stile\u0439, nikakih ve\u0449e\u0439, kotor\u044be pereda\u044et va\u017en\u044be signal\u044b, v\u044bhod\u044f\u0449ie za ramki prostogo teksta, ierarhii informacii, vesa, akcenta, kosvenn\u044bh udareni\u0439, prioritetov, vseh teh tonkih signalov, kotor\u044be tak\u017ee ime\u044et vizual\u044cnu\u044e i \u044dmocional\u044cnu\u044e privlekatel\u044cnost\u044c dl\u044f \u010ditatel\u044f. Storonniki \u017eestko\u0439 strategii v otno\u0161enii kontenta mogut izbegat\u044c ispol\u044czovani\u044f pust\u044bh tekstov, no togda diza\u0439ner\u044b mogut poprosit\u044c ih predostavit\u044c tablic\u044b stile\u0439 vmeste s tekstov\u044bmi paketami, kotor\u044be oni predostavl\u044f\u044et i kotor\u044be sootvetstvu\u044et trebuemomu napravleni\u044e diza\u0439na.   <\/p>\n\t\t\t\t\t\t\t\t\t\t\t\t\t\t\t\t\t\t<\/div>\n\t\t\t\t<\/div>\n\t\t\t\t\t\t\t\n\t\t\t\t<div class=\"wd-accordion-item\">\n\t\t\t\t\t<div class=\"wd-accordion-title wd-role-btn\" data-accordion-index=\"2\" tabindex=\"0\">\n\t\t\t\t\t\t<div class=\"wd-accordion-title-text\">\n\t\t\t\t\t\t\t\t\t\t\t\t\t\t<span>\n\t\t\t\t\t\t\t\tV\u044b osu\u0449estvl\u044fete dostavku po moemu po\u010dtovomu indeksu?\t\t\t\t\t\t\t<\/span>\n\t\t\t\t\t\t<\/div>\n\t\t\t\t\t\t<span class=\"wd-accordion-opener\"><\/span>\n\t\t\t\t\t<\/div>\n\n\t\t\t\t\t<div class=\"wd-accordion-content wd-entry-content\" data-accordion-index=\"2\">\n\t\t\t\t\t\t\t\t\t\t\t\t\t\n\t\t\t\t\t\t\t<p>Klient, kotor\u044b\u0439 nedovolen po kako\u0439-to pri\u010dine, \u2014 \u044dto problema, no klient, kotor\u044b\u0439 nedovolen, hot\u044f i ne mo\u017eet ob\u044a\u044fsnit\u044c, po\u010demu, \u2014 \u044dto e\u0449e hu\u017ee. Skoree vsego, ne b\u044blo sotrudni\u010destva, ob\u0449eni\u044f i kontrol\u044cn\u044bh to\u010dek, ne b\u044blo soglasovannogo ili opredelennogo s neobhodimo\u0439 stepen\u044c\u044e detalizacii processa. <\/p><p>Ego kontent-strategi\u044f po\u0161la naperekos\u044fk s samogo na\u010dala. Otkaz ot ispol\u044czovani\u044f Lorem Ipsum ne pomog b\u044b, ne pomo\u017eet i se\u0439\u010das. \u042dto vse ravno, \u010dto skazat\u044c: \u201cV\u044b ploho\u0439 diza\u0439ner, ispol\u044czu\u0439te men\u044c\u0161e \u017eirnogo \u0161rifta i ne ispol\u044czu\u0439te kursiv v ka\u017edom vtorom abzace\u201d. \u042dto pravda, no \u044dto ne vse, \u010dto nu\u017eno, \u010dtob\u044b vernut\u044c vse na krugi svo\u044f.   <\/p>\n\t\t\t\t\t\t\t\t\t\t\t\t\t\t\t\t\t\t<\/div>\n\t\t\t\t<\/div>\n\t\t\t\t\t\t\t\n\t\t\t\t<div class=\"wd-accordion-item\">\n\t\t\t\t\t<div class=\"wd-accordion-title wd-role-btn\" data-accordion-index=\"3\" tabindex=\"0\">\n\t\t\t\t\t\t<div class=\"wd-accordion-title-text\">\n\t\t\t\t\t\t\t\t\t\t\t\t\t\t<span>\n\t\t\t\t\t\t\t\tVozmo\u017ena li dostavka na sledu\u044e\u0449i\u0439 den\u044c dl\u044f vseh zakazov?\t\t\t\t\t\t\t<\/span>\n\t\t\t\t\t\t<\/div>\n\t\t\t\t\t\t<span class=\"wd-accordion-opener\"><\/span>\n\t\t\t\t\t<\/div>\n\n\t\t\t\t\t<div class=\"wd-accordion-content wd-entry-content\" data-accordion-index=\"3\">\n\t\t\t\t\t\t\t\t\t\t\t\t\t\n\t\t\t\t\t\t\t<p>Esli v\u044b tak dumaete, to kak nas\u010det obratnogo? Kak mo\u017eno ocenit\u044c kontent bez diza\u0439na? Nikako\u0439 tipografiki, nikakih cvetov, nikako\u0439 komponovki, nikakih stile\u0439, nikakih ve\u0449e\u0439, kotor\u044be pereda\u044et va\u017en\u044be signal\u044b, v\u044bhod\u044f\u0449ie za ramki prostogo teksta, ierarhii informacii, vesa, akcenta, kosvenn\u044bh udareni\u0439, prioritetov, vseh teh tonkih signalov, kotor\u044be tak\u017ee ime\u044et vizual\u044cnu\u044e i \u044dmocional\u044cnu\u044e privlekatel\u044cnost\u044c dl\u044f \u010ditatel\u044f. Storonniki \u017eestko\u0439 strategii v otno\u0161enii kontenta mogut izbegat\u044c ispol\u044czovani\u044f pust\u044bh tekstov, no togda diza\u0439ner\u044b mogut poprosit\u044c ih predostavit\u044c tablic\u044b stile\u0439 vmeste s tekstov\u044bmi paketami, kotor\u044be oni predostavl\u044f\u044et i kotor\u044be sootvetstvu\u044et trebuemomu napravleni\u044e diza\u0439na.   <\/p>\n\t\t\t\t\t\t\t\t\t\t\t\t\t\t\t\t\t\t<\/div>\n\t\t\t\t<\/div>\n\t\t\t\t\t\t\t\n\t\t\t\t<div class=\"wd-accordion-item\">\n\t\t\t\t\t<div class=\"wd-accordion-title wd-role-btn\" data-accordion-index=\"4\" tabindex=\"0\">\n\t\t\t\t\t\t<div class=\"wd-accordion-title-text\">\n\t\t\t\t\t\t\t\t\t\t\t\t\t\t<span>\n\t\t\t\t\t\t\t\tNu\u017eno li mne prisutstvovat\u044c pri polu\u010denii tovara?\t\t\t\t\t\t\t<\/span>\n\t\t\t\t\t\t<\/div>\n\t\t\t\t\t\t<span class=\"wd-accordion-opener\"><\/span>\n\t\t\t\t\t<\/div>\n\n\t\t\t\t\t<div class=\"wd-accordion-content wd-entry-content\" data-accordion-index=\"4\">\n\t\t\t\t\t\t\t\t\t\t\t\t\t\n\t\t\t\t\t\t\t<p>Klient, kotor\u044b\u0439 nedovolen po kako\u0439-to pri\u010dine, \u2014 \u044dto problema, no klient, kotor\u044b\u0439 nedovolen, hot\u044f i ne mo\u017eet ob\u044a\u044fsnit\u044c, po\u010demu, \u2014 \u044dto e\u0449e hu\u017ee. Skoree vsego, ne b\u044blo sotrudni\u010destva, ob\u0449eni\u044f i kontrol\u044cn\u044bh to\u010dek, ne b\u044blo soglasovannogo ili opredelennogo s neobhodimo\u0439 stepen\u044c\u044e detalizacii processa. <\/p><p>Ego kontent-strategi\u044f po\u0161la naperekos\u044fk s samogo na\u010dala. Otkaz ot ispol\u044czovani\u044f Lorem Ipsum ne pomog b\u044b, ne pomo\u017eet i se\u0439\u010das. \u042dto vse ravno, \u010dto skazat\u044c: \u201cV\u044b ploho\u0439 diza\u0439ner, ispol\u044czu\u0439te men\u044c\u0161e \u017eirnogo \u0161rifta i ne ispol\u044czu\u0439te kursiv v ka\u017edom vtorom abzace\u201d. \u042dto pravda, no \u044dto ne vse, \u010dto nu\u017eno, \u010dtob\u044b vernut\u044c vse na krugi svo\u044f.   <\/p>\n\t\t\t\t\t\t\t\t\t\t\t\t\t\t\t\t\t\t<\/div>\n\t\t\t\t<\/div>\n\t\t\t\t\t<\/div>\n\t\t\t\t\t\t<\/div>\n\t\t\t\t<\/div>\n\t\t\t\t\t<\/div>\n\t\t<\/div>\n\t\t\t\t\t<\/div>\n\t\t<\/section>\n\t\t\t\t<\/div>\n\t\t","protected":false},"excerpt":{"rendered":"<p>Obzor variantov dostavki WoodMart predlagaet ideal\u044cn\u044be sposob\u044b dostavki dl\u044f l\u044eb\u044bh potrebnoste\u0439. Bud\u044c to nedoroga\u044f dostavka \u010derez DHL\/Standard Parcel Post, bolee<\/p>\n","protected":false},"author":1,"featured_media":0,"parent":0,"menu_order":0,"comment_status":"closed","ping_status":"closed","template":"","meta":{"footnotes":""},"class_list":["post-13915","page","type-page","status-publish","hentry"],"yoast_head":"<!-- This site is optimized with the Yoast SEO plugin v27.4 - https:\/\/yoast.com\/product\/yoast-seo-wordpress\/ -->\n<title>Dostavka i vozvrat - Maison Adorable<\/title>\n<meta name=\"robots\" content=\"index, follow, max-snippet:-1, max-image-preview:large, max-video-preview:-1\" \/>\n<link rel=\"canonical\" href=\"https:\/\/maisonadorable.rs\/ru\/dostavka-i-vozvrat\/\" \/>\n<meta property=\"og:locale\" content=\"ru_RU\" \/>\n<meta property=\"og:type\" content=\"article\" \/>\n<meta property=\"og:title\" content=\"Dostavka i vozvrat - Maison Adorable\" \/>\n<meta property=\"og:description\" content=\"Obzor variantov dostavki WoodMart predlagaet ideal\u044cn\u044be sposob\u044b dostavki dl\u044f l\u044eb\u044bh potrebnoste\u0439. Bud\u044c to nedoroga\u044f dostavka \u010derez DHL\/Standard Parcel Post, bolee\" \/>\n<meta property=\"og:url\" content=\"https:\/\/maisonadorable.rs\/ru\/dostavka-i-vozvrat\/\" \/>\n<meta property=\"og:site_name\" content=\"Maison Adorable\" \/>\n<meta property=\"article:publisher\" content=\"https:\/\/www.facebook.com\/Maison.adorable.homedecor\" \/>\n<meta property=\"article:modified_time\" content=\"2025-05-31T11:54:22+00:00\" \/>\n<meta name=\"twitter:card\" content=\"summary_large_image\" \/>\n<script type=\"application\/ld+json\" class=\"yoast-schema-graph\">{\"@context\":\"https:\\\/\\\/schema.org\",\"@graph\":[{\"@type\":\"WebPage\",\"@id\":\"https:\\\/\\\/maisonadorable.rs\\\/ru\\\/dostavka-i-vozvrat\\\/\",\"url\":\"https:\\\/\\\/maisonadorable.rs\\\/ru\\\/dostavka-i-vozvrat\\\/\",\"name\":\"\u0414\u043e\u0441\u0442\u0430\u0432\u043a\u0430 \u0438 \u0432\u043e\u0437\u0432\u0440\u0430\u0442 - Maison Adorable\",\"isPartOf\":{\"@id\":\"https:\\\/\\\/maisonadorable.rs\\\/#website\"},\"datePublished\":\"2023-06-09T11:24:23+00:00\",\"dateModified\":\"2025-05-31T11:54:22+00:00\",\"breadcrumb\":{\"@id\":\"https:\\\/\\\/maisonadorable.rs\\\/ru\\\/dostavka-i-vozvrat\\\/#breadcrumb\"},\"inLanguage\":\"ru-RU\",\"potentialAction\":[{\"@type\":\"ReadAction\",\"target\":[\"https:\\\/\\\/maisonadorable.rs\\\/ru\\\/dostavka-i-vozvrat\\\/\"]}]},{\"@type\":\"BreadcrumbList\",\"@id\":\"https:\\\/\\\/maisonadorable.rs\\\/ru\\\/dostavka-i-vozvrat\\\/#breadcrumb\",\"itemListElement\":[{\"@type\":\"ListItem\",\"position\":1,\"name\":\"Po\u010detna\",\"item\":\"https:\\\/\\\/maisonadorable.rs\\\/ru\\\/\"},{\"@type\":\"ListItem\",\"position\":2,\"name\":\"Dostavka i vozvrat\"}]},{\"@type\":\"WebSite\",\"@id\":\"https:\\\/\\\/maisonadorable.rs\\\/#website\",\"url\":\"https:\\\/\\\/maisonadorable.rs\\\/\",\"name\":\"Maison Adorable\",\"description\":\"Maison Adorable, delimo inspiraciju u ljubav, i \u0161aljemo radost u malim pakovanjima!\",\"publisher\":{\"@id\":\"https:\\\/\\\/maisonadorable.rs\\\/#organization\"},\"potentialAction\":[{\"@type\":\"SearchAction\",\"target\":{\"@type\":\"EntryPoint\",\"urlTemplate\":\"https:\\\/\\\/maisonadorable.rs\\\/?s={search_term_string}\"},\"query-input\":{\"@type\":\"PropertyValueSpecification\",\"valueRequired\":true,\"valueName\":\"search_term_string\"}}],\"inLanguage\":\"ru-RU\"},{\"@type\":\"Organization\",\"@id\":\"https:\\\/\\\/maisonadorable.rs\\\/#organization\",\"name\":\"Maison Adorable\",\"url\":\"https:\\\/\\\/maisonadorable.rs\\\/\",\"logo\":{\"@type\":\"ImageObject\",\"inLanguage\":\"ru-RU\",\"@id\":\"https:\\\/\\\/maisonadorable.rs\\\/#\\\/schema\\\/logo\\\/image\\\/\",\"url\":\"https:\\\/\\\/maisonadorable.rs\\\/wp-content\\\/uploads\\\/2022\\\/04\\\/logo.png\",\"contentUrl\":\"https:\\\/\\\/maisonadorable.rs\\\/wp-content\\\/uploads\\\/2022\\\/04\\\/logo.png\",\"width\":1081,\"height\":1081,\"caption\":\"Maison Adorable\"},\"image\":{\"@id\":\"https:\\\/\\\/maisonadorable.rs\\\/#\\\/schema\\\/logo\\\/image\\\/\"},\"sameAs\":[\"https:\\\/\\\/www.facebook.com\\\/Maison.adorable.homedecor\",\"https:\\\/\\\/www.instagram.com\\\/maison_adorable\\\/\"]}]}<\/script>\n<!-- \/ Yoast SEO plugin. -->","yoast_head_json":{"title":"Dostavka i vozvrat - Maison Adorable","robots":{"index":"index","follow":"follow","max-snippet":"max-snippet:-1","max-image-preview":"max-image-preview:large","max-video-preview":"max-video-preview:-1"},"canonical":"https:\/\/maisonadorable.rs\/ru\/dostavka-i-vozvrat\/","og_locale":"ru_RU","og_type":"article","og_title":"Dostavka i vozvrat - Maison Adorable","og_description":"Obzor variantov dostavki WoodMart predlagaet ideal\u044cn\u044be sposob\u044b dostavki dl\u044f l\u044eb\u044bh potrebnoste\u0439. Bud\u044c to nedoroga\u044f dostavka \u010derez DHL\/Standard Parcel Post, bolee","og_url":"https:\/\/maisonadorable.rs\/ru\/dostavka-i-vozvrat\/","og_site_name":"Maison Adorable","article_publisher":"https:\/\/www.facebook.com\/Maison.adorable.homedecor","article_modified_time":"2025-05-31T11:54:22+00:00","twitter_card":"summary_large_image","schema":{"@context":"https:\/\/schema.org","@graph":[{"@type":"WebPage","@id":"https:\/\/maisonadorable.rs\/ru\/dostavka-i-vozvrat\/","url":"https:\/\/maisonadorable.rs\/ru\/dostavka-i-vozvrat\/","name":"Dostavka i vozvrat - Maison Adorable","isPartOf":{"@id":"https:\/\/maisonadorable.rs\/#website"},"datePublished":"2023-06-09T11:24:23+00:00","dateModified":"2025-05-31T11:54:22+00:00","breadcrumb":{"@id":"https:\/\/maisonadorable.rs\/ru\/dostavka-i-vozvrat\/#breadcrumb"},"inLanguage":"ru-RU","potentialAction":[{"@type":"ReadAction","target":["https:\/\/maisonadorable.rs\/ru\/dostavka-i-vozvrat\/"]}]},{"@type":"BreadcrumbList","@id":"https:\/\/maisonadorable.rs\/ru\/dostavka-i-vozvrat\/#breadcrumb","itemListElement":[{"@type":"ListItem","position":1,"name":"Po\u010detna","item":"https:\/\/maisonadorable.rs\/ru\/"},{"@type":"ListItem","position":2,"name":"Dostavka i vozvrat"}]},{"@type":"WebSite","@id":"https:\/\/maisonadorable.rs\/#website","url":"https:\/\/maisonadorable.rs\/","name":"Maison Adorable","description":"Maison Adorable, delimo inspiraciju u ljubav, i \u0161aljemo radost u malim pakovanjima!","publisher":{"@id":"https:\/\/maisonadorable.rs\/#organization"},"potentialAction":[{"@type":"SearchAction","target":{"@type":"EntryPoint","urlTemplate":"https:\/\/maisonadorable.rs\/?s={search_term_string}"},"query-input":{"@type":"PropertyValueSpecification","valueRequired":true,"valueName":"search_term_string"}}],"inLanguage":"ru-RU"},{"@type":"Organization","@id":"https:\/\/maisonadorable.rs\/#organization","name":"Maison Adorable","url":"https:\/\/maisonadorable.rs\/","logo":{"@type":"ImageObject","inLanguage":"ru-RU","@id":"https:\/\/maisonadorable.rs\/#\/schema\/logo\/image\/","url":"https:\/\/maisonadorable.rs\/wp-content\/uploads\/2022\/04\/logo.png","contentUrl":"https:\/\/maisonadorable.rs\/wp-content\/uploads\/2022\/04\/logo.png","width":1081,"height":1081,"caption":"Maison Adorable"},"image":{"@id":"https:\/\/maisonadorable.rs\/#\/schema\/logo\/image\/"},"sameAs":["https:\/\/www.facebook.com\/Maison.adorable.homedecor","https:\/\/www.instagram.com\/maison_adorable\/"]}]}},"_links":{"self":[{"href":"https:\/\/maisonadorable.rs\/ru\/wp-json\/wp\/v2\/pages\/13915","targetHints":{"allow":["GET"]}}],"collection":[{"href":"https:\/\/maisonadorable.rs\/ru\/wp-json\/wp\/v2\/pages"}],"about":[{"href":"https:\/\/maisonadorable.rs\/ru\/wp-json\/wp\/v2\/types\/page"}],"author":[{"embeddable":true,"href":"https:\/\/maisonadorable.rs\/ru\/wp-json\/wp\/v2\/users\/1"}],"replies":[{"embeddable":true,"href":"https:\/\/maisonadorable.rs\/ru\/wp-json\/wp\/v2\/comments?post=13915"}],"version-history":[{"count":1,"href":"https:\/\/maisonadorable.rs\/ru\/wp-json\/wp\/v2\/pages\/13915\/revisions"}],"predecessor-version":[{"id":13919,"href":"https:\/\/maisonadorable.rs\/ru\/wp-json\/wp\/v2\/pages\/13915\/revisions\/13919"}],"wp:attachment":[{"href":"https:\/\/maisonadorable.rs\/ru\/wp-json\/wp\/v2\/media?parent=13915"}],"curies":[{"name":"wp","href":"https:\/\/api.w.org\/{rel}","templated":true}]}}