{"id":13928,"date":"2022-03-06T14:45:22","date_gmt":"2022-03-06T13:45:22","guid":{"rendered":"https:\/\/maisonadorable.rs\/dom\/"},"modified":"2022-03-06T14:45:22","modified_gmt":"2022-03-06T13:45:22","slug":"dom","status":"publish","type":"page","link":"https:\/\/maisonadorable.rs\/ru\/dom\/","title":{"rendered":"Dom"},"content":{"rendered":"","protected":false},"excerpt":{"rendered":"","protected":false},"author":1,"featured_media":0,"parent":0,"menu_order":0,"comment_status":"closed","ping_status":"closed","template":"woocommerce-custom\/page-home.php","meta":{"footnotes":""},"class_list":["post-13928","page","type-page","status-publish","hentry"],"yoast_head":"<!-- This site is optimized with the Yoast SEO plugin v27.4 - https:\/\/yoast.com\/product\/yoast-seo-wordpress\/ -->\n<title>Dom - Maison Adorable<\/title>\n<meta name=\"description\" content=\"Rozni\u010dna\u044f i optova\u044f torgovl\u044f predmetami doma\u0161nego dekora. Proda\u017ea zantasti\u010deskogo, hudo\u017eestvennogo, \u044dko i unikal\u044cnogo dekora dl\u044f doma. Rasstanovka i dekorirovanie predmetov. Novogodnie ukra\u0161eni\u044f. Ukra\u0161enie stola k prazdnikam. Oformlenie nebol\u044c\u0161ih tor\u017eestv.\" \/>\n<meta name=\"robots\" content=\"index, follow, max-snippet:-1, max-image-preview:large, max-video-preview:-1\" \/>\n<link rel=\"canonical\" href=\"https:\/\/maisonadorable.rs\/ru\/dom\/\" \/>\n<meta property=\"og:locale\" content=\"ru_RU\" \/>\n<meta property=\"og:type\" content=\"article\" \/>\n<meta property=\"og:title\" content=\"Dom - Maison Adorable\" \/>\n<meta property=\"og:description\" content=\"Rozni\u010dna\u044f i optova\u044f torgovl\u044f predmetami doma\u0161nego dekora. Proda\u017ea zantasti\u010deskogo, hudo\u017eestvennogo, \u044dko i unikal\u044cnogo dekora dl\u044f doma. Rasstanovka i dekorirovanie predmetov. Novogodnie ukra\u0161eni\u044f. Ukra\u0161enie stola k prazdnikam. Oformlenie nebol\u044c\u0161ih tor\u017eestv.\" \/>\n<meta property=\"og:url\" content=\"https:\/\/maisonadorable.rs\/ru\/dom\/\" \/>\n<meta property=\"og:site_name\" content=\"Maison Adorable\" \/>\n<meta property=\"article:publisher\" content=\"https:\/\/www.facebook.com\/Maison.adorable.homedecor\" \/>\n<meta name=\"twitter:card\" content=\"summary_large_image\" \/>\n<script type=\"application\/ld+json\" class=\"yoast-schema-graph\">{\"@context\":\"https:\\\/\\\/schema.org\",\"@graph\":[{\"@type\":\"WebPage\",\"@id\":\"https:\\\/\\\/maisonadorable.rs\\\/ru\\\/dom\\\/\",\"url\":\"https:\\\/\\\/maisonadorable.rs\\\/ru\\\/dom\\\/\",\"name\":\"\u0414\u043e\u043c - Maison Adorable\",\"isPartOf\":{\"@id\":\"https:\\\/\\\/maisonadorable.rs\\\/#website\"},\"datePublished\":\"2022-03-06T13:45:22+00:00\",\"description\":\"\u0420\u043e\u0437\u043d\u0438\u0447\u043d\u0430\u044f \u0438 \u043e\u043f\u0442\u043e\u0432\u0430\u044f \u0442\u043e\u0440\u0433\u043e\u0432\u043b\u044f \u043f\u0440\u0435\u0434\u043c\u0435\u0442\u0430\u043c\u0438 \u0434\u043e\u043c\u0430\u0448\u043d\u0435\u0433\u043e \u0434\u0435\u043a\u043e\u0440\u0430. \u041f\u0440\u043e\u0434\u0430\u0436\u0430 \u0437\u0430\u043d\u0442\u0430\u0441\u0442\u0438\u0447\u0435\u0441\u043a\u043e\u0433\u043e, \u0445\u0443\u0434\u043e\u0436\u0435\u0441\u0442\u0432\u0435\u043d\u043d\u043e\u0433\u043e, \u044d\u043a\u043e \u0438 \u0443\u043d\u0438\u043a\u0430\u043b\u044c\u043d\u043e\u0433\u043e \u0434\u0435\u043a\u043e\u0440\u0430 \u0434\u043b\u044f \u0434\u043e\u043c\u0430. \u0420\u0430\u0441\u0441\u0442\u0430\u043d\u043e\u0432\u043a\u0430 \u0438 \u0434\u0435\u043a\u043e\u0440\u0438\u0440\u043e\u0432\u0430\u043d\u0438\u0435 \u043f\u0440\u0435\u0434\u043c\u0435\u0442\u043e\u0432. \u041d\u043e\u0432\u043e\u0433\u043e\u0434\u043d\u0438\u0435 \u0443\u043a\u0440\u0430\u0448\u0435\u043d\u0438\u044f. \u0423\u043a\u0440\u0430\u0448\u0435\u043d\u0438\u0435 \u0441\u0442\u043e\u043b\u0430 \u043a \u043f\u0440\u0430\u0437\u0434\u043d\u0438\u043a\u0430\u043c. \u041e\u0444\u043e\u0440\u043c\u043b\u0435\u043d\u0438\u0435 \u043d\u0435\u0431\u043e\u043b\u044c\u0448\u0438\u0445 \u0442\u043e\u0440\u0436\u0435\u0441\u0442\u0432.\",\"breadcrumb\":{\"@id\":\"https:\\\/\\\/maisonadorable.rs\\\/ru\\\/dom\\\/#breadcrumb\"},\"inLanguage\":\"ru-RU\",\"potentialAction\":[{\"@type\":\"ReadAction\",\"target\":[\"https:\\\/\\\/maisonadorable.rs\\\/ru\\\/dom\\\/\"]}]},{\"@type\":\"BreadcrumbList\",\"@id\":\"https:\\\/\\\/maisonadorable.rs\\\/ru\\\/dom\\\/#breadcrumb\",\"itemListElement\":[{\"@type\":\"ListItem\",\"position\":1,\"name\":\"Po\u010detna\",\"item\":\"https:\\\/\\\/maisonadorable.rs\\\/ru\\\/\"},{\"@type\":\"ListItem\",\"position\":2,\"name\":\"Dom\"}]},{\"@type\":\"WebSite\",\"@id\":\"https:\\\/\\\/maisonadorable.rs\\\/#website\",\"url\":\"https:\\\/\\\/maisonadorable.rs\\\/\",\"name\":\"Maison Adorable\",\"description\":\"Maison Adorable, delimo inspiraciju u ljubav, i \u0161aljemo radost u malim pakovanjima!\",\"publisher\":{\"@id\":\"https:\\\/\\\/maisonadorable.rs\\\/#organization\"},\"potentialAction\":[{\"@type\":\"SearchAction\",\"target\":{\"@type\":\"EntryPoint\",\"urlTemplate\":\"https:\\\/\\\/maisonadorable.rs\\\/?s={search_term_string}\"},\"query-input\":{\"@type\":\"PropertyValueSpecification\",\"valueRequired\":true,\"valueName\":\"search_term_string\"}}],\"inLanguage\":\"ru-RU\"},{\"@type\":\"Organization\",\"@id\":\"https:\\\/\\\/maisonadorable.rs\\\/#organization\",\"name\":\"Maison Adorable\",\"url\":\"https:\\\/\\\/maisonadorable.rs\\\/\",\"logo\":{\"@type\":\"ImageObject\",\"inLanguage\":\"ru-RU\",\"@id\":\"https:\\\/\\\/maisonadorable.rs\\\/#\\\/schema\\\/logo\\\/image\\\/\",\"url\":\"https:\\\/\\\/maisonadorable.rs\\\/wp-content\\\/uploads\\\/2022\\\/04\\\/logo.png\",\"contentUrl\":\"https:\\\/\\\/maisonadorable.rs\\\/wp-content\\\/uploads\\\/2022\\\/04\\\/logo.png\",\"width\":1081,\"height\":1081,\"caption\":\"Maison Adorable\"},\"image\":{\"@id\":\"https:\\\/\\\/maisonadorable.rs\\\/#\\\/schema\\\/logo\\\/image\\\/\"},\"sameAs\":[\"https:\\\/\\\/www.facebook.com\\\/Maison.adorable.homedecor\",\"https:\\\/\\\/www.instagram.com\\\/maison_adorable\\\/\"]}]}<\/script>\n<!-- \/ Yoast SEO plugin. -->","yoast_head_json":{"title":"Dom - Maison Adorable","description":"Rozni\u010dna\u044f i optova\u044f torgovl\u044f predmetami doma\u0161nego dekora. Proda\u017ea zantasti\u010deskogo, hudo\u017eestvennogo, \u044dko i unikal\u044cnogo dekora dl\u044f doma. Rasstanovka i dekorirovanie predmetov. Novogodnie ukra\u0161eni\u044f. Ukra\u0161enie stola k prazdnikam. Oformlenie nebol\u044c\u0161ih tor\u017eestv.","robots":{"index":"index","follow":"follow","max-snippet":"max-snippet:-1","max-image-preview":"max-image-preview:large","max-video-preview":"max-video-preview:-1"},"canonical":"https:\/\/maisonadorable.rs\/ru\/dom\/","og_locale":"ru_RU","og_type":"article","og_title":"Dom - Maison Adorable","og_description":"Rozni\u010dna\u044f i optova\u044f torgovl\u044f predmetami doma\u0161nego dekora. Proda\u017ea zantasti\u010deskogo, hudo\u017eestvennogo, \u044dko i unikal\u044cnogo dekora dl\u044f doma. Rasstanovka i dekorirovanie predmetov. Novogodnie ukra\u0161eni\u044f. Ukra\u0161enie stola k prazdnikam. Oformlenie nebol\u044c\u0161ih tor\u017eestv.","og_url":"https:\/\/maisonadorable.rs\/ru\/dom\/","og_site_name":"Maison Adorable","article_publisher":"https:\/\/www.facebook.com\/Maison.adorable.homedecor","twitter_card":"summary_large_image","schema":{"@context":"https:\/\/schema.org","@graph":[{"@type":"WebPage","@id":"https:\/\/maisonadorable.rs\/ru\/dom\/","url":"https:\/\/maisonadorable.rs\/ru\/dom\/","name":"Dom - Maison Adorable","isPartOf":{"@id":"https:\/\/maisonadorable.rs\/#website"},"datePublished":"2022-03-06T13:45:22+00:00","description":"Rozni\u010dna\u044f i optova\u044f torgovl\u044f predmetami doma\u0161nego dekora. Proda\u017ea zantasti\u010deskogo, hudo\u017eestvennogo, \u044dko i unikal\u044cnogo dekora dl\u044f doma. Rasstanovka i dekorirovanie predmetov. Novogodnie ukra\u0161eni\u044f. Ukra\u0161enie stola k prazdnikam. Oformlenie nebol\u044c\u0161ih tor\u017eestv.","breadcrumb":{"@id":"https:\/\/maisonadorable.rs\/ru\/dom\/#breadcrumb"},"inLanguage":"ru-RU","potentialAction":[{"@type":"ReadAction","target":["https:\/\/maisonadorable.rs\/ru\/dom\/"]}]},{"@type":"BreadcrumbList","@id":"https:\/\/maisonadorable.rs\/ru\/dom\/#breadcrumb","itemListElement":[{"@type":"ListItem","position":1,"name":"Po\u010detna","item":"https:\/\/maisonadorable.rs\/ru\/"},{"@type":"ListItem","position":2,"name":"Dom"}]},{"@type":"WebSite","@id":"https:\/\/maisonadorable.rs\/#website","url":"https:\/\/maisonadorable.rs\/","name":"Maison Adorable","description":"Maison Adorable, delimo inspiraciju u ljubav, i \u0161aljemo radost u malim pakovanjima!","publisher":{"@id":"https:\/\/maisonadorable.rs\/#organization"},"potentialAction":[{"@type":"SearchAction","target":{"@type":"EntryPoint","urlTemplate":"https:\/\/maisonadorable.rs\/?s={search_term_string}"},"query-input":{"@type":"PropertyValueSpecification","valueRequired":true,"valueName":"search_term_string"}}],"inLanguage":"ru-RU"},{"@type":"Organization","@id":"https:\/\/maisonadorable.rs\/#organization","name":"Maison Adorable","url":"https:\/\/maisonadorable.rs\/","logo":{"@type":"ImageObject","inLanguage":"ru-RU","@id":"https:\/\/maisonadorable.rs\/#\/schema\/logo\/image\/","url":"https:\/\/maisonadorable.rs\/wp-content\/uploads\/2022\/04\/logo.png","contentUrl":"https:\/\/maisonadorable.rs\/wp-content\/uploads\/2022\/04\/logo.png","width":1081,"height":1081,"caption":"Maison Adorable"},"image":{"@id":"https:\/\/maisonadorable.rs\/#\/schema\/logo\/image\/"},"sameAs":["https:\/\/www.facebook.com\/Maison.adorable.homedecor","https:\/\/www.instagram.com\/maison_adorable\/"]}]}},"_links":{"self":[{"href":"https:\/\/maisonadorable.rs\/ru\/wp-json\/wp\/v2\/pages\/13928","targetHints":{"allow":["GET"]}}],"collection":[{"href":"https:\/\/maisonadorable.rs\/ru\/wp-json\/wp\/v2\/pages"}],"about":[{"href":"https:\/\/maisonadorable.rs\/ru\/wp-json\/wp\/v2\/types\/page"}],"author":[{"embeddable":true,"href":"https:\/\/maisonadorable.rs\/ru\/wp-json\/wp\/v2\/users\/1"}],"replies":[{"embeddable":true,"href":"https:\/\/maisonadorable.rs\/ru\/wp-json\/wp\/v2\/comments?post=13928"}],"version-history":[{"count":0,"href":"https:\/\/maisonadorable.rs\/ru\/wp-json\/wp\/v2\/pages\/13928\/revisions"}],"wp:attachment":[{"href":"https:\/\/maisonadorable.rs\/ru\/wp-json\/wp\/v2\/media?parent=13928"}],"curies":[{"name":"wp","href":"https:\/\/api.w.org\/{rel}","templated":true}]}}