{"id":13932,"date":"2022-12-30T22:47:05","date_gmt":"2022-12-30T21:47:05","guid":{"rendered":"https:\/\/maisonadorable.rs\/novogodnee-ukrasenie\/"},"modified":"2025-05-31T12:54:46","modified_gmt":"2025-05-31T11:54:46","slug":"novogodnee-ukrasenie","status":"publish","type":"page","link":"https:\/\/maisonadorable.rs\/ru\/novogodnee-ukrasenie\/","title":{"rendered":"Novogodnee ukra\u0161enie"},"content":{"rendered":"\t\t<div data-elementor-type=\"wp-page\" data-elementor-id=\"13932\" class=\"elementor elementor-13932 elementor-1130\" data-elementor-post-type=\"page\">\n\t\t\t\t<div class=\"wd-negative-gap elementor-element elementor-element-d09b44d e-flex e-con-boxed e-con e-parent\" data-id=\"d09b44d\" data-element_type=\"container\" data-e-type=\"container\">\n\t\t\t\t\t<div class=\"e-con-inner\">\n\t\t<div class=\"elementor-element elementor-element-4f100dd e-con-full e-flex e-con e-child\" data-id=\"4f100dd\" data-element_type=\"container\" data-e-type=\"container\">\n\t\t\t\t<div class=\"elementor-element elementor-element-8296e63 elementor-widget elementor-widget-wd_image_or_svg\" data-id=\"8296e63\" data-element_type=\"widget\" data-e-type=\"widget\" data-widget_type=\"wd_image_or_svg.default\">\n\t\t\t\t<div class=\"elementor-widget-container\">\n\t\t\t\t\t\n\t\t<div class=\"wd-image text-center\">\n\t\t\t\t\t\t\t\t<img decoding=\"async\" width=\"900\" height=\"1200\" src=\"https:\/\/maisonadorable.rs\/wp-content\/uploads\/2023\/11\/pirami.jpg\" class=\"attachment-full size-full\" alt=\"Novogodi\u0161nja jelka\" srcset=\"https:\/\/maisonadorable.rs\/wp-content\/uploads\/2023\/11\/pirami.jpg 900w, https:\/\/maisonadorable.rs\/wp-content\/uploads\/2023\/11\/pirami-430x573.jpg 430w, https:\/\/maisonadorable.rs\/wp-content\/uploads\/2023\/11\/pirami-190x253.jpg 190w, https:\/\/maisonadorable.rs\/wp-content\/uploads\/2023\/11\/pirami-700x933.jpg 700w, https:\/\/maisonadorable.rs\/wp-content\/uploads\/2023\/11\/pirami-200x267.jpg 200w, https:\/\/maisonadorable.rs\/wp-content\/uploads\/2023\/11\/pirami-400x533.jpg 400w, https:\/\/maisonadorable.rs\/wp-content\/uploads\/2023\/11\/pirami-600x800.jpg 600w, https:\/\/maisonadorable.rs\/wp-content\/uploads\/2023\/11\/pirami-800x1067.jpg 800w\" sizes=\"(max-width: 900px) 100vw, 900px\" \/>\t\t\t\t\t<\/div>\n\n\t\t\t\t\t\t<\/div>\n\t\t\t\t<\/div>\n\t\t\t\t<\/div>\n\t\t<div class=\"elementor-element elementor-element-e63bcc5 e-con-full e-flex e-con e-child\" data-id=\"e63bcc5\" data-element_type=\"container\" data-e-type=\"container\">\n\t\t\t\t<div class=\"elementor-element elementor-element-33e3c0a wd-width-100 elementor-widget elementor-widget-wd_title\" data-id=\"33e3c0a\" data-element_type=\"widget\" data-e-type=\"widget\" data-widget_type=\"wd_title.default\">\n\t\t\t\t<div class=\"elementor-widget-container\">\n\t\t\t\t\t\t\t<div class=\"title-wrapper wd-set-mb reset-last-child wd-title-color-default wd-title-style-default wd-title-size-default text-left\">\n\n\t\t\t\n\t\t\t<div class=\"liner-continer\">\n\t\t\t\t<h1 class=\"woodmart-title-container title wd-fontsize-l wd-underline-colored\">NOVOGODNEE UKRA\u0160ENIE<\/h1> \n\t\t\t\t\t\t\t<\/div>\n\n\t\t\t\t\t<\/div>\n\t\t\t\t\t\t<\/div>\n\t\t\t\t<\/div>\n\t\t\t\t<div class=\"elementor-element elementor-element-0c5241b elementor-widget elementor-widget-wd_text_block\" data-id=\"0c5241b\" data-element_type=\"widget\" data-e-type=\"widget\" data-widget_type=\"wd_text_block.default\">\n\t\t\t\t<div class=\"elementor-widget-container\">\n\t\t\t\t\t\t\t<div class=\"wd-text-block reset-last-child text-left\">\n\t\t\t\n\t\t\t<p style=\"font-size: 16px;\">Pomimo proda\u017ei dekora v na\u0161em magazine m\u044b tak\u017ee predlagaem <strong>uslugi po dekorirovani\u044e i oformleni\u044e<\/strong> .<\/p>\n<p style=\"font-size: 16px;\"><!-- \/wp:paragraph --><!-- wp:paragraph {\"style\":{\"typography\":{\"fontSize\":\"16px\"}}} --><\/p>\n<p style=\"font-size: 16px;\">Komanda Maison Adorable predlagaet uslugu po prazdni\u010dnomu oformleni\u044e pome\u0449eni\u0439 v period novogodnih i ro\u017edestvenskih prazdnikov.<\/p>\n<p style=\"font-size: 16px;\"><!-- \/wp:paragraph --><!-- wp:paragraph {\"style\":{\"typography\":{\"fontSize\":\"16px\"}}} --><\/p>\n<p style=\"font-size: 16px;\">Dekorirovanie i obustro\u0439stvo kvartir, domov, predpri\u044fti\u0439 ob\u0449estvennogo pitani\u044f, kommer\u010deskih pome\u0449eni\u0439, a tak\u017ee ih \u044dkster\u044cerov \u2014 \u044dto de\u044ftel\u044cnost\u044c, v ramkah kotoro\u0439 Maison Adorable predlagaet klientam idei i videnie prostranstva, zakupku materialov i dekora, a tak\u017ee ih dostavku i ustanovku.<\/p>\n<p style=\"font-size: 16px;\"><!-- \/wp:paragraph --><!-- wp:paragraph {\"fontSize\":\"medium\"} --><\/p>\n<p class=\"has-medium-font-size\"><strong>M\u044b predlagaem Vam<\/strong> :<\/p>\n<p style=\"font-size: 16px;\"><!-- \/wp:paragraph --><!-- wp:paragraph {\"style\":{\"typography\":{\"fontSize\":\"16px\"}}} --><\/p>\n<p style=\"font-size: 16px;\">- Kompleksnoe oformlenie ob\u044aektov ob\u0449estvennogo pitani\u044f, \u017eil\u044bh i kommer\u010deskih pome\u0449eni\u0439 k novogodnim prazdnikam.<\/p>\n<p style=\"font-size: 16px;\"><!-- \/wp:paragraph --><!-- wp:paragraph {\"style\":{\"typography\":{\"fontSize\":\"16px\"}}} --><\/p>\n<p style=\"font-size: 16px;\">- Professional\u044cnoe novogodnee i naru\u017enoe osve\u0449enie.<\/p>\n<p style=\"font-size: 16px;\"><!-- \/wp:paragraph --><!-- wp:paragraph {\"style\":{\"typography\":{\"fontSize\":\"16px\"}}} --><\/p>\n<p style=\"font-size: 16px;\">- Zakupka \u017eiv\u044bh i iskusstvenn\u044bh elok, novogodnih ukra\u0161eni\u0439 i podarkov.<\/p>\n<p style=\"font-size: 16px;\"><!-- \/wp:paragraph --><!-- wp:paragraph --><\/p>\n<p style=\"font-size: 16px;\"><!-- \/wp:paragraph --><!-- wp:paragraph {\"fontSize\":\"medium\"} --><\/p>\n<p class=\"has-medium-font-size\"><strong>Kak m\u044b rabotaem?<\/strong><\/p>\n<p style=\"font-size: 16px;\"><!-- \/wp:paragraph --><!-- wp:paragraph {\"style\":{\"typography\":{\"fontSize\":\"16px\"}}} --><\/p>\n<p style=\"font-size: 16px;\">Kogda v\u044b sv\u044fz\u044bvaetes\u044c s nami i izlagaete svoi po\u017eelani\u044f, m\u044b otpravl\u044fem vam predlo\u017eenie s konceptual\u044cn\u044bm opisaniem.<\/p>\n<p style=\"font-size: 16px;\"><!-- \/wp:paragraph --><!-- wp:paragraph --><\/p>\n<p style=\"font-size: 16px;\"><!-- \/wp:paragraph --><!-- wp:paragraph {\"style\":{\"typography\":{\"fontSize\":\"16px\"}}} --><\/p>\n<p style=\"font-size: 16px;\">Planirovanie novogodnih ukra\u0161eni\u0439 na\u010dinaets\u044f v sent\u044fbre.<\/p>\n\n\t\t\t\t\t<\/div>\n\t\t\t\t\t\t<\/div>\n\t\t\t\t<\/div>\n\t\t\t\t<div class=\"elementor-element elementor-element-0e9b186 elementor-widget elementor-widget-wd_social_buttons\" data-id=\"0e9b186\" data-element_type=\"widget\" data-e-type=\"widget\" data-widget_type=\"wd_social_buttons.default\">\n\t\t\t\t<div class=\"elementor-widget-container\">\n\t\t\t\t\t\t\t\t<div\n\t\t\t\t\t\tclass=\" wd-social-icons wd-style-bordered wd-size-default social-share wd-shape-circle color-scheme-dark text-left\">\n\t\t\t\t\n\t\t\t\t\n\t\t\t\t\t\t\t\t\t<a rel=\"noopener noreferrer nofollow\" href=\"https:\/\/www.facebook.com\/sharer\/sharer.php?u=https:\/\/maisonadorable.rs\/ru\/novogodnee-ukrasenie\/\" target=\"_blank\" class=\" wd-social-icon social-facebook\" aria-label=\"Facebook social link\">\n\t\t\t\t\t\t<span class=\"wd-icon\"><\/span>\n\t\t\t\t\t\t\t\t\t\t\t<\/a>\n\t\t\t\t\n\t\t\t\t\t\t\t\t\t<a rel=\"noopener noreferrer nofollow\" href=\"https:\/\/x.com\/share?url=https:\/\/maisonadorable.rs\/ru\/novogodnee-ukrasenie\/\" target=\"_blank\" class=\" wd-social-icon social-twitter\" aria-label=\"X social link\">\n\t\t\t\t\t\t<span class=\"wd-icon\"><\/span>\n\t\t\t\t\t\t\t\t\t\t\t<\/a>\n\t\t\t\t\n\t\t\t\t\n\t\t\t\t\n\t\t\t\t\n\t\t\t\t\n\t\t\t\t\n\t\t\t\t\t\t\t\t\t<a rel=\"noopener noreferrer nofollow\" href=\"https:\/\/pinterest.com\/pin\/create\/button\/?url=https:\/\/maisonadorable.rs\/ru\/novogodnee-ukrasenie\/&#038;media=https:\/\/maisonadorable.rs\/wp-includes\/images\/media\/default.svg&#038;description=Novogodnee%20ukra%C5%A1enie\" target=\"_blank\" class=\" wd-social-icon social-pinterest\" aria-label=\"Pinterest social link\">\n\t\t\t\t\t\t<span class=\"wd-icon\"><\/span>\n\t\t\t\t\t\t\t\t\t\t\t<\/a>\n\t\t\t\t\n\t\t\t\t\n\t\t\t\t\t\t\t\t\t<a rel=\"noopener noreferrer nofollow\" href=\"https:\/\/www.linkedin.com\/shareArticle?mini=true&#038;url=https:\/\/maisonadorable.rs\/ru\/novogodnee-ukrasenie\/\" target=\"_blank\" class=\" wd-social-icon social-linkedin\" aria-label=\"Linkedin social link\">\n\t\t\t\t\t\t<span class=\"wd-icon\"><\/span>\n\t\t\t\t\t\t\t\t\t\t\t<\/a>\n\t\t\t\t\n\t\t\t\t\n\t\t\t\t\n\t\t\t\t\n\t\t\t\t\n\t\t\t\t\n\t\t\t\t\n\t\t\t\t\n\t\t\t\t\n\t\t\t\t\t\t\t\t\t<a rel=\"noopener noreferrer nofollow\" href=\"https:\/\/api.whatsapp.com\/send?text=https%3A%2F%2Fmaisonadorable.rs%2Fru%2Fnovogodnee-ukrasenie%2F\" target=\"_blank\" class=\" wd-hide-md wd-social-icon social-whatsapp\" aria-label=\"WhatsApp social link\">\n\t\t\t\t\t\t<span class=\"wd-icon\"><\/span>\n\t\t\t\t\t\t\t\t\t\t\t<\/a>\n\n\t\t\t\t\t<a rel=\"noopener noreferrer nofollow\" href=\"whatsapp:\/\/send?text=http:\/\/https%3A%2F%2Fmaisonadorable.rs%2Fru%2Fnovogodnee-ukrasenie%2F\" target=\"_blank\" class=\" wd-hide-lg wd-social-icon social-whatsapp\" aria-label=\"WhatsApp social link\">\n\t\t\t\t\t\t<span class=\"wd-icon\"><\/span>\n\t\t\t\t\t\t\t\t\t\t\t<\/a>\n\t\t\t\t\n\t\t\t\t\n\t\t\t\t\n\t\t\t\t\n\t\t\t\t\n\t\t\t\t\n\t\t\t\t\t\t\t\t\t<a rel=\"noopener noreferrer nofollow\" href=\"https:\/\/telegram.me\/share\/url?url=https:\/\/maisonadorable.rs\/ru\/novogodnee-ukrasenie\/\" target=\"_blank\" class=\" wd-social-icon social-tg\" aria-label=\"Telegram social link\">\n\t\t\t\t\t\t<span class=\"wd-icon\"><\/span>\n\t\t\t\t\t\t\t\t\t\t\t<\/a>\n\t\t\t\t\n\t\t\t\t\t\t\t\t\t<a rel=\"noopener noreferrer nofollow\" href=\"viber:\/\/forward?text=http:\/\/https%3A%2F%2Fmaisonadorable.rs%2Fru%2Fnovogodnee-ukrasenie%2F\" target=\"_blank\" class=\" wd-social-icon social-viber\" aria-label=\"Viber social link\">\n\t\t\t\t\t\t<span class=\"wd-icon\"><\/span>\n\t\t\t\t\t\t\t\t\t\t\t<\/a>\n\t\t\t\t\n\t\t\t<\/div>\n\n\t\t\t\t\t\t<\/div>\n\t\t\t\t<\/div>\n\t\t\t\t<\/div>\n\t\t\t\t\t<\/div>\n\t\t\t\t<\/div>\n\t\t\t\t<\/div>\n\t\t","protected":false},"excerpt":{"rendered":"<p>NOVOGODNEE UKRA\u0160ENIE Pomimo proda\u017ei dekora v na\u0161em magazine m\u044b tak\u017ee predlagaem uslugi po dekorirovani\u044e i oformleni\u044e . Komanda Maison Adorable<\/p>\n","protected":false},"author":1,"featured_media":0,"parent":0,"menu_order":0,"comment_status":"closed","ping_status":"closed","template":"elementor_header_footer","meta":{"footnotes":""},"class_list":["post-13932","page","type-page","status-publish","hentry"],"yoast_head":"<!-- This site is optimized with the Yoast SEO plugin v27.4 - https:\/\/yoast.com\/product\/yoast-seo-wordpress\/ -->\n<title>Novogodnee ukra\u0161enie - Maison Adorable<\/title>\n<meta name=\"description\" content=\"Novogodnie prazdniki \u2014 \u044dto to, \u010dto m\u044b vse l\u044ebim i \u017edem s neterpeniem. Vse l\u044eb\u044ft novogodnie ukra\u0161eni\u044f. Pomimo proda\u017ei dekora v na\u0161em magazine m\u044b predlagaem uslugi po dekorirovani\u044e i obustro\u0439stvu inter\u044cera zdani\u0439, torgov\u044bh pome\u0449eni\u0439, va\u0161ego doma, restoranov...\" \/>\n<meta name=\"robots\" content=\"index, follow, max-snippet:-1, max-image-preview:large, max-video-preview:-1\" \/>\n<link rel=\"canonical\" href=\"https:\/\/maisonadorable.rs\/ru\/novogodnee-ukrasenie\/\" \/>\n<meta property=\"og:locale\" content=\"ru_RU\" \/>\n<meta property=\"og:type\" content=\"article\" \/>\n<meta property=\"og:title\" content=\"Novogodnee ukra\u0161enie - Maison Adorable\" \/>\n<meta property=\"og:description\" content=\"Novogodnie prazdniki \u2014 \u044dto to, \u010dto m\u044b vse l\u044ebim i \u017edem s neterpeniem. Vse l\u044eb\u044ft novogodnie ukra\u0161eni\u044f. Pomimo proda\u017ei dekora v na\u0161em magazine m\u044b predlagaem uslugi po dekorirovani\u044e i obustro\u0439stvu inter\u044cera zdani\u0439, torgov\u044bh pome\u0449eni\u0439, va\u0161ego doma, restoranov...\" \/>\n<meta property=\"og:url\" content=\"https:\/\/maisonadorable.rs\/ru\/novogodnee-ukrasenie\/\" \/>\n<meta property=\"og:site_name\" content=\"Maison Adorable\" \/>\n<meta property=\"article:publisher\" content=\"https:\/\/www.facebook.com\/Maison.adorable.homedecor\" \/>\n<meta property=\"article:modified_time\" content=\"2025-05-31T11:54:46+00:00\" \/>\n<meta property=\"og:image\" content=\"https:\/\/maisonadorable.rs\/wp-content\/uploads\/2023\/11\/pirami.jpg\" \/>\n<meta name=\"twitter:card\" content=\"summary_large_image\" \/>\n<script type=\"application\/ld+json\" class=\"yoast-schema-graph\">{\"@context\":\"https:\\\/\\\/schema.org\",\"@graph\":[{\"@type\":\"WebPage\",\"@id\":\"https:\\\/\\\/maisonadorable.rs\\\/ru\\\/novogodnee-ukrasenie\\\/\",\"url\":\"https:\\\/\\\/maisonadorable.rs\\\/ru\\\/novogodnee-ukrasenie\\\/\",\"name\":\"\u041d\u043e\u0432\u043e\u0433\u043e\u0434\u043d\u0435\u0435 \u0443\u043a\u0440\u0430\u0448\u0435\u043d\u0438\u0435 - Maison Adorable\",\"isPartOf\":{\"@id\":\"https:\\\/\\\/maisonadorable.rs\\\/#website\"},\"primaryImageOfPage\":{\"@id\":\"https:\\\/\\\/maisonadorable.rs\\\/ru\\\/novogodnee-ukrasenie\\\/#primaryimage\"},\"image\":{\"@id\":\"https:\\\/\\\/maisonadorable.rs\\\/ru\\\/novogodnee-ukrasenie\\\/#primaryimage\"},\"thumbnailUrl\":\"https:\\\/\\\/maisonadorable.rs\\\/wp-content\\\/uploads\\\/2023\\\/11\\\/pirami.jpg\",\"datePublished\":\"2022-12-30T21:47:05+00:00\",\"dateModified\":\"2025-05-31T11:54:46+00:00\",\"description\":\"\u041d\u043e\u0432\u043e\u0433\u043e\u0434\u043d\u0438\u0435 \u043f\u0440\u0430\u0437\u0434\u043d\u0438\u043a\u0438 \u2014 \u044d\u0442\u043e \u0442\u043e, \u0447\u0442\u043e \u043c\u044b \u0432\u0441\u0435 \u043b\u044e\u0431\u0438\u043c \u0438 \u0436\u0434\u0435\u043c \u0441 \u043d\u0435\u0442\u0435\u0440\u043f\u0435\u043d\u0438\u0435\u043c. \u0412\u0441\u0435 \u043b\u044e\u0431\u044f\u0442 \u043d\u043e\u0432\u043e\u0433\u043e\u0434\u043d\u0438\u0435 \u0443\u043a\u0440\u0430\u0448\u0435\u043d\u0438\u044f. \u041f\u043e\u043c\u0438\u043c\u043e \u043f\u0440\u043e\u0434\u0430\u0436\u0438 \u0434\u0435\u043a\u043e\u0440\u0430 \u0432 \u043d\u0430\u0448\u0435\u043c \u043c\u0430\u0433\u0430\u0437\u0438\u043d\u0435 \u043c\u044b \u043f\u0440\u0435\u0434\u043b\u0430\u0433\u0430\u0435\u043c \u0443\u0441\u043b\u0443\u0433\u0438 \u043f\u043e \u0434\u0435\u043a\u043e\u0440\u0438\u0440\u043e\u0432\u0430\u043d\u0438\u044e \u0438 \u043e\u0431\u0443\u0441\u0442\u0440\u043e\u0439\u0441\u0442\u0432\u0443 \u0438\u043d\u0442\u0435\u0440\u044c\u0435\u0440\u0430 \u0437\u0434\u0430\u043d\u0438\u0439, \u0442\u043e\u0440\u0433\u043e\u0432\u044b\u0445 \u043f\u043e\u043c\u0435\u0449\u0435\u043d\u0438\u0439, \u0432\u0430\u0448\u0435\u0433\u043e \u0434\u043e\u043c\u0430, \u0440\u0435\u0441\u0442\u043e\u0440\u0430\u043d\u043e\u0432...\",\"breadcrumb\":{\"@id\":\"https:\\\/\\\/maisonadorable.rs\\\/ru\\\/novogodnee-ukrasenie\\\/#breadcrumb\"},\"inLanguage\":\"ru-RU\",\"potentialAction\":[{\"@type\":\"ReadAction\",\"target\":[\"https:\\\/\\\/maisonadorable.rs\\\/ru\\\/novogodnee-ukrasenie\\\/\"]}]},{\"@type\":\"ImageObject\",\"inLanguage\":\"ru-RU\",\"@id\":\"https:\\\/\\\/maisonadorable.rs\\\/ru\\\/novogodnee-ukrasenie\\\/#primaryimage\",\"url\":\"https:\\\/\\\/maisonadorable.rs\\\/wp-content\\\/uploads\\\/2023\\\/11\\\/pirami.jpg\",\"contentUrl\":\"https:\\\/\\\/maisonadorable.rs\\\/wp-content\\\/uploads\\\/2023\\\/11\\\/pirami.jpg\"},{\"@type\":\"BreadcrumbList\",\"@id\":\"https:\\\/\\\/maisonadorable.rs\\\/ru\\\/novogodnee-ukrasenie\\\/#breadcrumb\",\"itemListElement\":[{\"@type\":\"ListItem\",\"position\":1,\"name\":\"Po\u010detna\",\"item\":\"https:\\\/\\\/maisonadorable.rs\\\/ru\\\/\"},{\"@type\":\"ListItem\",\"position\":2,\"name\":\"Novogodnee ukra\u0161enie\"}]},{\"@type\":\"WebSite\",\"@id\":\"https:\\\/\\\/maisonadorable.rs\\\/#website\",\"url\":\"https:\\\/\\\/maisonadorable.rs\\\/\",\"name\":\"Maison Adorable\",\"description\":\"Maison Adorable, delimo inspiraciju u ljubav, i \u0161aljemo radost u malim pakovanjima!\",\"publisher\":{\"@id\":\"https:\\\/\\\/maisonadorable.rs\\\/#organization\"},\"potentialAction\":[{\"@type\":\"SearchAction\",\"target\":{\"@type\":\"EntryPoint\",\"urlTemplate\":\"https:\\\/\\\/maisonadorable.rs\\\/?s={search_term_string}\"},\"query-input\":{\"@type\":\"PropertyValueSpecification\",\"valueRequired\":true,\"valueName\":\"search_term_string\"}}],\"inLanguage\":\"ru-RU\"},{\"@type\":\"Organization\",\"@id\":\"https:\\\/\\\/maisonadorable.rs\\\/#organization\",\"name\":\"Maison Adorable\",\"url\":\"https:\\\/\\\/maisonadorable.rs\\\/\",\"logo\":{\"@type\":\"ImageObject\",\"inLanguage\":\"ru-RU\",\"@id\":\"https:\\\/\\\/maisonadorable.rs\\\/#\\\/schema\\\/logo\\\/image\\\/\",\"url\":\"https:\\\/\\\/maisonadorable.rs\\\/wp-content\\\/uploads\\\/2022\\\/04\\\/logo.png\",\"contentUrl\":\"https:\\\/\\\/maisonadorable.rs\\\/wp-content\\\/uploads\\\/2022\\\/04\\\/logo.png\",\"width\":1081,\"height\":1081,\"caption\":\"Maison Adorable\"},\"image\":{\"@id\":\"https:\\\/\\\/maisonadorable.rs\\\/#\\\/schema\\\/logo\\\/image\\\/\"},\"sameAs\":[\"https:\\\/\\\/www.facebook.com\\\/Maison.adorable.homedecor\",\"https:\\\/\\\/www.instagram.com\\\/maison_adorable\\\/\"]}]}<\/script>\n<!-- \/ Yoast SEO plugin. -->","yoast_head_json":{"title":"Novogodnee ukra\u0161enie - Maison Adorable","description":"Novogodnie prazdniki \u2014 \u044dto to, \u010dto m\u044b vse l\u044ebim i \u017edem s neterpeniem. Vse l\u044eb\u044ft novogodnie ukra\u0161eni\u044f. Pomimo proda\u017ei dekora v na\u0161em magazine m\u044b predlagaem uslugi po dekorirovani\u044e i obustro\u0439stvu inter\u044cera zdani\u0439, torgov\u044bh pome\u0449eni\u0439, va\u0161ego doma, restoranov...","robots":{"index":"index","follow":"follow","max-snippet":"max-snippet:-1","max-image-preview":"max-image-preview:large","max-video-preview":"max-video-preview:-1"},"canonical":"https:\/\/maisonadorable.rs\/ru\/novogodnee-ukrasenie\/","og_locale":"ru_RU","og_type":"article","og_title":"Novogodnee ukra\u0161enie - Maison Adorable","og_description":"Novogodnie prazdniki \u2014 \u044dto to, \u010dto m\u044b vse l\u044ebim i \u017edem s neterpeniem. Vse l\u044eb\u044ft novogodnie ukra\u0161eni\u044f. Pomimo proda\u017ei dekora v na\u0161em magazine m\u044b predlagaem uslugi po dekorirovani\u044e i obustro\u0439stvu inter\u044cera zdani\u0439, torgov\u044bh pome\u0449eni\u0439, va\u0161ego doma, restoranov...","og_url":"https:\/\/maisonadorable.rs\/ru\/novogodnee-ukrasenie\/","og_site_name":"Maison Adorable","article_publisher":"https:\/\/www.facebook.com\/Maison.adorable.homedecor","article_modified_time":"2025-05-31T11:54:46+00:00","og_image":[{"url":"https:\/\/maisonadorable.rs\/wp-content\/uploads\/2023\/11\/pirami.jpg","type":"","width":"","height":""}],"twitter_card":"summary_large_image","schema":{"@context":"https:\/\/schema.org","@graph":[{"@type":"WebPage","@id":"https:\/\/maisonadorable.rs\/ru\/novogodnee-ukrasenie\/","url":"https:\/\/maisonadorable.rs\/ru\/novogodnee-ukrasenie\/","name":"Novogodnee ukra\u0161enie - Maison Adorable","isPartOf":{"@id":"https:\/\/maisonadorable.rs\/#website"},"primaryImageOfPage":{"@id":"https:\/\/maisonadorable.rs\/ru\/novogodnee-ukrasenie\/#primaryimage"},"image":{"@id":"https:\/\/maisonadorable.rs\/ru\/novogodnee-ukrasenie\/#primaryimage"},"thumbnailUrl":"https:\/\/maisonadorable.rs\/wp-content\/uploads\/2023\/11\/pirami.jpg","datePublished":"2022-12-30T21:47:05+00:00","dateModified":"2025-05-31T11:54:46+00:00","description":"Novogodnie prazdniki \u2014 \u044dto to, \u010dto m\u044b vse l\u044ebim i \u017edem s neterpeniem. Vse l\u044eb\u044ft novogodnie ukra\u0161eni\u044f. Pomimo proda\u017ei dekora v na\u0161em magazine m\u044b predlagaem uslugi po dekorirovani\u044e i obustro\u0439stvu inter\u044cera zdani\u0439, torgov\u044bh pome\u0449eni\u0439, va\u0161ego doma, restoranov...","breadcrumb":{"@id":"https:\/\/maisonadorable.rs\/ru\/novogodnee-ukrasenie\/#breadcrumb"},"inLanguage":"ru-RU","potentialAction":[{"@type":"ReadAction","target":["https:\/\/maisonadorable.rs\/ru\/novogodnee-ukrasenie\/"]}]},{"@type":"ImageObject","inLanguage":"ru-RU","@id":"https:\/\/maisonadorable.rs\/ru\/novogodnee-ukrasenie\/#primaryimage","url":"https:\/\/maisonadorable.rs\/wp-content\/uploads\/2023\/11\/pirami.jpg","contentUrl":"https:\/\/maisonadorable.rs\/wp-content\/uploads\/2023\/11\/pirami.jpg"},{"@type":"BreadcrumbList","@id":"https:\/\/maisonadorable.rs\/ru\/novogodnee-ukrasenie\/#breadcrumb","itemListElement":[{"@type":"ListItem","position":1,"name":"Po\u010detna","item":"https:\/\/maisonadorable.rs\/ru\/"},{"@type":"ListItem","position":2,"name":"Novogodnee ukra\u0161enie"}]},{"@type":"WebSite","@id":"https:\/\/maisonadorable.rs\/#website","url":"https:\/\/maisonadorable.rs\/","name":"Maison Adorable","description":"Maison Adorable, delimo inspiraciju u ljubav, i \u0161aljemo radost u malim pakovanjima!","publisher":{"@id":"https:\/\/maisonadorable.rs\/#organization"},"potentialAction":[{"@type":"SearchAction","target":{"@type":"EntryPoint","urlTemplate":"https:\/\/maisonadorable.rs\/?s={search_term_string}"},"query-input":{"@type":"PropertyValueSpecification","valueRequired":true,"valueName":"search_term_string"}}],"inLanguage":"ru-RU"},{"@type":"Organization","@id":"https:\/\/maisonadorable.rs\/#organization","name":"Maison Adorable","url":"https:\/\/maisonadorable.rs\/","logo":{"@type":"ImageObject","inLanguage":"ru-RU","@id":"https:\/\/maisonadorable.rs\/#\/schema\/logo\/image\/","url":"https:\/\/maisonadorable.rs\/wp-content\/uploads\/2022\/04\/logo.png","contentUrl":"https:\/\/maisonadorable.rs\/wp-content\/uploads\/2022\/04\/logo.png","width":1081,"height":1081,"caption":"Maison Adorable"},"image":{"@id":"https:\/\/maisonadorable.rs\/#\/schema\/logo\/image\/"},"sameAs":["https:\/\/www.facebook.com\/Maison.adorable.homedecor","https:\/\/www.instagram.com\/maison_adorable\/"]}]}},"_links":{"self":[{"href":"https:\/\/maisonadorable.rs\/ru\/wp-json\/wp\/v2\/pages\/13932","targetHints":{"allow":["GET"]}}],"collection":[{"href":"https:\/\/maisonadorable.rs\/ru\/wp-json\/wp\/v2\/pages"}],"about":[{"href":"https:\/\/maisonadorable.rs\/ru\/wp-json\/wp\/v2\/types\/page"}],"author":[{"embeddable":true,"href":"https:\/\/maisonadorable.rs\/ru\/wp-json\/wp\/v2\/users\/1"}],"replies":[{"embeddable":true,"href":"https:\/\/maisonadorable.rs\/ru\/wp-json\/wp\/v2\/comments?post=13932"}],"version-history":[{"count":3,"href":"https:\/\/maisonadorable.rs\/ru\/wp-json\/wp\/v2\/pages\/13932\/revisions"}],"predecessor-version":[{"id":13936,"href":"https:\/\/maisonadorable.rs\/ru\/wp-json\/wp\/v2\/pages\/13932\/revisions\/13936"}],"wp:attachment":[{"href":"https:\/\/maisonadorable.rs\/ru\/wp-json\/wp\/v2\/media?parent=13932"}],"curies":[{"name":"wp","href":"https:\/\/api.w.org\/{rel}","templated":true}]}}