{"id":13934,"date":"2022-03-06T19:20:30","date_gmt":"2022-03-06T18:20:30","guid":{"rendered":"https:\/\/maisonadorable.rs\/uslovi\/?-\/?kspluatacii\/"},"modified":"2025-05-31T12:54:46","modified_gmt":"2025-05-31T11:54:46","slug":"uslovi-kspluatacii","status":"publish","type":"page","link":"https:\/\/maisonadorable.rs\/ru\/uslovi-kspluatacii\/","title":{"rendered":"Uslovi\u044f \u044dkspluatacii"},"content":{"rendered":"\t\t<div data-elementor-type=\"wp-page\" data-elementor-id=\"13934\" class=\"elementor elementor-13934 elementor-227\" data-elementor-post-type=\"page\">\n\t\t\t\t\t\t<section class=\"wd-negative-gap elementor-section elementor-top-section elementor-element elementor-element-dcbcffa elementor-section-boxed elementor-section-height-default elementor-section-height-default\" data-id=\"dcbcffa\" data-element_type=\"section\" data-e-type=\"section\">\n\t\t\t\t\t\t<div class=\"elementor-container elementor-column-gap-default\">\n\t\t\t\t\t<div class=\"elementor-column elementor-col-100 elementor-top-column elementor-element elementor-element-24ce2bb\" data-id=\"24ce2bb\" data-element_type=\"column\" data-e-type=\"column\">\n\t\t\t<div class=\"elementor-widget-wrap elementor-element-populated\">\n\t\t\t\t\t\t<div class=\"elementor-element elementor-element-a8fe70a elementor-widget elementor-widget-wd_accordion\" data-id=\"a8fe70a\" data-element_type=\"widget\" data-e-type=\"widget\" data-widget_type=\"wd_accordion.default\">\n\t\t\t\t<div class=\"elementor-widget-container\">\n\t\t\t\t\t\n\t\t<div class=\"wd-accordion wd-style-default wd-border-off wd-titles-left wd-opener-pos-right wd-opener-style-arrow\" data-state=\"first\">\n\t\t\t\t\t\t\t\n\t\t\t\t<div class=\"wd-accordion-item\">\n\t\t\t\t\t<div class=\"wd-accordion-title wd-role-btn wd-active\" data-accordion-index=\"0\" tabindex=\"0\">\n\t\t\t\t\t\t<div class=\"wd-accordion-title-text\">\n\t\t\t\t\t\t\t\t\t\t\t\t\t\t<span>\n\t\t\t\t\t\t\t\tCen\u044b na produkci\u044e\t\t\t\t\t\t\t<\/span>\n\t\t\t\t\t\t<\/div>\n\t\t\t\t\t\t<span class=\"wd-accordion-opener\"><\/span>\n\t\t\t\t\t<\/div>\n\n\t\t\t\t\t<div class=\"wd-accordion-content wd-entry-content wd-active\" data-accordion-index=\"0\">\n\t\t\t\t\t\t\t\t\t\t\t\t\t\n\t\t\t\t\t\t\t<p>Vse cen\u044b na produkci\u044e na sa\u0439te okon\u010datel\u044cn\u044be i ukazan\u044b v dinarah.<br> (RSD).<\/p>\n\t\t\t\t\t\t\t\t\t\t\t\t\t\t\t\t\t\t<\/div>\n\t\t\t\t<\/div>\n\t\t\t\t\t\t\t\n\t\t\t\t<div class=\"wd-accordion-item\">\n\t\t\t\t\t<div class=\"wd-accordion-title wd-role-btn\" data-accordion-index=\"1\" tabindex=\"0\">\n\t\t\t\t\t\t<div class=\"wd-accordion-title-text\">\n\t\t\t\t\t\t\t\t\t\t\t\t\t\t<span>\n\t\t\t\t\t\t\t\tSposob\u044b oplat\u044b\t\t\t\t\t\t\t<\/span>\n\t\t\t\t\t\t<\/div>\n\t\t\t\t\t\t<span class=\"wd-accordion-opener\"><\/span>\n\t\t\t\t\t<\/div>\n\n\t\t\t\t\t<div class=\"wd-accordion-content wd-entry-content\" data-accordion-index=\"1\">\n\t\t\t\t\t\t\t\t\t\t\t\t\t\n\t\t\t\t\t\t\t<p>Oplata v internet-magazine plate\u017en\u044bmi kartami<br> Dann\u044b\u0439 sposob oplat\u044b podrazumevaet, \u010dto posle podtver\u017edeni\u044f zakaza na za\u0449i\u0449enno\u0439 stranice oplat\u044b v\u044b proizvodite oplatu karto\u0439 VISA, DINA ili MASTER. Vse rekvizit\u044b plate\u017ea budut avtomati\u010deski otpravlen\u044b na va\u0161 adres \u044dlektronno\u0439 po\u010dt\u044b posle sover\u0161eni\u044f plate\u017ea. <\/p><p>\u042dlektronn\u044b\u0439 banking<br> Dann\u044b\u0439 sposob oplat\u044b podrazumevaet, \u010dto posle podtver\u017edeni\u044f zakaza na pokupku v\u044b opla\u010divaete summu zakaza na pokupku \u010derez svo\u0439 s\u010det \u044dlektronnogo bankinga. Vse plate\u017en\u044be rekvizit\u044b budut avtomati\u010deski otpravlen\u044b na va\u0161 adres \u044dlektronno\u0439 po\u010dt\u044b posle podtver\u017edeni\u044f zakaza na pokupku. <\/p><p>Oplata nali\u010dn\u044bmi pri polu\u010denii<br> Oplata nalo\u017eenn\u044bm plate\u017eom podrazumevaet oplatu zakaza kur\u044ceru pri polu\u010denii pos\u044blki. Oplata proizvodits\u044f iskl\u044e\u010ditel\u044cno nali\u010dn\u044bmi. <\/p><p>Oplata \u010derez s\u010det kompanii<br> Esli v\u044b hotite oplatit\u044c zakaz \u010derez s\u010det kompanii, v pole PRIME\u010cANIE pri zapolnenii plate\u017eno\u0439 informacii uka\u017eite nazvanie kompanii i nomer ee identifikacionnogo nomera.<\/p><p>Na ukazann\u044b\u0439 vami v forme zakaza adres \u044dlektronno\u0439 po\u010dt\u044b pridet avtomati\u010deskoe pis\u044cmo s plate\u017eno\u0439 informacie\u0439. V\u044b mo\u017eete proignorirovat\u044c ego, no do\u017edites\u044c, poka m\u044b otpravim vam na po\u010dtu s\u010det-fakturu.<\/p><p>M\u044b otpravl\u044fem original\u044b s\u010detov vmeste s zakazann\u044bmi tovarami.<\/p>\n\t\t\t\t\t\t\t\t\t\t\t\t\t\t\t\t\t\t<\/div>\n\t\t\t\t<\/div>\n\t\t\t\t\t\t\t\n\t\t\t\t<div class=\"wd-accordion-item\">\n\t\t\t\t\t<div class=\"wd-accordion-title wd-role-btn\" data-accordion-index=\"2\" tabindex=\"0\">\n\t\t\t\t\t\t<div class=\"wd-accordion-title-text\">\n\t\t\t\t\t\t\t\t\t\t\t\t\t\t<span>\n\t\t\t\t\t\t\t\tOplata po\u010dtov\u044bm perevodom ili pere\u010disleniem sredstv neposredstvenno na s\u010det.\t\t\t\t\t\t\t<\/span>\n\t\t\t\t\t\t<\/div>\n\t\t\t\t\t\t<span class=\"wd-accordion-opener\"><\/span>\n\t\t\t\t\t<\/div>\n\n\t\t\t\t\t<div class=\"wd-accordion-content wd-entry-content\" data-accordion-index=\"2\">\n\t\t\t\t\t\t\t\t\t\t\t\t\t\n\t\t\t\t\t\t\t<p>Oplata po\u010dtov\u044bm perevodom podrazumevaet, \u010dto v\u044b mo\u017eete oplatit\u044c svo\u0439 zakaz pr\u044fm\u044bm plate\u017eom v l\u044ebom po\u010dtovom otdelenii ili banke, a tak\u017ee perevesti plate\u017e putem pere\u010disleni\u044f sredstv so svoego s\u010deta, esli v\u044b \u044fvl\u044fetes\u044c pol\u044czovatelem \u044dlektronnogo bankinga.<\/p><p>Posle oplat\u044b otprav\u044cte, po\u017ealu\u0439sta, fotografi\u044e plate\u017enogo poru\u010deni\u044f ili zakaza na maisonadorabledoo@gmail.com<\/p><p>Posle registracii va\u0161ego plate\u017ea tovar otpravl\u044fets\u044f po v\u044bbrannomu vami adresu dostavki.<\/p>\n\t\t\t\t\t\t\t\t\t\t\t\t\t\t\t\t\t\t<\/div>\n\t\t\t\t<\/div>\n\t\t\t\t\t\t\t\n\t\t\t\t<div class=\"wd-accordion-item\">\n\t\t\t\t\t<div class=\"wd-accordion-title wd-role-btn\" data-accordion-index=\"3\" tabindex=\"0\">\n\t\t\t\t\t\t<div class=\"wd-accordion-title-text\">\n\t\t\t\t\t\t\t\t\t\t\t\t\t\t<span>\n\t\t\t\t\t\t\t\tDostavka produkcii\t\t\t\t\t\t\t<\/span>\n\t\t\t\t\t\t<\/div>\n\t\t\t\t\t\t<span class=\"wd-accordion-opener\"><\/span>\n\t\t\t\t\t<\/div>\n\n\t\t\t\t\t<div class=\"wd-accordion-content wd-entry-content\" data-accordion-index=\"3\">\n\t\t\t\t\t\t\t\t\t\t\t\t\t\n\t\t\t\t\t\t\t<p>M\u044b osu\u0449estvl\u044fem dostavku sovmestno s kur\u044cersko\u0439 slu\u017ebo\u0439 Postexpress i GLS (b\u044bstra\u044f po\u010dta) po l\u044ebomu adresu v Respublike Serbii, pri \u044dtom plata za \u044dtu uslugu vzimaets\u044f kur\u044cersko\u0439 slu\u017ebo\u0439. V\u044b budete uvedomlen\u044b o dostavke tovara, kak tol\u044cko m\u044b polu\u010dim va\u0161 zakaz. <\/p><p>M\u044b otpravl\u044fem zakazann\u044b\u0439 vami tovar posredstvom slu\u017eb\u044b \u044dkspress-po\u010dt\u044b, i posle togo, kak m\u044b peredaem gruz na otpravku, m\u044b ne imeem nikakogo vli\u044fni\u044f na sroki dostavki i ne nesem otvetstvennosti za vozmo\u017en\u044be zader\u017eki ili nedostavku tovara.<\/p><p>Kur\u044cerskie slu\u017eb\u044b dostavl\u044f\u044et gruz\u044b po adresu dostavki do 18:00. ka\u017ed\u044b\u0439 rabo\u010di\u0439 den\u044c. Po\u017ealu\u0439sta, ubedites\u044c, \u010dto v \u044dtot period po adresu budet \u010delovek, kotor\u044b\u0439 smo\u017eet zabrat\u044c pos\u044blku. <\/p><p>Esli slu\u010dits\u044f tak, \u010dto slu\u017eba ne smo\u017eet osu\u0449estvit\u044c dostavku, poskol\u044cku po ukazannomu adresu v soglasovannoe vrem\u044f ne oka\u017eets\u044f nikogo, kto mog b\u044b zabrat\u044c zakazann\u044b\u0439 tovar, tovar budet vozvra\u0449en v va\u0161e po\u010dtovoe otdelenie, i v\u044b smo\u017eete zabrat\u044c pos\u044blku v te\u010denie sledu\u044e\u0449ih 7 rabo\u010dih dne\u0439. V slu\u010dae vozvrata pos\u044blki k nam m\u044b sv\u044f\u017eems\u044f s vami, \u010dtob\u044b v\u044b\u044fsnit\u044c pri\u010dinu nepolu\u010deni\u044f pos\u044blki i dogovorit\u044cs\u044f o ee povtorno\u0439 otpravke. Esli pos\u044blka otpravl\u044fets\u044f povtorno, to po\u010dtov\u044be rashod\u044b, vkl\u044e\u010da\u044f rashod\u044b na vozvrat, neset pokupatel\u044c soglasno oficial\u044cnomu pre\u0439skurantu kur\u044cerskih slu\u017eb.  <\/p><p>Esli \u010delovek, kotoromu otpravl\u044fets\u044f na\u0161 tovar v podarok, ne zaho\u010det polu\u010dat\u044c va\u0161 podarok pri dostavke, kur\u044cer vernet zakaz, m\u044b sv\u044f\u017eems\u044f s vami, i zakaz budet s\u010ditat\u044cs\u044f v\u044bpolnenn\u044bm. Esli v\u044b zametili, \u010dto transportna\u044f korobka povre\u017edena, i podozrevaete, \u010dto tovar mog b\u044bt\u044c povre\u017eden (vskr\u044bt), otka\u017eites\u044c ot polu\u010deni\u044f gruza i nemedlenno soob\u0449ite nam ob \u044dtom. <\/p><p>Otsle\u017eivanie pos\u044blki: <a href=\"http:\/\/www.postexpress.rs\/struktura\/lat\/aplikacije\/alati\/track-and-trace.asp\" target=\"_blank\" rel=\"noopener\">SS\u042bLKA<\/a><\/p>\n\t\t\t\t\t\t\t\t\t\t\t\t\t\t\t\t\t\t<\/div>\n\t\t\t\t<\/div>\n\t\t\t\t\t\t\t\n\t\t\t\t<div class=\"wd-accordion-item\">\n\t\t\t\t\t<div class=\"wd-accordion-title wd-role-btn\" data-accordion-index=\"4\" tabindex=\"0\">\n\t\t\t\t\t\t<div class=\"wd-accordion-title-text\">\n\t\t\t\t\t\t\t\t\t\t\t\t\t\t<span>\n\t\t\t\t\t\t\t\tUslovi\u044f pretenzii\t\t\t\t\t\t\t<\/span>\n\t\t\t\t\t\t<\/div>\n\t\t\t\t\t\t<span class=\"wd-accordion-opener\"><\/span>\n\t\t\t\t\t<\/div>\n\n\t\t\t\t\t<div class=\"wd-accordion-content wd-entry-content\" data-accordion-index=\"4\">\n\t\t\t\t\t\t\t\t\t\t\t\t\t\n\t\t\t\t\t\t\t<p>Esli v\u044b ne udovletvoren\u044b na\u0161im obslu\u017eivaniem ili produktom, po\u017ealu\u0439sta, sv\u044f\u017eites\u044c s nami po \u044dlektronno\u0439 po\u010dte ne pozdnee, \u010dem \u010derez 4 \u010dasa posle dostavki. M\u044b prinimaem \u017ealob\u044b tol\u044cko v tom slu\u010dae, esli v\u044b predostavite nam pis\u044cmennoe opisanie, a tak\u017ee fotografii i\/ili videozapis\u044c voznik\u0161e\u0439 u vas problem\u044b. Reklamiruem\u044b\u0439 produkt dol\u017een b\u044bt\u044c sfotografirovan v tom sosto\u044fnii, v kotorom on b\u044bl na\u0439den, a ne posle ispol\u044czovani\u044f. Na\u0161i sotrudniki ob\u044fzan\u044b otvetit\u044c vam ne pozdnee, \u010dem \u010derez 48 \u010dasov posle polu\u010deni\u044f va\u0161ego \u044dlektronnogo pis\u044cma. Esli m\u044b so\u010dtem va\u0161u \u017ealobu obosnovanno\u0439, Maison Adorable vozmestit stoimost\u044c zakaza.    <\/p>\n\t\t\t\t\t\t\t\t\t\t\t\t\t\t\t\t\t\t<\/div>\n\t\t\t\t<\/div>\n\t\t\t\t\t\t\t\n\t\t\t\t<div class=\"wd-accordion-item\">\n\t\t\t\t\t<div class=\"wd-accordion-title wd-role-btn\" data-accordion-index=\"5\" tabindex=\"0\">\n\t\t\t\t\t\t<div class=\"wd-accordion-title-text\">\n\t\t\t\t\t\t\t\t\t\t\t\t\t\t<span>\n\t\t\t\t\t\t\t\tRastor\u017eenie dogovora\t\t\t\t\t\t\t<\/span>\n\t\t\t\t\t\t<\/div>\n\t\t\t\t\t\t<span class=\"wd-accordion-opener\"><\/span>\n\t\t\t\t\t<\/div>\n\n\t\t\t\t\t<div class=\"wd-accordion-content wd-entry-content\" data-accordion-index=\"5\">\n\t\t\t\t\t\t\t\t\t\t\t\t\t\n\t\t\t\t\t\t\t<p>V sootvetstvii so stat\u044ce\u0439 28 Zakona o za\u0449ite prav potrebitele\u0439 Respubliki Serbii v\u044b kak <strong>potrebitel\u044c<\/strong> imeete pravo otkazat\u044cs\u044f ot dogovora, zakl\u044e\u010dennogo na rassto\u044fnii, t. e. vne pome\u0449eni\u044f prodavca, v te\u010denie 7 dne\u0439 so dn\u044f prib\u044bti\u044f tovara v va\u0161u stranu kak potrebitel\u044f i so dn\u044f otpravki vam po \u044dlektronno\u0439 po\u010dte form\u044b otkaza. <\/p><p>Na osnovanii stat\u044ci 35 Zakona o za\u0449ite prav potrebitele\u0439 Respubliki Serbii potrebitel\u044c ob\u044fzan vernut\u044c tovar prodavcu bez promedleni\u044f i ne pozdnee, \u010dem v te\u010denie 7 dne\u0439 so dn\u044f otpravki za\u044fvleni\u044f ob otkaze. <\/p><p>Vo izbe\u017eanie somneni\u0439, tovar budet s\u010ditat\u044cs\u044f vozvra\u0449enn\u044bm v te\u010denie sroka, esli potrebitel\u044c otpravil tovar obratno do iste\u010deni\u044f 7-dnevnogo sroka s momenta otpravki form\u044b otmen\u044b. Potrebitel\u044c neset pr\u044fm\u044be rashod\u044b po vozvratu tovara. <\/p><p>Vozvratu podle\u017eit tol\u044cko nepovre\u017edenn\u044b\u0439 tovar, nahod\u044f\u0449i\u0439s\u044f v original\u044cno\u0439 upakovke.<\/p><p>V slu\u010dae zakonnogo otkaza ot dogovora prodavec ob\u044fzan vozvratit\u044c pokupatel\u044e upla\u010dennu\u044e im po dogovoru summu bez promedleni\u044f, no ne pozdnee 7 dne\u0439 so dn\u044f polu\u010deni\u044f im za\u044fvleni\u044f ob otkaze. Prodavec imeet pravo otlo\u017eit\u044c vozvrat sredstv do teh por, poka ne polu\u010dit vozvra\u0449aem\u044b\u0439 tovar ili poka pokupatel\u044c ne predostavit dokazatel\u044cstvo otpravki tovara Prodavcu, v zavisimosti ot togo, \u010dto nastupit ran\u044c\u0161e. <\/p><p>Vozvrat dene\u017en\u044bh sredstv pokupatel\u044e osu\u0449estvl\u044fets\u044f po soglasovani\u044e s pokupatelem.<\/p>\n\t\t\t\t\t\t\t\t\t\t\t\t\t\t\t\t\t\t<\/div>\n\t\t\t\t<\/div>\n\t\t\t\t\t\t\t\n\t\t\t\t<div class=\"wd-accordion-item\">\n\t\t\t\t\t<div class=\"wd-accordion-title wd-role-btn\" data-accordion-index=\"6\" tabindex=\"0\">\n\t\t\t\t\t\t<div class=\"wd-accordion-title-text\">\n\t\t\t\t\t\t\t\t\t\t\t\t\t\t<span>\n\t\t\t\t\t\t\t\tOsnovna\u044f informaci\u044f:\t\t\t\t\t\t\t<\/span>\n\t\t\t\t\t\t<\/div>\n\t\t\t\t\t\t<span class=\"wd-accordion-opener\"><\/span>\n\t\t\t\t\t<\/div>\n\n\t\t\t\t\t<div class=\"wd-accordion-content wd-entry-content\" data-accordion-index=\"6\">\n\t\t\t\t\t\t\t\t\t\t\t\t\t\n\t\t\t\t\t\t\t<p>Im\u044f: Maison Adorable<br> Nazvanie kompanii: Maison Adorable doo<br> Status: De\u0439stvu\u044e\u0449a\u044f kompani\u044f<br> Pravova\u044f forma: Ob\u0449estvo s ograni\u010denno\u0439 otvetstvennost\u044c\u044e<br> Registracionn\u044b\u0439 nomer: 21640298<br> Data sozdani\u044f: 16.12.2020.<\/p>\n\t\t\t\t\t\t\t\t\t\t\t\t\t\t\t\t\t\t<\/div>\n\t\t\t\t<\/div>\n\t\t\t\t\t\t\t\n\t\t\t\t<div class=\"wd-accordion-item\">\n\t\t\t\t\t<div class=\"wd-accordion-title wd-role-btn\" data-accordion-index=\"7\" tabindex=\"0\">\n\t\t\t\t\t\t<div class=\"wd-accordion-title-text\">\n\t\t\t\t\t\t\t\t\t\t\t\t\t\t<span>\n\t\t\t\t\t\t\t\tSoglasie i izmenenie uslovi\u0439\t\t\t\t\t\t\t<\/span>\n\t\t\t\t\t\t<\/div>\n\t\t\t\t\t\t<span class=\"wd-accordion-opener\"><\/span>\n\t\t\t\t\t<\/div>\n\n\t\t\t\t\t<div class=\"wd-accordion-content wd-entry-content\" data-accordion-index=\"7\">\n\t\t\t\t\t\t\t\t\t\t\t\t\t\n\t\t\t\t\t\t\t<p>Ispol\u044czovanie na\u0161ih uslug podrazumevaet soglasie pol\u044czovatel\u044f s ukazann\u044bmi uslovi\u044fmi ispol\u044czovani\u044f. Maison Adorable ob\u044fzuets\u044f sobl\u044edat\u044c vse v\u044b\u0161epere\u010dislenn\u044be polo\u017eeni\u044f, i vse izmeneni\u044f uslovi\u0439 vstupa\u044et v silu tol\u044cko posle ih publikacii na \u044dto\u0439 stranice i otpravki uvedomleni\u044f po \u044dlektronno\u0439 po\u010dte vsem zaregistrirovann\u044bm pol\u044czovatel\u044fm. <\/p>\n\t\t\t\t\t\t\t\t\t\t\t\t\t\t\t\t\t\t<\/div>\n\t\t\t\t<\/div>\n\t\t\t\t\t<\/div>\n\t\t\t\t\t\t<\/div>\n\t\t\t\t<\/div>\n\t\t\t\t\t<\/div>\n\t\t<\/div>\n\t\t\t\t\t<\/div>\n\t\t<\/section>\n\t\t\t\t<\/div>\n\t\t","protected":false},"excerpt":{"rendered":"<p>Cen\u044b na produkci\u044e Vse cen\u044b na produkci\u044e na sa\u0439te okon\u010datel\u044cn\u044be i ukazan\u044b v dinarah. (RSD). Sposob\u044b oplat\u044b Oplata v internet-magazine<\/p>\n","protected":false},"author":1,"featured_media":0,"parent":0,"menu_order":0,"comment_status":"closed","ping_status":"closed","template":"","meta":{"footnotes":""},"class_list":["post-13934","page","type-page","status-publish","hentry"],"yoast_head":"<!-- This site is optimized with the Yoast SEO plugin v27.4 - https:\/\/yoast.com\/product\/yoast-seo-wordpress\/ -->\n<title>Uslovi\u044f \u044dkspluatacii - Maison Adorable<\/title>\n<meta name=\"robots\" content=\"index, follow, max-snippet:-1, max-image-preview:large, max-video-preview:-1\" \/>\n<link rel=\"canonical\" href=\"https:\/\/maisonadorable.rs\/ru\/uslovi-kspluatacii\/\" \/>\n<meta property=\"og:locale\" content=\"ru_RU\" \/>\n<meta property=\"og:type\" content=\"article\" \/>\n<meta property=\"og:title\" content=\"Uslovi\u044f \u044dkspluatacii - Maison Adorable\" \/>\n<meta property=\"og:description\" content=\"Cen\u044b na produkci\u044e Vse cen\u044b na produkci\u044e na sa\u0439te okon\u010datel\u044cn\u044be i ukazan\u044b v dinarah. (RSD). Sposob\u044b oplat\u044b Oplata v internet-magazine\" \/>\n<meta property=\"og:url\" content=\"https:\/\/maisonadorable.rs\/ru\/uslovi-kspluatacii\/\" \/>\n<meta property=\"og:site_name\" content=\"Maison Adorable\" \/>\n<meta property=\"article:publisher\" content=\"https:\/\/www.facebook.com\/Maison.adorable.homedecor\" \/>\n<meta property=\"article:modified_time\" content=\"2025-05-31T11:54:46+00:00\" \/>\n<meta name=\"twitter:card\" content=\"summary_large_image\" \/>\n<script type=\"application\/ld+json\" class=\"yoast-schema-graph\">{\"@context\":\"https:\\\/\\\/schema.org\",\"@graph\":[{\"@type\":\"WebPage\",\"@id\":\"https:\\\/\\\/maisonadorable.rs\\\/ru\\\/uslovi-kspluatacii\\\/\",\"url\":\"https:\\\/\\\/maisonadorable.rs\\\/ru\\\/uslovi-kspluatacii\\\/\",\"name\":\"\u0423\u0441\u043b\u043e\u0432\u0438\u044f \u044d\u043a\u0441\u043f\u043b\u0443\u0430\u0442\u0430\u0446\u0438\u0438 - Maison Adorable\",\"isPartOf\":{\"@id\":\"https:\\\/\\\/maisonadorable.rs\\\/#website\"},\"datePublished\":\"2022-03-06T18:20:30+00:00\",\"dateModified\":\"2025-05-31T11:54:46+00:00\",\"breadcrumb\":{\"@id\":\"https:\\\/\\\/maisonadorable.rs\\\/ru\\\/uslovi-kspluatacii\\\/#breadcrumb\"},\"inLanguage\":\"ru-RU\",\"potentialAction\":[{\"@type\":\"ReadAction\",\"target\":[\"https:\\\/\\\/maisonadorable.rs\\\/ru\\\/uslovi-kspluatacii\\\/\"]}]},{\"@type\":\"BreadcrumbList\",\"@id\":\"https:\\\/\\\/maisonadorable.rs\\\/ru\\\/uslovi-kspluatacii\\\/#breadcrumb\",\"itemListElement\":[{\"@type\":\"ListItem\",\"position\":1,\"name\":\"Po\u010detna\",\"item\":\"https:\\\/\\\/maisonadorable.rs\\\/ru\\\/\"},{\"@type\":\"ListItem\",\"position\":2,\"name\":\"Uslovi\u044f \u044dkspluatacii\"}]},{\"@type\":\"WebSite\",\"@id\":\"https:\\\/\\\/maisonadorable.rs\\\/#website\",\"url\":\"https:\\\/\\\/maisonadorable.rs\\\/\",\"name\":\"Maison Adorable\",\"description\":\"Maison Adorable, delimo inspiraciju u ljubav, i \u0161aljemo radost u malim pakovanjima!\",\"publisher\":{\"@id\":\"https:\\\/\\\/maisonadorable.rs\\\/#organization\"},\"potentialAction\":[{\"@type\":\"SearchAction\",\"target\":{\"@type\":\"EntryPoint\",\"urlTemplate\":\"https:\\\/\\\/maisonadorable.rs\\\/?s={search_term_string}\"},\"query-input\":{\"@type\":\"PropertyValueSpecification\",\"valueRequired\":true,\"valueName\":\"search_term_string\"}}],\"inLanguage\":\"ru-RU\"},{\"@type\":\"Organization\",\"@id\":\"https:\\\/\\\/maisonadorable.rs\\\/#organization\",\"name\":\"Maison Adorable\",\"url\":\"https:\\\/\\\/maisonadorable.rs\\\/\",\"logo\":{\"@type\":\"ImageObject\",\"inLanguage\":\"ru-RU\",\"@id\":\"https:\\\/\\\/maisonadorable.rs\\\/#\\\/schema\\\/logo\\\/image\\\/\",\"url\":\"https:\\\/\\\/maisonadorable.rs\\\/wp-content\\\/uploads\\\/2022\\\/04\\\/logo.png\",\"contentUrl\":\"https:\\\/\\\/maisonadorable.rs\\\/wp-content\\\/uploads\\\/2022\\\/04\\\/logo.png\",\"width\":1081,\"height\":1081,\"caption\":\"Maison Adorable\"},\"image\":{\"@id\":\"https:\\\/\\\/maisonadorable.rs\\\/#\\\/schema\\\/logo\\\/image\\\/\"},\"sameAs\":[\"https:\\\/\\\/www.facebook.com\\\/Maison.adorable.homedecor\",\"https:\\\/\\\/www.instagram.com\\\/maison_adorable\\\/\"]}]}<\/script>\n<!-- \/ Yoast SEO plugin. -->","yoast_head_json":{"title":"Uslovi\u044f \u044dkspluatacii - Maison Adorable","robots":{"index":"index","follow":"follow","max-snippet":"max-snippet:-1","max-image-preview":"max-image-preview:large","max-video-preview":"max-video-preview:-1"},"canonical":"https:\/\/maisonadorable.rs\/ru\/uslovi-kspluatacii\/","og_locale":"ru_RU","og_type":"article","og_title":"Uslovi\u044f \u044dkspluatacii - Maison Adorable","og_description":"Cen\u044b na produkci\u044e Vse cen\u044b na produkci\u044e na sa\u0439te okon\u010datel\u044cn\u044be i ukazan\u044b v dinarah. (RSD). Sposob\u044b oplat\u044b Oplata v internet-magazine","og_url":"https:\/\/maisonadorable.rs\/ru\/uslovi-kspluatacii\/","og_site_name":"Maison Adorable","article_publisher":"https:\/\/www.facebook.com\/Maison.adorable.homedecor","article_modified_time":"2025-05-31T11:54:46+00:00","twitter_card":"summary_large_image","schema":{"@context":"https:\/\/schema.org","@graph":[{"@type":"WebPage","@id":"https:\/\/maisonadorable.rs\/ru\/uslovi-kspluatacii\/","url":"https:\/\/maisonadorable.rs\/ru\/uslovi-kspluatacii\/","name":"Uslovi\u044f \u044dkspluatacii - Maison Adorable","isPartOf":{"@id":"https:\/\/maisonadorable.rs\/#website"},"datePublished":"2022-03-06T18:20:30+00:00","dateModified":"2025-05-31T11:54:46+00:00","breadcrumb":{"@id":"https:\/\/maisonadorable.rs\/ru\/uslovi-kspluatacii\/#breadcrumb"},"inLanguage":"ru-RU","potentialAction":[{"@type":"ReadAction","target":["https:\/\/maisonadorable.rs\/ru\/uslovi-kspluatacii\/"]}]},{"@type":"BreadcrumbList","@id":"https:\/\/maisonadorable.rs\/ru\/uslovi-kspluatacii\/#breadcrumb","itemListElement":[{"@type":"ListItem","position":1,"name":"Po\u010detna","item":"https:\/\/maisonadorable.rs\/ru\/"},{"@type":"ListItem","position":2,"name":"Uslovi\u044f \u044dkspluatacii"}]},{"@type":"WebSite","@id":"https:\/\/maisonadorable.rs\/#website","url":"https:\/\/maisonadorable.rs\/","name":"Maison Adorable","description":"Maison Adorable, delimo inspiraciju u ljubav, i \u0161aljemo radost u malim pakovanjima!","publisher":{"@id":"https:\/\/maisonadorable.rs\/#organization"},"potentialAction":[{"@type":"SearchAction","target":{"@type":"EntryPoint","urlTemplate":"https:\/\/maisonadorable.rs\/?s={search_term_string}"},"query-input":{"@type":"PropertyValueSpecification","valueRequired":true,"valueName":"search_term_string"}}],"inLanguage":"ru-RU"},{"@type":"Organization","@id":"https:\/\/maisonadorable.rs\/#organization","name":"Maison Adorable","url":"https:\/\/maisonadorable.rs\/","logo":{"@type":"ImageObject","inLanguage":"ru-RU","@id":"https:\/\/maisonadorable.rs\/#\/schema\/logo\/image\/","url":"https:\/\/maisonadorable.rs\/wp-content\/uploads\/2022\/04\/logo.png","contentUrl":"https:\/\/maisonadorable.rs\/wp-content\/uploads\/2022\/04\/logo.png","width":1081,"height":1081,"caption":"Maison Adorable"},"image":{"@id":"https:\/\/maisonadorable.rs\/#\/schema\/logo\/image\/"},"sameAs":["https:\/\/www.facebook.com\/Maison.adorable.homedecor","https:\/\/www.instagram.com\/maison_adorable\/"]}]}},"_links":{"self":[{"href":"https:\/\/maisonadorable.rs\/ru\/wp-json\/wp\/v2\/pages\/13934","targetHints":{"allow":["GET"]}}],"collection":[{"href":"https:\/\/maisonadorable.rs\/ru\/wp-json\/wp\/v2\/pages"}],"about":[{"href":"https:\/\/maisonadorable.rs\/ru\/wp-json\/wp\/v2\/types\/page"}],"author":[{"embeddable":true,"href":"https:\/\/maisonadorable.rs\/ru\/wp-json\/wp\/v2\/users\/1"}],"replies":[{"embeddable":true,"href":"https:\/\/maisonadorable.rs\/ru\/wp-json\/wp\/v2\/comments?post=13934"}],"version-history":[{"count":1,"href":"https:\/\/maisonadorable.rs\/ru\/wp-json\/wp\/v2\/pages\/13934\/revisions"}],"predecessor-version":[{"id":13938,"href":"https:\/\/maisonadorable.rs\/ru\/wp-json\/wp\/v2\/pages\/13934\/revisions\/13938"}],"wp:attachment":[{"href":"https:\/\/maisonadorable.rs\/ru\/wp-json\/wp\/v2\/media?parent=13934"}],"curies":[{"name":"wp","href":"https:\/\/api.w.org\/{rel}","templated":true}]}}