{"id":13941,"date":"2023-02-10T10:02:56","date_gmt":"2023-02-10T09:02:56","guid":{"rendered":"https:\/\/maisonadorable.rs\/oformlenie-nebol\/?sih-torzestv\/"},"modified":"2025-05-31T12:55:00","modified_gmt":"2025-05-31T11:55:00","slug":"oformlenie-nebolsih-torzestv","status":"publish","type":"page","link":"https:\/\/maisonadorable.rs\/ru\/oformlenie-nebolsih-torzestv\/","title":{"rendered":"Oformlenie nebol\u044c\u0161ih tor\u017eestv"},"content":{"rendered":"\t\t<div data-elementor-type=\"wp-page\" data-elementor-id=\"13941\" class=\"elementor elementor-13941 elementor-2255\" data-elementor-post-type=\"page\">\n\t\t\t\t<div class=\"wd-negative-gap elementor-element elementor-element-a14d74d e-flex e-con-boxed e-con e-parent\" data-id=\"a14d74d\" data-element_type=\"container\" data-e-type=\"container\">\n\t\t\t\t\t<div class=\"e-con-inner\">\n\t\t<div class=\"elementor-element elementor-element-9f8eeb6 e-con-full e-flex e-con e-child\" data-id=\"9f8eeb6\" data-element_type=\"container\" data-e-type=\"container\">\n\t\t\t\t<div class=\"elementor-element elementor-element-65792cb elementor-widget elementor-widget-wd_image_or_svg\" data-id=\"65792cb\" data-element_type=\"widget\" data-e-type=\"widget\" data-widget_type=\"wd_image_or_svg.default\">\n\t\t\t\t<div class=\"elementor-widget-container\">\n\t\t\t\t\t\n\t\t<div class=\"wd-image text-center\">\n\t\t\t\t\t\t\t\t<img decoding=\"async\" width=\"900\" height=\"1200\" src=\"https:\/\/maisonadorable.rs\/wp-content\/uploads\/2023\/01\/Sonja-dvoriste-900x1200-32.jpeg\" class=\"attachment-full size-full\" alt=\"escajg\" srcset=\"https:\/\/maisonadorable.rs\/wp-content\/uploads\/2023\/01\/Sonja-dvoriste-900x1200-32.jpeg 900w, https:\/\/maisonadorable.rs\/wp-content\/uploads\/2023\/01\/Sonja-dvoriste-900x1200-32-430x573.jpeg 430w, https:\/\/maisonadorable.rs\/wp-content\/uploads\/2023\/01\/Sonja-dvoriste-900x1200-32-190x253.jpeg 190w, https:\/\/maisonadorable.rs\/wp-content\/uploads\/2023\/01\/Sonja-dvoriste-900x1200-32-700x933.jpeg 700w, https:\/\/maisonadorable.rs\/wp-content\/uploads\/2023\/01\/Sonja-dvoriste-900x1200-32-200x267.jpeg 200w, https:\/\/maisonadorable.rs\/wp-content\/uploads\/2023\/01\/Sonja-dvoriste-900x1200-32-400x533.jpeg 400w, https:\/\/maisonadorable.rs\/wp-content\/uploads\/2023\/01\/Sonja-dvoriste-900x1200-32-600x800.jpeg 600w, https:\/\/maisonadorable.rs\/wp-content\/uploads\/2023\/01\/Sonja-dvoriste-900x1200-32-800x1067.jpeg 800w\" sizes=\"(max-width: 900px) 100vw, 900px\" \/>\t\t\t\t\t<\/div>\n\n\t\t\t\t\t\t<\/div>\n\t\t\t\t<\/div>\n\t\t\t\t<\/div>\n\t\t<div class=\"elementor-element elementor-element-ac52dca e-con-full e-flex e-con e-child\" data-id=\"ac52dca\" data-element_type=\"container\" data-e-type=\"container\">\n\t\t\t\t<div class=\"elementor-element elementor-element-e2e82c5 wd-width-100 elementor-widget elementor-widget-wd_title\" data-id=\"e2e82c5\" data-element_type=\"widget\" data-e-type=\"widget\" data-widget_type=\"wd_title.default\">\n\t\t\t\t<div class=\"elementor-widget-container\">\n\t\t\t\t\t\t\t<div class=\"title-wrapper wd-set-mb reset-last-child wd-title-color-default wd-title-style-default wd-title-size-default text-left\">\n\n\t\t\t\n\t\t\t<div class=\"liner-continer\">\n\t\t\t\t<h1 class=\"woodmart-title-container title wd-fontsize-l wd-underline-colored\">UKRA\u0160ENIE MEN\u042c\u0160IH PRAZDNIKOV<\/h1> \n\t\t\t\t\t\t\t<\/div>\n\n\t\t\t\t\t<\/div>\n\t\t\t\t\t\t<\/div>\n\t\t\t\t<\/div>\n\t\t\t\t<div class=\"elementor-element elementor-element-d1106b3 elementor-widget elementor-widget-wd_text_block\" data-id=\"d1106b3\" data-element_type=\"widget\" data-e-type=\"widget\" data-widget_type=\"wd_text_block.default\">\n\t\t\t\t<div class=\"elementor-widget-container\">\n\t\t\t\t\t\t\t<div class=\"wd-text-block reset-last-child text-left\">\n\t\t\t\n\t\t\t<p>M\u044b vse l\u044ebim sobirat\u044cs\u044f za stolom s blizkimi l\u044ed\u044cmi: sem\u044ce\u0439, druz\u044c\u044fmi, delov\u044bmi partnerami... Stol stanovits\u044f e\u0449e krasivee, esli on ukra\u0161en v osobom stile. Togda vse \u010duvstva polu\u010da\u044et nasla\u017edenie. <\/p>\n<p>Komanda Maison Adorable predlagaet uslugi po oformleni\u044e nebol\u044c\u0161ih tor\u017eestv u vas doma, v v\u044bbrannom vami restorane ili v l\u044ebom drugom pome\u0449enii po dogovorennosti.<\/p>\n<p>Oformlenie nebol\u044c\u0161ih tor\u017eestv podrazumevaet servirovku stola na 2\u201320 goste\u0439 dl\u044f obeda ili u\u017eina, prazdni\u010dn\u044bh tor\u017eestv, nebol\u044c\u0161ih tor\u017eestv, nebol\u044c\u0161ih \u010dastn\u044bh svadeb, osob\u044bh slu\u010daev, dne\u0439 ro\u017edeni\u044f ili drugih slu\u010daev s dekorom v v\u044bbrannom stile.<\/p>\n<p class=\"has-medium-font-size\"><strong>Kak m\u044b rabotaem?<\/strong><\/p>\n<p>Kogda v\u044b sv\u044fz\u044bvaetes\u044c s nami i izlagaete svoi po\u017eelani\u044f, m\u044b otpravl\u044fem vam predlo\u017eenie s konceptual\u044cn\u044bm opisaniem.<\/p>\n\n\t\t\t\t\t<\/div>\n\t\t\t\t\t\t<\/div>\n\t\t\t\t<\/div>\n\t\t\t\t<div class=\"elementor-element elementor-element-eeee7fb elementor-widget elementor-widget-wd_social_buttons\" data-id=\"eeee7fb\" data-element_type=\"widget\" data-e-type=\"widget\" data-widget_type=\"wd_social_buttons.default\">\n\t\t\t\t<div class=\"elementor-widget-container\">\n\t\t\t\t\t\t\t\t<div\n\t\t\t\t\t\tclass=\" wd-social-icons wd-style-bordered wd-size-default social-share wd-shape-circle color-scheme-dark text-left\">\n\t\t\t\t\n\t\t\t\t\n\t\t\t\t\t\t\t\t\t<a rel=\"noopener noreferrer nofollow\" href=\"https:\/\/www.facebook.com\/sharer\/sharer.php?u=https:\/\/maisonadorable.rs\/ru\/oformlenie-nebolsih-torzestv\/\" target=\"_blank\" class=\" wd-social-icon social-facebook\" aria-label=\"Facebook social link\">\n\t\t\t\t\t\t<span class=\"wd-icon\"><\/span>\n\t\t\t\t\t\t\t\t\t\t\t<\/a>\n\t\t\t\t\n\t\t\t\t\t\t\t\t\t<a rel=\"noopener noreferrer nofollow\" href=\"https:\/\/x.com\/share?url=https:\/\/maisonadorable.rs\/ru\/oformlenie-nebolsih-torzestv\/\" target=\"_blank\" class=\" wd-social-icon social-twitter\" aria-label=\"X social link\">\n\t\t\t\t\t\t<span class=\"wd-icon\"><\/span>\n\t\t\t\t\t\t\t\t\t\t\t<\/a>\n\t\t\t\t\n\t\t\t\t\n\t\t\t\t\n\t\t\t\t\n\t\t\t\t\n\t\t\t\t\n\t\t\t\t\t\t\t\t\t<a rel=\"noopener noreferrer nofollow\" href=\"https:\/\/pinterest.com\/pin\/create\/button\/?url=https:\/\/maisonadorable.rs\/ru\/oformlenie-nebolsih-torzestv\/&#038;media=https:\/\/maisonadorable.rs\/wp-includes\/images\/media\/default.svg&#038;description=Oformlenie%20nebol%D1%8C%C5%A1ih%20tor%C5%BEestv\" target=\"_blank\" class=\" wd-social-icon social-pinterest\" aria-label=\"Pinterest social link\">\n\t\t\t\t\t\t<span class=\"wd-icon\"><\/span>\n\t\t\t\t\t\t\t\t\t\t\t<\/a>\n\t\t\t\t\n\t\t\t\t\n\t\t\t\t\t\t\t\t\t<a rel=\"noopener noreferrer nofollow\" href=\"https:\/\/www.linkedin.com\/shareArticle?mini=true&#038;url=https:\/\/maisonadorable.rs\/ru\/oformlenie-nebolsih-torzestv\/\" target=\"_blank\" class=\" wd-social-icon social-linkedin\" aria-label=\"Linkedin social link\">\n\t\t\t\t\t\t<span class=\"wd-icon\"><\/span>\n\t\t\t\t\t\t\t\t\t\t\t<\/a>\n\t\t\t\t\n\t\t\t\t\n\t\t\t\t\n\t\t\t\t\n\t\t\t\t\n\t\t\t\t\n\t\t\t\t\n\t\t\t\t\n\t\t\t\t\n\t\t\t\t\t\t\t\t\t<a rel=\"noopener noreferrer nofollow\" href=\"https:\/\/api.whatsapp.com\/send?text=https%3A%2F%2Fmaisonadorable.rs%2Fru%2Foformlenie-nebolsih-torzestv%2F\" target=\"_blank\" class=\" wd-hide-md wd-social-icon social-whatsapp\" aria-label=\"WhatsApp social link\">\n\t\t\t\t\t\t<span class=\"wd-icon\"><\/span>\n\t\t\t\t\t\t\t\t\t\t\t<\/a>\n\n\t\t\t\t\t<a rel=\"noopener noreferrer nofollow\" href=\"whatsapp:\/\/send?text=http:\/\/https%3A%2F%2Fmaisonadorable.rs%2Fru%2Foformlenie-nebolsih-torzestv%2F\" target=\"_blank\" class=\" wd-hide-lg wd-social-icon social-whatsapp\" aria-label=\"WhatsApp social link\">\n\t\t\t\t\t\t<span class=\"wd-icon\"><\/span>\n\t\t\t\t\t\t\t\t\t\t\t<\/a>\n\t\t\t\t\n\t\t\t\t\n\t\t\t\t\n\t\t\t\t\n\t\t\t\t\n\t\t\t\t\n\t\t\t\t\t\t\t\t\t<a rel=\"noopener noreferrer nofollow\" href=\"https:\/\/telegram.me\/share\/url?url=https:\/\/maisonadorable.rs\/ru\/oformlenie-nebolsih-torzestv\/\" target=\"_blank\" class=\" wd-social-icon social-tg\" aria-label=\"Telegram social link\">\n\t\t\t\t\t\t<span class=\"wd-icon\"><\/span>\n\t\t\t\t\t\t\t\t\t\t\t<\/a>\n\t\t\t\t\n\t\t\t\t\t\t\t\t\t<a rel=\"noopener noreferrer nofollow\" href=\"viber:\/\/forward?text=http:\/\/https%3A%2F%2Fmaisonadorable.rs%2Fru%2Foformlenie-nebolsih-torzestv%2F\" target=\"_blank\" class=\" wd-social-icon social-viber\" aria-label=\"Viber social link\">\n\t\t\t\t\t\t<span class=\"wd-icon\"><\/span>\n\t\t\t\t\t\t\t\t\t\t\t<\/a>\n\t\t\t\t\n\t\t\t<\/div>\n\n\t\t\t\t\t\t<\/div>\n\t\t\t\t<\/div>\n\t\t\t\t<\/div>\n\t\t\t\t\t<\/div>\n\t\t\t\t<\/div>\n\t\t\t\t<\/div>\n\t\t","protected":false},"excerpt":{"rendered":"<p>UKRA\u0160ENIE MEN\u042c\u0160IH PRAZDNIKOV M\u044b vse l\u044ebim sobirat\u044cs\u044f za stolom s blizkimi l\u044ed\u044cmi: sem\u044ce\u0439, druz\u044c\u044fmi, delov\u044bmi partnerami&#8230; Stol stanovits\u044f e\u0449e krasivee,<\/p>\n","protected":false},"author":2,"featured_media":0,"parent":0,"menu_order":0,"comment_status":"closed","ping_status":"closed","template":"elementor_header_footer","meta":{"footnotes":""},"class_list":["post-13941","page","type-page","status-publish","hentry"],"yoast_head":"<!-- This site is optimized with the Yoast SEO plugin v27.4 - https:\/\/yoast.com\/product\/yoast-seo-wordpress\/ -->\n<title>Oformlenie nebol\u044c\u0161ih tor\u017eestv - Maison Adorable<\/title>\n<meta name=\"description\" content=\"M\u044b predlagaem uslugi po oformleni\u044e nebol\u044c\u0161ih tor\u017eestv u vas doma, v v\u044bbrannom vami restorane ili v l\u044ebom drugom pome\u0449enii po dogovorennosti. Menee mas\u0161tabn\u044be tor\u017eestva vkl\u044e\u010da\u044et prazdni\u010dn\u044be obed\u044b ili u\u017ein\u044b, kamern\u044be tor\u017eestva, nebol\u044c\u0161ie \u010dastn\u044be svad\u044cb\u044b, osob\u044be slu\u010dai, dni ro\u017edeni\u044f...\" \/>\n<meta name=\"robots\" content=\"index, follow, max-snippet:-1, max-image-preview:large, max-video-preview:-1\" \/>\n<link rel=\"canonical\" href=\"https:\/\/maisonadorable.rs\/ru\/oformlenie-nebolsih-torzestv\/\" \/>\n<meta property=\"og:locale\" content=\"ru_RU\" \/>\n<meta property=\"og:type\" content=\"article\" \/>\n<meta property=\"og:title\" content=\"Oformlenie nebol\u044c\u0161ih tor\u017eestv - Maison Adorable\" \/>\n<meta property=\"og:description\" content=\"M\u044b predlagaem uslugi po oformleni\u044e nebol\u044c\u0161ih tor\u017eestv u vas doma, v v\u044bbrannom vami restorane ili v l\u044ebom drugom pome\u0449enii po dogovorennosti. Menee mas\u0161tabn\u044be tor\u017eestva vkl\u044e\u010da\u044et prazdni\u010dn\u044be obed\u044b ili u\u017ein\u044b, kamern\u044be tor\u017eestva, nebol\u044c\u0161ie \u010dastn\u044be svad\u044cb\u044b, osob\u044be slu\u010dai, dni ro\u017edeni\u044f...\" \/>\n<meta property=\"og:url\" content=\"https:\/\/maisonadorable.rs\/ru\/oformlenie-nebolsih-torzestv\/\" \/>\n<meta property=\"og:site_name\" content=\"Maison Adorable\" \/>\n<meta property=\"article:publisher\" content=\"https:\/\/www.facebook.com\/Maison.adorable.homedecor\" \/>\n<meta property=\"article:modified_time\" content=\"2025-05-31T11:55:00+00:00\" \/>\n<meta property=\"og:image\" content=\"https:\/\/maisonadorable.rs\/wp-content\/uploads\/2023\/01\/Sonja-dvoriste-900x1200-32.jpeg\" \/>\n<meta name=\"twitter:card\" content=\"summary_large_image\" \/>\n<script type=\"application\/ld+json\" class=\"yoast-schema-graph\">{\"@context\":\"https:\\\/\\\/schema.org\",\"@graph\":[{\"@type\":\"WebPage\",\"@id\":\"https:\\\/\\\/maisonadorable.rs\\\/ru\\\/oformlenie-nebolsih-torzestv\\\/\",\"url\":\"https:\\\/\\\/maisonadorable.rs\\\/ru\\\/oformlenie-nebolsih-torzestv\\\/\",\"name\":\"\u041e\u0444\u043e\u0440\u043c\u043b\u0435\u043d\u0438\u0435 \u043d\u0435\u0431\u043e\u043b\u044c\u0448\u0438\u0445 \u0442\u043e\u0440\u0436\u0435\u0441\u0442\u0432 - Maison Adorable\",\"isPartOf\":{\"@id\":\"https:\\\/\\\/maisonadorable.rs\\\/#website\"},\"primaryImageOfPage\":{\"@id\":\"https:\\\/\\\/maisonadorable.rs\\\/ru\\\/oformlenie-nebolsih-torzestv\\\/#primaryimage\"},\"image\":{\"@id\":\"https:\\\/\\\/maisonadorable.rs\\\/ru\\\/oformlenie-nebolsih-torzestv\\\/#primaryimage\"},\"thumbnailUrl\":\"https:\\\/\\\/maisonadorable.rs\\\/wp-content\\\/uploads\\\/2023\\\/01\\\/Sonja-dvoriste-900x1200-32.jpeg\",\"datePublished\":\"2023-02-10T09:02:56+00:00\",\"dateModified\":\"2025-05-31T11:55:00+00:00\",\"description\":\"\u041c\u044b \u043f\u0440\u0435\u0434\u043b\u0430\u0433\u0430\u0435\u043c \u0443\u0441\u043b\u0443\u0433\u0438 \u043f\u043e \u043e\u0444\u043e\u0440\u043c\u043b\u0435\u043d\u0438\u044e \u043d\u0435\u0431\u043e\u043b\u044c\u0448\u0438\u0445 \u0442\u043e\u0440\u0436\u0435\u0441\u0442\u0432 \u0443 \u0432\u0430\u0441 \u0434\u043e\u043c\u0430, \u0432 \u0432\u044b\u0431\u0440\u0430\u043d\u043d\u043e\u043c \u0432\u0430\u043c\u0438 \u0440\u0435\u0441\u0442\u043e\u0440\u0430\u043d\u0435 \u0438\u043b\u0438 \u0432 \u043b\u044e\u0431\u043e\u043c \u0434\u0440\u0443\u0433\u043e\u043c \u043f\u043e\u043c\u0435\u0449\u0435\u043d\u0438\u0438 \u043f\u043e \u0434\u043e\u0433\u043e\u0432\u043e\u0440\u0435\u043d\u043d\u043e\u0441\u0442\u0438. \u041c\u0435\u043d\u0435\u0435 \u043c\u0430\u0441\u0448\u0442\u0430\u0431\u043d\u044b\u0435 \u0442\u043e\u0440\u0436\u0435\u0441\u0442\u0432\u0430 \u0432\u043a\u043b\u044e\u0447\u0430\u044e\u0442 \u043f\u0440\u0430\u0437\u0434\u043d\u0438\u0447\u043d\u044b\u0435 \u043e\u0431\u0435\u0434\u044b \u0438\u043b\u0438 \u0443\u0436\u0438\u043d\u044b, \u043a\u0430\u043c\u0435\u0440\u043d\u044b\u0435 \u0442\u043e\u0440\u0436\u0435\u0441\u0442\u0432\u0430, \u043d\u0435\u0431\u043e\u043b\u044c\u0448\u0438\u0435 \u0447\u0430\u0441\u0442\u043d\u044b\u0435 \u0441\u0432\u0430\u0434\u044c\u0431\u044b, \u043e\u0441\u043e\u0431\u044b\u0435 \u0441\u043b\u0443\u0447\u0430\u0438, \u0434\u043d\u0438 \u0440\u043e\u0436\u0434\u0435\u043d\u0438\u044f...\",\"breadcrumb\":{\"@id\":\"https:\\\/\\\/maisonadorable.rs\\\/ru\\\/oformlenie-nebolsih-torzestv\\\/#breadcrumb\"},\"inLanguage\":\"ru-RU\",\"potentialAction\":[{\"@type\":\"ReadAction\",\"target\":[\"https:\\\/\\\/maisonadorable.rs\\\/ru\\\/oformlenie-nebolsih-torzestv\\\/\"]}]},{\"@type\":\"ImageObject\",\"inLanguage\":\"ru-RU\",\"@id\":\"https:\\\/\\\/maisonadorable.rs\\\/ru\\\/oformlenie-nebolsih-torzestv\\\/#primaryimage\",\"url\":\"https:\\\/\\\/maisonadorable.rs\\\/wp-content\\\/uploads\\\/2023\\\/01\\\/Sonja-dvoriste-900x1200-32.jpeg\",\"contentUrl\":\"https:\\\/\\\/maisonadorable.rs\\\/wp-content\\\/uploads\\\/2023\\\/01\\\/Sonja-dvoriste-900x1200-32.jpeg\"},{\"@type\":\"BreadcrumbList\",\"@id\":\"https:\\\/\\\/maisonadorable.rs\\\/ru\\\/oformlenie-nebolsih-torzestv\\\/#breadcrumb\",\"itemListElement\":[{\"@type\":\"ListItem\",\"position\":1,\"name\":\"Po\u010detna\",\"item\":\"https:\\\/\\\/maisonadorable.rs\\\/ru\\\/\"},{\"@type\":\"ListItem\",\"position\":2,\"name\":\"Oformlenie nebol\u044c\u0161ih tor\u017eestv\"}]},{\"@type\":\"WebSite\",\"@id\":\"https:\\\/\\\/maisonadorable.rs\\\/#website\",\"url\":\"https:\\\/\\\/maisonadorable.rs\\\/\",\"name\":\"Maison Adorable\",\"description\":\"Maison Adorable, delimo inspiraciju u ljubav, i \u0161aljemo radost u malim pakovanjima!\",\"publisher\":{\"@id\":\"https:\\\/\\\/maisonadorable.rs\\\/#organization\"},\"potentialAction\":[{\"@type\":\"SearchAction\",\"target\":{\"@type\":\"EntryPoint\",\"urlTemplate\":\"https:\\\/\\\/maisonadorable.rs\\\/?s={search_term_string}\"},\"query-input\":{\"@type\":\"PropertyValueSpecification\",\"valueRequired\":true,\"valueName\":\"search_term_string\"}}],\"inLanguage\":\"ru-RU\"},{\"@type\":\"Organization\",\"@id\":\"https:\\\/\\\/maisonadorable.rs\\\/#organization\",\"name\":\"Maison Adorable\",\"url\":\"https:\\\/\\\/maisonadorable.rs\\\/\",\"logo\":{\"@type\":\"ImageObject\",\"inLanguage\":\"ru-RU\",\"@id\":\"https:\\\/\\\/maisonadorable.rs\\\/#\\\/schema\\\/logo\\\/image\\\/\",\"url\":\"https:\\\/\\\/maisonadorable.rs\\\/wp-content\\\/uploads\\\/2022\\\/04\\\/logo.png\",\"contentUrl\":\"https:\\\/\\\/maisonadorable.rs\\\/wp-content\\\/uploads\\\/2022\\\/04\\\/logo.png\",\"width\":1081,\"height\":1081,\"caption\":\"Maison Adorable\"},\"image\":{\"@id\":\"https:\\\/\\\/maisonadorable.rs\\\/#\\\/schema\\\/logo\\\/image\\\/\"},\"sameAs\":[\"https:\\\/\\\/www.facebook.com\\\/Maison.adorable.homedecor\",\"https:\\\/\\\/www.instagram.com\\\/maison_adorable\\\/\"]}]}<\/script>\n<!-- \/ Yoast SEO plugin. -->","yoast_head_json":{"title":"Oformlenie nebol\u044c\u0161ih tor\u017eestv - Maison Adorable","description":"M\u044b predlagaem uslugi po oformleni\u044e nebol\u044c\u0161ih tor\u017eestv u vas doma, v v\u044bbrannom vami restorane ili v l\u044ebom drugom pome\u0449enii po dogovorennosti. Menee mas\u0161tabn\u044be tor\u017eestva vkl\u044e\u010da\u044et prazdni\u010dn\u044be obed\u044b ili u\u017ein\u044b, kamern\u044be tor\u017eestva, nebol\u044c\u0161ie \u010dastn\u044be svad\u044cb\u044b, osob\u044be slu\u010dai, dni ro\u017edeni\u044f...","robots":{"index":"index","follow":"follow","max-snippet":"max-snippet:-1","max-image-preview":"max-image-preview:large","max-video-preview":"max-video-preview:-1"},"canonical":"https:\/\/maisonadorable.rs\/ru\/oformlenie-nebolsih-torzestv\/","og_locale":"ru_RU","og_type":"article","og_title":"Oformlenie nebol\u044c\u0161ih tor\u017eestv - Maison Adorable","og_description":"M\u044b predlagaem uslugi po oformleni\u044e nebol\u044c\u0161ih tor\u017eestv u vas doma, v v\u044bbrannom vami restorane ili v l\u044ebom drugom pome\u0449enii po dogovorennosti. Menee mas\u0161tabn\u044be tor\u017eestva vkl\u044e\u010da\u044et prazdni\u010dn\u044be obed\u044b ili u\u017ein\u044b, kamern\u044be tor\u017eestva, nebol\u044c\u0161ie \u010dastn\u044be svad\u044cb\u044b, osob\u044be slu\u010dai, dni ro\u017edeni\u044f...","og_url":"https:\/\/maisonadorable.rs\/ru\/oformlenie-nebolsih-torzestv\/","og_site_name":"Maison Adorable","article_publisher":"https:\/\/www.facebook.com\/Maison.adorable.homedecor","article_modified_time":"2025-05-31T11:55:00+00:00","og_image":[{"url":"https:\/\/maisonadorable.rs\/wp-content\/uploads\/2023\/01\/Sonja-dvoriste-900x1200-32.jpeg","type":"","width":"","height":""}],"twitter_card":"summary_large_image","schema":{"@context":"https:\/\/schema.org","@graph":[{"@type":"WebPage","@id":"https:\/\/maisonadorable.rs\/ru\/oformlenie-nebolsih-torzestv\/","url":"https:\/\/maisonadorable.rs\/ru\/oformlenie-nebolsih-torzestv\/","name":"Oformlenie nebol\u044c\u0161ih tor\u017eestv - Maison Adorable","isPartOf":{"@id":"https:\/\/maisonadorable.rs\/#website"},"primaryImageOfPage":{"@id":"https:\/\/maisonadorable.rs\/ru\/oformlenie-nebolsih-torzestv\/#primaryimage"},"image":{"@id":"https:\/\/maisonadorable.rs\/ru\/oformlenie-nebolsih-torzestv\/#primaryimage"},"thumbnailUrl":"https:\/\/maisonadorable.rs\/wp-content\/uploads\/2023\/01\/Sonja-dvoriste-900x1200-32.jpeg","datePublished":"2023-02-10T09:02:56+00:00","dateModified":"2025-05-31T11:55:00+00:00","description":"M\u044b predlagaem uslugi po oformleni\u044e nebol\u044c\u0161ih tor\u017eestv u vas doma, v v\u044bbrannom vami restorane ili v l\u044ebom drugom pome\u0449enii po dogovorennosti. Menee mas\u0161tabn\u044be tor\u017eestva vkl\u044e\u010da\u044et prazdni\u010dn\u044be obed\u044b ili u\u017ein\u044b, kamern\u044be tor\u017eestva, nebol\u044c\u0161ie \u010dastn\u044be svad\u044cb\u044b, osob\u044be slu\u010dai, dni ro\u017edeni\u044f...","breadcrumb":{"@id":"https:\/\/maisonadorable.rs\/ru\/oformlenie-nebolsih-torzestv\/#breadcrumb"},"inLanguage":"ru-RU","potentialAction":[{"@type":"ReadAction","target":["https:\/\/maisonadorable.rs\/ru\/oformlenie-nebolsih-torzestv\/"]}]},{"@type":"ImageObject","inLanguage":"ru-RU","@id":"https:\/\/maisonadorable.rs\/ru\/oformlenie-nebolsih-torzestv\/#primaryimage","url":"https:\/\/maisonadorable.rs\/wp-content\/uploads\/2023\/01\/Sonja-dvoriste-900x1200-32.jpeg","contentUrl":"https:\/\/maisonadorable.rs\/wp-content\/uploads\/2023\/01\/Sonja-dvoriste-900x1200-32.jpeg"},{"@type":"BreadcrumbList","@id":"https:\/\/maisonadorable.rs\/ru\/oformlenie-nebolsih-torzestv\/#breadcrumb","itemListElement":[{"@type":"ListItem","position":1,"name":"Po\u010detna","item":"https:\/\/maisonadorable.rs\/ru\/"},{"@type":"ListItem","position":2,"name":"Oformlenie nebol\u044c\u0161ih tor\u017eestv"}]},{"@type":"WebSite","@id":"https:\/\/maisonadorable.rs\/#website","url":"https:\/\/maisonadorable.rs\/","name":"Maison Adorable","description":"Maison Adorable, delimo inspiraciju u ljubav, i \u0161aljemo radost u malim pakovanjima!","publisher":{"@id":"https:\/\/maisonadorable.rs\/#organization"},"potentialAction":[{"@type":"SearchAction","target":{"@type":"EntryPoint","urlTemplate":"https:\/\/maisonadorable.rs\/?s={search_term_string}"},"query-input":{"@type":"PropertyValueSpecification","valueRequired":true,"valueName":"search_term_string"}}],"inLanguage":"ru-RU"},{"@type":"Organization","@id":"https:\/\/maisonadorable.rs\/#organization","name":"Maison Adorable","url":"https:\/\/maisonadorable.rs\/","logo":{"@type":"ImageObject","inLanguage":"ru-RU","@id":"https:\/\/maisonadorable.rs\/#\/schema\/logo\/image\/","url":"https:\/\/maisonadorable.rs\/wp-content\/uploads\/2022\/04\/logo.png","contentUrl":"https:\/\/maisonadorable.rs\/wp-content\/uploads\/2022\/04\/logo.png","width":1081,"height":1081,"caption":"Maison Adorable"},"image":{"@id":"https:\/\/maisonadorable.rs\/#\/schema\/logo\/image\/"},"sameAs":["https:\/\/www.facebook.com\/Maison.adorable.homedecor","https:\/\/www.instagram.com\/maison_adorable\/"]}]}},"_links":{"self":[{"href":"https:\/\/maisonadorable.rs\/ru\/wp-json\/wp\/v2\/pages\/13941","targetHints":{"allow":["GET"]}}],"collection":[{"href":"https:\/\/maisonadorable.rs\/ru\/wp-json\/wp\/v2\/pages"}],"about":[{"href":"https:\/\/maisonadorable.rs\/ru\/wp-json\/wp\/v2\/types\/page"}],"author":[{"embeddable":true,"href":"https:\/\/maisonadorable.rs\/ru\/wp-json\/wp\/v2\/users\/2"}],"replies":[{"embeddable":true,"href":"https:\/\/maisonadorable.rs\/ru\/wp-json\/wp\/v2\/comments?post=13941"}],"version-history":[{"count":1,"href":"https:\/\/maisonadorable.rs\/ru\/wp-json\/wp\/v2\/pages\/13941\/revisions"}],"predecessor-version":[{"id":13945,"href":"https:\/\/maisonadorable.rs\/ru\/wp-json\/wp\/v2\/pages\/13941\/revisions\/13945"}],"wp:attachment":[{"href":"https:\/\/maisonadorable.rs\/ru\/wp-json\/wp\/v2\/media?parent=13941"}],"curies":[{"name":"wp","href":"https:\/\/api.w.org\/{rel}","templated":true}]}}