{"id":13985,"date":"2025-04-30T12:28:31","date_gmt":"2025-04-30T11:28:31","guid":{"rendered":"https:\/\/maisonadorable.rs\/prodavnica\/caska-kofe\/"},"modified":"2025-08-18T14:46:46","modified_gmt":"2025-08-18T13:46:46","slug":"caska-kofe","status":"publish","type":"product","link":"https:\/\/maisonadorable.rs\/ru\/prodavnica\/caska-kofe\/","title":{"rendered":"Kru\u017eka EMBER"},"content":{"rendered":"<p>Kru\u017eka EMBER \u2013 ru\u010dno\u0439 rabot\u044b iz tonkogo farfora, s unikal\u044cno\u0439 glazur\u044c\u044e, pereda\u044e\u0449e\u0439 zeml\u044fn\u044be tona i mineral\u044cn\u044be perehod\u044b. Vdohnovl\u0451nna\u044f prirodo\u0439 i patino\u0439 vremeni, ka\u017eda\u044f kru\u017eka iz kollekcii EMBER nes\u0451t v sebe svo\u044e istori\u044e.<\/p>\n<p>Minimalisti\u010dna\u044f forma, nas\u044b\u0449enna\u044f tekstura i garmoni\u010dn\u044be cvetov\u044be perehod\u044b dela\u044et e\u0451 ideal\u044cno\u0439 dl\u044f teh, kto cenit \u044dstetiku povsednevn\u044bh ritualov.<\/p>\n<p>Podhodit dl\u044f kofe, \u010da\u044f ili tihih momentov s l\u044ebim\u044bm napitkom.<\/p>\n<p>Proizvedeno v na\u0161e\u0439 studii Maison Adorable Ceramic, gde keramika ro\u017edaets\u044f rukami i du\u0161o\u0439.<\/p>\n<p>Material: v\u044bsokotemperaturn\u044b\u0439 farfor<\/p>\n<p>Razmer\u044b:<br \/>\u010ca\u0161ka: v\u044bsota 6 sm, \u00d8 8 sm, 200 ml<br \/>Bl\u044edce: 19 x 11 x 1,5 sm<\/p>\n<p>Prime\u010danie: Ka\u017eda\u044f kru\u017eka unikal\u044cna i izgotovlena vru\u010dnu\u044e. Iz-za processa ru\u010dno\u0439 rabot\u044b i osobennoste\u0439 glazuri vozmo\u017en\u044b otkloneni\u044f v ottenke, teksture ili raspredelenii cveta po sravneni\u044e s fotografie\u0439. Imenno \u044dti nebol\u044c\u0161ie razli\u010di\u044f dela\u044et ka\u017ed\u044b\u0439 predmet osobenn\u044bm i nepovtorim\u044bm.  <\/p>\n","protected":false},"excerpt":{"rendered":"<p>Kollekci\u044f \u042dMBER<\/p>\n","protected":false},"featured_media":13802,"template":"","meta":[],"product_brand":[],"product_cat":[1245,261,83,210,102,264,875,1891,78,70],"product_tag":[1793,1794,1795,1796,135,1088,1797,683,160,1710,1798,1799],"class_list":{"0":"post-13985","1":"product","2":"type-product","3":"status-publish","4":"has-post-thumbnail","6":"product_cat-maison-adorable","7":"product_cat-maison-adorable-brend","8":"product_cat-pokloni","9":"product_cat-pokloni_za_njega","10":"product_cat-proizvedeno-u-srbiji","11":"product_cat-proizvodi","12":"product_cat-solje-maison-adorable-brend","13":"product_cat-solje-proizvodi","14":"product_cat-solje-kuhinjski-program-trpezarija","15":"product_cat-trpezarija","16":"product_tag-crna-solja","17":"product_tag-handmade-ceramic-from-serbia","18":"product_tag-handmade-solja","19":"product_tag-maison-ceramic-studio","20":"product_tag-rucna-izrada","21":"product_tag-rucna-izrada-porcelana","22":"product_tag-rucno-pravljena-solja","23":"product_tag-solja-od-porcelana","24":"product_tag-solja-za-kafu","25":"product_tag-suvenir-iz-beograda","26":"product_tag-suvenir-iz-srbije","27":"product_tag-unikatna-solja","29":"first","30":"instock","31":"shipping-taxable","32":"product-type-variable"},"yoast_head":"<!-- This site is optimized with the Yoast SEO plugin v27.4 - https:\/\/yoast.com\/product\/yoast-seo-wordpress\/ -->\n<title>Kru\u017eka EMBER - Maison Adorable<\/title>\n<meta name=\"description\" content=\"Kofe\u0439na\u044f kru\u017eka iz \u010dernogo farfora s teplo\u0439 glazur\u044c\u044e b\u044bla sozdana medlenno i t\u0449atel\u044cno, \u010dtob\u044b stat\u044c \u010dast\u044c\u044e va\u0161ih tihih utrennih i ve\u010dernih ritualov. Ru\u010dna\u044f rabota ostavl\u044fet sled ne tol\u044cko na poverhnosti, no i v o\u0449u\u0449eni\u044fh, kotor\u044be neset v sebe izdelie iz keramiki. Derev\u044fnn\u044b\u0439 podnos sozdaet ideal\u044cn\u044b\u0439 kontrast, dobavl\u044f\u044f teplot\u044b holodno\u0439 \u044dlegantnosti farfora. \u042dto rabota na\u0161e\u0439 studii Maison Adorable Ceramic, gde keramika sozdaets\u044f rukami i du\u0161o\u0439.\" \/>\n<meta name=\"robots\" content=\"index, follow, max-snippet:-1, max-image-preview:large, max-video-preview:-1\" \/>\n<link rel=\"canonical\" href=\"https:\/\/maisonadorable.rs\/ru\/prodavnica\/caska-kofe\/\" \/>\n<meta property=\"og:locale\" content=\"ru_RU\" \/>\n<meta property=\"og:type\" content=\"article\" \/>\n<meta property=\"og:title\" content=\"Kru\u017eka EMBER - Maison Adorable\" \/>\n<meta property=\"og:description\" content=\"Kofe\u0439na\u044f kru\u017eka iz \u010dernogo farfora s teplo\u0439 glazur\u044c\u044e b\u044bla sozdana medlenno i t\u0449atel\u044cno, \u010dtob\u044b stat\u044c \u010dast\u044c\u044e va\u0161ih tihih utrennih i ve\u010dernih ritualov. Ru\u010dna\u044f rabota ostavl\u044fet sled ne tol\u044cko na poverhnosti, no i v o\u0449u\u0449eni\u044fh, kotor\u044be neset v sebe izdelie iz keramiki. Derev\u044fnn\u044b\u0439 podnos sozdaet ideal\u044cn\u044b\u0439 kontrast, dobavl\u044f\u044f teplot\u044b holodno\u0439 \u044dlegantnosti farfora. \u042dto rabota na\u0161e\u0439 studii Maison Adorable Ceramic, gde keramika sozdaets\u044f rukami i du\u0161o\u0439.\" \/>\n<meta property=\"og:url\" content=\"https:\/\/maisonadorable.rs\/ru\/prodavnica\/caska-kofe\/\" \/>\n<meta property=\"og:site_name\" content=\"Maison Adorable\" \/>\n<meta property=\"article:publisher\" content=\"https:\/\/www.facebook.com\/Maison.adorable.homedecor\" \/>\n<meta property=\"article:modified_time\" content=\"2025-08-18T13:46:46+00:00\" \/>\n<meta property=\"og:image\" content=\"https:\/\/maisonadorable.rs\/wp-content\/uploads\/2025\/04\/S-4.jpg\" \/>\n\t<meta property=\"og:image:width\" content=\"900\" \/>\n\t<meta property=\"og:image:height\" content=\"1200\" \/>\n\t<meta property=\"og:image:type\" content=\"image\/jpeg\" \/>\n<meta name=\"twitter:card\" content=\"summary_large_image\" \/>\n<script type=\"application\/ld+json\" class=\"yoast-schema-graph\">{\"@context\":\"https:\\\/\\\/schema.org\",\"@graph\":[{\"@type\":\"WebPage\",\"@id\":\"https:\\\/\\\/maisonadorable.rs\\\/ru\\\/prodavnica\\\/caska-kofe\\\/\",\"url\":\"https:\\\/\\\/maisonadorable.rs\\\/ru\\\/prodavnica\\\/caska-kofe\\\/\",\"name\":\"\u041a\u0440\u0443\u0436\u043a\u0430 EMBER - Maison Adorable\",\"isPartOf\":{\"@id\":\"https:\\\/\\\/maisonadorable.rs\\\/#website\"},\"primaryImageOfPage\":{\"@id\":\"https:\\\/\\\/maisonadorable.rs\\\/ru\\\/prodavnica\\\/caska-kofe\\\/#primaryimage\"},\"image\":{\"@id\":\"https:\\\/\\\/maisonadorable.rs\\\/ru\\\/prodavnica\\\/caska-kofe\\\/#primaryimage\"},\"thumbnailUrl\":\"https:\\\/\\\/maisonadorable.rs\\\/wp-content\\\/uploads\\\/2025\\\/04\\\/S-4.jpg\",\"datePublished\":\"2025-04-30T11:28:31+00:00\",\"dateModified\":\"2025-08-18T13:46:46+00:00\",\"description\":\"\u041a\u043e\u0444\u0435\u0439\u043d\u0430\u044f \u043a\u0440\u0443\u0436\u043a\u0430 \u0438\u0437 \u0447\u0435\u0440\u043d\u043e\u0433\u043e \u0444\u0430\u0440\u0444\u043e\u0440\u0430 \u0441 \u0442\u0435\u043f\u043b\u043e\u0439 \u0433\u043b\u0430\u0437\u0443\u0440\u044c\u044e \u0431\u044b\u043b\u0430 \u0441\u043e\u0437\u0434\u0430\u043d\u0430 \u043c\u0435\u0434\u043b\u0435\u043d\u043d\u043e \u0438 \u0442\u0449\u0430\u0442\u0435\u043b\u044c\u043d\u043e, \u0447\u0442\u043e\u0431\u044b \u0441\u0442\u0430\u0442\u044c \u0447\u0430\u0441\u0442\u044c\u044e \u0432\u0430\u0448\u0438\u0445 \u0442\u0438\u0445\u0438\u0445 \u0443\u0442\u0440\u0435\u043d\u043d\u0438\u0445 \u0438 \u0432\u0435\u0447\u0435\u0440\u043d\u0438\u0445 \u0440\u0438\u0442\u0443\u0430\u043b\u043e\u0432. \u0420\u0443\u0447\u043d\u0430\u044f \u0440\u0430\u0431\u043e\u0442\u0430 \u043e\u0441\u0442\u0430\u0432\u043b\u044f\u0435\u0442 \u0441\u043b\u0435\u0434 \u043d\u0435 \u0442\u043e\u043b\u044c\u043a\u043e \u043d\u0430 \u043f\u043e\u0432\u0435\u0440\u0445\u043d\u043e\u0441\u0442\u0438, \u043d\u043e \u0438 \u0432 \u043e\u0449\u0443\u0449\u0435\u043d\u0438\u044f\u0445, \u043a\u043e\u0442\u043e\u0440\u044b\u0435 \u043d\u0435\u0441\u0435\u0442 \u0432 \u0441\u0435\u0431\u0435 \u0438\u0437\u0434\u0435\u043b\u0438\u0435 \u0438\u0437 \u043a\u0435\u0440\u0430\u043c\u0438\u043a\u0438. \u0414\u0435\u0440\u0435\u0432\u044f\u043d\u043d\u044b\u0439 \u043f\u043e\u0434\u043d\u043e\u0441 \u0441\u043e\u0437\u0434\u0430\u0435\u0442 \u0438\u0434\u0435\u0430\u043b\u044c\u043d\u044b\u0439 \u043a\u043e\u043d\u0442\u0440\u0430\u0441\u0442, \u0434\u043e\u0431\u0430\u0432\u043b\u044f\u044f \u0442\u0435\u043f\u043b\u043e\u0442\u044b \u0445\u043e\u043b\u043e\u0434\u043d\u043e\u0439 \u044d\u043b\u0435\u0433\u0430\u043d\u0442\u043d\u043e\u0441\u0442\u0438 \u0444\u0430\u0440\u0444\u043e\u0440\u0430. \u042d\u0442\u043e \u0440\u0430\u0431\u043e\u0442\u0430 \u043d\u0430\u0448\u0435\u0439 \u0441\u0442\u0443\u0434\u0438\u0438 Maison Adorable Ceramic, \u0433\u0434\u0435 \u043a\u0435\u0440\u0430\u043c\u0438\u043a\u0430 \u0441\u043e\u0437\u0434\u0430\u0435\u0442\u0441\u044f \u0440\u0443\u043a\u0430\u043c\u0438 \u0438 \u0434\u0443\u0448\u043e\u0439.\",\"breadcrumb\":{\"@id\":\"https:\\\/\\\/maisonadorable.rs\\\/ru\\\/prodavnica\\\/caska-kofe\\\/#breadcrumb\"},\"inLanguage\":\"ru-RU\",\"potentialAction\":[{\"@type\":\"ReadAction\",\"target\":[\"https:\\\/\\\/maisonadorable.rs\\\/ru\\\/prodavnica\\\/caska-kofe\\\/\"]}]},{\"@type\":\"ImageObject\",\"inLanguage\":\"ru-RU\",\"@id\":\"https:\\\/\\\/maisonadorable.rs\\\/ru\\\/prodavnica\\\/caska-kofe\\\/#primaryimage\",\"url\":\"https:\\\/\\\/maisonadorable.rs\\\/wp-content\\\/uploads\\\/2025\\\/04\\\/S-4.jpg\",\"contentUrl\":\"https:\\\/\\\/maisonadorable.rs\\\/wp-content\\\/uploads\\\/2025\\\/04\\\/S-4.jpg\",\"width\":900,\"height\":1200},{\"@type\":\"BreadcrumbList\",\"@id\":\"https:\\\/\\\/maisonadorable.rs\\\/ru\\\/prodavnica\\\/caska-kofe\\\/#breadcrumb\",\"itemListElement\":[{\"@type\":\"ListItem\",\"position\":1,\"name\":\"Po\u010detna\",\"item\":\"https:\\\/\\\/maisonadorable.rs\\\/ru\\\/\"},{\"@type\":\"ListItem\",\"position\":2,\"name\":\"Magazin\",\"item\":\"https:\\\/\\\/maisonadorable.rs\\\/magazin\\\/\"},{\"@type\":\"ListItem\",\"position\":3,\"name\":\"Kru\u017eka EMBER\"}]},{\"@type\":\"WebSite\",\"@id\":\"https:\\\/\\\/maisonadorable.rs\\\/#website\",\"url\":\"https:\\\/\\\/maisonadorable.rs\\\/\",\"name\":\"Maison Adorable\",\"description\":\"Maison Adorable, delimo inspiraciju u ljubav, i \u0161aljemo radost u malim pakovanjima!\",\"publisher\":{\"@id\":\"https:\\\/\\\/maisonadorable.rs\\\/#organization\"},\"potentialAction\":[{\"@type\":\"SearchAction\",\"target\":{\"@type\":\"EntryPoint\",\"urlTemplate\":\"https:\\\/\\\/maisonadorable.rs\\\/?s={search_term_string}\"},\"query-input\":{\"@type\":\"PropertyValueSpecification\",\"valueRequired\":true,\"valueName\":\"search_term_string\"}}],\"inLanguage\":\"ru-RU\"},{\"@type\":\"Organization\",\"@id\":\"https:\\\/\\\/maisonadorable.rs\\\/#organization\",\"name\":\"Maison Adorable\",\"url\":\"https:\\\/\\\/maisonadorable.rs\\\/\",\"logo\":{\"@type\":\"ImageObject\",\"inLanguage\":\"ru-RU\",\"@id\":\"https:\\\/\\\/maisonadorable.rs\\\/#\\\/schema\\\/logo\\\/image\\\/\",\"url\":\"https:\\\/\\\/maisonadorable.rs\\\/wp-content\\\/uploads\\\/2022\\\/04\\\/logo.png\",\"contentUrl\":\"https:\\\/\\\/maisonadorable.rs\\\/wp-content\\\/uploads\\\/2022\\\/04\\\/logo.png\",\"width\":1081,\"height\":1081,\"caption\":\"Maison Adorable\"},\"image\":{\"@id\":\"https:\\\/\\\/maisonadorable.rs\\\/#\\\/schema\\\/logo\\\/image\\\/\"},\"sameAs\":[\"https:\\\/\\\/www.facebook.com\\\/Maison.adorable.homedecor\",\"https:\\\/\\\/www.instagram.com\\\/maison_adorable\\\/\"]}]}<\/script>\n<!-- \/ Yoast SEO plugin. -->","yoast_head_json":{"title":"Kru\u017eka EMBER - Maison Adorable","description":"Kofe\u0439na\u044f kru\u017eka iz \u010dernogo farfora s teplo\u0439 glazur\u044c\u044e b\u044bla sozdana medlenno i t\u0449atel\u044cno, \u010dtob\u044b stat\u044c \u010dast\u044c\u044e va\u0161ih tihih utrennih i ve\u010dernih ritualov. Ru\u010dna\u044f rabota ostavl\u044fet sled ne tol\u044cko na poverhnosti, no i v o\u0449u\u0449eni\u044fh, kotor\u044be neset v sebe izdelie iz keramiki. Derev\u044fnn\u044b\u0439 podnos sozdaet ideal\u044cn\u044b\u0439 kontrast, dobavl\u044f\u044f teplot\u044b holodno\u0439 \u044dlegantnosti farfora. \u042dto rabota na\u0161e\u0439 studii Maison Adorable Ceramic, gde keramika sozdaets\u044f rukami i du\u0161o\u0439.","robots":{"index":"index","follow":"follow","max-snippet":"max-snippet:-1","max-image-preview":"max-image-preview:large","max-video-preview":"max-video-preview:-1"},"canonical":"https:\/\/maisonadorable.rs\/ru\/prodavnica\/caska-kofe\/","og_locale":"ru_RU","og_type":"article","og_title":"Kru\u017eka EMBER - Maison Adorable","og_description":"Kofe\u0439na\u044f kru\u017eka iz \u010dernogo farfora s teplo\u0439 glazur\u044c\u044e b\u044bla sozdana medlenno i t\u0449atel\u044cno, \u010dtob\u044b stat\u044c \u010dast\u044c\u044e va\u0161ih tihih utrennih i ve\u010dernih ritualov. Ru\u010dna\u044f rabota ostavl\u044fet sled ne tol\u044cko na poverhnosti, no i v o\u0449u\u0449eni\u044fh, kotor\u044be neset v sebe izdelie iz keramiki. Derev\u044fnn\u044b\u0439 podnos sozdaet ideal\u044cn\u044b\u0439 kontrast, dobavl\u044f\u044f teplot\u044b holodno\u0439 \u044dlegantnosti farfora. \u042dto rabota na\u0161e\u0439 studii Maison Adorable Ceramic, gde keramika sozdaets\u044f rukami i du\u0161o\u0439.","og_url":"https:\/\/maisonadorable.rs\/ru\/prodavnica\/caska-kofe\/","og_site_name":"Maison Adorable","article_publisher":"https:\/\/www.facebook.com\/Maison.adorable.homedecor","article_modified_time":"2025-08-18T13:46:46+00:00","og_image":[{"width":900,"height":1200,"url":"https:\/\/maisonadorable.rs\/wp-content\/uploads\/2025\/04\/S-4.jpg","type":"image\/jpeg"}],"twitter_card":"summary_large_image","schema":{"@context":"https:\/\/schema.org","@graph":[{"@type":"WebPage","@id":"https:\/\/maisonadorable.rs\/ru\/prodavnica\/caska-kofe\/","url":"https:\/\/maisonadorable.rs\/ru\/prodavnica\/caska-kofe\/","name":"Kru\u017eka EMBER - Maison Adorable","isPartOf":{"@id":"https:\/\/maisonadorable.rs\/#website"},"primaryImageOfPage":{"@id":"https:\/\/maisonadorable.rs\/ru\/prodavnica\/caska-kofe\/#primaryimage"},"image":{"@id":"https:\/\/maisonadorable.rs\/ru\/prodavnica\/caska-kofe\/#primaryimage"},"thumbnailUrl":"https:\/\/maisonadorable.rs\/wp-content\/uploads\/2025\/04\/S-4.jpg","datePublished":"2025-04-30T11:28:31+00:00","dateModified":"2025-08-18T13:46:46+00:00","description":"Kofe\u0439na\u044f kru\u017eka iz \u010dernogo farfora s teplo\u0439 glazur\u044c\u044e b\u044bla sozdana medlenno i t\u0449atel\u044cno, \u010dtob\u044b stat\u044c \u010dast\u044c\u044e va\u0161ih tihih utrennih i ve\u010dernih ritualov. Ru\u010dna\u044f rabota ostavl\u044fet sled ne tol\u044cko na poverhnosti, no i v o\u0449u\u0449eni\u044fh, kotor\u044be neset v sebe izdelie iz keramiki. Derev\u044fnn\u044b\u0439 podnos sozdaet ideal\u044cn\u044b\u0439 kontrast, dobavl\u044f\u044f teplot\u044b holodno\u0439 \u044dlegantnosti farfora. \u042dto rabota na\u0161e\u0439 studii Maison Adorable Ceramic, gde keramika sozdaets\u044f rukami i du\u0161o\u0439.","breadcrumb":{"@id":"https:\/\/maisonadorable.rs\/ru\/prodavnica\/caska-kofe\/#breadcrumb"},"inLanguage":"ru-RU","potentialAction":[{"@type":"ReadAction","target":["https:\/\/maisonadorable.rs\/ru\/prodavnica\/caska-kofe\/"]}]},{"@type":"ImageObject","inLanguage":"ru-RU","@id":"https:\/\/maisonadorable.rs\/ru\/prodavnica\/caska-kofe\/#primaryimage","url":"https:\/\/maisonadorable.rs\/wp-content\/uploads\/2025\/04\/S-4.jpg","contentUrl":"https:\/\/maisonadorable.rs\/wp-content\/uploads\/2025\/04\/S-4.jpg","width":900,"height":1200},{"@type":"BreadcrumbList","@id":"https:\/\/maisonadorable.rs\/ru\/prodavnica\/caska-kofe\/#breadcrumb","itemListElement":[{"@type":"ListItem","position":1,"name":"Po\u010detna","item":"https:\/\/maisonadorable.rs\/ru\/"},{"@type":"ListItem","position":2,"name":"Magazin","item":"https:\/\/maisonadorable.rs\/magazin\/"},{"@type":"ListItem","position":3,"name":"Kru\u017eka EMBER"}]},{"@type":"WebSite","@id":"https:\/\/maisonadorable.rs\/#website","url":"https:\/\/maisonadorable.rs\/","name":"Maison Adorable","description":"Maison Adorable, delimo inspiraciju u ljubav, i \u0161aljemo radost u malim pakovanjima!","publisher":{"@id":"https:\/\/maisonadorable.rs\/#organization"},"potentialAction":[{"@type":"SearchAction","target":{"@type":"EntryPoint","urlTemplate":"https:\/\/maisonadorable.rs\/?s={search_term_string}"},"query-input":{"@type":"PropertyValueSpecification","valueRequired":true,"valueName":"search_term_string"}}],"inLanguage":"ru-RU"},{"@type":"Organization","@id":"https:\/\/maisonadorable.rs\/#organization","name":"Maison Adorable","url":"https:\/\/maisonadorable.rs\/","logo":{"@type":"ImageObject","inLanguage":"ru-RU","@id":"https:\/\/maisonadorable.rs\/#\/schema\/logo\/image\/","url":"https:\/\/maisonadorable.rs\/wp-content\/uploads\/2022\/04\/logo.png","contentUrl":"https:\/\/maisonadorable.rs\/wp-content\/uploads\/2022\/04\/logo.png","width":1081,"height":1081,"caption":"Maison Adorable"},"image":{"@id":"https:\/\/maisonadorable.rs\/#\/schema\/logo\/image\/"},"sameAs":["https:\/\/www.facebook.com\/Maison.adorable.homedecor","https:\/\/www.instagram.com\/maison_adorable\/"]}]}},"_links":{"self":[{"href":"https:\/\/maisonadorable.rs\/ru\/wp-json\/wp\/v2\/product\/13985","targetHints":{"allow":["GET"]}}],"collection":[{"href":"https:\/\/maisonadorable.rs\/ru\/wp-json\/wp\/v2\/product"}],"about":[{"href":"https:\/\/maisonadorable.rs\/ru\/wp-json\/wp\/v2\/types\/product"}],"version-history":[{"count":1,"href":"https:\/\/maisonadorable.rs\/ru\/wp-json\/wp\/v2\/product\/13985\/revisions"}],"predecessor-version":[{"id":14836,"href":"https:\/\/maisonadorable.rs\/ru\/wp-json\/wp\/v2\/product\/13985\/revisions\/14836"}],"wp:featuredmedia":[{"embeddable":true,"href":"https:\/\/maisonadorable.rs\/ru\/wp-json\/wp\/v2\/media\/13802"}],"wp:attachment":[{"href":"https:\/\/maisonadorable.rs\/ru\/wp-json\/wp\/v2\/media?parent=13985"}],"wp:term":[{"taxonomy":"product_brand","embeddable":true,"href":"https:\/\/maisonadorable.rs\/ru\/wp-json\/wp\/v2\/product_brand?post=13985"},{"taxonomy":"product_cat","embeddable":true,"href":"https:\/\/maisonadorable.rs\/ru\/wp-json\/wp\/v2\/product_cat?post=13985"},{"taxonomy":"product_tag","embeddable":true,"href":"https:\/\/maisonadorable.rs\/ru\/wp-json\/wp\/v2\/product_tag?post=13985"}],"curies":[{"name":"wp","href":"https:\/\/api.w.org\/{rel}","templated":true}]}}