{"id":14006,"date":"2025-04-30T12:26:49","date_gmt":"2025-04-30T11:26:49","guid":{"rendered":"https:\/\/maisonadorable.rs\/prodavnica\/kruzka-riffle-pariz-320-ml-steklo\/"},"modified":"2025-04-30T12:26:49","modified_gmt":"2025-04-30T11:26:49","slug":"kruzka-riffle-pariz-320-ml-steklo","status":"publish","type":"product","link":"https:\/\/maisonadorable.rs\/ru\/prodavnica\/kruzka-riffle-pariz-320-ml-steklo\/","title":{"rendered":"KRU\u017dKA RIFFLE PARI\u017d 320 ml steklo"},"content":{"rendered":"<p>KRU\u017dKA RIFFLE MUG PARIS \u2014 gor\u044f\u010di\u0439 \u0161okolad, sve\u017ei\u0439 \u010da\u0439 ili gor\u044f\u010di\u0439 kofe \u2014 va\u0161a nova\u044f l\u044ebima\u044f \u010da\u0161ka u\u017ee zdes\u044c! Nezavisimo ot togo, nahodites\u044c li v\u044b doma, v ofise ili polule\u017ea na divane \u2014 \u044dlegantna\u044f stekl\u044fnna\u044f kru\u017eka RIFFLE zastavit va\u0161e serdce bit\u044cs\u044f b\u044bstree. <\/p>\n<p>Material: steklo.<\/p>\n<p>Razmer\u044b: 8 x 10,8 sm, 320 ml.<\/p>\n","protected":false},"excerpt":{"rendered":"<p>KRU\u017dKA RIFFLE MUG PARIS \u2014 gor\u044f\u010di\u0439 \u0161okolad, sve\u017ei\u0439 \u010da\u0439 ili gor\u044f\u010di\u0439 kofe \u2014 va\u0161a nova\u044f l\u044ebima\u044f \u010da\u0161ka u\u017ee zdes\u044c! Nezavisimo<\/p>\n","protected":false},"featured_media":13731,"template":"","meta":[],"product_brand":[],"product_cat":[434,38,54],"product_tag":[904,1563,1564,1565,1566,1528,146,1567],"class_list":{"0":"post-14006","1":"product","2":"type-product","3":"status-publish","4":"has-post-thumbnail","6":"product_cat-case","7":"product_cat-kucni-dekor","8":"product_cat-kuhinjski-program","9":"product_tag-case","10":"product_tag-case-za-kafu","11":"product_tag-case-za-tople-napitke","12":"product_tag-instagram-case","13":"product_tag-instagramicne-case","14":"product_tag-moderne-case","15":"product_tag-solje","16":"product_tag-velike-staklene-solje","18":"first","19":"instock","20":"shipping-taxable","21":"product-type-simple"},"yoast_head":"<!-- This site is optimized with the Yoast SEO plugin v27.4 - https:\/\/yoast.com\/product\/yoast-seo-wordpress\/ -->\n<title>KRU\u017dKA RIFFLE PARI\u017d 320 ml steklo - Maison Adorable<\/title>\n<meta name=\"description\" content=\"Gor\u044f\u010di\u0439 \u0161okolad, sve\u017ei\u0439 \u010da\u0439 ili gor\u044f\u010di\u0439 kofe \u2014 va\u0161a nova\u044f l\u044ebima\u044f \u010da\u0161ka u\u017ee zdes\u044c! Nezavisimo ot togo, nahodites\u044c li v\u044b doma, v ofise ili polule\u017ea na divane \u2014 \u044dlegantna\u044f stekl\u044fnna\u044f kru\u017eka RIFFLE zastavit va\u0161e serdce bit\u044cs\u044f b\u044bstree.\" \/>\n<meta name=\"robots\" content=\"index, follow, max-snippet:-1, max-image-preview:large, max-video-preview:-1\" \/>\n<link rel=\"canonical\" href=\"https:\/\/maisonadorable.rs\/ru\/prodavnica\/kruzka-riffle-pariz-320-ml-steklo\/\" \/>\n<meta property=\"og:locale\" content=\"ru_RU\" \/>\n<meta property=\"og:type\" content=\"article\" \/>\n<meta property=\"og:title\" content=\"KRU\u017dKA RIFFLE PARI\u017d 320 ml steklo - Maison Adorable\" \/>\n<meta property=\"og:description\" content=\"Gor\u044f\u010di\u0439 \u0161okolad, sve\u017ei\u0439 \u010da\u0439 ili gor\u044f\u010di\u0439 kofe \u2014 va\u0161a nova\u044f l\u044ebima\u044f \u010da\u0161ka u\u017ee zdes\u044c! Nezavisimo ot togo, nahodites\u044c li v\u044b doma, v ofise ili polule\u017ea na divane \u2014 \u044dlegantna\u044f stekl\u044fnna\u044f kru\u017eka RIFFLE zastavit va\u0161e serdce bit\u044cs\u044f b\u044bstree.\" \/>\n<meta property=\"og:url\" content=\"https:\/\/maisonadorable.rs\/ru\/prodavnica\/kruzka-riffle-pariz-320-ml-steklo\/\" \/>\n<meta property=\"og:site_name\" content=\"Maison Adorable\" \/>\n<meta property=\"article:publisher\" content=\"https:\/\/www.facebook.com\/Maison.adorable.homedecor\" \/>\n<meta property=\"og:image\" content=\"https:\/\/maisonadorable.rs\/wp-content\/uploads\/2025\/04\/Casa-R.jpg\" \/>\n\t<meta property=\"og:image:width\" content=\"900\" \/>\n\t<meta property=\"og:image:height\" content=\"1200\" \/>\n\t<meta property=\"og:image:type\" content=\"image\/jpeg\" \/>\n<meta name=\"twitter:card\" content=\"summary_large_image\" \/>\n<script type=\"application\/ld+json\" class=\"yoast-schema-graph\">{\"@context\":\"https:\\\/\\\/schema.org\",\"@graph\":[{\"@type\":\"WebPage\",\"@id\":\"https:\\\/\\\/maisonadorable.rs\\\/ru\\\/prodavnica\\\/kruzka-riffle-pariz-320-ml-steklo\\\/\",\"url\":\"https:\\\/\\\/maisonadorable.rs\\\/ru\\\/prodavnica\\\/kruzka-riffle-pariz-320-ml-steklo\\\/\",\"name\":\"\u041a\u0420\u0423\u0416\u041a\u0410 RIFFLE \u041f\u0410\u0420\u0418\u0416 320 \u043c\u043b \u0441\u0442\u0435\u043a\u043b\u043e - Maison Adorable\",\"isPartOf\":{\"@id\":\"https:\\\/\\\/maisonadorable.rs\\\/#website\"},\"primaryImageOfPage\":{\"@id\":\"https:\\\/\\\/maisonadorable.rs\\\/ru\\\/prodavnica\\\/kruzka-riffle-pariz-320-ml-steklo\\\/#primaryimage\"},\"image\":{\"@id\":\"https:\\\/\\\/maisonadorable.rs\\\/ru\\\/prodavnica\\\/kruzka-riffle-pariz-320-ml-steklo\\\/#primaryimage\"},\"thumbnailUrl\":\"https:\\\/\\\/maisonadorable.rs\\\/wp-content\\\/uploads\\\/2025\\\/04\\\/Casa-R.jpg\",\"datePublished\":\"2025-04-30T11:26:49+00:00\",\"description\":\"\u0413\u043e\u0440\u044f\u0447\u0438\u0439 \u0448\u043e\u043a\u043e\u043b\u0430\u0434, \u0441\u0432\u0435\u0436\u0438\u0439 \u0447\u0430\u0439 \u0438\u043b\u0438 \u0433\u043e\u0440\u044f\u0447\u0438\u0439 \u043a\u043e\u0444\u0435 \u2014 \u0432\u0430\u0448\u0430 \u043d\u043e\u0432\u0430\u044f \u043b\u044e\u0431\u0438\u043c\u0430\u044f \u0447\u0430\u0448\u043a\u0430 \u0443\u0436\u0435 \u0437\u0434\u0435\u0441\u044c! \u041d\u0435\u0437\u0430\u0432\u0438\u0441\u0438\u043c\u043e \u043e\u0442 \u0442\u043e\u0433\u043e, \u043d\u0430\u0445\u043e\u0434\u0438\u0442\u0435\u0441\u044c \u043b\u0438 \u0432\u044b \u0434\u043e\u043c\u0430, \u0432 \u043e\u0444\u0438\u0441\u0435 \u0438\u043b\u0438 \u043f\u043e\u043b\u0443\u043b\u0435\u0436\u0430 \u043d\u0430 \u0434\u0438\u0432\u0430\u043d\u0435 \u2014 \u044d\u043b\u0435\u0433\u0430\u043d\u0442\u043d\u0430\u044f \u0441\u0442\u0435\u043a\u043b\u044f\u043d\u043d\u0430\u044f \u043a\u0440\u0443\u0436\u043a\u0430 RIFFLE \u0437\u0430\u0441\u0442\u0430\u0432\u0438\u0442 \u0432\u0430\u0448\u0435 \u0441\u0435\u0440\u0434\u0446\u0435 \u0431\u0438\u0442\u044c\u0441\u044f \u0431\u044b\u0441\u0442\u0440\u0435\u0435.\",\"breadcrumb\":{\"@id\":\"https:\\\/\\\/maisonadorable.rs\\\/ru\\\/prodavnica\\\/kruzka-riffle-pariz-320-ml-steklo\\\/#breadcrumb\"},\"inLanguage\":\"ru-RU\",\"potentialAction\":[{\"@type\":\"ReadAction\",\"target\":[\"https:\\\/\\\/maisonadorable.rs\\\/ru\\\/prodavnica\\\/kruzka-riffle-pariz-320-ml-steklo\\\/\"]}]},{\"@type\":\"ImageObject\",\"inLanguage\":\"ru-RU\",\"@id\":\"https:\\\/\\\/maisonadorable.rs\\\/ru\\\/prodavnica\\\/kruzka-riffle-pariz-320-ml-steklo\\\/#primaryimage\",\"url\":\"https:\\\/\\\/maisonadorable.rs\\\/wp-content\\\/uploads\\\/2025\\\/04\\\/Casa-R.jpg\",\"contentUrl\":\"https:\\\/\\\/maisonadorable.rs\\\/wp-content\\\/uploads\\\/2025\\\/04\\\/Casa-R.jpg\",\"width\":900,\"height\":1200},{\"@type\":\"BreadcrumbList\",\"@id\":\"https:\\\/\\\/maisonadorable.rs\\\/ru\\\/prodavnica\\\/kruzka-riffle-pariz-320-ml-steklo\\\/#breadcrumb\",\"itemListElement\":[{\"@type\":\"ListItem\",\"position\":1,\"name\":\"Po\u010detna\",\"item\":\"https:\\\/\\\/maisonadorable.rs\\\/ru\\\/\"},{\"@type\":\"ListItem\",\"position\":2,\"name\":\"Magazin\",\"item\":\"https:\\\/\\\/maisonadorable.rs\\\/magazin\\\/\"},{\"@type\":\"ListItem\",\"position\":3,\"name\":\"KRU\u017dKA RIFFLE PARI\u017d 320 ml steklo\"}]},{\"@type\":\"WebSite\",\"@id\":\"https:\\\/\\\/maisonadorable.rs\\\/#website\",\"url\":\"https:\\\/\\\/maisonadorable.rs\\\/\",\"name\":\"Maison Adorable\",\"description\":\"Maison Adorable, delimo inspiraciju u ljubav, i \u0161aljemo radost u malim pakovanjima!\",\"publisher\":{\"@id\":\"https:\\\/\\\/maisonadorable.rs\\\/#organization\"},\"potentialAction\":[{\"@type\":\"SearchAction\",\"target\":{\"@type\":\"EntryPoint\",\"urlTemplate\":\"https:\\\/\\\/maisonadorable.rs\\\/?s={search_term_string}\"},\"query-input\":{\"@type\":\"PropertyValueSpecification\",\"valueRequired\":true,\"valueName\":\"search_term_string\"}}],\"inLanguage\":\"ru-RU\"},{\"@type\":\"Organization\",\"@id\":\"https:\\\/\\\/maisonadorable.rs\\\/#organization\",\"name\":\"Maison Adorable\",\"url\":\"https:\\\/\\\/maisonadorable.rs\\\/\",\"logo\":{\"@type\":\"ImageObject\",\"inLanguage\":\"ru-RU\",\"@id\":\"https:\\\/\\\/maisonadorable.rs\\\/#\\\/schema\\\/logo\\\/image\\\/\",\"url\":\"https:\\\/\\\/maisonadorable.rs\\\/wp-content\\\/uploads\\\/2022\\\/04\\\/logo.png\",\"contentUrl\":\"https:\\\/\\\/maisonadorable.rs\\\/wp-content\\\/uploads\\\/2022\\\/04\\\/logo.png\",\"width\":1081,\"height\":1081,\"caption\":\"Maison Adorable\"},\"image\":{\"@id\":\"https:\\\/\\\/maisonadorable.rs\\\/#\\\/schema\\\/logo\\\/image\\\/\"},\"sameAs\":[\"https:\\\/\\\/www.facebook.com\\\/Maison.adorable.homedecor\",\"https:\\\/\\\/www.instagram.com\\\/maison_adorable\\\/\"]}]}<\/script>\n<!-- \/ Yoast SEO plugin. -->","yoast_head_json":{"title":"KRU\u017dKA RIFFLE PARI\u017d 320 ml steklo - Maison Adorable","description":"Gor\u044f\u010di\u0439 \u0161okolad, sve\u017ei\u0439 \u010da\u0439 ili gor\u044f\u010di\u0439 kofe \u2014 va\u0161a nova\u044f l\u044ebima\u044f \u010da\u0161ka u\u017ee zdes\u044c! Nezavisimo ot togo, nahodites\u044c li v\u044b doma, v ofise ili polule\u017ea na divane \u2014 \u044dlegantna\u044f stekl\u044fnna\u044f kru\u017eka RIFFLE zastavit va\u0161e serdce bit\u044cs\u044f b\u044bstree.","robots":{"index":"index","follow":"follow","max-snippet":"max-snippet:-1","max-image-preview":"max-image-preview:large","max-video-preview":"max-video-preview:-1"},"canonical":"https:\/\/maisonadorable.rs\/ru\/prodavnica\/kruzka-riffle-pariz-320-ml-steklo\/","og_locale":"ru_RU","og_type":"article","og_title":"KRU\u017dKA RIFFLE PARI\u017d 320 ml steklo - Maison Adorable","og_description":"Gor\u044f\u010di\u0439 \u0161okolad, sve\u017ei\u0439 \u010da\u0439 ili gor\u044f\u010di\u0439 kofe \u2014 va\u0161a nova\u044f l\u044ebima\u044f \u010da\u0161ka u\u017ee zdes\u044c! Nezavisimo ot togo, nahodites\u044c li v\u044b doma, v ofise ili polule\u017ea na divane \u2014 \u044dlegantna\u044f stekl\u044fnna\u044f kru\u017eka RIFFLE zastavit va\u0161e serdce bit\u044cs\u044f b\u044bstree.","og_url":"https:\/\/maisonadorable.rs\/ru\/prodavnica\/kruzka-riffle-pariz-320-ml-steklo\/","og_site_name":"Maison Adorable","article_publisher":"https:\/\/www.facebook.com\/Maison.adorable.homedecor","og_image":[{"width":900,"height":1200,"url":"https:\/\/maisonadorable.rs\/wp-content\/uploads\/2025\/04\/Casa-R.jpg","type":"image\/jpeg"}],"twitter_card":"summary_large_image","schema":{"@context":"https:\/\/schema.org","@graph":[{"@type":"WebPage","@id":"https:\/\/maisonadorable.rs\/ru\/prodavnica\/kruzka-riffle-pariz-320-ml-steklo\/","url":"https:\/\/maisonadorable.rs\/ru\/prodavnica\/kruzka-riffle-pariz-320-ml-steklo\/","name":"KRU\u017dKA RIFFLE PARI\u017d 320 ml steklo - Maison Adorable","isPartOf":{"@id":"https:\/\/maisonadorable.rs\/#website"},"primaryImageOfPage":{"@id":"https:\/\/maisonadorable.rs\/ru\/prodavnica\/kruzka-riffle-pariz-320-ml-steklo\/#primaryimage"},"image":{"@id":"https:\/\/maisonadorable.rs\/ru\/prodavnica\/kruzka-riffle-pariz-320-ml-steklo\/#primaryimage"},"thumbnailUrl":"https:\/\/maisonadorable.rs\/wp-content\/uploads\/2025\/04\/Casa-R.jpg","datePublished":"2025-04-30T11:26:49+00:00","description":"Gor\u044f\u010di\u0439 \u0161okolad, sve\u017ei\u0439 \u010da\u0439 ili gor\u044f\u010di\u0439 kofe \u2014 va\u0161a nova\u044f l\u044ebima\u044f \u010da\u0161ka u\u017ee zdes\u044c! Nezavisimo ot togo, nahodites\u044c li v\u044b doma, v ofise ili polule\u017ea na divane \u2014 \u044dlegantna\u044f stekl\u044fnna\u044f kru\u017eka RIFFLE zastavit va\u0161e serdce bit\u044cs\u044f b\u044bstree.","breadcrumb":{"@id":"https:\/\/maisonadorable.rs\/ru\/prodavnica\/kruzka-riffle-pariz-320-ml-steklo\/#breadcrumb"},"inLanguage":"ru-RU","potentialAction":[{"@type":"ReadAction","target":["https:\/\/maisonadorable.rs\/ru\/prodavnica\/kruzka-riffle-pariz-320-ml-steklo\/"]}]},{"@type":"ImageObject","inLanguage":"ru-RU","@id":"https:\/\/maisonadorable.rs\/ru\/prodavnica\/kruzka-riffle-pariz-320-ml-steklo\/#primaryimage","url":"https:\/\/maisonadorable.rs\/wp-content\/uploads\/2025\/04\/Casa-R.jpg","contentUrl":"https:\/\/maisonadorable.rs\/wp-content\/uploads\/2025\/04\/Casa-R.jpg","width":900,"height":1200},{"@type":"BreadcrumbList","@id":"https:\/\/maisonadorable.rs\/ru\/prodavnica\/kruzka-riffle-pariz-320-ml-steklo\/#breadcrumb","itemListElement":[{"@type":"ListItem","position":1,"name":"Po\u010detna","item":"https:\/\/maisonadorable.rs\/ru\/"},{"@type":"ListItem","position":2,"name":"Magazin","item":"https:\/\/maisonadorable.rs\/magazin\/"},{"@type":"ListItem","position":3,"name":"KRU\u017dKA RIFFLE PARI\u017d 320 ml steklo"}]},{"@type":"WebSite","@id":"https:\/\/maisonadorable.rs\/#website","url":"https:\/\/maisonadorable.rs\/","name":"Maison Adorable","description":"Maison Adorable, delimo inspiraciju u ljubav, i \u0161aljemo radost u malim pakovanjima!","publisher":{"@id":"https:\/\/maisonadorable.rs\/#organization"},"potentialAction":[{"@type":"SearchAction","target":{"@type":"EntryPoint","urlTemplate":"https:\/\/maisonadorable.rs\/?s={search_term_string}"},"query-input":{"@type":"PropertyValueSpecification","valueRequired":true,"valueName":"search_term_string"}}],"inLanguage":"ru-RU"},{"@type":"Organization","@id":"https:\/\/maisonadorable.rs\/#organization","name":"Maison Adorable","url":"https:\/\/maisonadorable.rs\/","logo":{"@type":"ImageObject","inLanguage":"ru-RU","@id":"https:\/\/maisonadorable.rs\/#\/schema\/logo\/image\/","url":"https:\/\/maisonadorable.rs\/wp-content\/uploads\/2022\/04\/logo.png","contentUrl":"https:\/\/maisonadorable.rs\/wp-content\/uploads\/2022\/04\/logo.png","width":1081,"height":1081,"caption":"Maison Adorable"},"image":{"@id":"https:\/\/maisonadorable.rs\/#\/schema\/logo\/image\/"},"sameAs":["https:\/\/www.facebook.com\/Maison.adorable.homedecor","https:\/\/www.instagram.com\/maison_adorable\/"]}]}},"_links":{"self":[{"href":"https:\/\/maisonadorable.rs\/ru\/wp-json\/wp\/v2\/product\/14006","targetHints":{"allow":["GET"]}}],"collection":[{"href":"https:\/\/maisonadorable.rs\/ru\/wp-json\/wp\/v2\/product"}],"about":[{"href":"https:\/\/maisonadorable.rs\/ru\/wp-json\/wp\/v2\/types\/product"}],"version-history":[{"count":0,"href":"https:\/\/maisonadorable.rs\/ru\/wp-json\/wp\/v2\/product\/14006\/revisions"}],"wp:featuredmedia":[{"embeddable":true,"href":"https:\/\/maisonadorable.rs\/ru\/wp-json\/wp\/v2\/media\/13731"}],"wp:attachment":[{"href":"https:\/\/maisonadorable.rs\/ru\/wp-json\/wp\/v2\/media?parent=14006"}],"wp:term":[{"taxonomy":"product_brand","embeddable":true,"href":"https:\/\/maisonadorable.rs\/ru\/wp-json\/wp\/v2\/product_brand?post=14006"},{"taxonomy":"product_cat","embeddable":true,"href":"https:\/\/maisonadorable.rs\/ru\/wp-json\/wp\/v2\/product_cat?post=14006"},{"taxonomy":"product_tag","embeddable":true,"href":"https:\/\/maisonadorable.rs\/ru\/wp-json\/wp\/v2\/product_tag?post=14006"}],"curies":[{"name":"wp","href":"https:\/\/api.w.org\/{rel}","templated":true}]}}