{"id":15238,"date":"2025-04-30T12:15:23","date_gmt":"2025-04-30T11:15:23","guid":{"rendered":"https:\/\/maisonadorable.rs\/prodavnica\/podsvecnik-angel\/"},"modified":"2025-04-30T12:15:23","modified_gmt":"2025-04-30T11:15:23","slug":"podsvecnik-angel","status":"publish","type":"product","link":"https:\/\/maisonadorable.rs\/ru\/prodavnica\/podsvecnik-angel\/","title":{"rendered":"Podsve\u010dnik ANGEL"},"content":{"rendered":"<p>Kto skazal, \u010dto dl\u044f sve\u010de\u0439 nu\u017en\u044b osob\u044be slu\u010dai? M\u044b to\u010dno net. Da\u017ee malen\u044ckoe plam\u044f i kro\u0161e\u010dn\u044b\u0439 podsve\u010dnik sozda\u044et u\u044etnu\u044e atmosferu v l\u044ebo\u0439 moment.  <\/p>\n<p>Podsve\u010dnik ANGEL \u2014 \u044dto dekorativna\u044f detal\u044c na va\u0161em stole ili polke.<\/p>\n<p>Material: steklo, derevo, smola<\/p>\n<p>Razmer\u044b: 26 \u00d7 9 sm<\/p>\n<p>PODAROK: dve plastikov\u044be sve\u010di na batare\u0439kah.<\/p>\n","protected":false},"excerpt":{"rendered":"<p>Stekl\u044fnn\u044b\u0439 podsve\u010dnik<\/p>\n","protected":false},"featured_media":12826,"template":"","meta":[],"product_brand":[],"product_cat":[39,38,52,1165,83,42],"product_tag":[241,142,1252,1026,1187,1294,236,1295],"class_list":{"0":"post-15238","1":"product","2":"type-product","3":"status-publish","4":"has-post-thumbnail","6":"product_cat-dekorativni-artikli","7":"product_cat-kucni-dekor","8":"product_cat-nova-godina","9":"product_cat-novogodisnji-dekor","10":"product_cat-pokloni","11":"product_cat-svecnjaci-i-svece","12":"product_tag-andjeo","13":"product_tag-kucni-dekor","14":"product_tag-nova-godina","15":"product_tag-novogodisnji-dekor","16":"product_tag-novogodisnji-poklon","17":"product_tag-novogodisnji-svecnjak","18":"product_tag-svecnjak","19":"product_tag-svecnjak-andjeo","21":"first","22":"instock","23":"featured","24":"shipping-taxable","25":"product-type-simple"},"yoast_head":"<!-- This site is optimized with the Yoast SEO plugin v27.4 - https:\/\/yoast.com\/product\/yoast-seo-wordpress\/ -->\n<title>Podsve\u010dnik ANGEL - Maison Adorable<\/title>\n<meta name=\"description\" content=\"Kto skazal, \u010dto dl\u044f sve\u010de\u0439 nu\u017en\u044b osob\u044be slu\u010dai? M\u044b to\u010dno net. Da\u017ee malen\u044ckoe plam\u044f i kro\u0161e\u010dn\u044b\u0439 podsve\u010dnik sozda\u044et u\u044etnu\u044e atmosferu v l\u044ebo\u0439 moment. Podsve\u010dnik ANGEL \u2014 \u044dto dekorativna\u044f detal\u044c na va\u0161em stole ili polke. So\u010detanie stekla, dereva i smol\u044b. V komplekte \u2014 dve sve\u010di na batare\u0439kah. sve\u0107njakPodsve\u010dnikKo ka\u017ee da su ti za sve\u0107e potrebne posebne prilike? Mi sigurno ne. \u010cak i mali plamen i sitan dr\u017ea\u010d za sve\u0107e stvaraju udobnu atmosferu u svakom trenutku.Kto skazal, \u010dto dl\u044f sve\u010de\u0439 nu\u017en\u044b osob\u044be slu\u010dai? M\u044b to\u010dno net. Da\u017ee malen\u044ckoe plam\u044f i kro\u0161e\u010dn\u044b\u0439 podsve\u010dnik sozda\u044et u\u044etnu\u044e atmosferu v l\u044ebo\u0439 moment.Sve\u0107njak AN\u0110EO je dekorativni detalj na va\u0161em stolu ili polici.Podsve\u010dnik ANGEL \u2014 \u044dto dekorativna\u044f detal\u044c na va\u0161em stole ili polke.Materijal: staklo, drvo, rezin.Material: steklo, derevo, smolaDimenzije: 26 x 9cmRazmer\u044b: 26 \u00d7 9 smPOKLON dve plasti\u010dne sve\u0107e sa baterijom.PODAROK: dve plastikov\u044be sve\u010di na batare\u0439kah.Stakleni sve\u0107njakStekl\u044fnn\u044b\u0439 podsve\u010dnik\" \/>\n<meta name=\"robots\" content=\"index, follow, max-snippet:-1, max-image-preview:large, max-video-preview:-1\" \/>\n<link rel=\"canonical\" href=\"https:\/\/maisonadorable.rs\/ru\/prodavnica\/podsvecnik-angel\/\" \/>\n<meta property=\"og:locale\" content=\"ru_RU\" \/>\n<meta property=\"og:type\" content=\"article\" \/>\n<meta property=\"og:title\" content=\"Podsve\u010dnik ANGEL - Maison Adorable\" \/>\n<meta property=\"og:description\" content=\"Kto skazal, \u010dto dl\u044f sve\u010de\u0439 nu\u017en\u044b osob\u044be slu\u010dai? M\u044b to\u010dno net. Da\u017ee malen\u044ckoe plam\u044f i kro\u0161e\u010dn\u044b\u0439 podsve\u010dnik sozda\u044et u\u044etnu\u044e atmosferu v l\u044ebo\u0439 moment. Podsve\u010dnik ANGEL \u2014 \u044dto dekorativna\u044f detal\u044c na va\u0161em stole ili polke. So\u010detanie stekla, dereva i smol\u044b. V komplekte \u2014 dve sve\u010di na batare\u0439kah. sve\u0107njakPodsve\u010dnikKo ka\u017ee da su ti za sve\u0107e potrebne posebne prilike? Mi sigurno ne. \u010cak i mali plamen i sitan dr\u017ea\u010d za sve\u0107e stvaraju udobnu atmosferu u svakom trenutku.Kto skazal, \u010dto dl\u044f sve\u010de\u0439 nu\u017en\u044b osob\u044be slu\u010dai? M\u044b to\u010dno net. Da\u017ee malen\u044ckoe plam\u044f i kro\u0161e\u010dn\u044b\u0439 podsve\u010dnik sozda\u044et u\u044etnu\u044e atmosferu v l\u044ebo\u0439 moment.Sve\u0107njak AN\u0110EO je dekorativni detalj na va\u0161em stolu ili polici.Podsve\u010dnik ANGEL \u2014 \u044dto dekorativna\u044f detal\u044c na va\u0161em stole ili polke.Materijal: staklo, drvo, rezin.Material: steklo, derevo, smolaDimenzije: 26 x 9cmRazmer\u044b: 26 \u00d7 9 smPOKLON dve plasti\u010dne sve\u0107e sa baterijom.PODAROK: dve plastikov\u044be sve\u010di na batare\u0439kah.Stakleni sve\u0107njakStekl\u044fnn\u044b\u0439 podsve\u010dnik\" \/>\n<meta property=\"og:url\" content=\"https:\/\/maisonadorable.rs\/ru\/prodavnica\/podsvecnik-angel\/\" \/>\n<meta property=\"og:site_name\" content=\"Maison Adorable\" \/>\n<meta property=\"article:publisher\" content=\"https:\/\/www.facebook.com\/Maison.adorable.homedecor\" \/>\n<meta property=\"og:image\" content=\"https:\/\/maisonadorable.rs\/wp-content\/uploads\/2025\/04\/25.DO8997-ANDJEO-SVECNJAK-1.jpg\" \/>\n\t<meta property=\"og:image:width\" content=\"1079\" \/>\n\t<meta property=\"og:image:height\" content=\"1200\" \/>\n\t<meta property=\"og:image:type\" content=\"image\/jpeg\" \/>\n<meta name=\"twitter:card\" content=\"summary_large_image\" \/>\n<script type=\"application\/ld+json\" class=\"yoast-schema-graph\">{\"@context\":\"https:\\\/\\\/schema.org\",\"@graph\":[{\"@type\":\"WebPage\",\"@id\":\"https:\\\/\\\/maisonadorable.rs\\\/ru\\\/prodavnica\\\/podsvecnik-angel\\\/\",\"url\":\"https:\\\/\\\/maisonadorable.rs\\\/ru\\\/prodavnica\\\/podsvecnik-angel\\\/\",\"name\":\"\u041f\u043e\u0434\u0441\u0432\u0435\u0447\u043d\u0438\u043a \u0410\u041d\u0413\u0415\u041b - Maison Adorable\",\"isPartOf\":{\"@id\":\"https:\\\/\\\/maisonadorable.rs\\\/#website\"},\"primaryImageOfPage\":{\"@id\":\"https:\\\/\\\/maisonadorable.rs\\\/ru\\\/prodavnica\\\/podsvecnik-angel\\\/#primaryimage\"},\"image\":{\"@id\":\"https:\\\/\\\/maisonadorable.rs\\\/ru\\\/prodavnica\\\/podsvecnik-angel\\\/#primaryimage\"},\"thumbnailUrl\":\"https:\\\/\\\/maisonadorable.rs\\\/wp-content\\\/uploads\\\/2025\\\/04\\\/25.DO8997-ANDJEO-SVECNJAK-1.jpg\",\"datePublished\":\"2025-04-30T11:15:23+00:00\",\"description\":\"\u041a\u0442\u043e \u0441\u043a\u0430\u0437\u0430\u043b, \u0447\u0442\u043e \u0434\u043b\u044f \u0441\u0432\u0435\u0447\u0435\u0439 \u043d\u0443\u0436\u043d\u044b \u043e\u0441\u043e\u0431\u044b\u0435 \u0441\u043b\u0443\u0447\u0430\u0438? \u041c\u044b \u0442\u043e\u0447\u043d\u043e \u043d\u0435\u0442. \u0414\u0430\u0436\u0435 \u043c\u0430\u043b\u0435\u043d\u044c\u043a\u043e\u0435 \u043f\u043b\u0430\u043c\u044f \u0438 \u043a\u0440\u043e\u0448\u0435\u0447\u043d\u044b\u0439 \u043f\u043e\u0434\u0441\u0432\u0435\u0447\u043d\u0438\u043a \u0441\u043e\u0437\u0434\u0430\u044e\u0442 \u0443\u044e\u0442\u043d\u0443\u044e \u0430\u0442\u043c\u043e\u0441\u0444\u0435\u0440\u0443 \u0432 \u043b\u044e\u0431\u043e\u0439 \u043c\u043e\u043c\u0435\u043d\u0442. \u041f\u043e\u0434\u0441\u0432\u0435\u0447\u043d\u0438\u043a \u0410\u041d\u0413\u0415\u041b \u2014 \u044d\u0442\u043e \u0434\u0435\u043a\u043e\u0440\u0430\u0442\u0438\u0432\u043d\u0430\u044f \u0434\u0435\u0442\u0430\u043b\u044c \u043d\u0430 \u0432\u0430\u0448\u0435\u043c \u0441\u0442\u043e\u043b\u0435 \u0438\u043b\u0438 \u043f\u043e\u043b\u043a\u0435. \u0421\u043e\u0447\u0435\u0442\u0430\u043d\u0438\u0435 \u0441\u0442\u0435\u043a\u043b\u0430, \u0434\u0435\u0440\u0435\u0432\u0430 \u0438 \u0441\u043c\u043e\u043b\u044b. \u0412 \u043a\u043e\u043c\u043f\u043b\u0435\u043a\u0442\u0435 \u2014 \u0434\u0432\u0435 \u0441\u0432\u0435\u0447\u0438 \u043d\u0430 \u0431\u0430\u0442\u0430\u0440\u0435\u0439\u043a\u0430\u0445. sve\u0107njak\u041f\u043e\u0434\u0441\u0432\u0435\u0447\u043d\u0438\u043aKo ka\u017ee da su ti za sve\u0107e potrebne posebne prilike? Mi sigurno ne. \u010cak i mali plamen i sitan dr\u017ea\u010d za sve\u0107e stvaraju udobnu atmosferu u svakom trenutku.\u041a\u0442\u043e \u0441\u043a\u0430\u0437\u0430\u043b, \u0447\u0442\u043e \u0434\u043b\u044f \u0441\u0432\u0435\u0447\u0435\u0439 \u043d\u0443\u0436\u043d\u044b \u043e\u0441\u043e\u0431\u044b\u0435 \u0441\u043b\u0443\u0447\u0430\u0438? \u041c\u044b \u0442\u043e\u0447\u043d\u043e \u043d\u0435\u0442. \u0414\u0430\u0436\u0435 \u043c\u0430\u043b\u0435\u043d\u044c\u043a\u043e\u0435 \u043f\u043b\u0430\u043c\u044f \u0438 \u043a\u0440\u043e\u0448\u0435\u0447\u043d\u044b\u0439 \u043f\u043e\u0434\u0441\u0432\u0435\u0447\u043d\u0438\u043a \u0441\u043e\u0437\u0434\u0430\u044e\u0442 \u0443\u044e\u0442\u043d\u0443\u044e \u0430\u0442\u043c\u043e\u0441\u0444\u0435\u0440\u0443 \u0432 \u043b\u044e\u0431\u043e\u0439 \u043c\u043e\u043c\u0435\u043d\u0442.Sve\u0107njak AN\u0110EO je dekorativni detalj na va\u0161em stolu ili polici.\u041f\u043e\u0434\u0441\u0432\u0435\u0447\u043d\u0438\u043a \u0410\u041d\u0413\u0415\u041b \u2014 \u044d\u0442\u043e \u0434\u0435\u043a\u043e\u0440\u0430\u0442\u0438\u0432\u043d\u0430\u044f \u0434\u0435\u0442\u0430\u043b\u044c \u043d\u0430 \u0432\u0430\u0448\u0435\u043c \u0441\u0442\u043e\u043b\u0435 \u0438\u043b\u0438 \u043f\u043e\u043b\u043a\u0435.Materijal: staklo, drvo, rezin.\u041c\u0430\u0442\u0435\u0440\u0438\u0430\u043b: \u0441\u0442\u0435\u043a\u043b\u043e, \u0434\u0435\u0440\u0435\u0432\u043e, \u0441\u043c\u043e\u043b\u0430Dimenzije: 26 x 9cm\u0420\u0430\u0437\u043c\u0435\u0440\u044b: 26 \u00d7 9 \u0441\u043cPOKLON dve plasti\u010dne sve\u0107e sa baterijom.\u041f\u041e\u0414\u0410\u0420\u041e\u041a: \u0434\u0432\u0435 \u043f\u043b\u0430\u0441\u0442\u0438\u043a\u043e\u0432\u044b\u0435 \u0441\u0432\u0435\u0447\u0438 \u043d\u0430 \u0431\u0430\u0442\u0430\u0440\u0435\u0439\u043a\u0430\u0445.Stakleni sve\u0107njak\u0421\u0442\u0435\u043a\u043b\u044f\u043d\u043d\u044b\u0439 \u043f\u043e\u0434\u0441\u0432\u0435\u0447\u043d\u0438\u043a\",\"breadcrumb\":{\"@id\":\"https:\\\/\\\/maisonadorable.rs\\\/ru\\\/prodavnica\\\/podsvecnik-angel\\\/#breadcrumb\"},\"inLanguage\":\"ru-RU\",\"potentialAction\":[{\"@type\":\"ReadAction\",\"target\":[\"https:\\\/\\\/maisonadorable.rs\\\/ru\\\/prodavnica\\\/podsvecnik-angel\\\/\"]}]},{\"@type\":\"ImageObject\",\"inLanguage\":\"ru-RU\",\"@id\":\"https:\\\/\\\/maisonadorable.rs\\\/ru\\\/prodavnica\\\/podsvecnik-angel\\\/#primaryimage\",\"url\":\"https:\\\/\\\/maisonadorable.rs\\\/wp-content\\\/uploads\\\/2025\\\/04\\\/25.DO8997-ANDJEO-SVECNJAK-1.jpg\",\"contentUrl\":\"https:\\\/\\\/maisonadorable.rs\\\/wp-content\\\/uploads\\\/2025\\\/04\\\/25.DO8997-ANDJEO-SVECNJAK-1.jpg\",\"width\":1079,\"height\":1200},{\"@type\":\"BreadcrumbList\",\"@id\":\"https:\\\/\\\/maisonadorable.rs\\\/ru\\\/prodavnica\\\/podsvecnik-angel\\\/#breadcrumb\",\"itemListElement\":[{\"@type\":\"ListItem\",\"position\":1,\"name\":\"Po\u010detna\",\"item\":\"https:\\\/\\\/maisonadorable.rs\\\/ru\\\/\"},{\"@type\":\"ListItem\",\"position\":2,\"name\":\"Magazin\",\"item\":\"https:\\\/\\\/maisonadorable.rs\\\/magazin\\\/\"},{\"@type\":\"ListItem\",\"position\":3,\"name\":\"Podsve\u010dnik ANGEL\"}]},{\"@type\":\"WebSite\",\"@id\":\"https:\\\/\\\/maisonadorable.rs\\\/#website\",\"url\":\"https:\\\/\\\/maisonadorable.rs\\\/\",\"name\":\"Maison Adorable\",\"description\":\"Maison Adorable, delimo inspiraciju u ljubav, i \u0161aljemo radost u malim pakovanjima!\",\"publisher\":{\"@id\":\"https:\\\/\\\/maisonadorable.rs\\\/#organization\"},\"potentialAction\":[{\"@type\":\"SearchAction\",\"target\":{\"@type\":\"EntryPoint\",\"urlTemplate\":\"https:\\\/\\\/maisonadorable.rs\\\/?s={search_term_string}\"},\"query-input\":{\"@type\":\"PropertyValueSpecification\",\"valueRequired\":true,\"valueName\":\"search_term_string\"}}],\"inLanguage\":\"ru-RU\"},{\"@type\":\"Organization\",\"@id\":\"https:\\\/\\\/maisonadorable.rs\\\/#organization\",\"name\":\"Maison Adorable\",\"url\":\"https:\\\/\\\/maisonadorable.rs\\\/\",\"logo\":{\"@type\":\"ImageObject\",\"inLanguage\":\"ru-RU\",\"@id\":\"https:\\\/\\\/maisonadorable.rs\\\/#\\\/schema\\\/logo\\\/image\\\/\",\"url\":\"https:\\\/\\\/maisonadorable.rs\\\/wp-content\\\/uploads\\\/2022\\\/04\\\/logo.png\",\"contentUrl\":\"https:\\\/\\\/maisonadorable.rs\\\/wp-content\\\/uploads\\\/2022\\\/04\\\/logo.png\",\"width\":1081,\"height\":1081,\"caption\":\"Maison Adorable\"},\"image\":{\"@id\":\"https:\\\/\\\/maisonadorable.rs\\\/#\\\/schema\\\/logo\\\/image\\\/\"},\"sameAs\":[\"https:\\\/\\\/www.facebook.com\\\/Maison.adorable.homedecor\",\"https:\\\/\\\/www.instagram.com\\\/maison_adorable\\\/\"]}]}<\/script>\n<!-- \/ Yoast SEO plugin. -->","yoast_head_json":{"title":"Podsve\u010dnik ANGEL - Maison Adorable","description":"Kto skazal, \u010dto dl\u044f sve\u010de\u0439 nu\u017en\u044b osob\u044be slu\u010dai? M\u044b to\u010dno net. Da\u017ee malen\u044ckoe plam\u044f i kro\u0161e\u010dn\u044b\u0439 podsve\u010dnik sozda\u044et u\u044etnu\u044e atmosferu v l\u044ebo\u0439 moment. Podsve\u010dnik ANGEL \u2014 \u044dto dekorativna\u044f detal\u044c na va\u0161em stole ili polke. So\u010detanie stekla, dereva i smol\u044b. V komplekte \u2014 dve sve\u010di na batare\u0439kah. sve\u0107njakPodsve\u010dnikKo ka\u017ee da su ti za sve\u0107e potrebne posebne prilike? Mi sigurno ne. \u010cak i mali plamen i sitan dr\u017ea\u010d za sve\u0107e stvaraju udobnu atmosferu u svakom trenutku.Kto skazal, \u010dto dl\u044f sve\u010de\u0439 nu\u017en\u044b osob\u044be slu\u010dai? M\u044b to\u010dno net. Da\u017ee malen\u044ckoe plam\u044f i kro\u0161e\u010dn\u044b\u0439 podsve\u010dnik sozda\u044et u\u044etnu\u044e atmosferu v l\u044ebo\u0439 moment.Sve\u0107njak AN\u0110EO je dekorativni detalj na va\u0161em stolu ili polici.Podsve\u010dnik ANGEL \u2014 \u044dto dekorativna\u044f detal\u044c na va\u0161em stole ili polke.Materijal: staklo, drvo, rezin.Material: steklo, derevo, smolaDimenzije: 26 x 9cmRazmer\u044b: 26 \u00d7 9 smPOKLON dve plasti\u010dne sve\u0107e sa baterijom.PODAROK: dve plastikov\u044be sve\u010di na batare\u0439kah.Stakleni sve\u0107njakStekl\u044fnn\u044b\u0439 podsve\u010dnik","robots":{"index":"index","follow":"follow","max-snippet":"max-snippet:-1","max-image-preview":"max-image-preview:large","max-video-preview":"max-video-preview:-1"},"canonical":"https:\/\/maisonadorable.rs\/ru\/prodavnica\/podsvecnik-angel\/","og_locale":"ru_RU","og_type":"article","og_title":"Podsve\u010dnik ANGEL - Maison Adorable","og_description":"Kto skazal, \u010dto dl\u044f sve\u010de\u0439 nu\u017en\u044b osob\u044be slu\u010dai? M\u044b to\u010dno net. Da\u017ee malen\u044ckoe plam\u044f i kro\u0161e\u010dn\u044b\u0439 podsve\u010dnik sozda\u044et u\u044etnu\u044e atmosferu v l\u044ebo\u0439 moment. Podsve\u010dnik ANGEL \u2014 \u044dto dekorativna\u044f detal\u044c na va\u0161em stole ili polke. So\u010detanie stekla, dereva i smol\u044b. V komplekte \u2014 dve sve\u010di na batare\u0439kah. sve\u0107njakPodsve\u010dnikKo ka\u017ee da su ti za sve\u0107e potrebne posebne prilike? Mi sigurno ne. \u010cak i mali plamen i sitan dr\u017ea\u010d za sve\u0107e stvaraju udobnu atmosferu u svakom trenutku.Kto skazal, \u010dto dl\u044f sve\u010de\u0439 nu\u017en\u044b osob\u044be slu\u010dai? M\u044b to\u010dno net. Da\u017ee malen\u044ckoe plam\u044f i kro\u0161e\u010dn\u044b\u0439 podsve\u010dnik sozda\u044et u\u044etnu\u044e atmosferu v l\u044ebo\u0439 moment.Sve\u0107njak AN\u0110EO je dekorativni detalj na va\u0161em stolu ili polici.Podsve\u010dnik ANGEL \u2014 \u044dto dekorativna\u044f detal\u044c na va\u0161em stole ili polke.Materijal: staklo, drvo, rezin.Material: steklo, derevo, smolaDimenzije: 26 x 9cmRazmer\u044b: 26 \u00d7 9 smPOKLON dve plasti\u010dne sve\u0107e sa baterijom.PODAROK: dve plastikov\u044be sve\u010di na batare\u0439kah.Stakleni sve\u0107njakStekl\u044fnn\u044b\u0439 podsve\u010dnik","og_url":"https:\/\/maisonadorable.rs\/ru\/prodavnica\/podsvecnik-angel\/","og_site_name":"Maison Adorable","article_publisher":"https:\/\/www.facebook.com\/Maison.adorable.homedecor","og_image":[{"width":1079,"height":1200,"url":"https:\/\/maisonadorable.rs\/wp-content\/uploads\/2025\/04\/25.DO8997-ANDJEO-SVECNJAK-1.jpg","type":"image\/jpeg"}],"twitter_card":"summary_large_image","schema":{"@context":"https:\/\/schema.org","@graph":[{"@type":"WebPage","@id":"https:\/\/maisonadorable.rs\/ru\/prodavnica\/podsvecnik-angel\/","url":"https:\/\/maisonadorable.rs\/ru\/prodavnica\/podsvecnik-angel\/","name":"Podsve\u010dnik ANGEL - Maison Adorable","isPartOf":{"@id":"https:\/\/maisonadorable.rs\/#website"},"primaryImageOfPage":{"@id":"https:\/\/maisonadorable.rs\/ru\/prodavnica\/podsvecnik-angel\/#primaryimage"},"image":{"@id":"https:\/\/maisonadorable.rs\/ru\/prodavnica\/podsvecnik-angel\/#primaryimage"},"thumbnailUrl":"https:\/\/maisonadorable.rs\/wp-content\/uploads\/2025\/04\/25.DO8997-ANDJEO-SVECNJAK-1.jpg","datePublished":"2025-04-30T11:15:23+00:00","description":"Kto skazal, \u010dto dl\u044f sve\u010de\u0439 nu\u017en\u044b osob\u044be slu\u010dai? M\u044b to\u010dno net. Da\u017ee malen\u044ckoe plam\u044f i kro\u0161e\u010dn\u044b\u0439 podsve\u010dnik sozda\u044et u\u044etnu\u044e atmosferu v l\u044ebo\u0439 moment. Podsve\u010dnik ANGEL \u2014 \u044dto dekorativna\u044f detal\u044c na va\u0161em stole ili polke. So\u010detanie stekla, dereva i smol\u044b. V komplekte \u2014 dve sve\u010di na batare\u0439kah. sve\u0107njakPodsve\u010dnikKo ka\u017ee da su ti za sve\u0107e potrebne posebne prilike? Mi sigurno ne. \u010cak i mali plamen i sitan dr\u017ea\u010d za sve\u0107e stvaraju udobnu atmosferu u svakom trenutku.Kto skazal, \u010dto dl\u044f sve\u010de\u0439 nu\u017en\u044b osob\u044be slu\u010dai? M\u044b to\u010dno net. Da\u017ee malen\u044ckoe plam\u044f i kro\u0161e\u010dn\u044b\u0439 podsve\u010dnik sozda\u044et u\u044etnu\u044e atmosferu v l\u044ebo\u0439 moment.Sve\u0107njak AN\u0110EO je dekorativni detalj na va\u0161em stolu ili polici.Podsve\u010dnik ANGEL \u2014 \u044dto dekorativna\u044f detal\u044c na va\u0161em stole ili polke.Materijal: staklo, drvo, rezin.Material: steklo, derevo, smolaDimenzije: 26 x 9cmRazmer\u044b: 26 \u00d7 9 smPOKLON dve plasti\u010dne sve\u0107e sa baterijom.PODAROK: dve plastikov\u044be sve\u010di na batare\u0439kah.Stakleni sve\u0107njakStekl\u044fnn\u044b\u0439 podsve\u010dnik","breadcrumb":{"@id":"https:\/\/maisonadorable.rs\/ru\/prodavnica\/podsvecnik-angel\/#breadcrumb"},"inLanguage":"ru-RU","potentialAction":[{"@type":"ReadAction","target":["https:\/\/maisonadorable.rs\/ru\/prodavnica\/podsvecnik-angel\/"]}]},{"@type":"ImageObject","inLanguage":"ru-RU","@id":"https:\/\/maisonadorable.rs\/ru\/prodavnica\/podsvecnik-angel\/#primaryimage","url":"https:\/\/maisonadorable.rs\/wp-content\/uploads\/2025\/04\/25.DO8997-ANDJEO-SVECNJAK-1.jpg","contentUrl":"https:\/\/maisonadorable.rs\/wp-content\/uploads\/2025\/04\/25.DO8997-ANDJEO-SVECNJAK-1.jpg","width":1079,"height":1200},{"@type":"BreadcrumbList","@id":"https:\/\/maisonadorable.rs\/ru\/prodavnica\/podsvecnik-angel\/#breadcrumb","itemListElement":[{"@type":"ListItem","position":1,"name":"Po\u010detna","item":"https:\/\/maisonadorable.rs\/ru\/"},{"@type":"ListItem","position":2,"name":"Magazin","item":"https:\/\/maisonadorable.rs\/magazin\/"},{"@type":"ListItem","position":3,"name":"Podsve\u010dnik ANGEL"}]},{"@type":"WebSite","@id":"https:\/\/maisonadorable.rs\/#website","url":"https:\/\/maisonadorable.rs\/","name":"Maison Adorable","description":"Maison Adorable, delimo inspiraciju u ljubav, i \u0161aljemo radost u malim pakovanjima!","publisher":{"@id":"https:\/\/maisonadorable.rs\/#organization"},"potentialAction":[{"@type":"SearchAction","target":{"@type":"EntryPoint","urlTemplate":"https:\/\/maisonadorable.rs\/?s={search_term_string}"},"query-input":{"@type":"PropertyValueSpecification","valueRequired":true,"valueName":"search_term_string"}}],"inLanguage":"ru-RU"},{"@type":"Organization","@id":"https:\/\/maisonadorable.rs\/#organization","name":"Maison Adorable","url":"https:\/\/maisonadorable.rs\/","logo":{"@type":"ImageObject","inLanguage":"ru-RU","@id":"https:\/\/maisonadorable.rs\/#\/schema\/logo\/image\/","url":"https:\/\/maisonadorable.rs\/wp-content\/uploads\/2022\/04\/logo.png","contentUrl":"https:\/\/maisonadorable.rs\/wp-content\/uploads\/2022\/04\/logo.png","width":1081,"height":1081,"caption":"Maison Adorable"},"image":{"@id":"https:\/\/maisonadorable.rs\/#\/schema\/logo\/image\/"},"sameAs":["https:\/\/www.facebook.com\/Maison.adorable.homedecor","https:\/\/www.instagram.com\/maison_adorable\/"]}]}},"_links":{"self":[{"href":"https:\/\/maisonadorable.rs\/ru\/wp-json\/wp\/v2\/product\/15238","targetHints":{"allow":["GET"]}}],"collection":[{"href":"https:\/\/maisonadorable.rs\/ru\/wp-json\/wp\/v2\/product"}],"about":[{"href":"https:\/\/maisonadorable.rs\/ru\/wp-json\/wp\/v2\/types\/product"}],"version-history":[{"count":0,"href":"https:\/\/maisonadorable.rs\/ru\/wp-json\/wp\/v2\/product\/15238\/revisions"}],"wp:featuredmedia":[{"embeddable":true,"href":"https:\/\/maisonadorable.rs\/ru\/wp-json\/wp\/v2\/media\/12826"}],"wp:attachment":[{"href":"https:\/\/maisonadorable.rs\/ru\/wp-json\/wp\/v2\/media?parent=15238"}],"wp:term":[{"taxonomy":"product_brand","embeddable":true,"href":"https:\/\/maisonadorable.rs\/ru\/wp-json\/wp\/v2\/product_brand?post=15238"},{"taxonomy":"product_cat","embeddable":true,"href":"https:\/\/maisonadorable.rs\/ru\/wp-json\/wp\/v2\/product_cat?post=15238"},{"taxonomy":"product_tag","embeddable":true,"href":"https:\/\/maisonadorable.rs\/ru\/wp-json\/wp\/v2\/product_tag?post=15238"}],"curies":[{"name":"wp","href":"https:\/\/api.w.org\/{rel}","templated":true}]}}