{"id":15257,"date":"2025-04-30T12:15:23","date_gmt":"2025-04-30T11:15:23","guid":{"rendered":"https:\/\/maisonadorable.rs\/prodavnica\/podsvecnik-casa\/"},"modified":"2025-04-30T12:15:23","modified_gmt":"2025-04-30T11:15:23","slug":"podsvecnik-casa","status":"publish","type":"product","link":"https:\/\/maisonadorable.rs\/ru\/prodavnica\/podsvecnik-casa\/","title":{"rendered":"Podsve\u010dnik CASA"},"content":{"rendered":"<p>Kerami\u010deski\u0439 podsve\u010dnik original\u044cnogo ispolneni\u044f s m\u044fgko zakrugl\u0451nn\u044bmi lini\u044fmi sozda\u0451t o\u0449u\u0449enie u\u044eta da\u017ee togda, kogda sve\u010di ne za\u017e\u017een\u044b. Belogo cveta, s dekorativn\u044bmi otversti\u044fmi i serebr\u044fno\u0439 metalli\u010desko\u0439 ru\u010dko\u0439. V komplekte \u2014 odna plastikova\u044f LED sve\u010da s t\u0451pl\u044bm bel\u044bm svetom.  <\/p>\n<p>Material: keramika, metall<\/p>\n<p>Razmer\u044b: v\u044bsota 23 sm<\/p>\n","protected":false},"excerpt":{"rendered":"<p>Kerami\u010deski\u0439 podsve\u010dnik original\u044cnogo ispolneni\u044f s m\u044fgko zakrugl\u0451nn\u044bmi lini\u044fmi sozda\u0451t o\u0449u\u0449enie u\u044eta da\u017ee togda, kogda sve\u010di ne za\u017e\u017een\u044b. Belogo cveta, s<\/p>\n","protected":false},"featured_media":12821,"template":"","meta":[],"product_brand":[],"product_cat":[39,38,52,42],"product_tag":[99,283,1496,100,236],"class_list":{"0":"post-15257","1":"product","2":"type-product","3":"status-publish","4":"has-post-thumbnail","6":"product_cat-dekorativni-artikli","7":"product_cat-kucni-dekor","8":"product_cat-nova-godina","9":"product_cat-svecnjaci-i-svece","10":"product_tag-beli-keramicki-svecnjak-visine-23cm-sa-srebrnom-metalnom-drskom","11":"product_tag-fenjer","12":"product_tag-keramicki-fenjer","13":"product_tag-specificne-teksture-i-rucne-obrade","14":"product_tag-svecnjak","16":"first","17":"instock","18":"featured","19":"shipping-taxable","20":"product-type-simple"},"yoast_head":"<!-- This site is optimized with the Yoast SEO plugin v27.4 - https:\/\/yoast.com\/product\/yoast-seo-wordpress\/ -->\n<title>Podsve\u010dnik CASA - Maison Adorable<\/title>\n<meta name=\"description\" content=\"Kerami\u010deski\u0439 podsve\u010dnik original\u044cnogo ispolneni\u044f s m\u044fgko zakrugl\u0451nn\u044bmi lini\u044fmi sozda\u0451t o\u0449u\u0449enie u\u044eta da\u017ee togda, kogda sve\u010di ne za\u017e\u017een\u044b. Belogo cveta, s dekorativn\u044bmi otversti\u044fmi i serebr\u044fno\u0439 metalli\u010desko\u0439 ru\u010dko\u0439. V komplekte \u2014 odna plastikova\u044f LED sve\u010da s t\u0451pl\u044bm bel\u044bm svetom.\" \/>\n<meta name=\"robots\" content=\"index, follow, max-snippet:-1, max-image-preview:large, max-video-preview:-1\" \/>\n<link rel=\"canonical\" href=\"https:\/\/maisonadorable.rs\/ru\/prodavnica\/podsvecnik-casa\/\" \/>\n<meta property=\"og:locale\" content=\"ru_RU\" \/>\n<meta property=\"og:type\" content=\"article\" \/>\n<meta property=\"og:title\" content=\"Podsve\u010dnik CASA - Maison Adorable\" \/>\n<meta property=\"og:description\" content=\"Kerami\u010deski\u0439 podsve\u010dnik original\u044cnogo ispolneni\u044f s m\u044fgko zakrugl\u0451nn\u044bmi lini\u044fmi sozda\u0451t o\u0449u\u0449enie u\u044eta da\u017ee togda, kogda sve\u010di ne za\u017e\u017een\u044b. Belogo cveta, s dekorativn\u044bmi otversti\u044fmi i serebr\u044fno\u0439 metalli\u010desko\u0439 ru\u010dko\u0439. V komplekte \u2014 odna plastikova\u044f LED sve\u010da s t\u0451pl\u044bm bel\u044bm svetom.\" \/>\n<meta property=\"og:url\" content=\"https:\/\/maisonadorable.rs\/ru\/prodavnica\/podsvecnik-casa\/\" \/>\n<meta property=\"og:site_name\" content=\"Maison Adorable\" \/>\n<meta property=\"article:publisher\" content=\"https:\/\/www.facebook.com\/Maison.adorable.homedecor\" \/>\n<meta property=\"og:image\" content=\"https:\/\/maisonadorable.rs\/wp-content\/uploads\/2025\/04\/Fenje.jpg\" \/>\n\t<meta property=\"og:image:width\" content=\"900\" \/>\n\t<meta property=\"og:image:height\" content=\"1200\" \/>\n\t<meta property=\"og:image:type\" content=\"image\/jpeg\" \/>\n<meta name=\"twitter:card\" content=\"summary_large_image\" \/>\n<script type=\"application\/ld+json\" class=\"yoast-schema-graph\">{\"@context\":\"https:\\\/\\\/schema.org\",\"@graph\":[{\"@type\":\"WebPage\",\"@id\":\"https:\\\/\\\/maisonadorable.rs\\\/ru\\\/prodavnica\\\/podsvecnik-casa\\\/\",\"url\":\"https:\\\/\\\/maisonadorable.rs\\\/ru\\\/prodavnica\\\/podsvecnik-casa\\\/\",\"name\":\"\u041f\u043e\u0434\u0441\u0432\u0435\u0447\u043d\u0438\u043a CASA - Maison Adorable\",\"isPartOf\":{\"@id\":\"https:\\\/\\\/maisonadorable.rs\\\/#website\"},\"primaryImageOfPage\":{\"@id\":\"https:\\\/\\\/maisonadorable.rs\\\/ru\\\/prodavnica\\\/podsvecnik-casa\\\/#primaryimage\"},\"image\":{\"@id\":\"https:\\\/\\\/maisonadorable.rs\\\/ru\\\/prodavnica\\\/podsvecnik-casa\\\/#primaryimage\"},\"thumbnailUrl\":\"https:\\\/\\\/maisonadorable.rs\\\/wp-content\\\/uploads\\\/2025\\\/04\\\/Fenje.jpg\",\"datePublished\":\"2025-04-30T11:15:23+00:00\",\"description\":\"\u041a\u0435\u0440\u0430\u043c\u0438\u0447\u0435\u0441\u043a\u0438\u0439 \u043f\u043e\u0434\u0441\u0432\u0435\u0447\u043d\u0438\u043a \u043e\u0440\u0438\u0433\u0438\u043d\u0430\u043b\u044c\u043d\u043e\u0433\u043e \u0438\u0441\u043f\u043e\u043b\u043d\u0435\u043d\u0438\u044f \u0441 \u043c\u044f\u0433\u043a\u043e \u0437\u0430\u043a\u0440\u0443\u0433\u043b\u0451\u043d\u043d\u044b\u043c\u0438 \u043b\u0438\u043d\u0438\u044f\u043c\u0438 \u0441\u043e\u0437\u0434\u0430\u0451\u0442 \u043e\u0449\u0443\u0449\u0435\u043d\u0438\u0435 \u0443\u044e\u0442\u0430 \u0434\u0430\u0436\u0435 \u0442\u043e\u0433\u0434\u0430, \u043a\u043e\u0433\u0434\u0430 \u0441\u0432\u0435\u0447\u0438 \u043d\u0435 \u0437\u0430\u0436\u0436\u0435\u043d\u044b. \u0411\u0435\u043b\u043e\u0433\u043e \u0446\u0432\u0435\u0442\u0430, \u0441 \u0434\u0435\u043a\u043e\u0440\u0430\u0442\u0438\u0432\u043d\u044b\u043c\u0438 \u043e\u0442\u0432\u0435\u0440\u0441\u0442\u0438\u044f\u043c\u0438 \u0438 \u0441\u0435\u0440\u0435\u0431\u0440\u044f\u043d\u043e\u0439 \u043c\u0435\u0442\u0430\u043b\u043b\u0438\u0447\u0435\u0441\u043a\u043e\u0439 \u0440\u0443\u0447\u043a\u043e\u0439. \u0412 \u043a\u043e\u043c\u043f\u043b\u0435\u043a\u0442\u0435 \u2014 \u043e\u0434\u043d\u0430 \u043f\u043b\u0430\u0441\u0442\u0438\u043a\u043e\u0432\u0430\u044f LED \u0441\u0432\u0435\u0447\u0430 \u0441 \u0442\u0451\u043f\u043b\u044b\u043c \u0431\u0435\u043b\u044b\u043c \u0441\u0432\u0435\u0442\u043e\u043c.\",\"breadcrumb\":{\"@id\":\"https:\\\/\\\/maisonadorable.rs\\\/ru\\\/prodavnica\\\/podsvecnik-casa\\\/#breadcrumb\"},\"inLanguage\":\"ru-RU\",\"potentialAction\":[{\"@type\":\"ReadAction\",\"target\":[\"https:\\\/\\\/maisonadorable.rs\\\/ru\\\/prodavnica\\\/podsvecnik-casa\\\/\"]}]},{\"@type\":\"ImageObject\",\"inLanguage\":\"ru-RU\",\"@id\":\"https:\\\/\\\/maisonadorable.rs\\\/ru\\\/prodavnica\\\/podsvecnik-casa\\\/#primaryimage\",\"url\":\"https:\\\/\\\/maisonadorable.rs\\\/wp-content\\\/uploads\\\/2025\\\/04\\\/Fenje.jpg\",\"contentUrl\":\"https:\\\/\\\/maisonadorable.rs\\\/wp-content\\\/uploads\\\/2025\\\/04\\\/Fenje.jpg\",\"width\":900,\"height\":1200},{\"@type\":\"BreadcrumbList\",\"@id\":\"https:\\\/\\\/maisonadorable.rs\\\/ru\\\/prodavnica\\\/podsvecnik-casa\\\/#breadcrumb\",\"itemListElement\":[{\"@type\":\"ListItem\",\"position\":1,\"name\":\"Po\u010detna\",\"item\":\"https:\\\/\\\/maisonadorable.rs\\\/ru\\\/\"},{\"@type\":\"ListItem\",\"position\":2,\"name\":\"Magazin\",\"item\":\"https:\\\/\\\/maisonadorable.rs\\\/magazin\\\/\"},{\"@type\":\"ListItem\",\"position\":3,\"name\":\"Podsve\u010dnik CASA\"}]},{\"@type\":\"WebSite\",\"@id\":\"https:\\\/\\\/maisonadorable.rs\\\/#website\",\"url\":\"https:\\\/\\\/maisonadorable.rs\\\/\",\"name\":\"Maison Adorable\",\"description\":\"Maison Adorable, delimo inspiraciju u ljubav, i \u0161aljemo radost u malim pakovanjima!\",\"publisher\":{\"@id\":\"https:\\\/\\\/maisonadorable.rs\\\/#organization\"},\"potentialAction\":[{\"@type\":\"SearchAction\",\"target\":{\"@type\":\"EntryPoint\",\"urlTemplate\":\"https:\\\/\\\/maisonadorable.rs\\\/?s={search_term_string}\"},\"query-input\":{\"@type\":\"PropertyValueSpecification\",\"valueRequired\":true,\"valueName\":\"search_term_string\"}}],\"inLanguage\":\"ru-RU\"},{\"@type\":\"Organization\",\"@id\":\"https:\\\/\\\/maisonadorable.rs\\\/#organization\",\"name\":\"Maison Adorable\",\"url\":\"https:\\\/\\\/maisonadorable.rs\\\/\",\"logo\":{\"@type\":\"ImageObject\",\"inLanguage\":\"ru-RU\",\"@id\":\"https:\\\/\\\/maisonadorable.rs\\\/#\\\/schema\\\/logo\\\/image\\\/\",\"url\":\"https:\\\/\\\/maisonadorable.rs\\\/wp-content\\\/uploads\\\/2022\\\/04\\\/logo.png\",\"contentUrl\":\"https:\\\/\\\/maisonadorable.rs\\\/wp-content\\\/uploads\\\/2022\\\/04\\\/logo.png\",\"width\":1081,\"height\":1081,\"caption\":\"Maison Adorable\"},\"image\":{\"@id\":\"https:\\\/\\\/maisonadorable.rs\\\/#\\\/schema\\\/logo\\\/image\\\/\"},\"sameAs\":[\"https:\\\/\\\/www.facebook.com\\\/Maison.adorable.homedecor\",\"https:\\\/\\\/www.instagram.com\\\/maison_adorable\\\/\"]}]}<\/script>\n<!-- \/ Yoast SEO plugin. -->","yoast_head_json":{"title":"Podsve\u010dnik CASA - Maison Adorable","description":"Kerami\u010deski\u0439 podsve\u010dnik original\u044cnogo ispolneni\u044f s m\u044fgko zakrugl\u0451nn\u044bmi lini\u044fmi sozda\u0451t o\u0449u\u0449enie u\u044eta da\u017ee togda, kogda sve\u010di ne za\u017e\u017een\u044b. Belogo cveta, s dekorativn\u044bmi otversti\u044fmi i serebr\u044fno\u0439 metalli\u010desko\u0439 ru\u010dko\u0439. V komplekte \u2014 odna plastikova\u044f LED sve\u010da s t\u0451pl\u044bm bel\u044bm svetom.","robots":{"index":"index","follow":"follow","max-snippet":"max-snippet:-1","max-image-preview":"max-image-preview:large","max-video-preview":"max-video-preview:-1"},"canonical":"https:\/\/maisonadorable.rs\/ru\/prodavnica\/podsvecnik-casa\/","og_locale":"ru_RU","og_type":"article","og_title":"Podsve\u010dnik CASA - Maison Adorable","og_description":"Kerami\u010deski\u0439 podsve\u010dnik original\u044cnogo ispolneni\u044f s m\u044fgko zakrugl\u0451nn\u044bmi lini\u044fmi sozda\u0451t o\u0449u\u0449enie u\u044eta da\u017ee togda, kogda sve\u010di ne za\u017e\u017een\u044b. Belogo cveta, s dekorativn\u044bmi otversti\u044fmi i serebr\u044fno\u0439 metalli\u010desko\u0439 ru\u010dko\u0439. V komplekte \u2014 odna plastikova\u044f LED sve\u010da s t\u0451pl\u044bm bel\u044bm svetom.","og_url":"https:\/\/maisonadorable.rs\/ru\/prodavnica\/podsvecnik-casa\/","og_site_name":"Maison Adorable","article_publisher":"https:\/\/www.facebook.com\/Maison.adorable.homedecor","og_image":[{"width":900,"height":1200,"url":"https:\/\/maisonadorable.rs\/wp-content\/uploads\/2025\/04\/Fenje.jpg","type":"image\/jpeg"}],"twitter_card":"summary_large_image","schema":{"@context":"https:\/\/schema.org","@graph":[{"@type":"WebPage","@id":"https:\/\/maisonadorable.rs\/ru\/prodavnica\/podsvecnik-casa\/","url":"https:\/\/maisonadorable.rs\/ru\/prodavnica\/podsvecnik-casa\/","name":"Podsve\u010dnik CASA - Maison Adorable","isPartOf":{"@id":"https:\/\/maisonadorable.rs\/#website"},"primaryImageOfPage":{"@id":"https:\/\/maisonadorable.rs\/ru\/prodavnica\/podsvecnik-casa\/#primaryimage"},"image":{"@id":"https:\/\/maisonadorable.rs\/ru\/prodavnica\/podsvecnik-casa\/#primaryimage"},"thumbnailUrl":"https:\/\/maisonadorable.rs\/wp-content\/uploads\/2025\/04\/Fenje.jpg","datePublished":"2025-04-30T11:15:23+00:00","description":"Kerami\u010deski\u0439 podsve\u010dnik original\u044cnogo ispolneni\u044f s m\u044fgko zakrugl\u0451nn\u044bmi lini\u044fmi sozda\u0451t o\u0449u\u0449enie u\u044eta da\u017ee togda, kogda sve\u010di ne za\u017e\u017een\u044b. Belogo cveta, s dekorativn\u044bmi otversti\u044fmi i serebr\u044fno\u0439 metalli\u010desko\u0439 ru\u010dko\u0439. V komplekte \u2014 odna plastikova\u044f LED sve\u010da s t\u0451pl\u044bm bel\u044bm svetom.","breadcrumb":{"@id":"https:\/\/maisonadorable.rs\/ru\/prodavnica\/podsvecnik-casa\/#breadcrumb"},"inLanguage":"ru-RU","potentialAction":[{"@type":"ReadAction","target":["https:\/\/maisonadorable.rs\/ru\/prodavnica\/podsvecnik-casa\/"]}]},{"@type":"ImageObject","inLanguage":"ru-RU","@id":"https:\/\/maisonadorable.rs\/ru\/prodavnica\/podsvecnik-casa\/#primaryimage","url":"https:\/\/maisonadorable.rs\/wp-content\/uploads\/2025\/04\/Fenje.jpg","contentUrl":"https:\/\/maisonadorable.rs\/wp-content\/uploads\/2025\/04\/Fenje.jpg","width":900,"height":1200},{"@type":"BreadcrumbList","@id":"https:\/\/maisonadorable.rs\/ru\/prodavnica\/podsvecnik-casa\/#breadcrumb","itemListElement":[{"@type":"ListItem","position":1,"name":"Po\u010detna","item":"https:\/\/maisonadorable.rs\/ru\/"},{"@type":"ListItem","position":2,"name":"Magazin","item":"https:\/\/maisonadorable.rs\/magazin\/"},{"@type":"ListItem","position":3,"name":"Podsve\u010dnik CASA"}]},{"@type":"WebSite","@id":"https:\/\/maisonadorable.rs\/#website","url":"https:\/\/maisonadorable.rs\/","name":"Maison Adorable","description":"Maison Adorable, delimo inspiraciju u ljubav, i \u0161aljemo radost u malim pakovanjima!","publisher":{"@id":"https:\/\/maisonadorable.rs\/#organization"},"potentialAction":[{"@type":"SearchAction","target":{"@type":"EntryPoint","urlTemplate":"https:\/\/maisonadorable.rs\/?s={search_term_string}"},"query-input":{"@type":"PropertyValueSpecification","valueRequired":true,"valueName":"search_term_string"}}],"inLanguage":"ru-RU"},{"@type":"Organization","@id":"https:\/\/maisonadorable.rs\/#organization","name":"Maison Adorable","url":"https:\/\/maisonadorable.rs\/","logo":{"@type":"ImageObject","inLanguage":"ru-RU","@id":"https:\/\/maisonadorable.rs\/#\/schema\/logo\/image\/","url":"https:\/\/maisonadorable.rs\/wp-content\/uploads\/2022\/04\/logo.png","contentUrl":"https:\/\/maisonadorable.rs\/wp-content\/uploads\/2022\/04\/logo.png","width":1081,"height":1081,"caption":"Maison Adorable"},"image":{"@id":"https:\/\/maisonadorable.rs\/#\/schema\/logo\/image\/"},"sameAs":["https:\/\/www.facebook.com\/Maison.adorable.homedecor","https:\/\/www.instagram.com\/maison_adorable\/"]}]}},"_links":{"self":[{"href":"https:\/\/maisonadorable.rs\/ru\/wp-json\/wp\/v2\/product\/15257","targetHints":{"allow":["GET"]}}],"collection":[{"href":"https:\/\/maisonadorable.rs\/ru\/wp-json\/wp\/v2\/product"}],"about":[{"href":"https:\/\/maisonadorable.rs\/ru\/wp-json\/wp\/v2\/types\/product"}],"version-history":[{"count":0,"href":"https:\/\/maisonadorable.rs\/ru\/wp-json\/wp\/v2\/product\/15257\/revisions"}],"wp:featuredmedia":[{"embeddable":true,"href":"https:\/\/maisonadorable.rs\/ru\/wp-json\/wp\/v2\/media\/12821"}],"wp:attachment":[{"href":"https:\/\/maisonadorable.rs\/ru\/wp-json\/wp\/v2\/media?parent=15257"}],"wp:term":[{"taxonomy":"product_brand","embeddable":true,"href":"https:\/\/maisonadorable.rs\/ru\/wp-json\/wp\/v2\/product_brand?post=15257"},{"taxonomy":"product_cat","embeddable":true,"href":"https:\/\/maisonadorable.rs\/ru\/wp-json\/wp\/v2\/product_cat?post=15257"},{"taxonomy":"product_tag","embeddable":true,"href":"https:\/\/maisonadorable.rs\/ru\/wp-json\/wp\/v2\/product_tag?post=15257"}],"curies":[{"name":"wp","href":"https:\/\/api.w.org\/{rel}","templated":true}]}}