{"id":15765,"date":"2025-11-22T19:04:51","date_gmt":"2025-11-22T18:04:51","guid":{"rendered":"https:\/\/maisonadorable.rs\/?post_type=product&#038;p=15765"},"modified":"2026-02-25T20:07:49","modified_gmt":"2026-02-25T19:07:49","slug":"skuptura-tri-srca","status":"publish","type":"product","link":"https:\/\/maisonadorable.rs\/prodavnica\/skuptura-tri-srca\/","title":{"rendered":"Skuptura TRI SRCA"},"content":{"rendered":"<div class=\"relative basis-auto flex-col -mb-(--composer-overlap-px) [--composer-overlap-px:28px] grow flex overflow-hidden\">\n<div class=\"relative h-full\">\n<div class=\"flex h-full flex-col overflow-y-auto thread-xl:pt-(--header-height) [scrollbar-gutter:stable_both-edges]\">\n<div class=\"flex flex-col text-sm thread-xl:pt-header-height pb-25\">\n<article class=\"text-token-text-primary w-full focus:outline-none [--shadow-height:45px] has-data-writing-block:pointer-events-none has-data-writing-block:-mt-(--shadow-height) has-data-writing-block:pt-(--shadow-height) [&amp;:has([data-writing-block])&gt;*]:pointer-events-auto [content-visibility:auto] supports-[content-visibility:auto]:[contain-intrinsic-size:auto_100lvh] scroll-mt-[calc(var(--header-height)+min(200px,max(70px,20svh)))]\" dir=\"auto\" tabindex=\"-1\" data-turn-id=\"2a349f93-bdfd-4100-ba86-2e26b85089dc\" data-testid=\"conversation-turn-134\" data-scroll-anchor=\"false\" data-turn=\"assistant\">\n<div class=\"text-base my-auto mx-auto [--thread-content-margin:--spacing(4)] thread-sm:[--thread-content-margin:--spacing(6)] thread-lg:[--thread-content-margin:--spacing(16)] px-(--thread-content-margin)\">\n<div class=\"[--thread-content-max-width:40rem] thread-lg:[--thread-content-max-width:48rem] mx-auto max-w-(--thread-content-max-width) flex-1 group\/turn-messages focus-visible:outline-hidden relative flex w-full min-w-0 flex-col agent-turn\" tabindex=\"-1\">\n<div class=\"flex max-w-full flex-col grow\">\n<div class=\"min-h-8 text-message relative flex w-full flex-col items-end gap-2 text-start break-words whitespace-normal [.text-message+&amp;]:mt-1\" dir=\"auto\" data-message-author-role=\"assistant\" data-message-id=\"5aa88200-e578-4fce-be94-d4e0a727c6af\" data-message-model-slug=\"gpt-5-1\">\n<div class=\"flex w-full flex-col gap-1 empty:hidden first:pt-[1px]\">\n<div class=\"markdown prose dark:prose-invert w-full break-words light markdown-new-styling\">\n<p data-start=\"249\" data-end=\"517\">Ova impresivna skulptura, precizno ru\u010dno izvajana <strong data-start=\"299\" data-end=\"337\">iz jednog komada vrhunske tikovine<\/strong>, predstavlja savremeno luksuzno tuma\u010denje motiva porodice. Topli, svileni sjaj tikovine otkriva prirodne, bogate \u0161are drveta koje svaki primerak \u010dine jedinstvenim i neponovljivim.<\/p>\n<p data-start=\"519\" data-end=\"853\">Tri isprepletene figure \u2014 mu\u0161karca, \u017eene i deteta \u2014 oblikovane su u fluidnoj, gotovo skulpturalno teku\u0107oj formi, stvaraju\u0107i kompoziciju koja odi\u0161e <strong data-start=\"666\" data-end=\"716\">za\u0161titom, blisko\u0161\u0107u i bezvremenskom harmonijom<\/strong>. Apstraktni karakter linija omogu\u0107ava da ose\u0107anja govore umesto detalja: snaga i stabilnost, ne\u017enost i prihvatanje, \u017eivot i kontinuitet.<\/p>\n<p data-start=\"855\" data-end=\"1052\">Tikovina, poznata po svojoj izuzetnoj trajnosti, simboli\u010dki nagla\u0161ava <strong data-start=\"925\" data-end=\"977\">\u010dvrste temelje i postojanost porodi\u010dne zajednice<\/strong>, dok ru\u010dna izrada unosi u delo energiju autenti\u010dnosti i visokog zanatstva.<\/p>\n<p data-start=\"1054\" data-end=\"1220\">Ovo umetni\u010dko delo nije samo dekorativan objekat \u2014 ve\u0107 <strong data-start=\"1109\" data-end=\"1161\">luksuzni simbol ljubavi, povezivanja i jedinstva<\/strong>, namenjen enterijerima koji neguju stil, toplinu i dubinu.<\/p>\n<p data-start=\"1054\" data-end=\"1220\">Materijal: drvo tikovina<br \/>\nDimenzije: h 1m<\/p>\n<p data-start=\"1054\" data-end=\"1220\">\n<\/div>\n<\/div>\n<\/div>\n<\/div>\n<\/div>\n<\/div>\n<\/article>\n<\/div>\n<\/div>\n<\/div>\n<\/div>\n<div id=\"thread-bottom-container\" class=\"group\/thread-bottom-container relative isolate z-10 w-full basis-auto has-data-has-thread-error:pt-2 has-data-has-thread-error:[box-shadow:var(--sharp-edge-bottom-shadow)] md:border-transparent md:pt-0 dark:border-white\/20 md:dark:border-transparent print:hidden content-fade single-line flex flex-col\">\n<div id=\"thread-bottom\">\n<div class=\"text-base mx-auto [--thread-content-margin:--spacing(4)] thread-sm:[--thread-content-margin:--spacing(6)] thread-lg:[--thread-content-margin:--spacing(16)] px-(--thread-content-margin)\">\n<div class=\"[--thread-content-max-width:40rem] thread-lg:[--thread-content-max-width:48rem] mx-auto max-w-(--thread-content-max-width) flex-1\">\n<div class=\"pointer-events-auto relative z-1 flex h-[var(--composer-container-height,100%)] max-w-full flex-[var(--composer-container-flex,1)] flex-col\">\n<form class=\"group\/composer w-full\" data-type=\"unified-composer\" data-gtm-form-interact-id=\"0\">\n<div class=\"\">\n<div class=\"bg-token-bg-primary cursor-text overflow-clip bg-clip-padding p-2.5 contain-inline-size dark:bg-[#303030] grid grid-cols-[auto_1fr_auto] [grid-template-areas:'header_header_header'_'leading_primary_trailing'_'._footer_.'] group-data-expanded\/composer:[grid-template-areas:'header_header_header'_'primary_primary_primary'_'leading_footer_trailing'] shadow-short\">\n<div class=\"[grid-area:leading]\"><\/div>\n<div class=\"flex items-center gap-2 [grid-area:trailing]\">\n<div class=\"ms-auto flex items-center gap-1.5\">\n<p>&nbsp;<\/p>\n<div class=\"min-w-9\" data-testid=\"composer-speech-button-container\">\n<div>\n<div class=\"flex items-center justify-center\"><\/div>\n<\/div>\n<\/div>\n<\/div>\n<\/div>\n<\/div>\n<\/div>\n<\/form>\n<\/div>\n<\/div>\n<\/div>\n<\/div>\n<\/div>\n","protected":false},"excerpt":{"rendered":"<h3 data-start=\"170\" data-end=\"247\"><span style=\"color: #333333; font-size: 16px;\">Elegantan simbol porodice, harmonije i trajne povezanosti.<\/span><\/h3>\n","protected":false},"featured_media":15766,"template":"","meta":[],"product_brand":[],"product_cat":[39,38,92,50,1427],"product_tag":[2129,2126,2134,2130,2128,2127,2125,2132,2131,2133],"class_list":{"0":"post-15765","1":"product","2":"type-product","3":"status-publish","4":"has-post-thumbnail","6":"product_cat-dekorativni-artikli","7":"product_cat-kucni-dekor","8":"product_cat-skulpture","9":"product_cat-ukrasne-figure","10":"product_cat-umetnicka-dela","11":"product_tag-dekorativna-skulptura-za-dom","12":"product_tag-luksuzna-drvena-skuptura","13":"product_tag-luksuzni-kucni-dekor","14":"product_tag-moderni-drveni-dekor","15":"product_tag-rucno-radjena-skulptura","16":"product_tag-skulptura-porodice","17":"product_tag-skuptura-od-tikovine","18":"product_tag-tikovina-skulptura-porodica","19":"product_tag-umetnicka-skulptura-od-drveta","20":"product_tag-unikatna-drvena-figura","22":"first","23":"instock","24":"shipping-taxable","25":"purchasable","26":"product-type-simple"},"yoast_head":"<!-- This site is optimized with the Yoast SEO plugin v27.1.1 - https:\/\/yoast.com\/product\/yoast-seo-wordpress\/ -->\n<title>Skuptura TRI SRCA - Maison Adorable<\/title>\n<meta name=\"description\" content=\"Luksuzna drvena skulptura od tikovine, ru\u010dno izra\u0111ena iz jednog komada drveta. Savr\u0161en simbol porodice, harmonije i bezvremenske elegancije.\" \/>\n<meta name=\"robots\" content=\"index, follow, max-snippet:-1, max-image-preview:large, max-video-preview:-1\" \/>\n<link rel=\"canonical\" href=\"https:\/\/maisonadorable.rs\/prodavnica\/skuptura-tri-srca\/\" \/>\n<meta property=\"og:locale\" content=\"ru_RU\" \/>\n<meta property=\"og:type\" content=\"article\" \/>\n<meta property=\"og:title\" content=\"Skuptura TRI SRCA - Maison Adorable\" \/>\n<meta property=\"og:description\" content=\"Luksuzna drvena skulptura od tikovine, ru\u010dno izra\u0111ena iz jednog komada drveta. Savr\u0161en simbol porodice, harmonije i bezvremenske elegancije.\" \/>\n<meta property=\"og:url\" content=\"https:\/\/maisonadorable.rs\/prodavnica\/skuptura-tri-srca\/\" \/>\n<meta property=\"og:site_name\" content=\"Maison Adorable\" \/>\n<meta property=\"article:publisher\" content=\"https:\/\/www.facebook.com\/Maison.adorable.homedecor\" \/>\n<meta property=\"article:modified_time\" content=\"2026-02-25T19:07:49+00:00\" \/>\n<meta property=\"og:image\" content=\"https:\/\/maisonadorable.rs\/wp-content\/uploads\/2025\/11\/BALI-POR.jpg\" \/>\n\t<meta property=\"og:image:width\" content=\"900\" \/>\n\t<meta property=\"og:image:height\" content=\"1200\" \/>\n\t<meta property=\"og:image:type\" content=\"image\/jpeg\" \/>\n<meta name=\"twitter:card\" content=\"summary_large_image\" \/>\n<meta name=\"twitter:label1\" content=\"Primernoe vrem\u044f dl\u044f \u010dteni\u044f\" \/>\n\t<meta name=\"twitter:data1\" content=\"1 minuta\" \/>\n<script type=\"application\/ld+json\" class=\"yoast-schema-graph\">{\"@context\":\"https:\/\/schema.org\",\"@graph\":[{\"@type\":\"WebPage\",\"@id\":\"https:\/\/maisonadorable.rs\/prodavnica\/skuptura-tri-srca\/\",\"url\":\"https:\/\/maisonadorable.rs\/prodavnica\/skuptura-tri-srca\/\",\"name\":\"Skuptura TRI SRCA - Maison Adorable\",\"isPartOf\":{\"@id\":\"https:\/\/maisonadorable.rs\/#website\"},\"primaryImageOfPage\":{\"@id\":\"https:\/\/maisonadorable.rs\/prodavnica\/skuptura-tri-srca\/#primaryimage\"},\"image\":{\"@id\":\"https:\/\/maisonadorable.rs\/prodavnica\/skuptura-tri-srca\/#primaryimage\"},\"thumbnailUrl\":\"https:\/\/maisonadorable.rs\/wp-content\/uploads\/2025\/11\/BALI-POR.jpg\",\"datePublished\":\"2025-11-22T18:04:51+00:00\",\"dateModified\":\"2026-02-25T19:07:49+00:00\",\"description\":\"Luksuzna drvena skulptura od tikovine, ru\u010dno izra\u0111ena iz jednog komada drveta. Savr\u0161en simbol porodice, harmonije i bezvremenske elegancije.\",\"breadcrumb\":{\"@id\":\"https:\/\/maisonadorable.rs\/prodavnica\/skuptura-tri-srca\/#breadcrumb\"},\"inLanguage\":\"ru-RU\",\"potentialAction\":[{\"@type\":\"ReadAction\",\"target\":[\"https:\/\/maisonadorable.rs\/prodavnica\/skuptura-tri-srca\/\"]}]},{\"@type\":\"ImageObject\",\"inLanguage\":\"ru-RU\",\"@id\":\"https:\/\/maisonadorable.rs\/prodavnica\/skuptura-tri-srca\/#primaryimage\",\"url\":\"https:\/\/maisonadorable.rs\/wp-content\/uploads\/2025\/11\/BALI-POR.jpg\",\"contentUrl\":\"https:\/\/maisonadorable.rs\/wp-content\/uploads\/2025\/11\/BALI-POR.jpg\",\"width\":900,\"height\":1200},{\"@type\":\"BreadcrumbList\",\"@id\":\"https:\/\/maisonadorable.rs\/prodavnica\/skuptura-tri-srca\/#breadcrumb\",\"itemListElement\":[{\"@type\":\"ListItem\",\"position\":1,\"name\":\"Po\u010detna\",\"item\":\"https:\/\/maisonadorable.rs\/ru\/\"},{\"@type\":\"ListItem\",\"position\":2,\"name\":\"Magazin\",\"item\":\"https:\/\/maisonadorable.rs\/magazin\/\"},{\"@type\":\"ListItem\",\"position\":3,\"name\":\"Skuptura TRI SRCA\"}]},{\"@type\":\"WebSite\",\"@id\":\"https:\/\/maisonadorable.rs\/#website\",\"url\":\"https:\/\/maisonadorable.rs\/\",\"name\":\"Maison Adorable\",\"description\":\"Maison Adorable, delimo inspiraciju u ljubav, i \u0161aljemo radost u malim pakovanjima!\",\"publisher\":{\"@id\":\"https:\/\/maisonadorable.rs\/#organization\"},\"potentialAction\":[{\"@type\":\"SearchAction\",\"target\":{\"@type\":\"EntryPoint\",\"urlTemplate\":\"https:\/\/maisonadorable.rs\/?s={search_term_string}\"},\"query-input\":{\"@type\":\"PropertyValueSpecification\",\"valueRequired\":true,\"valueName\":\"search_term_string\"}}],\"inLanguage\":\"ru-RU\"},{\"@type\":\"Organization\",\"@id\":\"https:\/\/maisonadorable.rs\/#organization\",\"name\":\"Maison Adorable\",\"url\":\"https:\/\/maisonadorable.rs\/\",\"logo\":{\"@type\":\"ImageObject\",\"inLanguage\":\"ru-RU\",\"@id\":\"https:\/\/maisonadorable.rs\/#\/schema\/logo\/image\/\",\"url\":\"https:\/\/maisonadorable.rs\/wp-content\/uploads\/2022\/04\/logo.png\",\"contentUrl\":\"https:\/\/maisonadorable.rs\/wp-content\/uploads\/2022\/04\/logo.png\",\"width\":1081,\"height\":1081,\"caption\":\"Maison Adorable\"},\"image\":{\"@id\":\"https:\/\/maisonadorable.rs\/#\/schema\/logo\/image\/\"},\"sameAs\":[\"https:\/\/www.facebook.com\/Maison.adorable.homedecor\",\"https:\/\/www.instagram.com\/maison_adorable\/\"]}]}<\/script>\n<!-- \/ Yoast SEO plugin. -->","yoast_head_json":{"title":"Skuptura TRI SRCA - Maison Adorable","description":"Luksuzna drvena skulptura od tikovine, ru\u010dno izra\u0111ena iz jednog komada drveta. Savr\u0161en simbol porodice, harmonije i bezvremenske elegancije.","robots":{"index":"index","follow":"follow","max-snippet":"max-snippet:-1","max-image-preview":"max-image-preview:large","max-video-preview":"max-video-preview:-1"},"canonical":"https:\/\/maisonadorable.rs\/prodavnica\/skuptura-tri-srca\/","og_locale":"ru_RU","og_type":"article","og_title":"Skuptura TRI SRCA - Maison Adorable","og_description":"Luksuzna drvena skulptura od tikovine, ru\u010dno izra\u0111ena iz jednog komada drveta. Savr\u0161en simbol porodice, harmonije i bezvremenske elegancije.","og_url":"https:\/\/maisonadorable.rs\/prodavnica\/skuptura-tri-srca\/","og_site_name":"Maison Adorable","article_publisher":"https:\/\/www.facebook.com\/Maison.adorable.homedecor","article_modified_time":"2026-02-25T19:07:49+00:00","og_image":[{"width":900,"height":1200,"url":"https:\/\/maisonadorable.rs\/wp-content\/uploads\/2025\/11\/BALI-POR.jpg","type":"image\/jpeg"}],"twitter_card":"summary_large_image","twitter_misc":{"Primernoe vrem\u044f dl\u044f \u010dteni\u044f":"1 minuta"},"schema":{"@context":"https:\/\/schema.org","@graph":[{"@type":"WebPage","@id":"https:\/\/maisonadorable.rs\/prodavnica\/skuptura-tri-srca\/","url":"https:\/\/maisonadorable.rs\/prodavnica\/skuptura-tri-srca\/","name":"Skuptura TRI SRCA - Maison Adorable","isPartOf":{"@id":"https:\/\/maisonadorable.rs\/#website"},"primaryImageOfPage":{"@id":"https:\/\/maisonadorable.rs\/prodavnica\/skuptura-tri-srca\/#primaryimage"},"image":{"@id":"https:\/\/maisonadorable.rs\/prodavnica\/skuptura-tri-srca\/#primaryimage"},"thumbnailUrl":"https:\/\/maisonadorable.rs\/wp-content\/uploads\/2025\/11\/BALI-POR.jpg","datePublished":"2025-11-22T18:04:51+00:00","dateModified":"2026-02-25T19:07:49+00:00","description":"Luksuzna drvena skulptura od tikovine, ru\u010dno izra\u0111ena iz jednog komada drveta. Savr\u0161en simbol porodice, harmonije i bezvremenske elegancije.","breadcrumb":{"@id":"https:\/\/maisonadorable.rs\/prodavnica\/skuptura-tri-srca\/#breadcrumb"},"inLanguage":"ru-RU","potentialAction":[{"@type":"ReadAction","target":["https:\/\/maisonadorable.rs\/prodavnica\/skuptura-tri-srca\/"]}]},{"@type":"ImageObject","inLanguage":"ru-RU","@id":"https:\/\/maisonadorable.rs\/prodavnica\/skuptura-tri-srca\/#primaryimage","url":"https:\/\/maisonadorable.rs\/wp-content\/uploads\/2025\/11\/BALI-POR.jpg","contentUrl":"https:\/\/maisonadorable.rs\/wp-content\/uploads\/2025\/11\/BALI-POR.jpg","width":900,"height":1200},{"@type":"BreadcrumbList","@id":"https:\/\/maisonadorable.rs\/prodavnica\/skuptura-tri-srca\/#breadcrumb","itemListElement":[{"@type":"ListItem","position":1,"name":"Po\u010detna","item":"https:\/\/maisonadorable.rs\/ru\/"},{"@type":"ListItem","position":2,"name":"Magazin","item":"https:\/\/maisonadorable.rs\/magazin\/"},{"@type":"ListItem","position":3,"name":"Skuptura TRI SRCA"}]},{"@type":"WebSite","@id":"https:\/\/maisonadorable.rs\/#website","url":"https:\/\/maisonadorable.rs\/","name":"Maison Adorable","description":"Maison Adorable, delimo inspiraciju u ljubav, i \u0161aljemo radost u malim pakovanjima!","publisher":{"@id":"https:\/\/maisonadorable.rs\/#organization"},"potentialAction":[{"@type":"SearchAction","target":{"@type":"EntryPoint","urlTemplate":"https:\/\/maisonadorable.rs\/?s={search_term_string}"},"query-input":{"@type":"PropertyValueSpecification","valueRequired":true,"valueName":"search_term_string"}}],"inLanguage":"ru-RU"},{"@type":"Organization","@id":"https:\/\/maisonadorable.rs\/#organization","name":"Maison Adorable","url":"https:\/\/maisonadorable.rs\/","logo":{"@type":"ImageObject","inLanguage":"ru-RU","@id":"https:\/\/maisonadorable.rs\/#\/schema\/logo\/image\/","url":"https:\/\/maisonadorable.rs\/wp-content\/uploads\/2022\/04\/logo.png","contentUrl":"https:\/\/maisonadorable.rs\/wp-content\/uploads\/2022\/04\/logo.png","width":1081,"height":1081,"caption":"Maison Adorable"},"image":{"@id":"https:\/\/maisonadorable.rs\/#\/schema\/logo\/image\/"},"sameAs":["https:\/\/www.facebook.com\/Maison.adorable.homedecor","https:\/\/www.instagram.com\/maison_adorable\/"]}]}},"_links":{"self":[{"href":"https:\/\/maisonadorable.rs\/ru\/wp-json\/wp\/v2\/product\/15765","targetHints":{"allow":["GET"]}}],"collection":[{"href":"https:\/\/maisonadorable.rs\/ru\/wp-json\/wp\/v2\/product"}],"about":[{"href":"https:\/\/maisonadorable.rs\/ru\/wp-json\/wp\/v2\/types\/product"}],"version-history":[{"count":3,"href":"https:\/\/maisonadorable.rs\/ru\/wp-json\/wp\/v2\/product\/15765\/revisions"}],"predecessor-version":[{"id":15771,"href":"https:\/\/maisonadorable.rs\/ru\/wp-json\/wp\/v2\/product\/15765\/revisions\/15771"}],"wp:featuredmedia":[{"embeddable":true,"href":"https:\/\/maisonadorable.rs\/ru\/wp-json\/wp\/v2\/media\/15766"}],"wp:attachment":[{"href":"https:\/\/maisonadorable.rs\/ru\/wp-json\/wp\/v2\/media?parent=15765"}],"wp:term":[{"taxonomy":"product_brand","embeddable":true,"href":"https:\/\/maisonadorable.rs\/ru\/wp-json\/wp\/v2\/product_brand?post=15765"},{"taxonomy":"product_cat","embeddable":true,"href":"https:\/\/maisonadorable.rs\/ru\/wp-json\/wp\/v2\/product_cat?post=15765"},{"taxonomy":"product_tag","embeddable":true,"href":"https:\/\/maisonadorable.rs\/ru\/wp-json\/wp\/v2\/product_tag?post=15765"}],"curies":[{"name":"wp","href":"https:\/\/api.w.org\/{rel}","templated":true}]}}