{"id":17668,"date":"2025-04-30T12:15:24","date_gmt":"2025-04-30T11:15:24","guid":{"rendered":"https:\/\/maisonadorable.rs\/prodavnica\/candlestick-fidelity\/"},"modified":"2025-04-30T12:15:24","modified_gmt":"2025-04-30T11:15:24","slug":"candlestick-fidelity","status":"publish","type":"product","link":"https:\/\/maisonadorable.rs\/ru\/prodavnica\/candlestick-fidelity\/","title":{"rendered":"Candlestick Fidelity"},"content":{"rendered":"<p>Podsve\u010dnik v forme sosnovo\u0439 \u0161i\u0161ki v znak uva\u017eeni\u044f k prirode. Detal\u044c, kotora\u044f mo\u017eet ukrasit\u044c prostranstva razn\u044bh stile\u0439 simvoliko\u0439 ve\u010dnosti i vernosti. <\/p>\n<p>Farforov\u044b\u0439 podsve\u010dnik s serebr\u044fno\u0439 glazur\u044c\u044e v\u044bsokogo gl\u044fnca.<\/p>\n<p>Material: farfor.<\/p>\n<p>Razmer\u044b: 18sm X 13 sm, diametr \u010dasti sve\u010di: 5 sm.<\/p>\n","protected":false},"excerpt":{"rendered":"<p>Farforov\u044b\u0439 podsve\u010dnik<\/p>\n","protected":false},"featured_media":7910,"template":"","meta":[],"product_brand":[],"product_cat":[2592,2590,2631,2644,2598,2602],"product_tag":[],"class_list":{"0":"post-17668","1":"product","2":"type-product","3":"status-publish","4":"has-post-thumbnail","6":"product_cat-dekorativni-artikli","7":"product_cat-kucni-dekor","8":"product_cat-pokloni","9":"product_cat-pokloni_za_nju","10":"product_cat-svecnjaci-i-svece","11":"product_cat-ukrasne-figure","13":"first","14":"instock","15":"featured","16":"shipping-taxable","17":"purchasable","18":"product-type-simple"},"yoast_head":"<!-- This site is optimized with the Yoast SEO plugin v27.1.1 - https:\/\/yoast.com\/product\/yoast-seo-wordpress\/ -->\n<title>Candlestick Fidelity - Maison Adorable<\/title>\n<meta name=\"description\" content=\"M\u044b l\u044ebim detali, kotor\u044be mogut ukra\u0161at\u044c prostranstva razn\u044bh stile\u0439. Odin iz nih \u2014 podsve\u010dnik v forme \u0161i\u0161ki sosn\u044b, v \u010dest\u044c l\u044ebvi k prirode. Farforov\u044b\u0439 podsve\u010dnik s serebr\u044fno\u0439 glazur\u044c\u044e.\" \/>\n<meta name=\"robots\" content=\"index, follow, max-snippet:-1, max-image-preview:large, max-video-preview:-1\" \/>\n<link rel=\"canonical\" href=\"https:\/\/maisonadorable.rs\/ru\/prodavnica\/candlestick-fidelity\/\" \/>\n<meta property=\"og:locale\" content=\"ru_RU\" \/>\n<meta property=\"og:type\" content=\"article\" \/>\n<meta property=\"og:title\" content=\"Candlestick Fidelity - Maison Adorable\" \/>\n<meta property=\"og:description\" content=\"M\u044b l\u044ebim detali, kotor\u044be mogut ukra\u0161at\u044c prostranstva razn\u044bh stile\u0439. Odin iz nih \u2014 podsve\u010dnik v forme \u0161i\u0161ki sosn\u044b, v \u010dest\u044c l\u044ebvi k prirode. Farforov\u044b\u0439 podsve\u010dnik s serebr\u044fno\u0439 glazur\u044c\u044e.\" \/>\n<meta property=\"og:url\" content=\"https:\/\/maisonadorable.rs\/ru\/prodavnica\/candlestick-fidelity\/\" \/>\n<meta property=\"og:site_name\" content=\"Maison Adorable\" \/>\n<meta property=\"article:publisher\" content=\"https:\/\/www.facebook.com\/Maison.adorable.homedecor\" \/>\n<meta property=\"og:image\" content=\"https:\/\/maisonadorable.rs\/wp-content\/uploads\/2025\/04\/Sonja-dvoriste-900x1200-37.jpeg\" \/>\n\t<meta property=\"og:image:width\" content=\"900\" \/>\n\t<meta property=\"og:image:height\" content=\"1200\" \/>\n\t<meta property=\"og:image:type\" content=\"image\/jpeg\" \/>\n<meta name=\"twitter:card\" content=\"summary_large_image\" \/>\n<script type=\"application\/ld+json\" class=\"yoast-schema-graph\">{\"@context\":\"https:\/\/schema.org\",\"@graph\":[{\"@type\":\"WebPage\",\"@id\":\"https:\/\/maisonadorable.rs\/ru\/prodavnica\/candlestick-fidelity\/\",\"url\":\"https:\/\/maisonadorable.rs\/ru\/prodavnica\/candlestick-fidelity\/\",\"name\":\"Candlestick Fidelity - Maison Adorable\",\"isPartOf\":{\"@id\":\"https:\/\/maisonadorable.rs\/#website\"},\"primaryImageOfPage\":{\"@id\":\"https:\/\/maisonadorable.rs\/ru\/prodavnica\/candlestick-fidelity\/#primaryimage\"},\"image\":{\"@id\":\"https:\/\/maisonadorable.rs\/ru\/prodavnica\/candlestick-fidelity\/#primaryimage\"},\"thumbnailUrl\":\"https:\/\/maisonadorable.rs\/wp-content\/uploads\/2025\/04\/Sonja-dvoriste-900x1200-37.jpeg\",\"datePublished\":\"2025-04-30T11:15:24+00:00\",\"description\":\"\u041c\u044b \u043b\u044e\u0431\u0438\u043c \u0434\u0435\u0442\u0430\u043b\u0438, \u043a\u043e\u0442\u043e\u0440\u044b\u0435 \u043c\u043e\u0433\u0443\u0442 \u0443\u043a\u0440\u0430\u0448\u0430\u0442\u044c \u043f\u0440\u043e\u0441\u0442\u0440\u0430\u043d\u0441\u0442\u0432\u0430 \u0440\u0430\u0437\u043d\u044b\u0445 \u0441\u0442\u0438\u043b\u0435\u0439. \u041e\u0434\u0438\u043d \u0438\u0437 \u043d\u0438\u0445 \u2014 \u043f\u043e\u0434\u0441\u0432\u0435\u0447\u043d\u0438\u043a \u0432 \u0444\u043e\u0440\u043c\u0435 \u0448\u0438\u0448\u043a\u0438 \u0441\u043e\u0441\u043d\u044b, \u0432 \u0447\u0435\u0441\u0442\u044c \u043b\u044e\u0431\u0432\u0438 \u043a \u043f\u0440\u0438\u0440\u043e\u0434\u0435. \u0424\u0430\u0440\u0444\u043e\u0440\u043e\u0432\u044b\u0439 \u043f\u043e\u0434\u0441\u0432\u0435\u0447\u043d\u0438\u043a \u0441 \u0441\u0435\u0440\u0435\u0431\u0440\u044f\u043d\u043e\u0439 \u0433\u043b\u0430\u0437\u0443\u0440\u044c\u044e.\",\"breadcrumb\":{\"@id\":\"https:\/\/maisonadorable.rs\/ru\/prodavnica\/candlestick-fidelity\/#breadcrumb\"},\"inLanguage\":\"ru-RU\",\"potentialAction\":[{\"@type\":\"ReadAction\",\"target\":[\"https:\/\/maisonadorable.rs\/ru\/prodavnica\/candlestick-fidelity\/\"]}]},{\"@type\":\"ImageObject\",\"inLanguage\":\"ru-RU\",\"@id\":\"https:\/\/maisonadorable.rs\/ru\/prodavnica\/candlestick-fidelity\/#primaryimage\",\"url\":\"https:\/\/maisonadorable.rs\/wp-content\/uploads\/2025\/04\/Sonja-dvoriste-900x1200-37.jpeg\",\"contentUrl\":\"https:\/\/maisonadorable.rs\/wp-content\/uploads\/2025\/04\/Sonja-dvoriste-900x1200-37.jpeg\",\"width\":900,\"height\":1200},{\"@type\":\"BreadcrumbList\",\"@id\":\"https:\/\/maisonadorable.rs\/ru\/prodavnica\/candlestick-fidelity\/#breadcrumb\",\"itemListElement\":[{\"@type\":\"ListItem\",\"position\":1,\"name\":\"Po\u010detna\",\"item\":\"https:\/\/maisonadorable.rs\/ru\/\"},{\"@type\":\"ListItem\",\"position\":2,\"name\":\"Magazin\",\"item\":\"https:\/\/maisonadorable.rs\/magazin\/\"},{\"@type\":\"ListItem\",\"position\":3,\"name\":\"Candlestick Fidelity\"}]},{\"@type\":\"WebSite\",\"@id\":\"https:\/\/maisonadorable.rs\/#website\",\"url\":\"https:\/\/maisonadorable.rs\/\",\"name\":\"Maison Adorable\",\"description\":\"Maison Adorable, delimo inspiraciju u ljubav, i \u0161aljemo radost u malim pakovanjima!\",\"publisher\":{\"@id\":\"https:\/\/maisonadorable.rs\/#organization\"},\"potentialAction\":[{\"@type\":\"SearchAction\",\"target\":{\"@type\":\"EntryPoint\",\"urlTemplate\":\"https:\/\/maisonadorable.rs\/?s={search_term_string}\"},\"query-input\":{\"@type\":\"PropertyValueSpecification\",\"valueRequired\":true,\"valueName\":\"search_term_string\"}}],\"inLanguage\":\"ru-RU\"},{\"@type\":\"Organization\",\"@id\":\"https:\/\/maisonadorable.rs\/#organization\",\"name\":\"Maison Adorable\",\"url\":\"https:\/\/maisonadorable.rs\/\",\"logo\":{\"@type\":\"ImageObject\",\"inLanguage\":\"ru-RU\",\"@id\":\"https:\/\/maisonadorable.rs\/#\/schema\/logo\/image\/\",\"url\":\"https:\/\/maisonadorable.rs\/wp-content\/uploads\/2022\/04\/logo.png\",\"contentUrl\":\"https:\/\/maisonadorable.rs\/wp-content\/uploads\/2022\/04\/logo.png\",\"width\":1081,\"height\":1081,\"caption\":\"Maison Adorable\"},\"image\":{\"@id\":\"https:\/\/maisonadorable.rs\/#\/schema\/logo\/image\/\"},\"sameAs\":[\"https:\/\/www.facebook.com\/Maison.adorable.homedecor\",\"https:\/\/www.instagram.com\/maison_adorable\/\"]}]}<\/script>\n<!-- \/ Yoast SEO plugin. -->","yoast_head_json":{"title":"Candlestick Fidelity - Maison Adorable","description":"M\u044b l\u044ebim detali, kotor\u044be mogut ukra\u0161at\u044c prostranstva razn\u044bh stile\u0439. Odin iz nih \u2014 podsve\u010dnik v forme \u0161i\u0161ki sosn\u044b, v \u010dest\u044c l\u044ebvi k prirode. Farforov\u044b\u0439 podsve\u010dnik s serebr\u044fno\u0439 glazur\u044c\u044e.","robots":{"index":"index","follow":"follow","max-snippet":"max-snippet:-1","max-image-preview":"max-image-preview:large","max-video-preview":"max-video-preview:-1"},"canonical":"https:\/\/maisonadorable.rs\/ru\/prodavnica\/candlestick-fidelity\/","og_locale":"ru_RU","og_type":"article","og_title":"Candlestick Fidelity - Maison Adorable","og_description":"M\u044b l\u044ebim detali, kotor\u044be mogut ukra\u0161at\u044c prostranstva razn\u044bh stile\u0439. Odin iz nih \u2014 podsve\u010dnik v forme \u0161i\u0161ki sosn\u044b, v \u010dest\u044c l\u044ebvi k prirode. Farforov\u044b\u0439 podsve\u010dnik s serebr\u044fno\u0439 glazur\u044c\u044e.","og_url":"https:\/\/maisonadorable.rs\/ru\/prodavnica\/candlestick-fidelity\/","og_site_name":"Maison Adorable","article_publisher":"https:\/\/www.facebook.com\/Maison.adorable.homedecor","og_image":[{"width":900,"height":1200,"url":"https:\/\/maisonadorable.rs\/wp-content\/uploads\/2025\/04\/Sonja-dvoriste-900x1200-37.jpeg","type":"image\/jpeg"}],"twitter_card":"summary_large_image","schema":{"@context":"https:\/\/schema.org","@graph":[{"@type":"WebPage","@id":"https:\/\/maisonadorable.rs\/ru\/prodavnica\/candlestick-fidelity\/","url":"https:\/\/maisonadorable.rs\/ru\/prodavnica\/candlestick-fidelity\/","name":"Candlestick Fidelity - Maison Adorable","isPartOf":{"@id":"https:\/\/maisonadorable.rs\/#website"},"primaryImageOfPage":{"@id":"https:\/\/maisonadorable.rs\/ru\/prodavnica\/candlestick-fidelity\/#primaryimage"},"image":{"@id":"https:\/\/maisonadorable.rs\/ru\/prodavnica\/candlestick-fidelity\/#primaryimage"},"thumbnailUrl":"https:\/\/maisonadorable.rs\/wp-content\/uploads\/2025\/04\/Sonja-dvoriste-900x1200-37.jpeg","datePublished":"2025-04-30T11:15:24+00:00","description":"M\u044b l\u044ebim detali, kotor\u044be mogut ukra\u0161at\u044c prostranstva razn\u044bh stile\u0439. Odin iz nih \u2014 podsve\u010dnik v forme \u0161i\u0161ki sosn\u044b, v \u010dest\u044c l\u044ebvi k prirode. Farforov\u044b\u0439 podsve\u010dnik s serebr\u044fno\u0439 glazur\u044c\u044e.","breadcrumb":{"@id":"https:\/\/maisonadorable.rs\/ru\/prodavnica\/candlestick-fidelity\/#breadcrumb"},"inLanguage":"ru-RU","potentialAction":[{"@type":"ReadAction","target":["https:\/\/maisonadorable.rs\/ru\/prodavnica\/candlestick-fidelity\/"]}]},{"@type":"ImageObject","inLanguage":"ru-RU","@id":"https:\/\/maisonadorable.rs\/ru\/prodavnica\/candlestick-fidelity\/#primaryimage","url":"https:\/\/maisonadorable.rs\/wp-content\/uploads\/2025\/04\/Sonja-dvoriste-900x1200-37.jpeg","contentUrl":"https:\/\/maisonadorable.rs\/wp-content\/uploads\/2025\/04\/Sonja-dvoriste-900x1200-37.jpeg","width":900,"height":1200},{"@type":"BreadcrumbList","@id":"https:\/\/maisonadorable.rs\/ru\/prodavnica\/candlestick-fidelity\/#breadcrumb","itemListElement":[{"@type":"ListItem","position":1,"name":"Po\u010detna","item":"https:\/\/maisonadorable.rs\/ru\/"},{"@type":"ListItem","position":2,"name":"Magazin","item":"https:\/\/maisonadorable.rs\/magazin\/"},{"@type":"ListItem","position":3,"name":"Candlestick Fidelity"}]},{"@type":"WebSite","@id":"https:\/\/maisonadorable.rs\/#website","url":"https:\/\/maisonadorable.rs\/","name":"Maison Adorable","description":"Maison Adorable, delimo inspiraciju u ljubav, i \u0161aljemo radost u malim pakovanjima!","publisher":{"@id":"https:\/\/maisonadorable.rs\/#organization"},"potentialAction":[{"@type":"SearchAction","target":{"@type":"EntryPoint","urlTemplate":"https:\/\/maisonadorable.rs\/?s={search_term_string}"},"query-input":{"@type":"PropertyValueSpecification","valueRequired":true,"valueName":"search_term_string"}}],"inLanguage":"ru-RU"},{"@type":"Organization","@id":"https:\/\/maisonadorable.rs\/#organization","name":"Maison Adorable","url":"https:\/\/maisonadorable.rs\/","logo":{"@type":"ImageObject","inLanguage":"ru-RU","@id":"https:\/\/maisonadorable.rs\/#\/schema\/logo\/image\/","url":"https:\/\/maisonadorable.rs\/wp-content\/uploads\/2022\/04\/logo.png","contentUrl":"https:\/\/maisonadorable.rs\/wp-content\/uploads\/2022\/04\/logo.png","width":1081,"height":1081,"caption":"Maison Adorable"},"image":{"@id":"https:\/\/maisonadorable.rs\/#\/schema\/logo\/image\/"},"sameAs":["https:\/\/www.facebook.com\/Maison.adorable.homedecor","https:\/\/www.instagram.com\/maison_adorable\/"]}]}},"_links":{"self":[{"href":"https:\/\/maisonadorable.rs\/ru\/wp-json\/wp\/v2\/product\/17668","targetHints":{"allow":["GET"]}}],"collection":[{"href":"https:\/\/maisonadorable.rs\/ru\/wp-json\/wp\/v2\/product"}],"about":[{"href":"https:\/\/maisonadorable.rs\/ru\/wp-json\/wp\/v2\/types\/product"}],"version-history":[{"count":0,"href":"https:\/\/maisonadorable.rs\/ru\/wp-json\/wp\/v2\/product\/17668\/revisions"}],"wp:featuredmedia":[{"embeddable":true,"href":"https:\/\/maisonadorable.rs\/ru\/wp-json\/wp\/v2\/media\/7910"}],"wp:attachment":[{"href":"https:\/\/maisonadorable.rs\/ru\/wp-json\/wp\/v2\/media?parent=17668"}],"wp:term":[{"taxonomy":"product_brand","embeddable":true,"href":"https:\/\/maisonadorable.rs\/ru\/wp-json\/wp\/v2\/product_brand?post=17668"},{"taxonomy":"product_cat","embeddable":true,"href":"https:\/\/maisonadorable.rs\/ru\/wp-json\/wp\/v2\/product_cat?post=17668"},{"taxonomy":"product_tag","embeddable":true,"href":"https:\/\/maisonadorable.rs\/ru\/wp-json\/wp\/v2\/product_tag?post=17668"}],"curies":[{"name":"wp","href":"https:\/\/api.w.org\/{rel}","templated":true}]}}