{"id":17733,"date":"2025-04-30T12:16:32","date_gmt":"2025-04-30T11:16:32","guid":{"rendered":"https:\/\/maisonadorable.rs\/prodavnica\/kartina-les\/"},"modified":"2025-04-30T12:16:32","modified_gmt":"2025-04-30T11:16:32","slug":"kartina-les","status":"publish","type":"product","link":"https:\/\/maisonadorable.rs\/ru\/prodavnica\/kartina-les\/","title":{"rendered":"Kartina \u00abLES\u00bb"},"content":{"rendered":"<p><span style=\"font-family: 'Helvetica Neue', Helvetica, Arial, sans-serif;\"> Kartina \u00abLes\u00bb, iz posto\u044fnno\u0439 potrebnosti pronikat\u044c v sut\u044c b\u044bti\u044f, kotora\u044f ved\u0451t nas k miru, poro\u017edaet seri\u044e abstraktn\u044bh form, kotor\u044be m\u044b imeem vozmo\u017enost\u044c predlo\u017eit\u044c vam i kotor\u044be prisutstvu\u044et v tvor\u010destve An\u044b v poslednie <\/span> <span style=\"font-family: 'Helvetica Neue', Helvetica, Arial, sans-serif;\">god\u044b. <\/span><\/p>\n<p>Ana Pavlovi\u010d Kesar \u2014 <span style=\"font-family: 'Open Sans', sans-serif;\"> prikladno\u0439 hudo\u017enik iz Belgrada, <\/span> <span style=\"font-family: 'Open Sans', sans-serif;\"> \u010dlen <\/span> <span style=\"font-family: 'Open Sans', sans-serif;\"> ULUPUDS i <\/span> <span style=\"font-family: 'Open Sans', sans-serif;\"> vne\u0161tatn\u044b\u0439 hudo\u017enik, kotora\u044f s samogo na\u010dala e\u0451 tvor\u010destva stalkivaets\u044f s \u044dnergie\u0439, \u044dmoci\u044fmi, harakterami i \u010duvstvami, <\/span> proniz\u044bva\u044e\u0449imi ka\u017edogo \u010deloveka. <span style=\"font-size: 16px;\"><span style=\"font-family: Helvetica Neue, Helvetica, Arial, sans-serif;\">Ona beskor\u044bstno delilas\u044c bogatstvom nabl\u044edeni\u0439 \u010derez svoi rabot\u044b s hudo\u017eestvenno\u0439 auditorie\u0439.  <\/span><span style=\"font-family: Helvetica Neue, Helvetica, Arial, sans-serif;\">Na svoe\u0439 pervo\u0439 personal\u044cno\u0439 v\u044bstavke ona poznakomila zritel\u044f s mirom i krasoto\u0439 prirod\u044b \u010derez izobra\u017eeni\u044f pe\u0439za\u017ea Serbii maslom na holste.  <\/span><span style=\"font-family: Helvetica Neue, Helvetica, Arial, sans-serif;\">Ona prodol\u017eaet svo\u0451 hudo\u017eestvennoe tvor\u010destvo serie\u0439 skazo\u010dn\u044bh izobra\u017eeni\u0439 gorodov, vdohnovl\u0451nn\u044bh Belgradom i Rossie\u0439, gde ona togda \u017eila.  <\/span><span style=\"font-family: Helvetica Neue, Helvetica, Arial, sans-serif;\">On prodol\u017eaet svo\u0451 tvor\u010destvo serie\u0439 portretov, kotor\u044be pronika\u044et v du\u0161u persona\u017ea i po-raznomu podhod\u044ft k portretam \u010derez neskol\u044cko \u044dtapov. Ot \u044dkspressionistskogo v\u044bra\u017eeni\u044f iska\u017e\u0451nn\u044bh perspektiv do posternogo podhoda s ottenkom giperrealizma.   <\/span><\/span><span style=\"font-family: 'Helvetica Neue', Helvetica, Arial, sans-serif; font-size: 16px;\">V svoe\u0439 bogato\u0439 hudo\u017eestvenno\u0439 kar\u044cere ona \u017eila i rabotala v Rossii, Grecii i Kitae. Ona u\u010dastvovala vo mno\u017eestve gruppov\u044bh v\u044bstavok i imela sem\u044c personal\u044cn\u044bh v\u044bstavok. <\/span><\/p>\n<div><\/div>\n<div><span style=\"font-family: 'Helvetica Neue', Helvetica, Arial, sans-serif; font-size: 16px;\">Razmer\u044b kartin\u044b \u00abLES\u00bb 100sm x 100sm  <\/span><\/div>\n<div>Tehnika: akril na holste<\/div>\n<div><\/div>\n<div>Dostupnost\u044c i cena po zaprosu.<\/div>\n","protected":false},"excerpt":{"rendered":"<p>Kartina \u00abLes\u00bb, iz posto\u044fnno\u0439 potrebnosti pronikat\u044c v sut\u044c b\u044bti\u044f, kotora\u044f ved\u0451t nas k miru, poro\u017edaet seri\u044e abstraktn\u044bh form, kotor\u044be m\u044b<\/p>\n","protected":false},"featured_media":7045,"template":"","meta":[],"product_brand":[],"product_cat":[2658,2590,2631,2641,2648,2655,2690],"product_tag":[],"class_list":{"0":"post-17733","1":"product","2":"type-product","3":"status-publish","4":"has-post-thumbnail","6":"product_cat-ana-pavlovic-kesar","7":"product_cat-kucni-dekor","8":"product_cat-pokloni","9":"product_cat-proizvedeno-u-srbiji","10":"product_cat-slike","11":"product_cat-umetnici","12":"product_cat-umetnicka-dela","14":"first","15":"instock","16":"shipping-taxable","17":"purchasable","18":"product-type-simple"},"yoast_head":"<!-- This site is optimized with the Yoast SEO plugin v27.1.1 - https:\/\/yoast.com\/product\/yoast-seo-wordpress\/ -->\n<title>Kartina \u00abLES\u00bb - Maison Adorable<\/title>\n<meta name=\"description\" content=\"Kartina \u00abLes\u00bb, v\u044bzvanna\u044f posto\u044fnno\u0439 potrebnost\u044c\u044e pronikat\u044c v sut\u044c b\u044bti\u044f, kotora\u044f ved\u0451t nas k miru, poro\u017edaet seri\u044e kartin abstraktn\u044bh form, kotoru\u044e m\u044b imeem vozmo\u017enost\u044c predlo\u017eit\u044c vam i kotora\u044f prisutstvuet v tvor\u010destve An\u044b v poslednie god\u044b.\" \/>\n<meta name=\"robots\" content=\"index, follow, max-snippet:-1, max-image-preview:large, max-video-preview:-1\" \/>\n<link rel=\"canonical\" href=\"https:\/\/maisonadorable.rs\/ru\/prodavnica\/kartina-les\/\" \/>\n<meta property=\"og:locale\" content=\"ru_RU\" \/>\n<meta property=\"og:type\" content=\"article\" \/>\n<meta property=\"og:title\" content=\"Kartina \u00abLES\u00bb - Maison Adorable\" \/>\n<meta property=\"og:description\" content=\"Kartina \u00abLes\u00bb, v\u044bzvanna\u044f posto\u044fnno\u0439 potrebnost\u044c\u044e pronikat\u044c v sut\u044c b\u044bti\u044f, kotora\u044f ved\u0451t nas k miru, poro\u017edaet seri\u044e kartin abstraktn\u044bh form, kotoru\u044e m\u044b imeem vozmo\u017enost\u044c predlo\u017eit\u044c vam i kotora\u044f prisutstvuet v tvor\u010destve An\u044b v poslednie god\u044b.\" \/>\n<meta property=\"og:url\" content=\"https:\/\/maisonadorable.rs\/ru\/prodavnica\/kartina-les\/\" \/>\n<meta property=\"og:site_name\" content=\"Maison Adorable\" \/>\n<meta property=\"article:publisher\" content=\"https:\/\/www.facebook.com\/Maison.adorable.homedecor\" \/>\n<meta property=\"og:image\" content=\"https:\/\/maisonadorable.rs\/wp-content\/uploads\/2025\/04\/Ana-Pavlovic-Kesar-slike-9.jpg\" \/>\n\t<meta property=\"og:image:width\" content=\"900\" \/>\n\t<meta property=\"og:image:height\" content=\"1200\" \/>\n\t<meta property=\"og:image:type\" content=\"image\/jpeg\" \/>\n<meta name=\"twitter:card\" content=\"summary_large_image\" \/>\n<script type=\"application\/ld+json\" class=\"yoast-schema-graph\">{\"@context\":\"https:\/\/schema.org\",\"@graph\":[{\"@type\":\"WebPage\",\"@id\":\"https:\/\/maisonadorable.rs\/ru\/prodavnica\/kartina-les\/\",\"url\":\"https:\/\/maisonadorable.rs\/ru\/prodavnica\/kartina-les\/\",\"name\":\"\u041a\u0430\u0440\u0442\u0438\u043d\u0430 \u00ab\u041b\u0415\u0421\u00bb - Maison Adorable\",\"isPartOf\":{\"@id\":\"https:\/\/maisonadorable.rs\/#website\"},\"primaryImageOfPage\":{\"@id\":\"https:\/\/maisonadorable.rs\/ru\/prodavnica\/kartina-les\/#primaryimage\"},\"image\":{\"@id\":\"https:\/\/maisonadorable.rs\/ru\/prodavnica\/kartina-les\/#primaryimage\"},\"thumbnailUrl\":\"https:\/\/maisonadorable.rs\/wp-content\/uploads\/2025\/04\/Ana-Pavlovic-Kesar-slike-9.jpg\",\"datePublished\":\"2025-04-30T11:16:32+00:00\",\"description\":\"\u041a\u0430\u0440\u0442\u0438\u043d\u0430 \u00ab\u041b\u0435\u0441\u00bb, \u0432\u044b\u0437\u0432\u0430\u043d\u043d\u0430\u044f \u043f\u043e\u0441\u0442\u043e\u044f\u043d\u043d\u043e\u0439 \u043f\u043e\u0442\u0440\u0435\u0431\u043d\u043e\u0441\u0442\u044c\u044e \u043f\u0440\u043e\u043d\u0438\u043a\u0430\u0442\u044c \u0432 \u0441\u0443\u0442\u044c \u0431\u044b\u0442\u0438\u044f, \u043a\u043e\u0442\u043e\u0440\u0430\u044f \u0432\u0435\u0434\u0451\u0442 \u043d\u0430\u0441 \u043a \u043c\u0438\u0440\u0443, \u043f\u043e\u0440\u043e\u0436\u0434\u0430\u0435\u0442 \u0441\u0435\u0440\u0438\u044e \u043a\u0430\u0440\u0442\u0438\u043d \u0430\u0431\u0441\u0442\u0440\u0430\u043a\u0442\u043d\u044b\u0445 \u0444\u043e\u0440\u043c, \u043a\u043e\u0442\u043e\u0440\u0443\u044e \u043c\u044b \u0438\u043c\u0435\u0435\u043c \u0432\u043e\u0437\u043c\u043e\u0436\u043d\u043e\u0441\u0442\u044c \u043f\u0440\u0435\u0434\u043b\u043e\u0436\u0438\u0442\u044c \u0432\u0430\u043c \u0438 \u043a\u043e\u0442\u043e\u0440\u0430\u044f \u043f\u0440\u0438\u0441\u0443\u0442\u0441\u0442\u0432\u0443\u0435\u0442 \u0432 \u0442\u0432\u043e\u0440\u0447\u0435\u0441\u0442\u0432\u0435 \u0410\u043d\u044b \u0432 \u043f\u043e\u0441\u043b\u0435\u0434\u043d\u0438\u0435 \u0433\u043e\u0434\u044b.\",\"breadcrumb\":{\"@id\":\"https:\/\/maisonadorable.rs\/ru\/prodavnica\/kartina-les\/#breadcrumb\"},\"inLanguage\":\"ru-RU\",\"potentialAction\":[{\"@type\":\"ReadAction\",\"target\":[\"https:\/\/maisonadorable.rs\/ru\/prodavnica\/kartina-les\/\"]}]},{\"@type\":\"ImageObject\",\"inLanguage\":\"ru-RU\",\"@id\":\"https:\/\/maisonadorable.rs\/ru\/prodavnica\/kartina-les\/#primaryimage\",\"url\":\"https:\/\/maisonadorable.rs\/wp-content\/uploads\/2025\/04\/Ana-Pavlovic-Kesar-slike-9.jpg\",\"contentUrl\":\"https:\/\/maisonadorable.rs\/wp-content\/uploads\/2025\/04\/Ana-Pavlovic-Kesar-slike-9.jpg\",\"width\":900,\"height\":1200},{\"@type\":\"BreadcrumbList\",\"@id\":\"https:\/\/maisonadorable.rs\/ru\/prodavnica\/kartina-les\/#breadcrumb\",\"itemListElement\":[{\"@type\":\"ListItem\",\"position\":1,\"name\":\"Po\u010detna\",\"item\":\"https:\/\/maisonadorable.rs\/ru\/\"},{\"@type\":\"ListItem\",\"position\":2,\"name\":\"Magazin\",\"item\":\"https:\/\/maisonadorable.rs\/magazin\/\"},{\"@type\":\"ListItem\",\"position\":3,\"name\":\"Kartina \u00abLES\u00bb\"}]},{\"@type\":\"WebSite\",\"@id\":\"https:\/\/maisonadorable.rs\/#website\",\"url\":\"https:\/\/maisonadorable.rs\/\",\"name\":\"Maison Adorable\",\"description\":\"Maison Adorable, delimo inspiraciju u ljubav, i \u0161aljemo radost u malim pakovanjima!\",\"publisher\":{\"@id\":\"https:\/\/maisonadorable.rs\/#organization\"},\"potentialAction\":[{\"@type\":\"SearchAction\",\"target\":{\"@type\":\"EntryPoint\",\"urlTemplate\":\"https:\/\/maisonadorable.rs\/?s={search_term_string}\"},\"query-input\":{\"@type\":\"PropertyValueSpecification\",\"valueRequired\":true,\"valueName\":\"search_term_string\"}}],\"inLanguage\":\"ru-RU\"},{\"@type\":\"Organization\",\"@id\":\"https:\/\/maisonadorable.rs\/#organization\",\"name\":\"Maison Adorable\",\"url\":\"https:\/\/maisonadorable.rs\/\",\"logo\":{\"@type\":\"ImageObject\",\"inLanguage\":\"ru-RU\",\"@id\":\"https:\/\/maisonadorable.rs\/#\/schema\/logo\/image\/\",\"url\":\"https:\/\/maisonadorable.rs\/wp-content\/uploads\/2022\/04\/logo.png\",\"contentUrl\":\"https:\/\/maisonadorable.rs\/wp-content\/uploads\/2022\/04\/logo.png\",\"width\":1081,\"height\":1081,\"caption\":\"Maison Adorable\"},\"image\":{\"@id\":\"https:\/\/maisonadorable.rs\/#\/schema\/logo\/image\/\"},\"sameAs\":[\"https:\/\/www.facebook.com\/Maison.adorable.homedecor\",\"https:\/\/www.instagram.com\/maison_adorable\/\"]}]}<\/script>\n<!-- \/ Yoast SEO plugin. -->","yoast_head_json":{"title":"Kartina \u00abLES\u00bb - Maison Adorable","description":"Kartina \u00abLes\u00bb, v\u044bzvanna\u044f posto\u044fnno\u0439 potrebnost\u044c\u044e pronikat\u044c v sut\u044c b\u044bti\u044f, kotora\u044f ved\u0451t nas k miru, poro\u017edaet seri\u044e kartin abstraktn\u044bh form, kotoru\u044e m\u044b imeem vozmo\u017enost\u044c predlo\u017eit\u044c vam i kotora\u044f prisutstvuet v tvor\u010destve An\u044b v poslednie god\u044b.","robots":{"index":"index","follow":"follow","max-snippet":"max-snippet:-1","max-image-preview":"max-image-preview:large","max-video-preview":"max-video-preview:-1"},"canonical":"https:\/\/maisonadorable.rs\/ru\/prodavnica\/kartina-les\/","og_locale":"ru_RU","og_type":"article","og_title":"Kartina \u00abLES\u00bb - Maison Adorable","og_description":"Kartina \u00abLes\u00bb, v\u044bzvanna\u044f posto\u044fnno\u0439 potrebnost\u044c\u044e pronikat\u044c v sut\u044c b\u044bti\u044f, kotora\u044f ved\u0451t nas k miru, poro\u017edaet seri\u044e kartin abstraktn\u044bh form, kotoru\u044e m\u044b imeem vozmo\u017enost\u044c predlo\u017eit\u044c vam i kotora\u044f prisutstvuet v tvor\u010destve An\u044b v poslednie god\u044b.","og_url":"https:\/\/maisonadorable.rs\/ru\/prodavnica\/kartina-les\/","og_site_name":"Maison Adorable","article_publisher":"https:\/\/www.facebook.com\/Maison.adorable.homedecor","og_image":[{"width":900,"height":1200,"url":"https:\/\/maisonadorable.rs\/wp-content\/uploads\/2025\/04\/Ana-Pavlovic-Kesar-slike-9.jpg","type":"image\/jpeg"}],"twitter_card":"summary_large_image","schema":{"@context":"https:\/\/schema.org","@graph":[{"@type":"WebPage","@id":"https:\/\/maisonadorable.rs\/ru\/prodavnica\/kartina-les\/","url":"https:\/\/maisonadorable.rs\/ru\/prodavnica\/kartina-les\/","name":"Kartina \u00abLES\u00bb - Maison Adorable","isPartOf":{"@id":"https:\/\/maisonadorable.rs\/#website"},"primaryImageOfPage":{"@id":"https:\/\/maisonadorable.rs\/ru\/prodavnica\/kartina-les\/#primaryimage"},"image":{"@id":"https:\/\/maisonadorable.rs\/ru\/prodavnica\/kartina-les\/#primaryimage"},"thumbnailUrl":"https:\/\/maisonadorable.rs\/wp-content\/uploads\/2025\/04\/Ana-Pavlovic-Kesar-slike-9.jpg","datePublished":"2025-04-30T11:16:32+00:00","description":"Kartina \u00abLes\u00bb, v\u044bzvanna\u044f posto\u044fnno\u0439 potrebnost\u044c\u044e pronikat\u044c v sut\u044c b\u044bti\u044f, kotora\u044f ved\u0451t nas k miru, poro\u017edaet seri\u044e kartin abstraktn\u044bh form, kotoru\u044e m\u044b imeem vozmo\u017enost\u044c predlo\u017eit\u044c vam i kotora\u044f prisutstvuet v tvor\u010destve An\u044b v poslednie god\u044b.","breadcrumb":{"@id":"https:\/\/maisonadorable.rs\/ru\/prodavnica\/kartina-les\/#breadcrumb"},"inLanguage":"ru-RU","potentialAction":[{"@type":"ReadAction","target":["https:\/\/maisonadorable.rs\/ru\/prodavnica\/kartina-les\/"]}]},{"@type":"ImageObject","inLanguage":"ru-RU","@id":"https:\/\/maisonadorable.rs\/ru\/prodavnica\/kartina-les\/#primaryimage","url":"https:\/\/maisonadorable.rs\/wp-content\/uploads\/2025\/04\/Ana-Pavlovic-Kesar-slike-9.jpg","contentUrl":"https:\/\/maisonadorable.rs\/wp-content\/uploads\/2025\/04\/Ana-Pavlovic-Kesar-slike-9.jpg","width":900,"height":1200},{"@type":"BreadcrumbList","@id":"https:\/\/maisonadorable.rs\/ru\/prodavnica\/kartina-les\/#breadcrumb","itemListElement":[{"@type":"ListItem","position":1,"name":"Po\u010detna","item":"https:\/\/maisonadorable.rs\/ru\/"},{"@type":"ListItem","position":2,"name":"Magazin","item":"https:\/\/maisonadorable.rs\/magazin\/"},{"@type":"ListItem","position":3,"name":"Kartina \u00abLES\u00bb"}]},{"@type":"WebSite","@id":"https:\/\/maisonadorable.rs\/#website","url":"https:\/\/maisonadorable.rs\/","name":"Maison Adorable","description":"Maison Adorable, delimo inspiraciju u ljubav, i \u0161aljemo radost u malim pakovanjima!","publisher":{"@id":"https:\/\/maisonadorable.rs\/#organization"},"potentialAction":[{"@type":"SearchAction","target":{"@type":"EntryPoint","urlTemplate":"https:\/\/maisonadorable.rs\/?s={search_term_string}"},"query-input":{"@type":"PropertyValueSpecification","valueRequired":true,"valueName":"search_term_string"}}],"inLanguage":"ru-RU"},{"@type":"Organization","@id":"https:\/\/maisonadorable.rs\/#organization","name":"Maison Adorable","url":"https:\/\/maisonadorable.rs\/","logo":{"@type":"ImageObject","inLanguage":"ru-RU","@id":"https:\/\/maisonadorable.rs\/#\/schema\/logo\/image\/","url":"https:\/\/maisonadorable.rs\/wp-content\/uploads\/2022\/04\/logo.png","contentUrl":"https:\/\/maisonadorable.rs\/wp-content\/uploads\/2022\/04\/logo.png","width":1081,"height":1081,"caption":"Maison Adorable"},"image":{"@id":"https:\/\/maisonadorable.rs\/#\/schema\/logo\/image\/"},"sameAs":["https:\/\/www.facebook.com\/Maison.adorable.homedecor","https:\/\/www.instagram.com\/maison_adorable\/"]}]}},"_links":{"self":[{"href":"https:\/\/maisonadorable.rs\/ru\/wp-json\/wp\/v2\/product\/17733","targetHints":{"allow":["GET"]}}],"collection":[{"href":"https:\/\/maisonadorable.rs\/ru\/wp-json\/wp\/v2\/product"}],"about":[{"href":"https:\/\/maisonadorable.rs\/ru\/wp-json\/wp\/v2\/types\/product"}],"version-history":[{"count":0,"href":"https:\/\/maisonadorable.rs\/ru\/wp-json\/wp\/v2\/product\/17733\/revisions"}],"wp:featuredmedia":[{"embeddable":true,"href":"https:\/\/maisonadorable.rs\/ru\/wp-json\/wp\/v2\/media\/7045"}],"wp:attachment":[{"href":"https:\/\/maisonadorable.rs\/ru\/wp-json\/wp\/v2\/media?parent=17733"}],"wp:term":[{"taxonomy":"product_brand","embeddable":true,"href":"https:\/\/maisonadorable.rs\/ru\/wp-json\/wp\/v2\/product_brand?post=17733"},{"taxonomy":"product_cat","embeddable":true,"href":"https:\/\/maisonadorable.rs\/ru\/wp-json\/wp\/v2\/product_cat?post=17733"},{"taxonomy":"product_tag","embeddable":true,"href":"https:\/\/maisonadorable.rs\/ru\/wp-json\/wp\/v2\/product_tag?post=17733"}],"curies":[{"name":"wp","href":"https:\/\/api.w.org\/{rel}","templated":true}]}}