{"id":17829,"date":"2025-04-30T12:15:50","date_gmt":"2025-04-30T11:15:50","guid":{"rendered":"https:\/\/maisonadorable.rs\/prodavnica\/caska-kofe-2\/"},"modified":"2025-04-30T12:15:50","modified_gmt":"2025-04-30T11:15:50","slug":"caska-kofe-2","status":"publish","type":"product","link":"https:\/\/maisonadorable.rs\/ru\/prodavnica\/caska-kofe-2\/","title":{"rendered":"\u010ca\u0161ka kofe"},"content":{"rendered":"<p>Bol\u044c\u0161a\u044f kru\u017eka \u010d\u0451rnogo cveta, dostupna\u044f s \u010det\u044br\u044cm\u044f razn\u044bmi nadpis\u044fmi. <\/p>\n<p>Material: kerami\u010deski\u0439 <\/p>\n<p> ob\u044a\u0451m: 300 ml<\/p>\n","protected":false},"excerpt":{"rendered":"<p>Bol\u044c\u0161a\u044f kru\u017eka \u010d\u0451rnogo cveta, dostupna\u044f s \u010det\u044br\u044cm\u044f razn\u044bmi nadpis\u044fmi. Material: kerami\u010deski\u0439 ob\u044a\u0451m: 300 ml<\/p>\n","protected":false},"featured_media":16808,"template":"","meta":[],"product_brand":[],"product_cat":[2606,2631,2646,2615,2629,2623],"product_tag":[],"class_list":{"0":"post-17829","1":"product","2":"type-product","3":"status-publish","4":"has-post-thumbnail","6":"product_cat-kuhinjski-program","7":"product_cat-pokloni","8":"product_cat-pokloni_za_njega","9":"product_cat-solje","10":"product_cat-solje-kuhinjski-program-trpezarija","11":"product_cat-sto","12":"pa_boja-coffee-olways-is-good-idea","13":"pa_boja-every-day-fresh-hot-coffee","14":"pa_boja-life-begins-after-coffee","15":"pa_boja-oll-you-need-is-coffee","17":"first","18":"instock","19":"shipping-taxable","20":"purchasable","21":"product-type-variable"},"yoast_head":"<!-- This site is optimized with the Yoast SEO plugin v27.1.1 - https:\/\/yoast.com\/product\/yoast-seo-wordpress\/ -->\n<title>\u010ca\u0161ka kofe - Maison Adorable<\/title>\n<meta name=\"description\" content=\"Bol\u044c\u0161a\u044f \u010d\u0451rna\u044f \u010da\u0161ka, dostupna s \u010det\u044br\u044cm\u044f razn\u044bmi nadpis\u044fmi, 300 ml\" \/>\n<meta name=\"robots\" content=\"index, follow, max-snippet:-1, max-image-preview:large, max-video-preview:-1\" \/>\n<link rel=\"canonical\" href=\"https:\/\/maisonadorable.rs\/ru\/prodavnica\/caska-kofe-2\/\" \/>\n<meta property=\"og:locale\" content=\"ru_RU\" \/>\n<meta property=\"og:type\" content=\"article\" \/>\n<meta property=\"og:title\" content=\"\u010ca\u0161ka kofe - Maison Adorable\" \/>\n<meta property=\"og:description\" content=\"Bol\u044c\u0161a\u044f \u010d\u0451rna\u044f \u010da\u0161ka, dostupna s \u010det\u044br\u044cm\u044f razn\u044bmi nadpis\u044fmi, 300 ml\" \/>\n<meta property=\"og:url\" content=\"https:\/\/maisonadorable.rs\/ru\/prodavnica\/caska-kofe-2\/\" \/>\n<meta property=\"og:site_name\" content=\"Maison Adorable\" \/>\n<meta property=\"article:publisher\" content=\"https:\/\/www.facebook.com\/Maison.adorable.homedecor\" \/>\n<meta property=\"og:image\" content=\"https:\/\/maisonadorable.rs\/wp-content\/uploads\/2025\/04\/solja-c.jpg\" \/>\n\t<meta property=\"og:image:width\" content=\"900\" \/>\n\t<meta property=\"og:image:height\" content=\"1200\" \/>\n\t<meta property=\"og:image:type\" content=\"image\/jpeg\" \/>\n<meta name=\"twitter:card\" content=\"summary_large_image\" \/>\n<script type=\"application\/ld+json\" class=\"yoast-schema-graph\">{\"@context\":\"https:\/\/schema.org\",\"@graph\":[{\"@type\":\"WebPage\",\"@id\":\"https:\/\/maisonadorable.rs\/ru\/prodavnica\/caska-kofe-2\/\",\"url\":\"https:\/\/maisonadorable.rs\/ru\/prodavnica\/caska-kofe-2\/\",\"name\":\"\u0427\u0430\u0448\u043a\u0430 \u043a\u043e\u0444\u0435 - Maison Adorable\",\"isPartOf\":{\"@id\":\"https:\/\/maisonadorable.rs\/#website\"},\"primaryImageOfPage\":{\"@id\":\"https:\/\/maisonadorable.rs\/ru\/prodavnica\/caska-kofe-2\/#primaryimage\"},\"image\":{\"@id\":\"https:\/\/maisonadorable.rs\/ru\/prodavnica\/caska-kofe-2\/#primaryimage\"},\"thumbnailUrl\":\"https:\/\/maisonadorable.rs\/wp-content\/uploads\/2025\/04\/solja-c.jpg\",\"datePublished\":\"2025-04-30T11:15:50+00:00\",\"description\":\"\u0411\u043e\u043b\u044c\u0448\u0430\u044f \u0447\u0451\u0440\u043d\u0430\u044f \u0447\u0430\u0448\u043a\u0430, \u0434\u043e\u0441\u0442\u0443\u043f\u043d\u0430 \u0441 \u0447\u0435\u0442\u044b\u0440\u044c\u043c\u044f \u0440\u0430\u0437\u043d\u044b\u043c\u0438 \u043d\u0430\u0434\u043f\u0438\u0441\u044f\u043c\u0438, 300 \u043c\u043b\",\"breadcrumb\":{\"@id\":\"https:\/\/maisonadorable.rs\/ru\/prodavnica\/caska-kofe-2\/#breadcrumb\"},\"inLanguage\":\"ru-RU\",\"potentialAction\":[{\"@type\":\"ReadAction\",\"target\":[\"https:\/\/maisonadorable.rs\/ru\/prodavnica\/caska-kofe-2\/\"]}]},{\"@type\":\"ImageObject\",\"inLanguage\":\"ru-RU\",\"@id\":\"https:\/\/maisonadorable.rs\/ru\/prodavnica\/caska-kofe-2\/#primaryimage\",\"url\":\"https:\/\/maisonadorable.rs\/wp-content\/uploads\/2025\/04\/solja-c.jpg\",\"contentUrl\":\"https:\/\/maisonadorable.rs\/wp-content\/uploads\/2025\/04\/solja-c.jpg\",\"width\":900,\"height\":1200},{\"@type\":\"BreadcrumbList\",\"@id\":\"https:\/\/maisonadorable.rs\/ru\/prodavnica\/caska-kofe-2\/#breadcrumb\",\"itemListElement\":[{\"@type\":\"ListItem\",\"position\":1,\"name\":\"Po\u010detna\",\"item\":\"https:\/\/maisonadorable.rs\/ru\/\"},{\"@type\":\"ListItem\",\"position\":2,\"name\":\"Magazin\",\"item\":\"https:\/\/maisonadorable.rs\/magazin\/\"},{\"@type\":\"ListItem\",\"position\":3,\"name\":\"\u010ca\u0161ka kofe\"}]},{\"@type\":\"WebSite\",\"@id\":\"https:\/\/maisonadorable.rs\/#website\",\"url\":\"https:\/\/maisonadorable.rs\/\",\"name\":\"Maison Adorable\",\"description\":\"Maison Adorable, delimo inspiraciju u ljubav, i \u0161aljemo radost u malim pakovanjima!\",\"publisher\":{\"@id\":\"https:\/\/maisonadorable.rs\/#organization\"},\"potentialAction\":[{\"@type\":\"SearchAction\",\"target\":{\"@type\":\"EntryPoint\",\"urlTemplate\":\"https:\/\/maisonadorable.rs\/?s={search_term_string}\"},\"query-input\":{\"@type\":\"PropertyValueSpecification\",\"valueRequired\":true,\"valueName\":\"search_term_string\"}}],\"inLanguage\":\"ru-RU\"},{\"@type\":\"Organization\",\"@id\":\"https:\/\/maisonadorable.rs\/#organization\",\"name\":\"Maison Adorable\",\"url\":\"https:\/\/maisonadorable.rs\/\",\"logo\":{\"@type\":\"ImageObject\",\"inLanguage\":\"ru-RU\",\"@id\":\"https:\/\/maisonadorable.rs\/#\/schema\/logo\/image\/\",\"url\":\"https:\/\/maisonadorable.rs\/wp-content\/uploads\/2022\/04\/logo.png\",\"contentUrl\":\"https:\/\/maisonadorable.rs\/wp-content\/uploads\/2022\/04\/logo.png\",\"width\":1081,\"height\":1081,\"caption\":\"Maison Adorable\"},\"image\":{\"@id\":\"https:\/\/maisonadorable.rs\/#\/schema\/logo\/image\/\"},\"sameAs\":[\"https:\/\/www.facebook.com\/Maison.adorable.homedecor\",\"https:\/\/www.instagram.com\/maison_adorable\/\"]}]}<\/script>\n<!-- \/ Yoast SEO plugin. -->","yoast_head_json":{"title":"\u010ca\u0161ka kofe - Maison Adorable","description":"Bol\u044c\u0161a\u044f \u010d\u0451rna\u044f \u010da\u0161ka, dostupna s \u010det\u044br\u044cm\u044f razn\u044bmi nadpis\u044fmi, 300 ml","robots":{"index":"index","follow":"follow","max-snippet":"max-snippet:-1","max-image-preview":"max-image-preview:large","max-video-preview":"max-video-preview:-1"},"canonical":"https:\/\/maisonadorable.rs\/ru\/prodavnica\/caska-kofe-2\/","og_locale":"ru_RU","og_type":"article","og_title":"\u010ca\u0161ka kofe - Maison Adorable","og_description":"Bol\u044c\u0161a\u044f \u010d\u0451rna\u044f \u010da\u0161ka, dostupna s \u010det\u044br\u044cm\u044f razn\u044bmi nadpis\u044fmi, 300 ml","og_url":"https:\/\/maisonadorable.rs\/ru\/prodavnica\/caska-kofe-2\/","og_site_name":"Maison Adorable","article_publisher":"https:\/\/www.facebook.com\/Maison.adorable.homedecor","og_image":[{"width":900,"height":1200,"url":"https:\/\/maisonadorable.rs\/wp-content\/uploads\/2025\/04\/solja-c.jpg","type":"image\/jpeg"}],"twitter_card":"summary_large_image","schema":{"@context":"https:\/\/schema.org","@graph":[{"@type":"WebPage","@id":"https:\/\/maisonadorable.rs\/ru\/prodavnica\/caska-kofe-2\/","url":"https:\/\/maisonadorable.rs\/ru\/prodavnica\/caska-kofe-2\/","name":"\u010ca\u0161ka kofe - Maison Adorable","isPartOf":{"@id":"https:\/\/maisonadorable.rs\/#website"},"primaryImageOfPage":{"@id":"https:\/\/maisonadorable.rs\/ru\/prodavnica\/caska-kofe-2\/#primaryimage"},"image":{"@id":"https:\/\/maisonadorable.rs\/ru\/prodavnica\/caska-kofe-2\/#primaryimage"},"thumbnailUrl":"https:\/\/maisonadorable.rs\/wp-content\/uploads\/2025\/04\/solja-c.jpg","datePublished":"2025-04-30T11:15:50+00:00","description":"Bol\u044c\u0161a\u044f \u010d\u0451rna\u044f \u010da\u0161ka, dostupna s \u010det\u044br\u044cm\u044f razn\u044bmi nadpis\u044fmi, 300 ml","breadcrumb":{"@id":"https:\/\/maisonadorable.rs\/ru\/prodavnica\/caska-kofe-2\/#breadcrumb"},"inLanguage":"ru-RU","potentialAction":[{"@type":"ReadAction","target":["https:\/\/maisonadorable.rs\/ru\/prodavnica\/caska-kofe-2\/"]}]},{"@type":"ImageObject","inLanguage":"ru-RU","@id":"https:\/\/maisonadorable.rs\/ru\/prodavnica\/caska-kofe-2\/#primaryimage","url":"https:\/\/maisonadorable.rs\/wp-content\/uploads\/2025\/04\/solja-c.jpg","contentUrl":"https:\/\/maisonadorable.rs\/wp-content\/uploads\/2025\/04\/solja-c.jpg","width":900,"height":1200},{"@type":"BreadcrumbList","@id":"https:\/\/maisonadorable.rs\/ru\/prodavnica\/caska-kofe-2\/#breadcrumb","itemListElement":[{"@type":"ListItem","position":1,"name":"Po\u010detna","item":"https:\/\/maisonadorable.rs\/ru\/"},{"@type":"ListItem","position":2,"name":"Magazin","item":"https:\/\/maisonadorable.rs\/magazin\/"},{"@type":"ListItem","position":3,"name":"\u010ca\u0161ka kofe"}]},{"@type":"WebSite","@id":"https:\/\/maisonadorable.rs\/#website","url":"https:\/\/maisonadorable.rs\/","name":"Maison Adorable","description":"Maison Adorable, delimo inspiraciju u ljubav, i \u0161aljemo radost u malim pakovanjima!","publisher":{"@id":"https:\/\/maisonadorable.rs\/#organization"},"potentialAction":[{"@type":"SearchAction","target":{"@type":"EntryPoint","urlTemplate":"https:\/\/maisonadorable.rs\/?s={search_term_string}"},"query-input":{"@type":"PropertyValueSpecification","valueRequired":true,"valueName":"search_term_string"}}],"inLanguage":"ru-RU"},{"@type":"Organization","@id":"https:\/\/maisonadorable.rs\/#organization","name":"Maison Adorable","url":"https:\/\/maisonadorable.rs\/","logo":{"@type":"ImageObject","inLanguage":"ru-RU","@id":"https:\/\/maisonadorable.rs\/#\/schema\/logo\/image\/","url":"https:\/\/maisonadorable.rs\/wp-content\/uploads\/2022\/04\/logo.png","contentUrl":"https:\/\/maisonadorable.rs\/wp-content\/uploads\/2022\/04\/logo.png","width":1081,"height":1081,"caption":"Maison Adorable"},"image":{"@id":"https:\/\/maisonadorable.rs\/#\/schema\/logo\/image\/"},"sameAs":["https:\/\/www.facebook.com\/Maison.adorable.homedecor","https:\/\/www.instagram.com\/maison_adorable\/"]}]}},"_links":{"self":[{"href":"https:\/\/maisonadorable.rs\/ru\/wp-json\/wp\/v2\/product\/17829","targetHints":{"allow":["GET"]}}],"collection":[{"href":"https:\/\/maisonadorable.rs\/ru\/wp-json\/wp\/v2\/product"}],"about":[{"href":"https:\/\/maisonadorable.rs\/ru\/wp-json\/wp\/v2\/types\/product"}],"version-history":[{"count":0,"href":"https:\/\/maisonadorable.rs\/ru\/wp-json\/wp\/v2\/product\/17829\/revisions"}],"wp:featuredmedia":[{"embeddable":true,"href":"https:\/\/maisonadorable.rs\/ru\/wp-json\/wp\/v2\/media\/16808"}],"wp:attachment":[{"href":"https:\/\/maisonadorable.rs\/ru\/wp-json\/wp\/v2\/media?parent=17829"}],"wp:term":[{"taxonomy":"product_brand","embeddable":true,"href":"https:\/\/maisonadorable.rs\/ru\/wp-json\/wp\/v2\/product_brand?post=17829"},{"taxonomy":"product_cat","embeddable":true,"href":"https:\/\/maisonadorable.rs\/ru\/wp-json\/wp\/v2\/product_cat?post=17829"},{"taxonomy":"product_tag","embeddable":true,"href":"https:\/\/maisonadorable.rs\/ru\/wp-json\/wp\/v2\/product_tag?post=17829"}],"curies":[{"name":"wp","href":"https:\/\/api.w.org\/{rel}","templated":true}]}}