{"id":17843,"date":"2025-04-30T12:16:09","date_gmt":"2025-04-30T11:16:09","guid":{"rendered":"https:\/\/maisonadorable.rs\/prodavnica\/muse-bowl\/"},"modified":"2025-04-30T12:16:09","modified_gmt":"2025-04-30T11:16:09","slug":"muse-bowl","status":"publish","type":"product","link":"https:\/\/maisonadorable.rs\/ru\/prodavnica\/muse-bowl\/","title":{"rendered":"MUSE Bowl"},"content":{"rendered":"<p>\u010ca\u0161a MUSE horo\u0161o pokaz\u044bvaet lico so vseh storon. Ve\u0449\u044c, kotora\u044f dol\u017ena b\u044bt\u044c v ka\u017edom ugolke va\u0161ego doma. Ideal\u044cno podhodit dl\u044f kuhni, komnat, vanno\u0439, komodov, polok dl\u044f vseh melo\u010de\u0439, kotor\u044be nam opasno nu\u017en\u044b.  <\/p>\n<p>Muse Bowl dostupna v belom i \u010d\u0451rnom cvetah dvuh razmerov.<\/p>\n<p>Material: keramika<\/p>\n","protected":false},"excerpt":{"rendered":"<p>\u010ca\u0161a MUSE horo\u0161o pokaz\u044bvaet lico so vseh storon. Ve\u0449\u044c, kotora\u044f dol\u017ena b\u044bt\u044c v ka\u017edom ugolke va\u0161ego doma. Ideal\u044cno podhodit dl\u044f<\/p>\n","protected":false},"featured_media":8161,"template":"","meta":[],"product_brand":[],"product_cat":[2592,2618,2631,2644,2623,2619,2594],"product_tag":[],"class_list":{"0":"post-17843","1":"product","2":"type-product","3":"status-publish","4":"has-post-thumbnail","6":"product_cat-dekorativni-artikli","7":"product_cat-kupatilski-program","8":"product_cat-pokloni","9":"product_cat-pokloni_za_nju","10":"product_cat-sto","11":"product_cat-vaze","12":"product_cat-vaze-i-saksije","13":"pa_boja-bela","14":"pa_boja-crna","15":"pa_velicina-h-10-cm-o-10-cm","16":"pa_velicina-h-12-cm-o-12-cm","18":"first","19":"instock","20":"shipping-taxable","21":"purchasable","22":"product-type-variable"},"yoast_head":"<!-- This site is optimized with the Yoast SEO plugin v27.1.1 - https:\/\/yoast.com\/product\/yoast-seo-wordpress\/ -->\n<title>MUSE Bowl - Maison Adorable<\/title>\n<meta name=\"description\" content=\"\u010ca\u0161a MUSE horo\u0161o pokaz\u044bvaet lico so vseh storon. Ve\u0449\u044c, kotora\u044f dol\u017ena b\u044bt\u044c v ka\u017edom ugolke va\u0161ego doma. Ideal\u044cno podhodit dl\u044f kuhni, komnat, vanno\u0439, komodov, polok dl\u044f vseh melo\u010de\u0439, kotor\u044be nam opasno nu\u017en\u044b. Muse Bowl dostupna v belom cvete. Material: keramika. Razmer\u044b: h 12 sm, \u00d8 13 sm\" \/>\n<meta name=\"robots\" content=\"index, follow, max-snippet:-1, max-image-preview:large, max-video-preview:-1\" \/>\n<link rel=\"canonical\" href=\"https:\/\/maisonadorable.rs\/ru\/prodavnica\/muse-bowl\/\" \/>\n<meta property=\"og:locale\" content=\"ru_RU\" \/>\n<meta property=\"og:type\" content=\"article\" \/>\n<meta property=\"og:title\" content=\"MUSE Bowl - Maison Adorable\" \/>\n<meta property=\"og:description\" content=\"\u010ca\u0161a MUSE horo\u0161o pokaz\u044bvaet lico so vseh storon. Ve\u0449\u044c, kotora\u044f dol\u017ena b\u044bt\u044c v ka\u017edom ugolke va\u0161ego doma. Ideal\u044cno podhodit dl\u044f kuhni, komnat, vanno\u0439, komodov, polok dl\u044f vseh melo\u010de\u0439, kotor\u044be nam opasno nu\u017en\u044b. Muse Bowl dostupna v belom cvete. Material: keramika. Razmer\u044b: h 12 sm, \u00d8 13 sm\" \/>\n<meta property=\"og:url\" content=\"https:\/\/maisonadorable.rs\/ru\/prodavnica\/muse-bowl\/\" \/>\n<meta property=\"og:site_name\" content=\"Maison Adorable\" \/>\n<meta property=\"article:publisher\" content=\"https:\/\/www.facebook.com\/Maison.adorable.homedecor\" \/>\n<meta property=\"og:image\" content=\"https:\/\/maisonadorable.rs\/wp-content\/uploads\/2025\/04\/Sonja-dvoriste-900x1200-21.jpeg\" \/>\n\t<meta property=\"og:image:width\" content=\"900\" \/>\n\t<meta property=\"og:image:height\" content=\"1200\" \/>\n\t<meta property=\"og:image:type\" content=\"image\/jpeg\" \/>\n<meta name=\"twitter:card\" content=\"summary_large_image\" \/>\n<script type=\"application\/ld+json\" class=\"yoast-schema-graph\">{\"@context\":\"https:\/\/schema.org\",\"@graph\":[{\"@type\":\"WebPage\",\"@id\":\"https:\/\/maisonadorable.rs\/ru\/prodavnica\/muse-bowl\/\",\"url\":\"https:\/\/maisonadorable.rs\/ru\/prodavnica\/muse-bowl\/\",\"name\":\"MUSE Bowl - Maison Adorable\",\"isPartOf\":{\"@id\":\"https:\/\/maisonadorable.rs\/#website\"},\"primaryImageOfPage\":{\"@id\":\"https:\/\/maisonadorable.rs\/ru\/prodavnica\/muse-bowl\/#primaryimage\"},\"image\":{\"@id\":\"https:\/\/maisonadorable.rs\/ru\/prodavnica\/muse-bowl\/#primaryimage\"},\"thumbnailUrl\":\"https:\/\/maisonadorable.rs\/wp-content\/uploads\/2025\/04\/Sonja-dvoriste-900x1200-21.jpeg\",\"datePublished\":\"2025-04-30T11:16:09+00:00\",\"description\":\"\u0427\u0430\u0448\u0430 MUSE \u0445\u043e\u0440\u043e\u0448\u043e \u043f\u043e\u043a\u0430\u0437\u044b\u0432\u0430\u0435\u0442 \u043b\u0438\u0446\u043e \u0441\u043e \u0432\u0441\u0435\u0445 \u0441\u0442\u043e\u0440\u043e\u043d. \u0412\u0435\u0449\u044c, \u043a\u043e\u0442\u043e\u0440\u0430\u044f \u0434\u043e\u043b\u0436\u043d\u0430 \u0431\u044b\u0442\u044c \u0432 \u043a\u0430\u0436\u0434\u043e\u043c \u0443\u0433\u043e\u043b\u043a\u0435 \u0432\u0430\u0448\u0435\u0433\u043e \u0434\u043e\u043c\u0430. \u0418\u0434\u0435\u0430\u043b\u044c\u043d\u043e \u043f\u043e\u0434\u0445\u043e\u0434\u0438\u0442 \u0434\u043b\u044f \u043a\u0443\u0445\u043d\u0438, \u043a\u043e\u043c\u043d\u0430\u0442, \u0432\u0430\u043d\u043d\u043e\u0439, \u043a\u043e\u043c\u043e\u0434\u043e\u0432, \u043f\u043e\u043b\u043e\u043a \u0434\u043b\u044f \u0432\u0441\u0435\u0445 \u043c\u0435\u043b\u043e\u0447\u0435\u0439, \u043a\u043e\u0442\u043e\u0440\u044b\u0435 \u043d\u0430\u043c \u043e\u043f\u0430\u0441\u043d\u043e \u043d\u0443\u0436\u043d\u044b. Muse Bowl \u0434\u043e\u0441\u0442\u0443\u043f\u043d\u0430 \u0432 \u0431\u0435\u043b\u043e\u043c \u0446\u0432\u0435\u0442\u0435. \u041c\u0430\u0442\u0435\u0440\u0438\u0430\u043b: \u043a\u0435\u0440\u0430\u043c\u0438\u043a\u0430. \u0420\u0430\u0437\u043c\u0435\u0440\u044b: h 12 \u0441\u043c, \u00d8 13 \u0441\u043c\",\"breadcrumb\":{\"@id\":\"https:\/\/maisonadorable.rs\/ru\/prodavnica\/muse-bowl\/#breadcrumb\"},\"inLanguage\":\"ru-RU\",\"potentialAction\":[{\"@type\":\"ReadAction\",\"target\":[\"https:\/\/maisonadorable.rs\/ru\/prodavnica\/muse-bowl\/\"]}]},{\"@type\":\"ImageObject\",\"inLanguage\":\"ru-RU\",\"@id\":\"https:\/\/maisonadorable.rs\/ru\/prodavnica\/muse-bowl\/#primaryimage\",\"url\":\"https:\/\/maisonadorable.rs\/wp-content\/uploads\/2025\/04\/Sonja-dvoriste-900x1200-21.jpeg\",\"contentUrl\":\"https:\/\/maisonadorable.rs\/wp-content\/uploads\/2025\/04\/Sonja-dvoriste-900x1200-21.jpeg\",\"width\":900,\"height\":1200},{\"@type\":\"BreadcrumbList\",\"@id\":\"https:\/\/maisonadorable.rs\/ru\/prodavnica\/muse-bowl\/#breadcrumb\",\"itemListElement\":[{\"@type\":\"ListItem\",\"position\":1,\"name\":\"Po\u010detna\",\"item\":\"https:\/\/maisonadorable.rs\/ru\/\"},{\"@type\":\"ListItem\",\"position\":2,\"name\":\"Magazin\",\"item\":\"https:\/\/maisonadorable.rs\/magazin\/\"},{\"@type\":\"ListItem\",\"position\":3,\"name\":\"MUSE Bowl\"}]},{\"@type\":\"WebSite\",\"@id\":\"https:\/\/maisonadorable.rs\/#website\",\"url\":\"https:\/\/maisonadorable.rs\/\",\"name\":\"Maison Adorable\",\"description\":\"Maison Adorable, delimo inspiraciju u ljubav, i \u0161aljemo radost u malim pakovanjima!\",\"publisher\":{\"@id\":\"https:\/\/maisonadorable.rs\/#organization\"},\"potentialAction\":[{\"@type\":\"SearchAction\",\"target\":{\"@type\":\"EntryPoint\",\"urlTemplate\":\"https:\/\/maisonadorable.rs\/?s={search_term_string}\"},\"query-input\":{\"@type\":\"PropertyValueSpecification\",\"valueRequired\":true,\"valueName\":\"search_term_string\"}}],\"inLanguage\":\"ru-RU\"},{\"@type\":\"Organization\",\"@id\":\"https:\/\/maisonadorable.rs\/#organization\",\"name\":\"Maison Adorable\",\"url\":\"https:\/\/maisonadorable.rs\/\",\"logo\":{\"@type\":\"ImageObject\",\"inLanguage\":\"ru-RU\",\"@id\":\"https:\/\/maisonadorable.rs\/#\/schema\/logo\/image\/\",\"url\":\"https:\/\/maisonadorable.rs\/wp-content\/uploads\/2022\/04\/logo.png\",\"contentUrl\":\"https:\/\/maisonadorable.rs\/wp-content\/uploads\/2022\/04\/logo.png\",\"width\":1081,\"height\":1081,\"caption\":\"Maison Adorable\"},\"image\":{\"@id\":\"https:\/\/maisonadorable.rs\/#\/schema\/logo\/image\/\"},\"sameAs\":[\"https:\/\/www.facebook.com\/Maison.adorable.homedecor\",\"https:\/\/www.instagram.com\/maison_adorable\/\"]}]}<\/script>\n<!-- \/ Yoast SEO plugin. -->","yoast_head_json":{"title":"MUSE Bowl - Maison Adorable","description":"\u010ca\u0161a MUSE horo\u0161o pokaz\u044bvaet lico so vseh storon. Ve\u0449\u044c, kotora\u044f dol\u017ena b\u044bt\u044c v ka\u017edom ugolke va\u0161ego doma. Ideal\u044cno podhodit dl\u044f kuhni, komnat, vanno\u0439, komodov, polok dl\u044f vseh melo\u010de\u0439, kotor\u044be nam opasno nu\u017en\u044b. Muse Bowl dostupna v belom cvete. Material: keramika. Razmer\u044b: h 12 sm, \u00d8 13 sm","robots":{"index":"index","follow":"follow","max-snippet":"max-snippet:-1","max-image-preview":"max-image-preview:large","max-video-preview":"max-video-preview:-1"},"canonical":"https:\/\/maisonadorable.rs\/ru\/prodavnica\/muse-bowl\/","og_locale":"ru_RU","og_type":"article","og_title":"MUSE Bowl - Maison Adorable","og_description":"\u010ca\u0161a MUSE horo\u0161o pokaz\u044bvaet lico so vseh storon. Ve\u0449\u044c, kotora\u044f dol\u017ena b\u044bt\u044c v ka\u017edom ugolke va\u0161ego doma. Ideal\u044cno podhodit dl\u044f kuhni, komnat, vanno\u0439, komodov, polok dl\u044f vseh melo\u010de\u0439, kotor\u044be nam opasno nu\u017en\u044b. Muse Bowl dostupna v belom cvete. Material: keramika. Razmer\u044b: h 12 sm, \u00d8 13 sm","og_url":"https:\/\/maisonadorable.rs\/ru\/prodavnica\/muse-bowl\/","og_site_name":"Maison Adorable","article_publisher":"https:\/\/www.facebook.com\/Maison.adorable.homedecor","og_image":[{"width":900,"height":1200,"url":"https:\/\/maisonadorable.rs\/wp-content\/uploads\/2025\/04\/Sonja-dvoriste-900x1200-21.jpeg","type":"image\/jpeg"}],"twitter_card":"summary_large_image","schema":{"@context":"https:\/\/schema.org","@graph":[{"@type":"WebPage","@id":"https:\/\/maisonadorable.rs\/ru\/prodavnica\/muse-bowl\/","url":"https:\/\/maisonadorable.rs\/ru\/prodavnica\/muse-bowl\/","name":"MUSE Bowl - Maison Adorable","isPartOf":{"@id":"https:\/\/maisonadorable.rs\/#website"},"primaryImageOfPage":{"@id":"https:\/\/maisonadorable.rs\/ru\/prodavnica\/muse-bowl\/#primaryimage"},"image":{"@id":"https:\/\/maisonadorable.rs\/ru\/prodavnica\/muse-bowl\/#primaryimage"},"thumbnailUrl":"https:\/\/maisonadorable.rs\/wp-content\/uploads\/2025\/04\/Sonja-dvoriste-900x1200-21.jpeg","datePublished":"2025-04-30T11:16:09+00:00","description":"\u010ca\u0161a MUSE horo\u0161o pokaz\u044bvaet lico so vseh storon. Ve\u0449\u044c, kotora\u044f dol\u017ena b\u044bt\u044c v ka\u017edom ugolke va\u0161ego doma. Ideal\u044cno podhodit dl\u044f kuhni, komnat, vanno\u0439, komodov, polok dl\u044f vseh melo\u010de\u0439, kotor\u044be nam opasno nu\u017en\u044b. Muse Bowl dostupna v belom cvete. Material: keramika. Razmer\u044b: h 12 sm, \u00d8 13 sm","breadcrumb":{"@id":"https:\/\/maisonadorable.rs\/ru\/prodavnica\/muse-bowl\/#breadcrumb"},"inLanguage":"ru-RU","potentialAction":[{"@type":"ReadAction","target":["https:\/\/maisonadorable.rs\/ru\/prodavnica\/muse-bowl\/"]}]},{"@type":"ImageObject","inLanguage":"ru-RU","@id":"https:\/\/maisonadorable.rs\/ru\/prodavnica\/muse-bowl\/#primaryimage","url":"https:\/\/maisonadorable.rs\/wp-content\/uploads\/2025\/04\/Sonja-dvoriste-900x1200-21.jpeg","contentUrl":"https:\/\/maisonadorable.rs\/wp-content\/uploads\/2025\/04\/Sonja-dvoriste-900x1200-21.jpeg","width":900,"height":1200},{"@type":"BreadcrumbList","@id":"https:\/\/maisonadorable.rs\/ru\/prodavnica\/muse-bowl\/#breadcrumb","itemListElement":[{"@type":"ListItem","position":1,"name":"Po\u010detna","item":"https:\/\/maisonadorable.rs\/ru\/"},{"@type":"ListItem","position":2,"name":"Magazin","item":"https:\/\/maisonadorable.rs\/magazin\/"},{"@type":"ListItem","position":3,"name":"MUSE Bowl"}]},{"@type":"WebSite","@id":"https:\/\/maisonadorable.rs\/#website","url":"https:\/\/maisonadorable.rs\/","name":"Maison Adorable","description":"Maison Adorable, delimo inspiraciju u ljubav, i \u0161aljemo radost u malim pakovanjima!","publisher":{"@id":"https:\/\/maisonadorable.rs\/#organization"},"potentialAction":[{"@type":"SearchAction","target":{"@type":"EntryPoint","urlTemplate":"https:\/\/maisonadorable.rs\/?s={search_term_string}"},"query-input":{"@type":"PropertyValueSpecification","valueRequired":true,"valueName":"search_term_string"}}],"inLanguage":"ru-RU"},{"@type":"Organization","@id":"https:\/\/maisonadorable.rs\/#organization","name":"Maison Adorable","url":"https:\/\/maisonadorable.rs\/","logo":{"@type":"ImageObject","inLanguage":"ru-RU","@id":"https:\/\/maisonadorable.rs\/#\/schema\/logo\/image\/","url":"https:\/\/maisonadorable.rs\/wp-content\/uploads\/2022\/04\/logo.png","contentUrl":"https:\/\/maisonadorable.rs\/wp-content\/uploads\/2022\/04\/logo.png","width":1081,"height":1081,"caption":"Maison Adorable"},"image":{"@id":"https:\/\/maisonadorable.rs\/#\/schema\/logo\/image\/"},"sameAs":["https:\/\/www.facebook.com\/Maison.adorable.homedecor","https:\/\/www.instagram.com\/maison_adorable\/"]}]}},"_links":{"self":[{"href":"https:\/\/maisonadorable.rs\/ru\/wp-json\/wp\/v2\/product\/17843","targetHints":{"allow":["GET"]}}],"collection":[{"href":"https:\/\/maisonadorable.rs\/ru\/wp-json\/wp\/v2\/product"}],"about":[{"href":"https:\/\/maisonadorable.rs\/ru\/wp-json\/wp\/v2\/types\/product"}],"version-history":[{"count":0,"href":"https:\/\/maisonadorable.rs\/ru\/wp-json\/wp\/v2\/product\/17843\/revisions"}],"wp:featuredmedia":[{"embeddable":true,"href":"https:\/\/maisonadorable.rs\/ru\/wp-json\/wp\/v2\/media\/8161"}],"wp:attachment":[{"href":"https:\/\/maisonadorable.rs\/ru\/wp-json\/wp\/v2\/media?parent=17843"}],"wp:term":[{"taxonomy":"product_brand","embeddable":true,"href":"https:\/\/maisonadorable.rs\/ru\/wp-json\/wp\/v2\/product_brand?post=17843"},{"taxonomy":"product_cat","embeddable":true,"href":"https:\/\/maisonadorable.rs\/ru\/wp-json\/wp\/v2\/product_cat?post=17843"},{"taxonomy":"product_tag","embeddable":true,"href":"https:\/\/maisonadorable.rs\/ru\/wp-json\/wp\/v2\/product_tag?post=17843"}],"curies":[{"name":"wp","href":"https:\/\/api.w.org\/{rel}","templated":true}]}}