{"id":17887,"date":"2025-04-30T12:17:56","date_gmt":"2025-04-30T11:17:56","guid":{"rendered":"https:\/\/maisonadorable.rs\/prodavnica\/sezlong-giga-lazy\/"},"modified":"2025-04-30T12:17:56","modified_gmt":"2025-04-30T11:17:56","slug":"sezlong-giga-lazy","status":"publish","type":"product","link":"https:\/\/maisonadorable.rs\/ru\/prodavnica\/sezlong-giga-lazy\/","title":{"rendered":"\u0160ezlong GIGA LAZY"},"content":{"rendered":"<p class=\"product_title entry-title\">\u0160ezlong GIGA LAZY postupaet k nam iz studii KiaraDeZen. Vse izdeli\u044f izgotovlen\u044b vru\u010dnu\u044e i prednazna\u010den\u044b dl\u044f ispol\u044czovani\u044f na ulice. V\u044fzan\u044b\u0439 kr\u044e\u010dkom \u0161ezlong imeet perforirovann\u044b\u0439 vne\u0161ni\u0439 vid, vodonepronicaem\u044b\u0439 i usto\u0439\u010div k ul\u044ctrafioletu, mo\u017eet sto\u044ft\u044c na ulice, mo\u017eet promoknut\u044c, mo\u017eet ispol\u044czovat\u044cs\u044f na pl\u044f\u017ee. V\u044fzana\u044f \u010dast\u044c namokaet posle sil\u044cn\u044bh do\u017ede\u0439, no letom b\u044bstro sohnet. Rekomenduets\u044f nosit\u044c ego v pome\u0449enii ili v kr\u044bt\u044bh pome\u0449eni\u044fh zimo\u0439, libo nadevat\u044c do\u017edevik, kotor\u044b\u0439 pozvol\u044fet ispol\u044czovat\u044c \u0161ezlong krugl\u044b\u0439 god.    <\/p>\n<div class=\"woocommerce-product-details__short-description\">\n<p>Obslu\u017eivanie: \u0160ezlong legko obslu\u017eivat\u044c, ego protira\u044et vla\u017eno\u0439 tr\u044fpko\u0439 i m\u044bl\u044cno\u0439 vodo\u0439, a tak\u017ee ves\u044c \u010dehol mo\u017eno sn\u044ft\u044c \u010derez molni\u044e na spine i stirat\u044c v ma\u0161ine pri 30\u00b0C v bol\u044c\u0161ih ma\u0161inah. Napolnenie businami mo\u017eno popolnit\u044c s pomo\u0449\u044c\u044e molnii na vnutrennem kartrid\u017ee. <\/p>\n<\/div>\n<p>Material: trikota\u017en\u044b\u0439 \u010dehol \u2014 poli\u044dsterova\u044f matova\u044f ver\u0451vka tol\u0449ino\u0439 4,5, usto\u0439\u010diva\u044f k ul\u044ctrafioletu i vodonepronicaemost\u044c, vnutrenn\u044f\u044f \u010dast\u044c \u2014 penoplastov\u044be \u0161ariki, tkan\u044c iz PVH. Inter\u044cer komfortn\u044b\u0439, l\u0451gki\u0439 i vodonepronicaem\u044b\u0439. <\/p>\n<p>Napolnenie: ves\u044c \u0161ezlong napolnen penoplastov\u044bmi \u0161arikami. \u010cerez opredel\u0451nnoe vrem\u044f ispol\u044czovani\u044f forma \u0161ezlonga rasslabl\u044fets\u044f, a na\u010dinka legko vospoln\u044fets\u044f. V\u044b mo\u017eete zapolnit\u044c plombu samosto\u044ftel\u044cno: \u010dtob\u044b popolnit\u044c plombu, rekomenduets\u044f vz\u044ft\u044c okolo 1 kg dl\u044f lenivogo paketa ili 60-litrov\u044b\u0439 paket. Esli v\u044b re\u0161ite kupit\u044c nezapolnenn\u044b\u0439 produkt i napolnit\u044c ego samosto\u044ftel\u044cno, vam potrebuets\u044f okolo 360 litrov penoplastov\u044bh \u0161arikov dl\u044f \u044dtogo produkta, kotor\u044be legko dostat\u044c, esli v\u044b i\u0449ete \u00abpopolnenie dl\u044f lenivogo paketa\u00bb ili \u00abpenoplastov\u044be \u0161ariki\u00bb v internete.   <\/p>\n<p>Razmer\u044b: 100x170sm, v\u044bsota 25-75 sm<\/p>\n<p>Detali: <span style=\"font-family: 'Open Sans', sans-serif;\"> sumka dl\u044f hraneni\u044f, vodonepronicaema\u044f podkladka, kotoru\u044e mo\u017eno po\u010dinit\u044c, do\u017edevik<\/span>.<\/p>\n<p><strong>GARANTI\u042f 2 GODA.  <\/strong><\/p>\n<p>Esli tovar \u017eelaemogo cveta otsutstvuet v nali\u010dii, budet zakazano podtver\u017edenie pokupki. Kra\u0439ni\u0439 srok \u2014 10-20 rabo\u010dih dne\u0439. <\/p>\n","protected":false},"excerpt":{"rendered":"<p>\u0160ezlong GIGA LAZY postupaet k nam iz studii KiaraDeZen. Vse izdeli\u044f izgotovlen\u044b vru\u010dnu\u044e i prednazna\u010den\u044b dl\u044f ispol\u044czovani\u044f na ulice. V\u044fzan\u044b\u0439<\/p>\n","protected":false},"featured_media":12719,"template":"","meta":[],"product_brand":[],"product_cat":[2677,2660,2657,2590,2679,2675,2641,2653],"product_tag":[],"class_list":{"0":"post-17887","1":"product","2":"type-product","3":"status-publish","4":"has-post-thumbnail","6":"product_cat-bastenski-namestaj","7":"product_cat-brendovi","8":"product_cat-kiara-de-zen","9":"product_cat-kucni-dekor","10":"product_cat-lezaljke-namestaj","11":"product_cat-namestaj","12":"product_cat-proizvedeno-u-srbiji","13":"product_cat-proizvodi","14":"pa_boja-bez","15":"pa_boja-grafit-siva","17":"first","18":"instock","19":"shipping-taxable","20":"purchasable","21":"product-type-variable"},"yoast_head":"<!-- This site is optimized with the Yoast SEO plugin v27.1.1 - https:\/\/yoast.com\/product\/yoast-seo-wordpress\/ -->\n<title>\u0160ezlong GIGA LAZY - Maison Adorable<\/title>\n<meta name=\"description\" content=\"\u0160ezlong GIGA LAZY postupaet k nam iz studii KiaraDeZen. Vse izdeli\u044f izgotovlen\u044b vru\u010dnu\u044e i prednazna\u010den\u044b dl\u044f ispol\u044czovani\u044f na ulice. V\u044fzan\u044b\u0439 kr\u044e\u010dkom \u0161ezlong imeet perforirovann\u044b\u0439 vne\u0161ni\u0439 vid, vodonepronicaem\u044b\u0439 i usto\u0439\u010div k ul\u044ctrafioletu, mo\u017eet sto\u044ft\u044c na ulice, mo\u017eet promoknut\u044c, mo\u017eet ispol\u044czovat\u044cs\u044f na pl\u044f\u017ee. V\u044fzana\u044f \u010dast\u044c namokaet posle sil\u044cn\u044bh do\u017ede\u0439, no letom b\u044bstro sohnet. Rekomenduets\u044f nosit\u044c ego v pome\u0449enii ili v kr\u044bt\u044bh pome\u0449eni\u044fh zimo\u0439, libo nadevat\u044c do\u017edevik, kotor\u044b\u0439 pozvol\u044fet ispol\u044czovat\u044c \u0161ezlong krugl\u044b\u0439 god.\" \/>\n<meta name=\"robots\" content=\"index, follow, max-snippet:-1, max-image-preview:large, max-video-preview:-1\" \/>\n<link rel=\"canonical\" href=\"https:\/\/maisonadorable.rs\/ru\/prodavnica\/sezlong-giga-lazy\/\" \/>\n<meta property=\"og:locale\" content=\"ru_RU\" \/>\n<meta property=\"og:type\" content=\"article\" \/>\n<meta property=\"og:title\" content=\"\u0160ezlong GIGA LAZY - Maison Adorable\" \/>\n<meta property=\"og:description\" content=\"\u0160ezlong GIGA LAZY postupaet k nam iz studii KiaraDeZen. Vse izdeli\u044f izgotovlen\u044b vru\u010dnu\u044e i prednazna\u010den\u044b dl\u044f ispol\u044czovani\u044f na ulice. V\u044fzan\u044b\u0439 kr\u044e\u010dkom \u0161ezlong imeet perforirovann\u044b\u0439 vne\u0161ni\u0439 vid, vodonepronicaem\u044b\u0439 i usto\u0439\u010div k ul\u044ctrafioletu, mo\u017eet sto\u044ft\u044c na ulice, mo\u017eet promoknut\u044c, mo\u017eet ispol\u044czovat\u044cs\u044f na pl\u044f\u017ee. V\u044fzana\u044f \u010dast\u044c namokaet posle sil\u044cn\u044bh do\u017ede\u0439, no letom b\u044bstro sohnet. Rekomenduets\u044f nosit\u044c ego v pome\u0449enii ili v kr\u044bt\u044bh pome\u0449eni\u044fh zimo\u0439, libo nadevat\u044c do\u017edevik, kotor\u044b\u0439 pozvol\u044fet ispol\u044czovat\u044c \u0161ezlong krugl\u044b\u0439 god.\" \/>\n<meta property=\"og:url\" content=\"https:\/\/maisonadorable.rs\/ru\/prodavnica\/sezlong-giga-lazy\/\" \/>\n<meta property=\"og:site_name\" content=\"Maison Adorable\" \/>\n<meta property=\"article:publisher\" content=\"https:\/\/www.facebook.com\/Maison.adorable.homedecor\" \/>\n<meta property=\"og:image\" content=\"https:\/\/maisonadorable.rs\/wp-content\/uploads\/2025\/04\/Lezibeg.jpg\" \/>\n\t<meta property=\"og:image:width\" content=\"900\" \/>\n\t<meta property=\"og:image:height\" content=\"1200\" \/>\n\t<meta property=\"og:image:type\" content=\"image\/jpeg\" \/>\n<meta name=\"twitter:card\" content=\"summary_large_image\" \/>\n<script type=\"application\/ld+json\" class=\"yoast-schema-graph\">{\"@context\":\"https:\/\/schema.org\",\"@graph\":[{\"@type\":\"WebPage\",\"@id\":\"https:\/\/maisonadorable.rs\/ru\/prodavnica\/sezlong-giga-lazy\/\",\"url\":\"https:\/\/maisonadorable.rs\/ru\/prodavnica\/sezlong-giga-lazy\/\",\"name\":\"\u0428\u0435\u0437\u043b\u043e\u043d\u0433 GIGA LAZY - Maison Adorable\",\"isPartOf\":{\"@id\":\"https:\/\/maisonadorable.rs\/#website\"},\"primaryImageOfPage\":{\"@id\":\"https:\/\/maisonadorable.rs\/ru\/prodavnica\/sezlong-giga-lazy\/#primaryimage\"},\"image\":{\"@id\":\"https:\/\/maisonadorable.rs\/ru\/prodavnica\/sezlong-giga-lazy\/#primaryimage\"},\"thumbnailUrl\":\"https:\/\/maisonadorable.rs\/wp-content\/uploads\/2025\/04\/Lezibeg.jpg\",\"datePublished\":\"2025-04-30T11:17:56+00:00\",\"description\":\"\u0428\u0435\u0437\u043b\u043e\u043d\u0433 GIGA LAZY \u043f\u043e\u0441\u0442\u0443\u043f\u0430\u0435\u0442 \u043a \u043d\u0430\u043c \u0438\u0437 \u0441\u0442\u0443\u0434\u0438\u0438 KiaraDeZen. \u0412\u0441\u0435 \u0438\u0437\u0434\u0435\u043b\u0438\u044f \u0438\u0437\u0433\u043e\u0442\u043e\u0432\u043b\u0435\u043d\u044b \u0432\u0440\u0443\u0447\u043d\u0443\u044e \u0438 \u043f\u0440\u0435\u0434\u043d\u0430\u0437\u043d\u0430\u0447\u0435\u043d\u044b \u0434\u043b\u044f \u0438\u0441\u043f\u043e\u043b\u044c\u0437\u043e\u0432\u0430\u043d\u0438\u044f \u043d\u0430 \u0443\u043b\u0438\u0446\u0435. \u0412\u044f\u0437\u0430\u043d\u044b\u0439 \u043a\u0440\u044e\u0447\u043a\u043e\u043c \u0448\u0435\u0437\u043b\u043e\u043d\u0433 \u0438\u043c\u0435\u0435\u0442 \u043f\u0435\u0440\u0444\u043e\u0440\u0438\u0440\u043e\u0432\u0430\u043d\u043d\u044b\u0439 \u0432\u043d\u0435\u0448\u043d\u0438\u0439 \u0432\u0438\u0434, \u0432\u043e\u0434\u043e\u043d\u0435\u043f\u0440\u043e\u043d\u0438\u0446\u0430\u0435\u043c\u044b\u0439 \u0438 \u0443\u0441\u0442\u043e\u0439\u0447\u0438\u0432 \u043a \u0443\u043b\u044c\u0442\u0440\u0430\u0444\u0438\u043e\u043b\u0435\u0442\u0443, \u043c\u043e\u0436\u0435\u0442 \u0441\u0442\u043e\u044f\u0442\u044c \u043d\u0430 \u0443\u043b\u0438\u0446\u0435, \u043c\u043e\u0436\u0435\u0442 \u043f\u0440\u043e\u043c\u043e\u043a\u043d\u0443\u0442\u044c, \u043c\u043e\u0436\u0435\u0442 \u0438\u0441\u043f\u043e\u043b\u044c\u0437\u043e\u0432\u0430\u0442\u044c\u0441\u044f \u043d\u0430 \u043f\u043b\u044f\u0436\u0435. \u0412\u044f\u0437\u0430\u043d\u0430\u044f \u0447\u0430\u0441\u0442\u044c \u043d\u0430\u043c\u043e\u043a\u0430\u0435\u0442 \u043f\u043e\u0441\u043b\u0435 \u0441\u0438\u043b\u044c\u043d\u044b\u0445 \u0434\u043e\u0436\u0434\u0435\u0439, \u043d\u043e \u043b\u0435\u0442\u043e\u043c \u0431\u044b\u0441\u0442\u0440\u043e \u0441\u043e\u0445\u043d\u0435\u0442. \u0420\u0435\u043a\u043e\u043c\u0435\u043d\u0434\u0443\u0435\u0442\u0441\u044f \u043d\u043e\u0441\u0438\u0442\u044c \u0435\u0433\u043e \u0432 \u043f\u043e\u043c\u0435\u0449\u0435\u043d\u0438\u0438 \u0438\u043b\u0438 \u0432 \u043a\u0440\u044b\u0442\u044b\u0445 \u043f\u043e\u043c\u0435\u0449\u0435\u043d\u0438\u044f\u0445 \u0437\u0438\u043c\u043e\u0439, \u043b\u0438\u0431\u043e \u043d\u0430\u0434\u0435\u0432\u0430\u0442\u044c \u0434\u043e\u0436\u0434\u0435\u0432\u0438\u043a, \u043a\u043e\u0442\u043e\u0440\u044b\u0439 \u043f\u043e\u0437\u0432\u043e\u043b\u044f\u0435\u0442 \u0438\u0441\u043f\u043e\u043b\u044c\u0437\u043e\u0432\u0430\u0442\u044c \u0448\u0435\u0437\u043b\u043e\u043d\u0433 \u043a\u0440\u0443\u0433\u043b\u044b\u0439 \u0433\u043e\u0434.\",\"breadcrumb\":{\"@id\":\"https:\/\/maisonadorable.rs\/ru\/prodavnica\/sezlong-giga-lazy\/#breadcrumb\"},\"inLanguage\":\"ru-RU\",\"potentialAction\":[{\"@type\":\"ReadAction\",\"target\":[\"https:\/\/maisonadorable.rs\/ru\/prodavnica\/sezlong-giga-lazy\/\"]}]},{\"@type\":\"ImageObject\",\"inLanguage\":\"ru-RU\",\"@id\":\"https:\/\/maisonadorable.rs\/ru\/prodavnica\/sezlong-giga-lazy\/#primaryimage\",\"url\":\"https:\/\/maisonadorable.rs\/wp-content\/uploads\/2025\/04\/Lezibeg.jpg\",\"contentUrl\":\"https:\/\/maisonadorable.rs\/wp-content\/uploads\/2025\/04\/Lezibeg.jpg\",\"width\":900,\"height\":1200,\"caption\":\"kiara\"},{\"@type\":\"BreadcrumbList\",\"@id\":\"https:\/\/maisonadorable.rs\/ru\/prodavnica\/sezlong-giga-lazy\/#breadcrumb\",\"itemListElement\":[{\"@type\":\"ListItem\",\"position\":1,\"name\":\"Po\u010detna\",\"item\":\"https:\/\/maisonadorable.rs\/ru\/\"},{\"@type\":\"ListItem\",\"position\":2,\"name\":\"Magazin\",\"item\":\"https:\/\/maisonadorable.rs\/magazin\/\"},{\"@type\":\"ListItem\",\"position\":3,\"name\":\"\u0160ezlong GIGA LAZY\"}]},{\"@type\":\"WebSite\",\"@id\":\"https:\/\/maisonadorable.rs\/#website\",\"url\":\"https:\/\/maisonadorable.rs\/\",\"name\":\"Maison Adorable\",\"description\":\"Maison Adorable, delimo inspiraciju u ljubav, i \u0161aljemo radost u malim pakovanjima!\",\"publisher\":{\"@id\":\"https:\/\/maisonadorable.rs\/#organization\"},\"potentialAction\":[{\"@type\":\"SearchAction\",\"target\":{\"@type\":\"EntryPoint\",\"urlTemplate\":\"https:\/\/maisonadorable.rs\/?s={search_term_string}\"},\"query-input\":{\"@type\":\"PropertyValueSpecification\",\"valueRequired\":true,\"valueName\":\"search_term_string\"}}],\"inLanguage\":\"ru-RU\"},{\"@type\":\"Organization\",\"@id\":\"https:\/\/maisonadorable.rs\/#organization\",\"name\":\"Maison Adorable\",\"url\":\"https:\/\/maisonadorable.rs\/\",\"logo\":{\"@type\":\"ImageObject\",\"inLanguage\":\"ru-RU\",\"@id\":\"https:\/\/maisonadorable.rs\/#\/schema\/logo\/image\/\",\"url\":\"https:\/\/maisonadorable.rs\/wp-content\/uploads\/2022\/04\/logo.png\",\"contentUrl\":\"https:\/\/maisonadorable.rs\/wp-content\/uploads\/2022\/04\/logo.png\",\"width\":1081,\"height\":1081,\"caption\":\"Maison Adorable\"},\"image\":{\"@id\":\"https:\/\/maisonadorable.rs\/#\/schema\/logo\/image\/\"},\"sameAs\":[\"https:\/\/www.facebook.com\/Maison.adorable.homedecor\",\"https:\/\/www.instagram.com\/maison_adorable\/\"]}]}<\/script>\n<!-- \/ Yoast SEO plugin. -->","yoast_head_json":{"title":"\u0160ezlong GIGA LAZY - Maison Adorable","description":"\u0160ezlong GIGA LAZY postupaet k nam iz studii KiaraDeZen. Vse izdeli\u044f izgotovlen\u044b vru\u010dnu\u044e i prednazna\u010den\u044b dl\u044f ispol\u044czovani\u044f na ulice. V\u044fzan\u044b\u0439 kr\u044e\u010dkom \u0161ezlong imeet perforirovann\u044b\u0439 vne\u0161ni\u0439 vid, vodonepronicaem\u044b\u0439 i usto\u0439\u010div k ul\u044ctrafioletu, mo\u017eet sto\u044ft\u044c na ulice, mo\u017eet promoknut\u044c, mo\u017eet ispol\u044czovat\u044cs\u044f na pl\u044f\u017ee. V\u044fzana\u044f \u010dast\u044c namokaet posle sil\u044cn\u044bh do\u017ede\u0439, no letom b\u044bstro sohnet. Rekomenduets\u044f nosit\u044c ego v pome\u0449enii ili v kr\u044bt\u044bh pome\u0449eni\u044fh zimo\u0439, libo nadevat\u044c do\u017edevik, kotor\u044b\u0439 pozvol\u044fet ispol\u044czovat\u044c \u0161ezlong krugl\u044b\u0439 god.","robots":{"index":"index","follow":"follow","max-snippet":"max-snippet:-1","max-image-preview":"max-image-preview:large","max-video-preview":"max-video-preview:-1"},"canonical":"https:\/\/maisonadorable.rs\/ru\/prodavnica\/sezlong-giga-lazy\/","og_locale":"ru_RU","og_type":"article","og_title":"\u0160ezlong GIGA LAZY - Maison Adorable","og_description":"\u0160ezlong GIGA LAZY postupaet k nam iz studii KiaraDeZen. Vse izdeli\u044f izgotovlen\u044b vru\u010dnu\u044e i prednazna\u010den\u044b dl\u044f ispol\u044czovani\u044f na ulice. V\u044fzan\u044b\u0439 kr\u044e\u010dkom \u0161ezlong imeet perforirovann\u044b\u0439 vne\u0161ni\u0439 vid, vodonepronicaem\u044b\u0439 i usto\u0439\u010div k ul\u044ctrafioletu, mo\u017eet sto\u044ft\u044c na ulice, mo\u017eet promoknut\u044c, mo\u017eet ispol\u044czovat\u044cs\u044f na pl\u044f\u017ee. V\u044fzana\u044f \u010dast\u044c namokaet posle sil\u044cn\u044bh do\u017ede\u0439, no letom b\u044bstro sohnet. Rekomenduets\u044f nosit\u044c ego v pome\u0449enii ili v kr\u044bt\u044bh pome\u0449eni\u044fh zimo\u0439, libo nadevat\u044c do\u017edevik, kotor\u044b\u0439 pozvol\u044fet ispol\u044czovat\u044c \u0161ezlong krugl\u044b\u0439 god.","og_url":"https:\/\/maisonadorable.rs\/ru\/prodavnica\/sezlong-giga-lazy\/","og_site_name":"Maison Adorable","article_publisher":"https:\/\/www.facebook.com\/Maison.adorable.homedecor","og_image":[{"width":900,"height":1200,"url":"https:\/\/maisonadorable.rs\/wp-content\/uploads\/2025\/04\/Lezibeg.jpg","type":"image\/jpeg"}],"twitter_card":"summary_large_image","schema":{"@context":"https:\/\/schema.org","@graph":[{"@type":"WebPage","@id":"https:\/\/maisonadorable.rs\/ru\/prodavnica\/sezlong-giga-lazy\/","url":"https:\/\/maisonadorable.rs\/ru\/prodavnica\/sezlong-giga-lazy\/","name":"\u0160ezlong GIGA LAZY - Maison Adorable","isPartOf":{"@id":"https:\/\/maisonadorable.rs\/#website"},"primaryImageOfPage":{"@id":"https:\/\/maisonadorable.rs\/ru\/prodavnica\/sezlong-giga-lazy\/#primaryimage"},"image":{"@id":"https:\/\/maisonadorable.rs\/ru\/prodavnica\/sezlong-giga-lazy\/#primaryimage"},"thumbnailUrl":"https:\/\/maisonadorable.rs\/wp-content\/uploads\/2025\/04\/Lezibeg.jpg","datePublished":"2025-04-30T11:17:56+00:00","description":"\u0160ezlong GIGA LAZY postupaet k nam iz studii KiaraDeZen. Vse izdeli\u044f izgotovlen\u044b vru\u010dnu\u044e i prednazna\u010den\u044b dl\u044f ispol\u044czovani\u044f na ulice. V\u044fzan\u044b\u0439 kr\u044e\u010dkom \u0161ezlong imeet perforirovann\u044b\u0439 vne\u0161ni\u0439 vid, vodonepronicaem\u044b\u0439 i usto\u0439\u010div k ul\u044ctrafioletu, mo\u017eet sto\u044ft\u044c na ulice, mo\u017eet promoknut\u044c, mo\u017eet ispol\u044czovat\u044cs\u044f na pl\u044f\u017ee. V\u044fzana\u044f \u010dast\u044c namokaet posle sil\u044cn\u044bh do\u017ede\u0439, no letom b\u044bstro sohnet. Rekomenduets\u044f nosit\u044c ego v pome\u0449enii ili v kr\u044bt\u044bh pome\u0449eni\u044fh zimo\u0439, libo nadevat\u044c do\u017edevik, kotor\u044b\u0439 pozvol\u044fet ispol\u044czovat\u044c \u0161ezlong krugl\u044b\u0439 god.","breadcrumb":{"@id":"https:\/\/maisonadorable.rs\/ru\/prodavnica\/sezlong-giga-lazy\/#breadcrumb"},"inLanguage":"ru-RU","potentialAction":[{"@type":"ReadAction","target":["https:\/\/maisonadorable.rs\/ru\/prodavnica\/sezlong-giga-lazy\/"]}]},{"@type":"ImageObject","inLanguage":"ru-RU","@id":"https:\/\/maisonadorable.rs\/ru\/prodavnica\/sezlong-giga-lazy\/#primaryimage","url":"https:\/\/maisonadorable.rs\/wp-content\/uploads\/2025\/04\/Lezibeg.jpg","contentUrl":"https:\/\/maisonadorable.rs\/wp-content\/uploads\/2025\/04\/Lezibeg.jpg","width":900,"height":1200,"caption":"kiara"},{"@type":"BreadcrumbList","@id":"https:\/\/maisonadorable.rs\/ru\/prodavnica\/sezlong-giga-lazy\/#breadcrumb","itemListElement":[{"@type":"ListItem","position":1,"name":"Po\u010detna","item":"https:\/\/maisonadorable.rs\/ru\/"},{"@type":"ListItem","position":2,"name":"Magazin","item":"https:\/\/maisonadorable.rs\/magazin\/"},{"@type":"ListItem","position":3,"name":"\u0160ezlong GIGA LAZY"}]},{"@type":"WebSite","@id":"https:\/\/maisonadorable.rs\/#website","url":"https:\/\/maisonadorable.rs\/","name":"Maison Adorable","description":"Maison Adorable, delimo inspiraciju u ljubav, i \u0161aljemo radost u malim pakovanjima!","publisher":{"@id":"https:\/\/maisonadorable.rs\/#organization"},"potentialAction":[{"@type":"SearchAction","target":{"@type":"EntryPoint","urlTemplate":"https:\/\/maisonadorable.rs\/?s={search_term_string}"},"query-input":{"@type":"PropertyValueSpecification","valueRequired":true,"valueName":"search_term_string"}}],"inLanguage":"ru-RU"},{"@type":"Organization","@id":"https:\/\/maisonadorable.rs\/#organization","name":"Maison Adorable","url":"https:\/\/maisonadorable.rs\/","logo":{"@type":"ImageObject","inLanguage":"ru-RU","@id":"https:\/\/maisonadorable.rs\/#\/schema\/logo\/image\/","url":"https:\/\/maisonadorable.rs\/wp-content\/uploads\/2022\/04\/logo.png","contentUrl":"https:\/\/maisonadorable.rs\/wp-content\/uploads\/2022\/04\/logo.png","width":1081,"height":1081,"caption":"Maison Adorable"},"image":{"@id":"https:\/\/maisonadorable.rs\/#\/schema\/logo\/image\/"},"sameAs":["https:\/\/www.facebook.com\/Maison.adorable.homedecor","https:\/\/www.instagram.com\/maison_adorable\/"]}]}},"_links":{"self":[{"href":"https:\/\/maisonadorable.rs\/ru\/wp-json\/wp\/v2\/product\/17887","targetHints":{"allow":["GET"]}}],"collection":[{"href":"https:\/\/maisonadorable.rs\/ru\/wp-json\/wp\/v2\/product"}],"about":[{"href":"https:\/\/maisonadorable.rs\/ru\/wp-json\/wp\/v2\/types\/product"}],"version-history":[{"count":0,"href":"https:\/\/maisonadorable.rs\/ru\/wp-json\/wp\/v2\/product\/17887\/revisions"}],"wp:featuredmedia":[{"embeddable":true,"href":"https:\/\/maisonadorable.rs\/ru\/wp-json\/wp\/v2\/media\/12719"}],"wp:attachment":[{"href":"https:\/\/maisonadorable.rs\/ru\/wp-json\/wp\/v2\/media?parent=17887"}],"wp:term":[{"taxonomy":"product_brand","embeddable":true,"href":"https:\/\/maisonadorable.rs\/ru\/wp-json\/wp\/v2\/product_brand?post=17887"},{"taxonomy":"product_cat","embeddable":true,"href":"https:\/\/maisonadorable.rs\/ru\/wp-json\/wp\/v2\/product_cat?post=17887"},{"taxonomy":"product_tag","embeddable":true,"href":"https:\/\/maisonadorable.rs\/ru\/wp-json\/wp\/v2\/product_tag?post=17887"}],"curies":[{"name":"wp","href":"https:\/\/api.w.org\/{rel}","templated":true}]}}