{"id":17891,"date":"2025-04-30T12:17:56","date_gmt":"2025-04-30T11:17:56","guid":{"rendered":"https:\/\/maisonadorable.rs\/prodavnica\/taburetki-giga\/"},"modified":"2025-04-30T12:17:56","modified_gmt":"2025-04-30T11:17:56","slug":"taburetki-giga","status":"publish","type":"product","link":"https:\/\/maisonadorable.rs\/ru\/prodavnica\/taburetki-giga\/","title":{"rendered":"Taburetki GIGA"},"content":{"rendered":"<p class=\"product_title entry-title\">Taburet GIGA postupaet k nam iz studii KiaraDeZen. Vse izdeli\u044f izgotovlen\u044b vru\u010dnu\u044e i prednazna\u010den\u044b dl\u044f ispol\u044czovani\u044f na ulice. <\/p>\n<p class=\"product_title entry-title\">V\u044fzan\u044b\u0439 kr\u044e\u010dkom stul imeet perforirovann\u044b\u0439 vid,<span style=\"font-family: 'Open Sans', sans-serif; font-size: 16px;\">  vodonepronicaema\u044f i usto\u0439\u010diva\u044f k ul\u044ctrafioletu, mo\u017eet sto\u044ft\u044c na ulice, mo\u017eet promoknut\u044c, mo\u017eet ispol\u044czovat\u044cs\u044f na pl\u044f\u017ee. V\u044fzana\u044f \u010dast\u044c namokaet posle sil\u044cn\u044bh do\u017ede\u0439, no letom b\u044bstro sohnet. Rekomenduets\u044f pereme\u0449at\u044c ego v pome\u0449enie ili v pome\u0449eni\u044f zimo\u0439.  <\/span><\/p>\n<div class=\"woocommerce-product-details__short-description\">\n<p>Uhod: ves\u044c stul legko protiraets\u044f vla\u017eno\u0439 tr\u044fpko\u0439 i m\u044bl\u044cno\u0439 vodo\u0439. Mo\u017eno sn\u044ft\u044c v\u044fzan\u044b\u0439 \u010dehol i stirat\u044c v ma\u0161ine pri 30\u00b0C, su\u0161it\u044c rovno i natural\u044cno. <\/p>\n<\/div>\n<p>Material: trikota\u017en\u044b\u0439 \u010dehol \u2014 <span style=\"font-family: 'Open Sans', sans-serif;\"> poli\u044dsterov\u044b\u0439 matov\u044b\u0439 \u0161pagat tol\u0449ino\u0439 4,5, usto\u0439\u010div\u044b\u0439 k ul\u044ctrafioletu i vodonepronicaemosti, vnutrenn\u044f\u044f \u010dast\u044c \u2014 <\/span> penoplast, v\u044brezann\u044b\u0439 v forme \u044dllipsa, obbit\u044b\u0439 PVH-materialom. Inter\u044cer komfortn\u044b\u0439, l\u0451gki\u0439 i vodonepronicaem\u044b\u0439. <\/p>\n<p>Razmer\u044b: ves 5,2 kg, x 29sm, \u00d8 69 sm<\/p>\n<p>Detali: protivoskol\u044cz\u044f\u0449a\u044f rezina na dne i sumka dl\u044f hraneni\u044f.<\/p>\n<p><strong>GARANTI\u042f 2 GODA.  <\/strong><\/p>\n<p>Esli tovar \u017eelaemogo cveta otsutstvuet v nali\u010dii, budet zakazano podtver\u017edenie pokupki. Kra\u0439ni\u0439 srok \u2014 10-20 rabo\u010dih dne\u0439. <\/p>\n<p>&nbsp;<\/p>\n<p>&nbsp;<\/p>\n","protected":false},"excerpt":{"rendered":"<p>Taburet GIGA postupaet k nam iz studii KiaraDeZen. Vse izdeli\u044f izgotovlen\u044b vru\u010dnu\u044e i prednazna\u010den\u044b dl\u044f ispol\u044czovani\u044f na ulice. V\u044fzan\u044b\u0439 kr\u044e\u010dkom<\/p>\n","protected":false},"featured_media":12713,"template":"","meta":[],"product_brand":[],"product_cat":[2677,2660,2657,2590,2675,2641,2653],"product_tag":[],"class_list":{"0":"post-17891","1":"product","2":"type-product","3":"status-publish","4":"has-post-thumbnail","6":"product_cat-bastenski-namestaj","7":"product_cat-brendovi","8":"product_cat-kiara-de-zen","9":"product_cat-kucni-dekor","10":"product_cat-namestaj","11":"product_cat-proizvedeno-u-srbiji","12":"product_cat-proizvodi","13":"pa_boja-bez","14":"pa_boja-grafit-siva","16":"first","17":"instock","18":"shipping-taxable","19":"purchasable","20":"product-type-variable"},"yoast_head":"<!-- This site is optimized with the Yoast SEO plugin v27.1.1 - https:\/\/yoast.com\/product\/yoast-seo-wordpress\/ -->\n<title>Taburetki GIGA - Maison Adorable<\/title>\n<meta name=\"description\" content=\"Taburet GIGA postupaet k nam iz studii KiaraDeZen. Vse izdeli\u044f izgotovlen\u044b vru\u010dnu\u044e i prednazna\u010den\u044b dl\u044f ispol\u044czovani\u044f na ulice. V\u044fzan\u044b\u0439 vru\u010dnu\u044e taburet perforirovan vne\u0161ne, vodonepronicaem i usto\u0439\u010div k ul\u044ctrafioletu, mo\u017eet sto\u044ft\u044c na ulice, mo\u017eet namoknut\u044c, mo\u017eet ispol\u044czovat\u044cs\u044f na pl\u044f\u017ee. V\u044fzana\u044f \u010dast\u044c namokaet posle sil\u044cn\u044bh do\u017ede\u0439, no letom b\u044bstro sohnet. Rekomenduets\u044f pereme\u0449at\u044c ego v pome\u0449enie ili v pome\u0449eni\u044f zimo\u0439.\" \/>\n<meta name=\"robots\" content=\"index, follow, max-snippet:-1, max-image-preview:large, max-video-preview:-1\" \/>\n<link rel=\"canonical\" href=\"https:\/\/maisonadorable.rs\/ru\/prodavnica\/taburetki-giga\/\" \/>\n<meta property=\"og:locale\" content=\"ru_RU\" \/>\n<meta property=\"og:type\" content=\"article\" \/>\n<meta property=\"og:title\" content=\"Taburetki GIGA - Maison Adorable\" \/>\n<meta property=\"og:description\" content=\"Taburet GIGA postupaet k nam iz studii KiaraDeZen. Vse izdeli\u044f izgotovlen\u044b vru\u010dnu\u044e i prednazna\u010den\u044b dl\u044f ispol\u044czovani\u044f na ulice. V\u044fzan\u044b\u0439 vru\u010dnu\u044e taburet perforirovan vne\u0161ne, vodonepronicaem i usto\u0439\u010div k ul\u044ctrafioletu, mo\u017eet sto\u044ft\u044c na ulice, mo\u017eet namoknut\u044c, mo\u017eet ispol\u044czovat\u044cs\u044f na pl\u044f\u017ee. V\u044fzana\u044f \u010dast\u044c namokaet posle sil\u044cn\u044bh do\u017ede\u0439, no letom b\u044bstro sohnet. Rekomenduets\u044f pereme\u0449at\u044c ego v pome\u0449enie ili v pome\u0449eni\u044f zimo\u0439.\" \/>\n<meta property=\"og:url\" content=\"https:\/\/maisonadorable.rs\/ru\/prodavnica\/taburetki-giga\/\" \/>\n<meta property=\"og:site_name\" content=\"Maison Adorable\" \/>\n<meta property=\"article:publisher\" content=\"https:\/\/www.facebook.com\/Maison.adorable.homedecor\" \/>\n<meta property=\"og:image\" content=\"https:\/\/maisonadorable.rs\/wp-content\/uploads\/2025\/04\/tabure-bez.jpg\" \/>\n\t<meta property=\"og:image:width\" content=\"900\" \/>\n\t<meta property=\"og:image:height\" content=\"1200\" \/>\n\t<meta property=\"og:image:type\" content=\"image\/jpeg\" \/>\n<meta name=\"twitter:card\" content=\"summary_large_image\" \/>\n<script type=\"application\/ld+json\" class=\"yoast-schema-graph\">{\"@context\":\"https:\/\/schema.org\",\"@graph\":[{\"@type\":\"WebPage\",\"@id\":\"https:\/\/maisonadorable.rs\/ru\/prodavnica\/taburetki-giga\/\",\"url\":\"https:\/\/maisonadorable.rs\/ru\/prodavnica\/taburetki-giga\/\",\"name\":\"\u0422\u0430\u0431\u0443\u0440\u0435\u0442\u043a\u0438 GIGA - Maison Adorable\",\"isPartOf\":{\"@id\":\"https:\/\/maisonadorable.rs\/#website\"},\"primaryImageOfPage\":{\"@id\":\"https:\/\/maisonadorable.rs\/ru\/prodavnica\/taburetki-giga\/#primaryimage\"},\"image\":{\"@id\":\"https:\/\/maisonadorable.rs\/ru\/prodavnica\/taburetki-giga\/#primaryimage\"},\"thumbnailUrl\":\"https:\/\/maisonadorable.rs\/wp-content\/uploads\/2025\/04\/tabure-bez.jpg\",\"datePublished\":\"2025-04-30T11:17:56+00:00\",\"description\":\"\u0422\u0430\u0431\u0443\u0440\u0435\u0442 GIGA \u043f\u043e\u0441\u0442\u0443\u043f\u0430\u0435\u0442 \u043a \u043d\u0430\u043c \u0438\u0437 \u0441\u0442\u0443\u0434\u0438\u0438 KiaraDeZen. \u0412\u0441\u0435 \u0438\u0437\u0434\u0435\u043b\u0438\u044f \u0438\u0437\u0433\u043e\u0442\u043e\u0432\u043b\u0435\u043d\u044b \u0432\u0440\u0443\u0447\u043d\u0443\u044e \u0438 \u043f\u0440\u0435\u0434\u043d\u0430\u0437\u043d\u0430\u0447\u0435\u043d\u044b \u0434\u043b\u044f \u0438\u0441\u043f\u043e\u043b\u044c\u0437\u043e\u0432\u0430\u043d\u0438\u044f \u043d\u0430 \u0443\u043b\u0438\u0446\u0435. \u0412\u044f\u0437\u0430\u043d\u044b\u0439 \u0432\u0440\u0443\u0447\u043d\u0443\u044e \u0442\u0430\u0431\u0443\u0440\u0435\u0442 \u043f\u0435\u0440\u0444\u043e\u0440\u0438\u0440\u043e\u0432\u0430\u043d \u0432\u043d\u0435\u0448\u043d\u0435, \u0432\u043e\u0434\u043e\u043d\u0435\u043f\u0440\u043e\u043d\u0438\u0446\u0430\u0435\u043c \u0438 \u0443\u0441\u0442\u043e\u0439\u0447\u0438\u0432 \u043a \u0443\u043b\u044c\u0442\u0440\u0430\u0444\u0438\u043e\u043b\u0435\u0442\u0443, \u043c\u043e\u0436\u0435\u0442 \u0441\u0442\u043e\u044f\u0442\u044c \u043d\u0430 \u0443\u043b\u0438\u0446\u0435, \u043c\u043e\u0436\u0435\u0442 \u043d\u0430\u043c\u043e\u043a\u043d\u0443\u0442\u044c, \u043c\u043e\u0436\u0435\u0442 \u0438\u0441\u043f\u043e\u043b\u044c\u0437\u043e\u0432\u0430\u0442\u044c\u0441\u044f \u043d\u0430 \u043f\u043b\u044f\u0436\u0435. \u0412\u044f\u0437\u0430\u043d\u0430\u044f \u0447\u0430\u0441\u0442\u044c \u043d\u0430\u043c\u043e\u043a\u0430\u0435\u0442 \u043f\u043e\u0441\u043b\u0435 \u0441\u0438\u043b\u044c\u043d\u044b\u0445 \u0434\u043e\u0436\u0434\u0435\u0439, \u043d\u043e \u043b\u0435\u0442\u043e\u043c \u0431\u044b\u0441\u0442\u0440\u043e \u0441\u043e\u0445\u043d\u0435\u0442. \u0420\u0435\u043a\u043e\u043c\u0435\u043d\u0434\u0443\u0435\u0442\u0441\u044f \u043f\u0435\u0440\u0435\u043c\u0435\u0449\u0430\u0442\u044c \u0435\u0433\u043e \u0432 \u043f\u043e\u043c\u0435\u0449\u0435\u043d\u0438\u0435 \u0438\u043b\u0438 \u0432 \u043f\u043e\u043c\u0435\u0449\u0435\u043d\u0438\u044f \u0437\u0438\u043c\u043e\u0439.\",\"breadcrumb\":{\"@id\":\"https:\/\/maisonadorable.rs\/ru\/prodavnica\/taburetki-giga\/#breadcrumb\"},\"inLanguage\":\"ru-RU\",\"potentialAction\":[{\"@type\":\"ReadAction\",\"target\":[\"https:\/\/maisonadorable.rs\/ru\/prodavnica\/taburetki-giga\/\"]}]},{\"@type\":\"ImageObject\",\"inLanguage\":\"ru-RU\",\"@id\":\"https:\/\/maisonadorable.rs\/ru\/prodavnica\/taburetki-giga\/#primaryimage\",\"url\":\"https:\/\/maisonadorable.rs\/wp-content\/uploads\/2025\/04\/tabure-bez.jpg\",\"contentUrl\":\"https:\/\/maisonadorable.rs\/wp-content\/uploads\/2025\/04\/tabure-bez.jpg\",\"width\":900,\"height\":1200,\"caption\":\"kiara\"},{\"@type\":\"BreadcrumbList\",\"@id\":\"https:\/\/maisonadorable.rs\/ru\/prodavnica\/taburetki-giga\/#breadcrumb\",\"itemListElement\":[{\"@type\":\"ListItem\",\"position\":1,\"name\":\"Po\u010detna\",\"item\":\"https:\/\/maisonadorable.rs\/ru\/\"},{\"@type\":\"ListItem\",\"position\":2,\"name\":\"Magazin\",\"item\":\"https:\/\/maisonadorable.rs\/magazin\/\"},{\"@type\":\"ListItem\",\"position\":3,\"name\":\"Taburetki GIGA\"}]},{\"@type\":\"WebSite\",\"@id\":\"https:\/\/maisonadorable.rs\/#website\",\"url\":\"https:\/\/maisonadorable.rs\/\",\"name\":\"Maison Adorable\",\"description\":\"Maison Adorable, delimo inspiraciju u ljubav, i \u0161aljemo radost u malim pakovanjima!\",\"publisher\":{\"@id\":\"https:\/\/maisonadorable.rs\/#organization\"},\"potentialAction\":[{\"@type\":\"SearchAction\",\"target\":{\"@type\":\"EntryPoint\",\"urlTemplate\":\"https:\/\/maisonadorable.rs\/?s={search_term_string}\"},\"query-input\":{\"@type\":\"PropertyValueSpecification\",\"valueRequired\":true,\"valueName\":\"search_term_string\"}}],\"inLanguage\":\"ru-RU\"},{\"@type\":\"Organization\",\"@id\":\"https:\/\/maisonadorable.rs\/#organization\",\"name\":\"Maison Adorable\",\"url\":\"https:\/\/maisonadorable.rs\/\",\"logo\":{\"@type\":\"ImageObject\",\"inLanguage\":\"ru-RU\",\"@id\":\"https:\/\/maisonadorable.rs\/#\/schema\/logo\/image\/\",\"url\":\"https:\/\/maisonadorable.rs\/wp-content\/uploads\/2022\/04\/logo.png\",\"contentUrl\":\"https:\/\/maisonadorable.rs\/wp-content\/uploads\/2022\/04\/logo.png\",\"width\":1081,\"height\":1081,\"caption\":\"Maison Adorable\"},\"image\":{\"@id\":\"https:\/\/maisonadorable.rs\/#\/schema\/logo\/image\/\"},\"sameAs\":[\"https:\/\/www.facebook.com\/Maison.adorable.homedecor\",\"https:\/\/www.instagram.com\/maison_adorable\/\"]}]}<\/script>\n<!-- \/ Yoast SEO plugin. -->","yoast_head_json":{"title":"Taburetki GIGA - Maison Adorable","description":"Taburet GIGA postupaet k nam iz studii KiaraDeZen. Vse izdeli\u044f izgotovlen\u044b vru\u010dnu\u044e i prednazna\u010den\u044b dl\u044f ispol\u044czovani\u044f na ulice. V\u044fzan\u044b\u0439 vru\u010dnu\u044e taburet perforirovan vne\u0161ne, vodonepronicaem i usto\u0439\u010div k ul\u044ctrafioletu, mo\u017eet sto\u044ft\u044c na ulice, mo\u017eet namoknut\u044c, mo\u017eet ispol\u044czovat\u044cs\u044f na pl\u044f\u017ee. V\u044fzana\u044f \u010dast\u044c namokaet posle sil\u044cn\u044bh do\u017ede\u0439, no letom b\u044bstro sohnet. Rekomenduets\u044f pereme\u0449at\u044c ego v pome\u0449enie ili v pome\u0449eni\u044f zimo\u0439.","robots":{"index":"index","follow":"follow","max-snippet":"max-snippet:-1","max-image-preview":"max-image-preview:large","max-video-preview":"max-video-preview:-1"},"canonical":"https:\/\/maisonadorable.rs\/ru\/prodavnica\/taburetki-giga\/","og_locale":"ru_RU","og_type":"article","og_title":"Taburetki GIGA - Maison Adorable","og_description":"Taburet GIGA postupaet k nam iz studii KiaraDeZen. Vse izdeli\u044f izgotovlen\u044b vru\u010dnu\u044e i prednazna\u010den\u044b dl\u044f ispol\u044czovani\u044f na ulice. V\u044fzan\u044b\u0439 vru\u010dnu\u044e taburet perforirovan vne\u0161ne, vodonepronicaem i usto\u0439\u010div k ul\u044ctrafioletu, mo\u017eet sto\u044ft\u044c na ulice, mo\u017eet namoknut\u044c, mo\u017eet ispol\u044czovat\u044cs\u044f na pl\u044f\u017ee. V\u044fzana\u044f \u010dast\u044c namokaet posle sil\u044cn\u044bh do\u017ede\u0439, no letom b\u044bstro sohnet. Rekomenduets\u044f pereme\u0449at\u044c ego v pome\u0449enie ili v pome\u0449eni\u044f zimo\u0439.","og_url":"https:\/\/maisonadorable.rs\/ru\/prodavnica\/taburetki-giga\/","og_site_name":"Maison Adorable","article_publisher":"https:\/\/www.facebook.com\/Maison.adorable.homedecor","og_image":[{"width":900,"height":1200,"url":"https:\/\/maisonadorable.rs\/wp-content\/uploads\/2025\/04\/tabure-bez.jpg","type":"image\/jpeg"}],"twitter_card":"summary_large_image","schema":{"@context":"https:\/\/schema.org","@graph":[{"@type":"WebPage","@id":"https:\/\/maisonadorable.rs\/ru\/prodavnica\/taburetki-giga\/","url":"https:\/\/maisonadorable.rs\/ru\/prodavnica\/taburetki-giga\/","name":"Taburetki GIGA - Maison Adorable","isPartOf":{"@id":"https:\/\/maisonadorable.rs\/#website"},"primaryImageOfPage":{"@id":"https:\/\/maisonadorable.rs\/ru\/prodavnica\/taburetki-giga\/#primaryimage"},"image":{"@id":"https:\/\/maisonadorable.rs\/ru\/prodavnica\/taburetki-giga\/#primaryimage"},"thumbnailUrl":"https:\/\/maisonadorable.rs\/wp-content\/uploads\/2025\/04\/tabure-bez.jpg","datePublished":"2025-04-30T11:17:56+00:00","description":"Taburet GIGA postupaet k nam iz studii KiaraDeZen. Vse izdeli\u044f izgotovlen\u044b vru\u010dnu\u044e i prednazna\u010den\u044b dl\u044f ispol\u044czovani\u044f na ulice. V\u044fzan\u044b\u0439 vru\u010dnu\u044e taburet perforirovan vne\u0161ne, vodonepronicaem i usto\u0439\u010div k ul\u044ctrafioletu, mo\u017eet sto\u044ft\u044c na ulice, mo\u017eet namoknut\u044c, mo\u017eet ispol\u044czovat\u044cs\u044f na pl\u044f\u017ee. V\u044fzana\u044f \u010dast\u044c namokaet posle sil\u044cn\u044bh do\u017ede\u0439, no letom b\u044bstro sohnet. Rekomenduets\u044f pereme\u0449at\u044c ego v pome\u0449enie ili v pome\u0449eni\u044f zimo\u0439.","breadcrumb":{"@id":"https:\/\/maisonadorable.rs\/ru\/prodavnica\/taburetki-giga\/#breadcrumb"},"inLanguage":"ru-RU","potentialAction":[{"@type":"ReadAction","target":["https:\/\/maisonadorable.rs\/ru\/prodavnica\/taburetki-giga\/"]}]},{"@type":"ImageObject","inLanguage":"ru-RU","@id":"https:\/\/maisonadorable.rs\/ru\/prodavnica\/taburetki-giga\/#primaryimage","url":"https:\/\/maisonadorable.rs\/wp-content\/uploads\/2025\/04\/tabure-bez.jpg","contentUrl":"https:\/\/maisonadorable.rs\/wp-content\/uploads\/2025\/04\/tabure-bez.jpg","width":900,"height":1200,"caption":"kiara"},{"@type":"BreadcrumbList","@id":"https:\/\/maisonadorable.rs\/ru\/prodavnica\/taburetki-giga\/#breadcrumb","itemListElement":[{"@type":"ListItem","position":1,"name":"Po\u010detna","item":"https:\/\/maisonadorable.rs\/ru\/"},{"@type":"ListItem","position":2,"name":"Magazin","item":"https:\/\/maisonadorable.rs\/magazin\/"},{"@type":"ListItem","position":3,"name":"Taburetki GIGA"}]},{"@type":"WebSite","@id":"https:\/\/maisonadorable.rs\/#website","url":"https:\/\/maisonadorable.rs\/","name":"Maison Adorable","description":"Maison Adorable, delimo inspiraciju u ljubav, i \u0161aljemo radost u malim pakovanjima!","publisher":{"@id":"https:\/\/maisonadorable.rs\/#organization"},"potentialAction":[{"@type":"SearchAction","target":{"@type":"EntryPoint","urlTemplate":"https:\/\/maisonadorable.rs\/?s={search_term_string}"},"query-input":{"@type":"PropertyValueSpecification","valueRequired":true,"valueName":"search_term_string"}}],"inLanguage":"ru-RU"},{"@type":"Organization","@id":"https:\/\/maisonadorable.rs\/#organization","name":"Maison Adorable","url":"https:\/\/maisonadorable.rs\/","logo":{"@type":"ImageObject","inLanguage":"ru-RU","@id":"https:\/\/maisonadorable.rs\/#\/schema\/logo\/image\/","url":"https:\/\/maisonadorable.rs\/wp-content\/uploads\/2022\/04\/logo.png","contentUrl":"https:\/\/maisonadorable.rs\/wp-content\/uploads\/2022\/04\/logo.png","width":1081,"height":1081,"caption":"Maison Adorable"},"image":{"@id":"https:\/\/maisonadorable.rs\/#\/schema\/logo\/image\/"},"sameAs":["https:\/\/www.facebook.com\/Maison.adorable.homedecor","https:\/\/www.instagram.com\/maison_adorable\/"]}]}},"_links":{"self":[{"href":"https:\/\/maisonadorable.rs\/ru\/wp-json\/wp\/v2\/product\/17891","targetHints":{"allow":["GET"]}}],"collection":[{"href":"https:\/\/maisonadorable.rs\/ru\/wp-json\/wp\/v2\/product"}],"about":[{"href":"https:\/\/maisonadorable.rs\/ru\/wp-json\/wp\/v2\/types\/product"}],"version-history":[{"count":0,"href":"https:\/\/maisonadorable.rs\/ru\/wp-json\/wp\/v2\/product\/17891\/revisions"}],"wp:featuredmedia":[{"embeddable":true,"href":"https:\/\/maisonadorable.rs\/ru\/wp-json\/wp\/v2\/media\/12713"}],"wp:attachment":[{"href":"https:\/\/maisonadorable.rs\/ru\/wp-json\/wp\/v2\/media?parent=17891"}],"wp:term":[{"taxonomy":"product_brand","embeddable":true,"href":"https:\/\/maisonadorable.rs\/ru\/wp-json\/wp\/v2\/product_brand?post=17891"},{"taxonomy":"product_cat","embeddable":true,"href":"https:\/\/maisonadorable.rs\/ru\/wp-json\/wp\/v2\/product_cat?post=17891"},{"taxonomy":"product_tag","embeddable":true,"href":"https:\/\/maisonadorable.rs\/ru\/wp-json\/wp\/v2\/product_tag?post=17891"}],"curies":[{"name":"wp","href":"https:\/\/api.w.org\/{rel}","templated":true}]}}