{"id":18219,"date":"2025-04-30T12:26:25","date_gmt":"2025-04-30T11:26:25","guid":{"rendered":"https:\/\/maisonadorable.rs\/prodavnica\/lampa-no6\/"},"modified":"2025-04-30T12:26:25","modified_gmt":"2025-04-30T11:26:25","slug":"lampa-no6","status":"publish","type":"product","link":"https:\/\/maisonadorable.rs\/ru\/prodavnica\/lampa-no6\/","title":{"rendered":"Lampa No6"},"content":{"rendered":"<p>Lampa No6 Izgotovlenna\u044f iz dereva s beregov Duna\u044f, \u044dta lampa, napomina\u044e\u0449a\u044f \u0161e\u044e lebed\u044f, izlu\u010daet iz\u044bskannost\u044c i prirodnu\u044e krasotu. E\u0451 \u044dlegantna\u044f forma, sformirovanna\u044f vodo\u0439, nes\u0451t v sebe istori\u044e gracii prirod\u044b, dobavl\u044f\u044f \u044dlegantnost\u044c i sv\u044fz\u044c l\u044ebomu prostranstvu.  <\/p>\n<p><span style=\"font-family: 'Open Sans', sans-serif;\"> Material: derevo za\u0449i\u0449\u0451nnoe i pokr\u044btoe lakom, metall, svetodiodna\u044f dekorativna\u044f lampo\u010dka. <\/span><br \/>\nRazmer\u044b: h 75 sm, \u0161irina 25 sm, \u0161irina 25 sm<br \/>\n Ves: 1,5 kg<\/p>\n<p>Uhod za produktami:<br \/>\n Derev\u044fnn\u044be lamp\u044b lu\u010d\u0161e podder\u017eivat\u044c \u010dist\u044bmi i suhimi m\u044fgko\u0439 tr\u044fpko\u0439 dl\u044f udaleni\u044f p\u044bli i gr\u044fzi. Tak\u017ee mo\u017eno ispol\u044czovat\u044c m\u044fgkoe m\u044blo, razbavl\u0451nnoe vodo\u0439, dl\u044f bolee gluboko\u0439 o\u010distki, no izbega\u0439te agressivn\u044bh himikatov, kotor\u044be mogut povredit\u044c derevo. Posle o\u010distki mo\u017eno nanesti tonki\u0439 slo\u0439 voska ili drevesnogo masla, \u010dtob\u044b sohranit\u044c blesk i dolgove\u010dnost\u044c lamp\u044b.  <\/p>\n","protected":false},"excerpt":{"rendered":"<p>Diza\u0439n Cana<\/p>\n","protected":false},"featured_media":10264,"template":"","meta":[],"product_brand":[],"product_cat":[2660,2590,2641,2653],"product_tag":[],"class_list":{"0":"post-18219","1":"product","2":"type-product","3":"status-publish","4":"has-post-thumbnail","6":"product_cat-brendovi","7":"product_cat-kucni-dekor","8":"product_cat-proizvedeno-u-srbiji","9":"product_cat-proizvodi","11":"first","12":"instock","13":"shipping-taxable","14":"purchasable","15":"product-type-simple"},"yoast_head":"<!-- This site is optimized with the Yoast SEO plugin v27.1.1 - https:\/\/yoast.com\/product\/yoast-seo-wordpress\/ -->\n<title>Lampa No6 - Maison Adorable<\/title>\n<meta name=\"robots\" content=\"index, follow, max-snippet:-1, max-image-preview:large, max-video-preview:-1\" \/>\n<link rel=\"canonical\" href=\"https:\/\/maisonadorable.rs\/ru\/prodavnica\/lampa-no6\/\" \/>\n<meta property=\"og:locale\" content=\"ru_RU\" \/>\n<meta property=\"og:type\" content=\"article\" \/>\n<meta property=\"og:title\" content=\"Lampa No6 - Maison Adorable\" \/>\n<meta property=\"og:description\" content=\"Diza\u0439n Cana\" \/>\n<meta property=\"og:url\" content=\"https:\/\/maisonadorable.rs\/ru\/prodavnica\/lampa-no6\/\" \/>\n<meta property=\"og:site_name\" content=\"Maison Adorable\" \/>\n<meta property=\"article:publisher\" content=\"https:\/\/www.facebook.com\/Maison.adorable.homedecor\" \/>\n<meta property=\"og:image\" content=\"https:\/\/maisonadorable.rs\/wp-content\/uploads\/2025\/04\/cana-no.6.jpg\" \/>\n\t<meta property=\"og:image:width\" content=\"900\" \/>\n\t<meta property=\"og:image:height\" content=\"1200\" \/>\n\t<meta property=\"og:image:type\" content=\"image\/jpeg\" \/>\n<meta name=\"twitter:card\" content=\"summary_large_image\" \/>\n<script type=\"application\/ld+json\" class=\"yoast-schema-graph\">{\"@context\":\"https:\/\/schema.org\",\"@graph\":[{\"@type\":\"WebPage\",\"@id\":\"https:\/\/maisonadorable.rs\/ru\/prodavnica\/lampa-no6\/\",\"url\":\"https:\/\/maisonadorable.rs\/ru\/prodavnica\/lampa-no6\/\",\"name\":\"\u041b\u0430\u043c\u043f\u0430 No6 - Maison Adorable\",\"isPartOf\":{\"@id\":\"https:\/\/maisonadorable.rs\/#website\"},\"primaryImageOfPage\":{\"@id\":\"https:\/\/maisonadorable.rs\/ru\/prodavnica\/lampa-no6\/#primaryimage\"},\"image\":{\"@id\":\"https:\/\/maisonadorable.rs\/ru\/prodavnica\/lampa-no6\/#primaryimage\"},\"thumbnailUrl\":\"https:\/\/maisonadorable.rs\/wp-content\/uploads\/2025\/04\/cana-no.6.jpg\",\"datePublished\":\"2025-04-30T11:26:25+00:00\",\"breadcrumb\":{\"@id\":\"https:\/\/maisonadorable.rs\/ru\/prodavnica\/lampa-no6\/#breadcrumb\"},\"inLanguage\":\"ru-RU\",\"potentialAction\":[{\"@type\":\"ReadAction\",\"target\":[\"https:\/\/maisonadorable.rs\/ru\/prodavnica\/lampa-no6\/\"]}]},{\"@type\":\"ImageObject\",\"inLanguage\":\"ru-RU\",\"@id\":\"https:\/\/maisonadorable.rs\/ru\/prodavnica\/lampa-no6\/#primaryimage\",\"url\":\"https:\/\/maisonadorable.rs\/wp-content\/uploads\/2025\/04\/cana-no.6.jpg\",\"contentUrl\":\"https:\/\/maisonadorable.rs\/wp-content\/uploads\/2025\/04\/cana-no.6.jpg\",\"width\":900,\"height\":1200},{\"@type\":\"BreadcrumbList\",\"@id\":\"https:\/\/maisonadorable.rs\/ru\/prodavnica\/lampa-no6\/#breadcrumb\",\"itemListElement\":[{\"@type\":\"ListItem\",\"position\":1,\"name\":\"Po\u010detna\",\"item\":\"https:\/\/maisonadorable.rs\/ru\/\"},{\"@type\":\"ListItem\",\"position\":2,\"name\":\"Magazin\",\"item\":\"https:\/\/maisonadorable.rs\/magazin\/\"},{\"@type\":\"ListItem\",\"position\":3,\"name\":\"Lampa No6\"}]},{\"@type\":\"WebSite\",\"@id\":\"https:\/\/maisonadorable.rs\/#website\",\"url\":\"https:\/\/maisonadorable.rs\/\",\"name\":\"Maison Adorable\",\"description\":\"Maison Adorable, delimo inspiraciju u ljubav, i \u0161aljemo radost u malim pakovanjima!\",\"publisher\":{\"@id\":\"https:\/\/maisonadorable.rs\/#organization\"},\"potentialAction\":[{\"@type\":\"SearchAction\",\"target\":{\"@type\":\"EntryPoint\",\"urlTemplate\":\"https:\/\/maisonadorable.rs\/?s={search_term_string}\"},\"query-input\":{\"@type\":\"PropertyValueSpecification\",\"valueRequired\":true,\"valueName\":\"search_term_string\"}}],\"inLanguage\":\"ru-RU\"},{\"@type\":\"Organization\",\"@id\":\"https:\/\/maisonadorable.rs\/#organization\",\"name\":\"Maison Adorable\",\"url\":\"https:\/\/maisonadorable.rs\/\",\"logo\":{\"@type\":\"ImageObject\",\"inLanguage\":\"ru-RU\",\"@id\":\"https:\/\/maisonadorable.rs\/#\/schema\/logo\/image\/\",\"url\":\"https:\/\/maisonadorable.rs\/wp-content\/uploads\/2022\/04\/logo.png\",\"contentUrl\":\"https:\/\/maisonadorable.rs\/wp-content\/uploads\/2022\/04\/logo.png\",\"width\":1081,\"height\":1081,\"caption\":\"Maison Adorable\"},\"image\":{\"@id\":\"https:\/\/maisonadorable.rs\/#\/schema\/logo\/image\/\"},\"sameAs\":[\"https:\/\/www.facebook.com\/Maison.adorable.homedecor\",\"https:\/\/www.instagram.com\/maison_adorable\/\"]}]}<\/script>\n<!-- \/ Yoast SEO plugin. -->","yoast_head_json":{"title":"Lampa No6 - Maison Adorable","robots":{"index":"index","follow":"follow","max-snippet":"max-snippet:-1","max-image-preview":"max-image-preview:large","max-video-preview":"max-video-preview:-1"},"canonical":"https:\/\/maisonadorable.rs\/ru\/prodavnica\/lampa-no6\/","og_locale":"ru_RU","og_type":"article","og_title":"Lampa No6 - Maison Adorable","og_description":"Diza\u0439n Cana","og_url":"https:\/\/maisonadorable.rs\/ru\/prodavnica\/lampa-no6\/","og_site_name":"Maison Adorable","article_publisher":"https:\/\/www.facebook.com\/Maison.adorable.homedecor","og_image":[{"width":900,"height":1200,"url":"https:\/\/maisonadorable.rs\/wp-content\/uploads\/2025\/04\/cana-no.6.jpg","type":"image\/jpeg"}],"twitter_card":"summary_large_image","schema":{"@context":"https:\/\/schema.org","@graph":[{"@type":"WebPage","@id":"https:\/\/maisonadorable.rs\/ru\/prodavnica\/lampa-no6\/","url":"https:\/\/maisonadorable.rs\/ru\/prodavnica\/lampa-no6\/","name":"Lampa No6 - Maison Adorable","isPartOf":{"@id":"https:\/\/maisonadorable.rs\/#website"},"primaryImageOfPage":{"@id":"https:\/\/maisonadorable.rs\/ru\/prodavnica\/lampa-no6\/#primaryimage"},"image":{"@id":"https:\/\/maisonadorable.rs\/ru\/prodavnica\/lampa-no6\/#primaryimage"},"thumbnailUrl":"https:\/\/maisonadorable.rs\/wp-content\/uploads\/2025\/04\/cana-no.6.jpg","datePublished":"2025-04-30T11:26:25+00:00","breadcrumb":{"@id":"https:\/\/maisonadorable.rs\/ru\/prodavnica\/lampa-no6\/#breadcrumb"},"inLanguage":"ru-RU","potentialAction":[{"@type":"ReadAction","target":["https:\/\/maisonadorable.rs\/ru\/prodavnica\/lampa-no6\/"]}]},{"@type":"ImageObject","inLanguage":"ru-RU","@id":"https:\/\/maisonadorable.rs\/ru\/prodavnica\/lampa-no6\/#primaryimage","url":"https:\/\/maisonadorable.rs\/wp-content\/uploads\/2025\/04\/cana-no.6.jpg","contentUrl":"https:\/\/maisonadorable.rs\/wp-content\/uploads\/2025\/04\/cana-no.6.jpg","width":900,"height":1200},{"@type":"BreadcrumbList","@id":"https:\/\/maisonadorable.rs\/ru\/prodavnica\/lampa-no6\/#breadcrumb","itemListElement":[{"@type":"ListItem","position":1,"name":"Po\u010detna","item":"https:\/\/maisonadorable.rs\/ru\/"},{"@type":"ListItem","position":2,"name":"Magazin","item":"https:\/\/maisonadorable.rs\/magazin\/"},{"@type":"ListItem","position":3,"name":"Lampa No6"}]},{"@type":"WebSite","@id":"https:\/\/maisonadorable.rs\/#website","url":"https:\/\/maisonadorable.rs\/","name":"Maison Adorable","description":"Maison Adorable, delimo inspiraciju u ljubav, i \u0161aljemo radost u malim pakovanjima!","publisher":{"@id":"https:\/\/maisonadorable.rs\/#organization"},"potentialAction":[{"@type":"SearchAction","target":{"@type":"EntryPoint","urlTemplate":"https:\/\/maisonadorable.rs\/?s={search_term_string}"},"query-input":{"@type":"PropertyValueSpecification","valueRequired":true,"valueName":"search_term_string"}}],"inLanguage":"ru-RU"},{"@type":"Organization","@id":"https:\/\/maisonadorable.rs\/#organization","name":"Maison Adorable","url":"https:\/\/maisonadorable.rs\/","logo":{"@type":"ImageObject","inLanguage":"ru-RU","@id":"https:\/\/maisonadorable.rs\/#\/schema\/logo\/image\/","url":"https:\/\/maisonadorable.rs\/wp-content\/uploads\/2022\/04\/logo.png","contentUrl":"https:\/\/maisonadorable.rs\/wp-content\/uploads\/2022\/04\/logo.png","width":1081,"height":1081,"caption":"Maison Adorable"},"image":{"@id":"https:\/\/maisonadorable.rs\/#\/schema\/logo\/image\/"},"sameAs":["https:\/\/www.facebook.com\/Maison.adorable.homedecor","https:\/\/www.instagram.com\/maison_adorable\/"]}]}},"_links":{"self":[{"href":"https:\/\/maisonadorable.rs\/ru\/wp-json\/wp\/v2\/product\/18219","targetHints":{"allow":["GET"]}}],"collection":[{"href":"https:\/\/maisonadorable.rs\/ru\/wp-json\/wp\/v2\/product"}],"about":[{"href":"https:\/\/maisonadorable.rs\/ru\/wp-json\/wp\/v2\/types\/product"}],"version-history":[{"count":0,"href":"https:\/\/maisonadorable.rs\/ru\/wp-json\/wp\/v2\/product\/18219\/revisions"}],"wp:featuredmedia":[{"embeddable":true,"href":"https:\/\/maisonadorable.rs\/ru\/wp-json\/wp\/v2\/media\/10264"}],"wp:attachment":[{"href":"https:\/\/maisonadorable.rs\/ru\/wp-json\/wp\/v2\/media?parent=18219"}],"wp:term":[{"taxonomy":"product_brand","embeddable":true,"href":"https:\/\/maisonadorable.rs\/ru\/wp-json\/wp\/v2\/product_brand?post=18219"},{"taxonomy":"product_cat","embeddable":true,"href":"https:\/\/maisonadorable.rs\/ru\/wp-json\/wp\/v2\/product_cat?post=18219"},{"taxonomy":"product_tag","embeddable":true,"href":"https:\/\/maisonadorable.rs\/ru\/wp-json\/wp\/v2\/product_tag?post=18219"}],"curies":[{"name":"wp","href":"https:\/\/api.w.org\/{rel}","templated":true}]}}